{"id":6322,"date":"2025-10-19T13:46:42","date_gmt":"2025-10-19T11:46:42","guid":{"rendered":"https:\/\/alicjawegorzewska.com\/?page_id=6322"},"modified":"2025-10-19T13:47:36","modified_gmt":"2025-10-19T11:47:36","slug":"kronprinz-friedrich-3","status":"publish","type":"page","link":"https:\/\/alicjawegorzewska.com\/index.php\/kronprinz-friedrich-3\/","title":{"rendered":"Kronprinz Friedrich"},"content":{"rendered":"<h3 style=\"text-align: justify;\" data-start=\"217\" data-end=\"268\"><strong data-start=\"221\" data-end=\"266\">Siegfried Matthus \u2013 \u201eKronprinz Friedrich\u201d<\/strong><\/h3>\n<p style=\"text-align: justify;\" data-start=\"269\" data-end=\"380\">Libretto: Thomas H\u00f6ft<br data-start=\"320\" data-end=\"323\">Prapremiera: 30 grudnia 1999, Schlosstheater Rheinsberg<\/p>\n<h4 style=\"text-align: justify;\" data-start=\"387\" data-end=\"405\"><strong data-start=\"392\" data-end=\"405\">O utworze<\/strong><\/h4>\n<p style=\"text-align: justify;\" data-start=\"406\" data-end=\"779\">\u201eKronprinz Friedrich\u201d to jednoaktowa kameralna opera Siegfrieda Matthusa do libretta Thomasa H\u00f6fta, po\u015bwi\u0119cona dramatycznym wydarzeniom z m\u0142odo\u015bci przysz\u0142ego kr\u00f3la Prus, Fryderyka II. Prapremiera odby\u0142a si\u0119 30 grudnia 1999 roku w odrestaurowanym Schlosstheater Rheinsberg \u2013 z okazji jego ponownego otwarcia \u2013 jako koprodukcja Kammeroper Rheinsberg i Deutsche Oper Berlin.<\/p>\n<p style=\"text-align: justify;\" data-start=\"781\" data-end=\"1091\">Opera ukazuje konflikt pomi\u0119dzy surowym, autorytarnym kr\u00f3lem Fryderykiem Wilhelmem I a jego synem, m\u0142odym i wra\u017cliwym nast\u0119pc\u0105 tronu. Osi\u0105 dramatu jest wi\u0119\u017a \u0142\u0105cz\u0105ca kronprinza z porucznikiem Hansem Hermannem von Katte \u2013 przyja\u017a\u0144, kt\u00f3r\u0105 ojciec monarchy uznaje za zdrad\u0119 i kt\u00f3ra ko\u0144czy si\u0119 tragiczn\u0105 egzekucj\u0105.<\/p>\n<p style=\"text-align: justify;\" data-start=\"1093\" data-end=\"1415\">Akcja rozgrywa si\u0119 w 1730 roku w twierdzy K\u00fcstrin, gdzie uwi\u0119ziony po nieudanej pr\u00f3bie ucieczki Fryderyk zostaje zmuszony do ogl\u0105dania \u015bmierci swego przyjaciela. W retrospekcjach pojawiaj\u0105 si\u0119 wspomnienia z dzieci\u0144stwa, obrazy rodzinne i sceny z przesz\u0142o\u015bci, kt\u00f3re dope\u0142niaj\u0105 psychologiczny portret m\u0142odego nast\u0119pcy tronu.<\/p>\n<h4 style=\"text-align: justify;\" data-start=\"2249\" data-end=\"2269\"><strong data-start=\"2254\" data-end=\"2269\">Prapremiera<\/strong><\/h4>\n<p style=\"text-align: justify;\" data-start=\"2270\" data-end=\"2600\">Re\u017cyserii podj\u0105\u0142 si\u0119 <strong data-start=\"2291\" data-end=\"2309\">G\u00f6tz Friedrich<\/strong>, a orkiestr\u0105 dyrygowa\u0142 <strong data-start=\"2333\" data-end=\"2348\">Rolf Reuter<\/strong>. W roli Kronprinza wyst\u0105pi\u0142a <strong data-start=\"2378\" data-end=\"2401\">Karen Leonie Leiber<\/strong>, natomiast w partii Katte \u2013 <strong data-start=\"2432\" data-end=\"2480\">Alicja de Rota (Alicja W\u0119gorzewska-Whiskerd)<\/strong>. Rol\u0119 kr\u00f3la wykona\u0142 <strong data-start=\"2501\" data-end=\"2516\">Lars Fosser<\/strong>, a pozosta\u0142e partie powierzono m\u0142odym laureatom Konkursu Wokalnego w Rheinsbergu.<\/p>\n<p style=\"text-align: justify;\" data-start=\"2602\" data-end=\"2906\">Spektakl spotka\u0142 si\u0119 z \u017cyczliwym przyj\u0119ciem krytyki, kt\u00f3ra chwali\u0142a ekspresj\u0119 i precyzj\u0119 m\u0142odych wykonawc\u00f3w. Podkre\u015blano tak\u017ce liryzm muzyki i subtelne uj\u0119cie tematu przyja\u017ani mi\u0119dzy Fryderykiem i Kattem, cho\u0107 niekt\u00f3rzy recenzenci zarzucali librettu jednostronne przedstawienie postaci kr\u00f3lewskiego ojca.<\/p>\n<p style=\"text-align: justify;\" data-start=\"2908\" data-end=\"3075\">Po premierze opera prezentowana by\u0142a m.in. na Expo 2000 w Hanowerze, w Bayreuth oraz ponownie w Rheinsbergu podczas letniego festiwalu Kammeroper Schloss Rheinsberg.<\/p>\n<p style=\"text-align: justify;\">&nbsp;<\/p>\n","protected":false},"excerpt":{"rendered":"<p>Siegfried Matthus \u2013 \u201eKronprinz Friedrich\u201d Libretto: Thomas H\u00f6ftPrapremiera: 30 grudnia 1999, Schlosstheater Rheinsberg O utworze \u201eKronprinz Friedrich\u201d to jednoaktowa kameralna opera Siegfrieda Matthusa do libretta&hellip; <\/p>\n","protected":false},"author":3,"featured_media":0,"parent":0,"menu_order":0,"comment_status":"closed","ping_status":"closed","template":"","meta":{"ngg_post_thumbnail":0,"footnotes":""},"class_list":["post-6322","page","type-page","status-publish","hentry"],"yoast_head":"<!-- This site is optimized with the Yoast SEO plugin v25.9 - https:\/\/yoast.com\/wordpress\/plugins\/seo\/ -->\n<title>Kronprinz Friedrich - Alicja W\u0119gorzewska<\/title>\n<meta name=\"robots\" content=\"index, follow, max-snippet:-1, max-image-preview:large, max-video-preview:-1\" \/>\n<link rel=\"canonical\" href=\"https:\/\/alicjawegorzewska.com\/index.php\/kronprinz-friedrich-3\/\" \/>\n<meta property=\"og:locale\" content=\"pl_PL\" \/>\n<meta property=\"og:type\" content=\"article\" \/>\n<meta property=\"og:title\" content=\"Kronprinz Friedrich - Alicja W\u0119gorzewska\" \/>\n<meta property=\"og:description\" content=\"Siegfried Matthus \u2013 \u201eKronprinz Friedrich\u201d Libretto: Thomas H\u00f6ftPrapremiera: 30 grudnia 1999, Schlosstheater Rheinsberg O utworze \u201eKronprinz Friedrich\u201d to jednoaktowa kameralna opera Siegfrieda Matthusa do libretta&hellip;\" \/>\n<meta property=\"og:url\" content=\"https:\/\/alicjawegorzewska.com\/index.php\/kronprinz-friedrich-3\/\" \/>\n<meta property=\"og:site_name\" content=\"Alicja W\u0119gorzewska\" \/>\n<meta property=\"article:modified_time\" content=\"2025-10-19T11:47:36+00:00\" \/>\n<meta name=\"twitter:card\" content=\"summary_large_image\" \/>\n<meta name=\"twitter:label1\" content=\"Szacowany czas czytania\" \/>\n\t<meta name=\"twitter:data1\" content=\"2 minuty\" \/>\n<script type=\"application\/ld+json\" class=\"yoast-schema-graph\">{\"@context\":\"https:\/\/schema.org\",\"@graph\":[{\"@type\":\"WebPage\",\"@id\":\"https:\/\/alicjawegorzewska.com\/index.php\/kronprinz-friedrich-3\/\",\"url\":\"https:\/\/alicjawegorzewska.com\/index.php\/kronprinz-friedrich-3\/\",\"name\":\"Kronprinz Friedrich - Alicja W\u0119gorzewska\",\"isPartOf\":{\"@id\":\"https:\/\/alicjawegorzewska.com\/#website\"},\"datePublished\":\"2025-10-19T11:46:42+00:00\",\"dateModified\":\"2025-10-19T11:47:36+00:00\",\"breadcrumb\":{\"@id\":\"https:\/\/alicjawegorzewska.com\/index.php\/kronprinz-friedrich-3\/#breadcrumb\"},\"inLanguage\":\"pl-PL\",\"potentialAction\":[{\"@type\":\"ReadAction\",\"target\":[\"https:\/\/alicjawegorzewska.com\/index.php\/kronprinz-friedrich-3\/\"]}]},{\"@type\":\"BreadcrumbList\",\"@id\":\"https:\/\/alicjawegorzewska.com\/index.php\/kronprinz-friedrich-3\/#breadcrumb\",\"itemListElement\":[{\"@type\":\"ListItem\",\"position\":1,\"name\":\"Strona g\u0142\u00f3wna\",\"item\":\"https:\/\/alicjawegorzewska.com\/\"},{\"@type\":\"ListItem\",\"position\":2,\"name\":\"Kronprinz Friedrich\"}]},{\"@type\":\"WebSite\",\"@id\":\"https:\/\/alicjawegorzewska.com\/#website\",\"url\":\"https:\/\/alicjawegorzewska.com\/\",\"name\":\"Alicja W\u0119gorzewska\",\"description\":\"Strona oficjalna\",\"publisher\":{\"@id\":\"https:\/\/alicjawegorzewska.com\/#\/schema\/person\/7468c1c1d69a9b6e8db3fe1964cd9dcb\"},\"potentialAction\":[{\"@type\":\"SearchAction\",\"target\":{\"@type\":\"EntryPoint\",\"urlTemplate\":\"https:\/\/alicjawegorzewska.com\/?s={search_term_string}\"},\"query-input\":{\"@type\":\"PropertyValueSpecification\",\"valueRequired\":true,\"valueName\":\"search_term_string\"}}],\"inLanguage\":\"pl-PL\"},{\"@type\":[\"Person\",\"Organization\"],\"@id\":\"https:\/\/alicjawegorzewska.com\/#\/schema\/person\/7468c1c1d69a9b6e8db3fe1964cd9dcb\",\"name\":\"Alicja W\u0119gorzewska-Whiskerd\",\"image\":{\"@type\":\"ImageObject\",\"inLanguage\":\"pl-PL\",\"@id\":\"https:\/\/alicjawegorzewska.com\/#\/schema\/person\/image\/\",\"url\":\"https:\/\/alicjawegorzewska.com\/wp-content\/uploads\/2019\/10\/AW-2.png\",\"contentUrl\":\"https:\/\/alicjawegorzewska.com\/wp-content\/uploads\/2019\/10\/AW-2.png\",\"width\":500,\"height\":500,\"caption\":\"Alicja W\u0119gorzewska-Whiskerd\"},\"logo\":{\"@id\":\"https:\/\/alicjawegorzewska.com\/#\/schema\/person\/image\/\"}}]}<\/script>\n<!-- \/ Yoast SEO plugin. -->","yoast_head_json":{"title":"Kronprinz Friedrich - Alicja W\u0119gorzewska","robots":{"index":"index","follow":"follow","max-snippet":"max-snippet:-1","max-image-preview":"max-image-preview:large","max-video-preview":"max-video-preview:-1"},"canonical":"https:\/\/alicjawegorzewska.com\/index.php\/kronprinz-friedrich-3\/","og_locale":"pl_PL","og_type":"article","og_title":"Kronprinz Friedrich - Alicja W\u0119gorzewska","og_description":"Siegfried Matthus \u2013 \u201eKronprinz Friedrich\u201d Libretto: Thomas H\u00f6ftPrapremiera: 30 grudnia 1999, Schlosstheater Rheinsberg O utworze \u201eKronprinz Friedrich\u201d to jednoaktowa kameralna opera Siegfrieda Matthusa do libretta&hellip;","og_url":"https:\/\/alicjawegorzewska.com\/index.php\/kronprinz-friedrich-3\/","og_site_name":"Alicja W\u0119gorzewska","article_modified_time":"2025-10-19T11:47:36+00:00","twitter_card":"summary_large_image","twitter_misc":{"Szacowany czas czytania":"2 minuty"},"schema":{"@context":"https:\/\/schema.org","@graph":[{"@type":"WebPage","@id":"https:\/\/alicjawegorzewska.com\/index.php\/kronprinz-friedrich-3\/","url":"https:\/\/alicjawegorzewska.com\/index.php\/kronprinz-friedrich-3\/","name":"Kronprinz Friedrich - Alicja W\u0119gorzewska","isPartOf":{"@id":"https:\/\/alicjawegorzewska.com\/#website"},"datePublished":"2025-10-19T11:46:42+00:00","dateModified":"2025-10-19T11:47:36+00:00","breadcrumb":{"@id":"https:\/\/alicjawegorzewska.com\/index.php\/kronprinz-friedrich-3\/#breadcrumb"},"inLanguage":"pl-PL","potentialAction":[{"@type":"ReadAction","target":["https:\/\/alicjawegorzewska.com\/index.php\/kronprinz-friedrich-3\/"]}]},{"@type":"BreadcrumbList","@id":"https:\/\/alicjawegorzewska.com\/index.php\/kronprinz-friedrich-3\/#breadcrumb","itemListElement":[{"@type":"ListItem","position":1,"name":"Strona g\u0142\u00f3wna","item":"https:\/\/alicjawegorzewska.com\/"},{"@type":"ListItem","position":2,"name":"Kronprinz Friedrich"}]},{"@type":"WebSite","@id":"https:\/\/alicjawegorzewska.com\/#website","url":"https:\/\/alicjawegorzewska.com\/","name":"Alicja W\u0119gorzewska","description":"Strona oficjalna","publisher":{"@id":"https:\/\/alicjawegorzewska.com\/#\/schema\/person\/7468c1c1d69a9b6e8db3fe1964cd9dcb"},"potentialAction":[{"@type":"SearchAction","target":{"@type":"EntryPoint","urlTemplate":"https:\/\/alicjawegorzewska.com\/?s={search_term_string}"},"query-input":{"@type":"PropertyValueSpecification","valueRequired":true,"valueName":"search_term_string"}}],"inLanguage":"pl-PL"},{"@type":["Person","Organization"],"@id":"https:\/\/alicjawegorzewska.com\/#\/schema\/person\/7468c1c1d69a9b6e8db3fe1964cd9dcb","name":"Alicja W\u0119gorzewska-Whiskerd","image":{"@type":"ImageObject","inLanguage":"pl-PL","@id":"https:\/\/alicjawegorzewska.com\/#\/schema\/person\/image\/","url":"https:\/\/alicjawegorzewska.com\/wp-content\/uploads\/2019\/10\/AW-2.png","contentUrl":"https:\/\/alicjawegorzewska.com\/wp-content\/uploads\/2019\/10\/AW-2.png","width":500,"height":500,"caption":"Alicja W\u0119gorzewska-Whiskerd"},"logo":{"@id":"https:\/\/alicjawegorzewska.com\/#\/schema\/person\/image\/"}}]}},"jetpack_sharing_enabled":true,"_links":{"self":[{"href":"https:\/\/alicjawegorzewska.com\/index.php\/wp-json\/wp\/v2\/pages\/6322","targetHints":{"allow":["GET"]}}],"collection":[{"href":"https:\/\/alicjawegorzewska.com\/index.php\/wp-json\/wp\/v2\/pages"}],"about":[{"href":"https:\/\/alicjawegorzewska.com\/index.php\/wp-json\/wp\/v2\/types\/page"}],"author":[{"embeddable":true,"href":"https:\/\/alicjawegorzewska.com\/index.php\/wp-json\/wp\/v2\/users\/3"}],"replies":[{"embeddable":true,"href":"https:\/\/alicjawegorzewska.com\/index.php\/wp-json\/wp\/v2\/comments?post=6322"}],"version-history":[{"count":2,"href":"https:\/\/alicjawegorzewska.com\/index.php\/wp-json\/wp\/v2\/pages\/6322\/revisions"}],"predecessor-version":[{"id":6324,"href":"https:\/\/alicjawegorzewska.com\/index.php\/wp-json\/wp\/v2\/pages\/6322\/revisions\/6324"}],"wp:attachment":[{"href":"https:\/\/alicjawegorzewska.com\/index.php\/wp-json\/wp\/v2\/media?parent=6322"}],"curies":[{"name":"wp","href":"https:\/\/api.w.org\/{rel}","templated":true}]}}