{"id":6300,"date":"2025-10-19T10:59:42","date_gmt":"2025-10-19T08:59:42","guid":{"rendered":"https:\/\/alicjawegorzewska.com\/?page_id=6300"},"modified":"2025-10-19T10:59:42","modified_gmt":"2025-10-19T08:59:42","slug":"recenzje-pl-draft","status":"publish","type":"page","link":"https:\/\/alicjawegorzewska.com\/index.php\/recenzje-pl-draft\/","title":{"rendered":"Recenzje PL draft"},"content":{"rendered":"<h3 data-start=\"116\" data-end=\"171\"><strong data-start=\"123\" data-end=\"171\">\u201eOrfeusz i Eurydyka\u201d, Opera Krakowska (2005)<\/strong><\/h3>\n<p data-start=\"172\" data-end=\"237\"><strong data-start=\"172\" data-end=\"235\">Joanna Targo\u0144, \u201eGazeta Wyborcza \u2013 Krak\u00f3w\u201d, 14 stycznia 2005<\/strong><\/p>\n<blockquote data-start=\"238\" data-end=\"672\">\n<p style=\"text-align: justify;\" data-start=\"240\" data-end=\"672\">\u201eWinien pan rykn\u0105\u0107: \u2018Prosz\u0119 za tego Orfeusza dop\u0142aci\u0107, bo <em data-start=\"298\" data-end=\"326\">b\u00f3l W\u0119gorzewskiej-Whiskerd<\/em> jakby strz\u0105sn\u0105\u0142 z niej dojmuj\u0105co sztuczn\u0105 form\u0119 koturnowego pienia operowego, jakby zdusi\u0142 gest szeroki niczym step \u2013 i pozwoli\u0142 pokaza\u0107 autentyk prze\u017cycia!\u2019\u201d<br data-start=\"485\" data-end=\"488\">\u201eTak, smacznie to W\u0119gorzewska-Whiskerd opowiedzia\u0142a sob\u0105. Pokaza\u0142a teatr wzruszaj\u0105cy, bo nie zas\u0142oni\u0142a sk\u00f3ry sztuczn\u0105 mask\u0105 Orfeusza.\u201d<br data-start=\"624\" data-end=\"627\">\u201eDo ko\u0144ca by\u0142a tylko \u2013 Alicj\u0105. Tylko i a\u017c.\u201d<\/p>\n<\/blockquote>\n<p data-start=\"674\" data-end=\"731\">&nbsp;<\/p>\n<p data-start=\"674\" data-end=\"731\"><strong data-start=\"674\" data-end=\"729\">Pawe\u0142 G\u0142owacki, \u201eDziennik Polski\u201d, 18 stycznia 2005<\/strong><\/p>\n<blockquote data-start=\"732\" data-end=\"1288\">\n<p style=\"text-align: justify;\" data-start=\"734\" data-end=\"1288\">\u201eNa uznanie zas\u0142uguje postawa <em data-start=\"764\" data-end=\"795\">Alicji W\u0119gorzewskiej-Whiskerd<\/em>, kt\u00f3ra mimo choroby zdecydowa\u0142a si\u0119 wyst\u0105pi\u0107, cho\u0107 wiedzia\u0142a, \u017ce b\u0119dzie musia\u0142a zmierzy\u0107 si\u0119 z partiami wykonywanymi na le\u017c\u0105co i siedz\u0105co.\u201d<br data-start=\"935\" data-end=\"938\">\u201eTu\u017c przed drug\u0105 cz\u0119\u015bci\u0105 dyrygent poinformowa\u0142, \u017ce nasza artystka <em data-start=\"1006\" data-end=\"1035\">Alicja W\u0119gorzewska-Whiskerd<\/em> jest dzi\u015b chora, cierpi\u0105ca, mimo to postanowi\u0142a za\u015bpiewa\u0107 parti\u0119 Orfeusza, postanowi\u0142a zosta\u0107 z nami do ko\u0144ca.\u201d<br data-start=\"1147\" data-end=\"1150\">\u201e\u2018Orfeusz i Eurydyka\u2019 to niewielki krok w ty\u0142. Na tyle niewielki, by nie zabi\u0107 we mnie nadziei na spektakle odkrywcze i kontrowersyjne.\u201d<\/p>\n<\/blockquote>\n<p data-start=\"1290\" data-end=\"1338\">&nbsp;<\/p>\n<p data-start=\"1290\" data-end=\"1338\"><strong data-start=\"1290\" data-end=\"1336\">(AMS), \u201eDziennik Polski\u201d, 13 stycznia 2005<\/strong><\/p>\n<blockquote data-start=\"1339\" data-end=\"1805\">\n<p style=\"text-align: justify;\" data-start=\"1341\" data-end=\"1805\">\u201eSukces krakowskiego spektaklu to jednak nie tylko dzie\u0142o re\u017cysera i scenarzysty, ale te\u017c \u2013 w niema\u0142ym stopniu \u2013 wykonawc\u00f3w. Przede wszystkim odtw\u00f3rczyni roli Orfeusza \u2013 <em data-start=\"1511\" data-end=\"1542\">Alicji W\u0119gorzewskiej-Whiskerd<\/em>.\u201d<br data-start=\"1544\" data-end=\"1547\">\u201eJej wspania\u0142y mezzosopran \u2013 cho\u0107 zapowiadano niedyspozycj\u0119 zdrowotn\u0105 \u2013 brzmia\u0142 szlachetnie zar\u00f3wno w g\u00f3rnych, jak w dolnych rejestrach.\u201d<br data-start=\"1686\" data-end=\"1689\">\u201eW pierwszym rz\u0119dzie zachwyci\u0142y mnie jednak jej niespotykane w\u0142a\u015bciwie w teatrze operowym umiej\u0119tno\u015bci aktorskie.\u201d<\/p>\n<\/blockquote>\n<hr data-start=\"1807\" data-end=\"1810\">\n<h3 data-start=\"1812\" data-end=\"1862\"><strong data-start=\"1819\" data-end=\"1862\">\u201eCarmen\u201d, Opera \u015al\u0105ska w Bytomiu (2006)<\/strong><\/h3>\n<p data-start=\"1863\" data-end=\"1932\"><strong data-start=\"1863\" data-end=\"1930\">Aleksandra Czapla, \u201eGazeta Wyborcza \u2013 Katowice\u201d, 1 czerwca 2006<\/strong><\/p>\n<blockquote data-start=\"1933\" data-end=\"2375\">\n<p style=\"text-align: justify;\" data-start=\"1935\" data-end=\"2375\">\u201eOwego temperamentu w walce na damsko-m\u0119skie nami\u0119tno\u015bci nie mo\u017cna odm\u00f3wi\u0107 <em data-start=\"2010\" data-end=\"2032\">Alicji W\u0119gorzewskiej<\/em>, kreuj\u0105cej tytu\u0142ow\u0105 posta\u0107 w \u2018Carmen\u2019 Opery \u015al\u0105skiej w Bytomiu.\u201d<br data-start=\"2097\" data-end=\"2100\">\u201eUwodzicielska i prowokuj\u0105ca, od pierwszych chwil dominuje na scenie, kusi, uchylaj\u0105c niema\u0142y r\u0105bek sp\u00f3dnicy.\u201d<br data-start=\"2212\" data-end=\"2215\">\u201eW\u0119gorzewska drapie\u017cnie kradnie uwag\u0119 widowni przez pierwsze dwa akty, jednak im bli\u017cej fina\u0142u, jej sceniczne emploi rozmywa si\u0119 w ma\u0142o wyrazistym spektaklu.\u201d<\/p>\n<\/blockquote>\n<hr data-start=\"2377\" data-end=\"2380\">\n<h3 data-start=\"2382\" data-end=\"2444\">\ud83c\udfad <strong data-start=\"2389\" data-end=\"2444\">\u201eKawaler srebrnej r\u00f3\u017cy\u201d, Opera Ba\u0142tycka (2005\u20132007)<\/strong><\/h3>\n<p data-start=\"2445\" data-end=\"2507\"><strong data-start=\"2445\" data-end=\"2505\">Magda Pi\u00f3rek, \u201eGazeta Wyborcza \u2013 Bydgoszcz\u201d, 4 maja 2007<\/strong><\/p>\n<blockquote data-start=\"2508\" data-end=\"2914\">\n<p data-start=\"2510\" data-end=\"2914\">\u201e\u015awietny ruch sceniczny, mimika. Gdyby wy\u0142\u0105czy\u0107 d\u017awi\u0119k, z gest\u00f3w mo\u017cna by\u0142oby wywnioskowa\u0107, \u017ce baron Ochs to \u0142ajdak, a <em data-start=\"2629\" data-end=\"2671\">Oktawian (zagra\u0142a go Alicja W\u0119gorzewska)<\/em> to m\u0142odzian, kt\u00f3ry ju\u017c wie, jak post\u0119powa\u0107 z p\u0142ci\u0105 pi\u0119kn\u0105.\u201d<br data-start=\"2731\" data-end=\"2734\">\u201eArty\u015bci wspaniale wcielili si\u0119 w swoje role. Nale\u017cy im pozazdro\u015bci\u0107 opanowania sztuki aktorskiej.\u201d<br data-start=\"2835\" data-end=\"2838\">\u201eWarto pojecha\u0107 na ten spektakl do Gda\u0144ska, Poznania, po prostu wsz\u0119dzie.\u201d<\/p>\n<\/blockquote>\n<p data-start=\"2916\" data-end=\"2967\"><strong data-start=\"2916\" data-end=\"2965\">Wies\u0142aw Kowalski, Teatr dla Was, 10 maja 2007<\/strong><\/p>\n<blockquote data-start=\"2968\" data-end=\"3318\">\n<p data-start=\"2970\" data-end=\"3318\">\u201eNajs\u0142abiej w\u015br\u00f3d kobiet wypada ta, kt\u00f3rej przysz\u0142o gra\u0107 m\u0119\u017cczyzn\u0119 \u2013 bohatera tytu\u0142owego.\u201d<br data-start=\"3060\" data-end=\"3063\">\u201e<em data-start=\"3066\" data-end=\"3127\">Alicja W\u0119gorzewska wykonuje parti\u0119 m\u0142odzieniaszka Oktawiana<\/em>, pocz\u0105tkowo zakochanego w Ksi\u0119\u017cnej, a potem zmieniaj\u0105cego obiekt swych uczu\u0107 na Zofi\u0119.\u201d<br data-start=\"3215\" data-end=\"3218\">\u201eCho\u0107 W\u0119gorzewska od strony wokalnej nie zawodzi, swoj\u0105 posta\u0107 kreuje zbyt statycznie, bez \u017cycia.\u201d<\/p>\n<\/blockquote>\n<hr data-start=\"3320\" data-end=\"3323\">\n<h3 data-start=\"3325\" data-end=\"3383\">\ud83c\udfad <strong data-start=\"3332\" data-end=\"3383\">\u201eGwa\u0142t na Lukrecji\u201d, Opera Krakowska \/ Ba\u0142tycka<\/strong><\/h3>\n<p data-start=\"3384\" data-end=\"3442\"><strong data-start=\"3384\" data-end=\"3440\">Anna Wo\u017aniakowska, \u201eDziennik Polski\u201d, 11 lutego 2004<\/strong><\/p>\n<blockquote data-start=\"3443\" data-end=\"3843\">\n<p data-start=\"3445\" data-end=\"3843\">\u201eWarto\u015bciowymi g\u0142osami wyr\u00f3\u017cniali si\u0119 tu zw\u0142aszcza: <em data-start=\"3497\" data-end=\"3526\">Alicja W\u0119gorzewska-Whiskerd<\/em> w roli tytu\u0142owej bohaterki, Katarzyna Ole\u015b jako jej s\u0142u\u017c\u0105ca Lucia, Mariusz Godlewski jako Tarkwiniusz.\u201d<br data-start=\"3630\" data-end=\"3633\">\u201ePrzygotowanie takiego spektaklu wymaga\u0142o wiele usilnej pracy opartej na solidnym profesjonalizmie.\u201d<br data-start=\"3735\" data-end=\"3738\">\u201eUda\u0142o si\u0119 to pi\u0119knie, co uwa\u017cnych obserwator\u00f3w naszego \u017cycia operowego mo\u017ce nastraja\u0107 optymistycznie.\u201d<\/p>\n<\/blockquote>\n<p data-start=\"3845\" data-end=\"3893\"><strong data-start=\"3845\" data-end=\"3891\">(bez autora), Gda\u0144sk, 18 pa\u017adziernika 2004<\/strong><\/p>\n<blockquote data-start=\"3894\" data-end=\"4294\">\n<p data-start=\"3896\" data-end=\"4294\">\u201eW drugiej obsadzie wyst\u0105pili m.in. <em data-start=\"3932\" data-end=\"3972\">Alicja W\u0119gorzewska-Whiskerd (Lukrecja)<\/em>.\u201d<br data-start=\"3974\" data-end=\"3977\">\u201ePod wzgl\u0119dem wokalnym druga obsada nie ust\u0119powa\u0142a pierwszej; niekt\u00f3re g\u0142osy przyci\u0105ga\u0142y uwag\u0119 oryginalno\u015bci\u0105 (<em data-start=\"4090\" data-end=\"4176\">g\u0142\u0119boki, pe\u0142en ekspresji mezzosopran W\u0119gorzewskiej z doskona\u0142ym rejestrem piersiowym<\/em>).\u201d<br data-start=\"4179\" data-end=\"4182\">\u201ePod wzgl\u0119dem kunsztu aktorskiego prymat przyzna\u0142bym jednak pierwszej obsadzie, cho\u0107 r\u00f3\u017cnice by\u0142y niewielkie.\u201d<\/p>\n<\/blockquote>\n","protected":false},"excerpt":{"rendered":"<p>\u201eOrfeusz i Eurydyka\u201d, Opera Krakowska (2005) Joanna Targo\u0144, \u201eGazeta Wyborcza \u2013 Krak\u00f3w\u201d, 14 stycznia 2005 \u201eWinien pan rykn\u0105\u0107: \u2018Prosz\u0119 za tego Orfeusza dop\u0142aci\u0107, bo b\u00f3l&hellip; <\/p>\n","protected":false},"author":3,"featured_media":0,"parent":0,"menu_order":0,"comment_status":"closed","ping_status":"closed","template":"","meta":{"ngg_post_thumbnail":0,"footnotes":""},"class_list":["post-6300","page","type-page","status-publish","hentry"],"yoast_head":"<!-- This site is optimized with the Yoast SEO plugin v25.9 - https:\/\/yoast.com\/wordpress\/plugins\/seo\/ -->\n<title>Recenzje PL draft - Alicja W\u0119gorzewska<\/title>\n<meta name=\"robots\" content=\"index, follow, max-snippet:-1, max-image-preview:large, max-video-preview:-1\" \/>\n<link rel=\"canonical\" href=\"https:\/\/alicjawegorzewska.com\/index.php\/recenzje-pl-draft\/\" \/>\n<meta property=\"og:locale\" content=\"pl_PL\" \/>\n<meta property=\"og:type\" content=\"article\" \/>\n<meta property=\"og:title\" content=\"Recenzje PL draft - Alicja W\u0119gorzewska\" \/>\n<meta property=\"og:description\" content=\"\u201eOrfeusz i Eurydyka\u201d, Opera Krakowska (2005) Joanna Targo\u0144, \u201eGazeta Wyborcza \u2013 Krak\u00f3w\u201d, 14 stycznia 2005 \u201eWinien pan rykn\u0105\u0107: \u2018Prosz\u0119 za tego Orfeusza dop\u0142aci\u0107, bo b\u00f3l&hellip;\" \/>\n<meta property=\"og:url\" content=\"https:\/\/alicjawegorzewska.com\/index.php\/recenzje-pl-draft\/\" \/>\n<meta property=\"og:site_name\" content=\"Alicja W\u0119gorzewska\" \/>\n<meta name=\"twitter:card\" content=\"summary_large_image\" \/>\n<meta name=\"twitter:label1\" content=\"Szacowany czas czytania\" \/>\n\t<meta name=\"twitter:data1\" content=\"1 minuta\" \/>\n<script type=\"application\/ld+json\" class=\"yoast-schema-graph\">{\"@context\":\"https:\/\/schema.org\",\"@graph\":[{\"@type\":\"WebPage\",\"@id\":\"https:\/\/alicjawegorzewska.com\/index.php\/recenzje-pl-draft\/\",\"url\":\"https:\/\/alicjawegorzewska.com\/index.php\/recenzje-pl-draft\/\",\"name\":\"Recenzje PL draft - Alicja W\u0119gorzewska\",\"isPartOf\":{\"@id\":\"https:\/\/alicjawegorzewska.com\/#website\"},\"datePublished\":\"2025-10-19T08:59:42+00:00\",\"breadcrumb\":{\"@id\":\"https:\/\/alicjawegorzewska.com\/index.php\/recenzje-pl-draft\/#breadcrumb\"},\"inLanguage\":\"pl-PL\",\"potentialAction\":[{\"@type\":\"ReadAction\",\"target\":[\"https:\/\/alicjawegorzewska.com\/index.php\/recenzje-pl-draft\/\"]}]},{\"@type\":\"BreadcrumbList\",\"@id\":\"https:\/\/alicjawegorzewska.com\/index.php\/recenzje-pl-draft\/#breadcrumb\",\"itemListElement\":[{\"@type\":\"ListItem\",\"position\":1,\"name\":\"Strona g\u0142\u00f3wna\",\"item\":\"https:\/\/alicjawegorzewska.com\/\"},{\"@type\":\"ListItem\",\"position\":2,\"name\":\"Recenzje PL draft\"}]},{\"@type\":\"WebSite\",\"@id\":\"https:\/\/alicjawegorzewska.com\/#website\",\"url\":\"https:\/\/alicjawegorzewska.com\/\",\"name\":\"Alicja W\u0119gorzewska\",\"description\":\"Strona oficjalna\",\"publisher\":{\"@id\":\"https:\/\/alicjawegorzewska.com\/#\/schema\/person\/7468c1c1d69a9b6e8db3fe1964cd9dcb\"},\"potentialAction\":[{\"@type\":\"SearchAction\",\"target\":{\"@type\":\"EntryPoint\",\"urlTemplate\":\"https:\/\/alicjawegorzewska.com\/?s={search_term_string}\"},\"query-input\":{\"@type\":\"PropertyValueSpecification\",\"valueRequired\":true,\"valueName\":\"search_term_string\"}}],\"inLanguage\":\"pl-PL\"},{\"@type\":[\"Person\",\"Organization\"],\"@id\":\"https:\/\/alicjawegorzewska.com\/#\/schema\/person\/7468c1c1d69a9b6e8db3fe1964cd9dcb\",\"name\":\"Alicja W\u0119gorzewska-Whiskerd\",\"image\":{\"@type\":\"ImageObject\",\"inLanguage\":\"pl-PL\",\"@id\":\"https:\/\/alicjawegorzewska.com\/#\/schema\/person\/image\/\",\"url\":\"https:\/\/alicjawegorzewska.com\/wp-content\/uploads\/2019\/10\/AW-2.png\",\"contentUrl\":\"https:\/\/alicjawegorzewska.com\/wp-content\/uploads\/2019\/10\/AW-2.png\",\"width\":500,\"height\":500,\"caption\":\"Alicja W\u0119gorzewska-Whiskerd\"},\"logo\":{\"@id\":\"https:\/\/alicjawegorzewska.com\/#\/schema\/person\/image\/\"}}]}<\/script>\n<!-- \/ Yoast SEO plugin. -->","yoast_head_json":{"title":"Recenzje PL draft - Alicja W\u0119gorzewska","robots":{"index":"index","follow":"follow","max-snippet":"max-snippet:-1","max-image-preview":"max-image-preview:large","max-video-preview":"max-video-preview:-1"},"canonical":"https:\/\/alicjawegorzewska.com\/index.php\/recenzje-pl-draft\/","og_locale":"pl_PL","og_type":"article","og_title":"Recenzje PL draft - Alicja W\u0119gorzewska","og_description":"\u201eOrfeusz i Eurydyka\u201d, Opera Krakowska (2005) Joanna Targo\u0144, \u201eGazeta Wyborcza \u2013 Krak\u00f3w\u201d, 14 stycznia 2005 \u201eWinien pan rykn\u0105\u0107: \u2018Prosz\u0119 za tego Orfeusza dop\u0142aci\u0107, bo b\u00f3l&hellip;","og_url":"https:\/\/alicjawegorzewska.com\/index.php\/recenzje-pl-draft\/","og_site_name":"Alicja W\u0119gorzewska","twitter_card":"summary_large_image","twitter_misc":{"Szacowany czas czytania":"1 minuta"},"schema":{"@context":"https:\/\/schema.org","@graph":[{"@type":"WebPage","@id":"https:\/\/alicjawegorzewska.com\/index.php\/recenzje-pl-draft\/","url":"https:\/\/alicjawegorzewska.com\/index.php\/recenzje-pl-draft\/","name":"Recenzje PL draft - Alicja W\u0119gorzewska","isPartOf":{"@id":"https:\/\/alicjawegorzewska.com\/#website"},"datePublished":"2025-10-19T08:59:42+00:00","breadcrumb":{"@id":"https:\/\/alicjawegorzewska.com\/index.php\/recenzje-pl-draft\/#breadcrumb"},"inLanguage":"pl-PL","potentialAction":[{"@type":"ReadAction","target":["https:\/\/alicjawegorzewska.com\/index.php\/recenzje-pl-draft\/"]}]},{"@type":"BreadcrumbList","@id":"https:\/\/alicjawegorzewska.com\/index.php\/recenzje-pl-draft\/#breadcrumb","itemListElement":[{"@type":"ListItem","position":1,"name":"Strona g\u0142\u00f3wna","item":"https:\/\/alicjawegorzewska.com\/"},{"@type":"ListItem","position":2,"name":"Recenzje PL draft"}]},{"@type":"WebSite","@id":"https:\/\/alicjawegorzewska.com\/#website","url":"https:\/\/alicjawegorzewska.com\/","name":"Alicja W\u0119gorzewska","description":"Strona oficjalna","publisher":{"@id":"https:\/\/alicjawegorzewska.com\/#\/schema\/person\/7468c1c1d69a9b6e8db3fe1964cd9dcb"},"potentialAction":[{"@type":"SearchAction","target":{"@type":"EntryPoint","urlTemplate":"https:\/\/alicjawegorzewska.com\/?s={search_term_string}"},"query-input":{"@type":"PropertyValueSpecification","valueRequired":true,"valueName":"search_term_string"}}],"inLanguage":"pl-PL"},{"@type":["Person","Organization"],"@id":"https:\/\/alicjawegorzewska.com\/#\/schema\/person\/7468c1c1d69a9b6e8db3fe1964cd9dcb","name":"Alicja W\u0119gorzewska-Whiskerd","image":{"@type":"ImageObject","inLanguage":"pl-PL","@id":"https:\/\/alicjawegorzewska.com\/#\/schema\/person\/image\/","url":"https:\/\/alicjawegorzewska.com\/wp-content\/uploads\/2019\/10\/AW-2.png","contentUrl":"https:\/\/alicjawegorzewska.com\/wp-content\/uploads\/2019\/10\/AW-2.png","width":500,"height":500,"caption":"Alicja W\u0119gorzewska-Whiskerd"},"logo":{"@id":"https:\/\/alicjawegorzewska.com\/#\/schema\/person\/image\/"}}]}},"jetpack_sharing_enabled":true,"_links":{"self":[{"href":"https:\/\/alicjawegorzewska.com\/index.php\/wp-json\/wp\/v2\/pages\/6300","targetHints":{"allow":["GET"]}}],"collection":[{"href":"https:\/\/alicjawegorzewska.com\/index.php\/wp-json\/wp\/v2\/pages"}],"about":[{"href":"https:\/\/alicjawegorzewska.com\/index.php\/wp-json\/wp\/v2\/types\/page"}],"author":[{"embeddable":true,"href":"https:\/\/alicjawegorzewska.com\/index.php\/wp-json\/wp\/v2\/users\/3"}],"replies":[{"embeddable":true,"href":"https:\/\/alicjawegorzewska.com\/index.php\/wp-json\/wp\/v2\/comments?post=6300"}],"version-history":[{"count":1,"href":"https:\/\/alicjawegorzewska.com\/index.php\/wp-json\/wp\/v2\/pages\/6300\/revisions"}],"predecessor-version":[{"id":6301,"href":"https:\/\/alicjawegorzewska.com\/index.php\/wp-json\/wp\/v2\/pages\/6300\/revisions\/6301"}],"wp:attachment":[{"href":"https:\/\/alicjawegorzewska.com\/index.php\/wp-json\/wp\/v2\/media?parent=6300"}],"curies":[{"name":"wp","href":"https:\/\/api.w.org\/{rel}","templated":true}]}}