{"id":6295,"date":"2025-10-19T10:19:48","date_gmt":"2025-10-19T08:19:48","guid":{"rendered":"https:\/\/alicjawegorzewska.com\/?page_id=6295"},"modified":"2025-10-19T10:28:02","modified_gmt":"2025-10-19T08:28:02","slug":"recenzje","status":"publish","type":"page","link":"https:\/\/alicjawegorzewska.com\/index.php\/recenzje\/","title":{"rendered":"Recenzje"},"content":{"rendered":"<p><strong>Der Neue Merker &#8211; Opera w Wiedniu i na ca\u0142ym \u015bwiecie<\/strong><\/p>\n<blockquote>\n<p style=\"text-align: justify;\">\u201eJako prawdziwe odkrycie mo\u017cna powita\u0107 na scenie m\u0142od\u0105, pi\u0119kn\u0105 Polk\u0119 \u2013 Alicj\u0119 W\u0119gorzewsk\u0105-Whiskerd, kt\u00f3rej W\u0142oszka w Algierze \u2013 aria Cruda Sorte by\u0142a pe\u0142na pieprzyku i humoru. Pe\u0142n\u0105 wdzi\u0119ku interpretacj\u0105 i ruchliwo\u015bci\u0105 swojego g\u0142osu sprosta\u0142a wszystkim wysokim wymaganiom stawianym mezzosopranom przez Rossiniego. Podobnie\u017c jak w arii Faworyty \u2013 O mio Fernando, czy te\u017c ci\u0119\u017cko do\u015bwiadczonej m\u0142odej Santuzzy (chocia\u017c raz \u017cadna Herod-baba). Tak\u017ce jako gibka, spr\u0119\u017cysta Carmen w spos\u00f3b oczywisty pokaza\u0142a, \u017ce jest \u015bpiewaczk\u0105, kt\u00f3ra muzyk\u0119 czuje w ciele i potrafi j\u0105 przekaza\u0107 w sposobie poruszania si\u0119 na scenie.\u201d<\/p>\n<\/blockquote>\n<p>&nbsp;<\/p>\n<p><strong>Der Neue Merker<\/strong><\/p>\n<blockquote>\n<p style=\"text-align: justify;\">\u201eAlicja W\u0119gorzewska-Whiskerd nadzwyczajnie za\u015bpiewa\u0142a Ari\u0119 Eboli (Don Carlos). Pe\u0142nej uczucia interpretacji towarzyszy\u0142a \u015bwietnie poprowadzona, wsp\u00f3\u0142pracuj\u0105ca orkiestra. Nawiasem m\u00f3wi\u0105c, z wygl\u0105du definitywnie jest ona postaci\u0105 Eboli.\u201d<\/p>\n<\/blockquote>\n<p>&nbsp;<\/p>\n<p><strong>Orpheus \u2013 Oper International<\/strong><\/p>\n<blockquote><p>\u201eJako najbardziej poruszaj\u0105cy i najwa\u017cniejszy moment opery nale\u017cy uzna\u0107 Monolog Katte (Alicja W\u0119gorzewska-Whiskerd) tu\u017c przed swoim straceniem, w kt\u00f3rym wyznaje mi\u0142o\u015b\u0107 do Friedricha, mimo, \u017ce musi stan\u0105\u0107 twarz\u0105 w twarz ze zbli\u017caj\u0105c\u0105 si\u0119 egzekucj\u0105.\u201d<\/p><\/blockquote>\n<p>&nbsp;<\/p>\n<p><strong>Der Tagesspiegel<\/strong><\/p>\n<blockquote><p>\u201eAlicja W\u0119gorzewska-Whiskerd przekonuje swoj\u0105 wspania\u0142\u0105 lekko\u015bci\u0105 gry aktorskiej i pe\u0142nym blasku, silnym g\u0142osem.\u201d<\/p><\/blockquote>\n<p>&nbsp;<\/p>\n<p><strong>Berliner Morgenpost<\/strong><\/p>\n<blockquote>\n<p style=\"text-align: justify;\">\u201eUwodzicielska jest Katte. Alicja W\u0119gorzewska-Whiskerd, mezzosopran, brawurowo przekazuje swoj\u0105 rol\u0119 zar\u00f3wno od strony wokalnej, jak i aktorskiej.\u201d<\/p>\n<\/blockquote>\n<p>&nbsp;<\/p>\n<p><strong>S\u00fcddeutsche Zeitung<\/strong><\/p>\n<blockquote><p>\u201eJedn\u0105 z mi\u0142ych niespodzianek wieczoru by\u0142o zrozumienie r\u00f3l oraz umiej\u0119tno\u015bci aktorskie wykazane przez m\u0142odych \u015bpiewak\u00f3w, przede wszystkim przez Alicj\u0119 W\u0119gorzewsk\u0105-Whiskerd.\u201d<\/p><\/blockquote>\n<p>&nbsp;<\/p>\n<p><strong>Das Orchester<\/strong><\/p>\n<blockquote><p>\u201eAlicja W\u0119gorzewska-Whiskerd \u015bpiewa ari\u0119 L\u2019amour uwodzicielsko i z pe\u0142ni\u0105 \u017caru.\u201d<\/p><\/blockquote>\n<p>&nbsp;<\/p>\n<p><strong>Opernglass<\/strong><\/p>\n<blockquote><p>\u201eAlicja W\u0119gorzewska-Whiskerd oddaje obraz mi\u0142o\u015bci ze s\u0142odycz\u0105 i nami\u0119tno\u015bci\u0105.\u201d<\/p><\/blockquote>\n<p>&nbsp;<\/p>\n<p><strong>Nordbayerischer Kurier<\/strong><\/p>\n<blockquote><p>\u201eAlicja W\u0119gorzewska-Whiskerd i Karen Leonie Leiber w g\u0142\u00f3wnych rolach tworz\u0105 genialn\u0105 par\u0119 i wspaniale wsp\u00f3\u0142brzmi\u0105 w ko\u0144cowej scenie duetu z wysokim sopranem Julii Rempe.\u201d<\/p><\/blockquote>\n<p>&nbsp;<\/p>\n<p><strong>Frankfurter Allgemeine<\/strong><\/p>\n<blockquote><p>\u201e&#8230; Alicja W\u0119gorzewska-Whiskerd w swojej roli jest pe\u0142na ognia i \u015bwie\u017cego entuzjazmu&#8230;\u201d<\/p><\/blockquote>\n<p>&nbsp;<\/p>\n<p><strong>Opernwelt<\/strong><\/p>\n<blockquote><p>\u201eAlicja W\u0119gorzewska-Whiskerd \u015bpiewa m\u0142odym, pi\u0119knym, pe\u0142nym brzmienia mezzosopranem&#8230;\u201d<\/p><\/blockquote>\n<p>&nbsp;<\/p>\n<p><strong>Klassik Heute<\/strong><\/p>\n<blockquote><p>\u201eAlicja de Rota przekonuje blaskiem i si\u0142\u0105 swojego g\u0142osu&#8230;\u201d<\/p><\/blockquote>\n<p>&nbsp;<\/p>\n<p><strong>Die Welt<\/strong><\/p>\n<blockquote><p>\u201eAlicja de Rota&#8230; wykaza\u0142a si\u0119 wokaln\u0105 zwinno\u015bci\u0105 i ognist\u0105 pasj\u0105&#8230;\u201d<\/p><\/blockquote>\n<p>&nbsp;<\/p>\n<p><strong>Ruppiner Anzeiger<\/strong><\/p>\n<blockquote>\n<p style=\"text-align: justify;\">\u201e&#8230;to by\u0142a prawdziwa przyjemno\u015b\u0107 ponownie podziwia\u0107 czaruj\u0105c\u0105 polsk\u0105 mezzosopranistk\u0119, Alicj\u0119 De Rot\u0119. Ju\u017c podczas premiery zyska\u0142a sobie uznanie. Potrafi\u0142a przekazywa\u0107 emocje z g\u0142\u0119bokim przekonaniem, \u0142\u0105cz\u0105c wra\u017cliwe u\u017cycie g\u0142osu z subtelnym gestem \u2014 mrugni\u0119ciem oka lub ruchem d\u0142oni. Podobnie jak podczas premiery, najbardziej poruszaj\u0105cym momentem by\u0142 monolog&#8230;\u201d<\/p>\n<\/blockquote>\n<p>&nbsp;<\/p>\n","protected":false},"excerpt":{"rendered":"<p>Der Neue Merker &#8211; Opera w Wiedniu i na ca\u0142ym \u015bwiecie \u201eJako prawdziwe odkrycie mo\u017cna powita\u0107 na scenie m\u0142od\u0105, pi\u0119kn\u0105 Polk\u0119 \u2013 Alicj\u0119 W\u0119gorzewsk\u0105-Whiskerd, kt\u00f3rej&hellip; <\/p>\n","protected":false},"author":3,"featured_media":0,"parent":0,"menu_order":0,"comment_status":"closed","ping_status":"closed","template":"","meta":{"ngg_post_thumbnail":0,"footnotes":""},"class_list":["post-6295","page","type-page","status-publish","hentry"],"yoast_head":"<!-- This site is optimized with the Yoast SEO plugin v25.9 - https:\/\/yoast.com\/wordpress\/plugins\/seo\/ -->\n<title>Recenzje - Alicja W\u0119gorzewska<\/title>\n<meta name=\"robots\" content=\"index, follow, max-snippet:-1, max-image-preview:large, max-video-preview:-1\" \/>\n<link rel=\"canonical\" href=\"https:\/\/alicjawegorzewska.com\/index.php\/recenzje\/\" \/>\n<meta property=\"og:locale\" content=\"pl_PL\" \/>\n<meta property=\"og:type\" content=\"article\" \/>\n<meta property=\"og:title\" content=\"Recenzje - Alicja W\u0119gorzewska\" \/>\n<meta property=\"og:description\" content=\"Der Neue Merker &#8211; Opera w Wiedniu i na ca\u0142ym \u015bwiecie \u201eJako prawdziwe odkrycie mo\u017cna powita\u0107 na scenie m\u0142od\u0105, pi\u0119kn\u0105 Polk\u0119 \u2013 Alicj\u0119 W\u0119gorzewsk\u0105-Whiskerd, kt\u00f3rej&hellip;\" \/>\n<meta property=\"og:url\" content=\"https:\/\/alicjawegorzewska.com\/index.php\/recenzje\/\" \/>\n<meta property=\"og:site_name\" content=\"Alicja W\u0119gorzewska\" \/>\n<meta property=\"article:modified_time\" content=\"2025-10-19T08:28:02+00:00\" \/>\n<meta name=\"twitter:card\" content=\"summary_large_image\" \/>\n<meta name=\"twitter:label1\" content=\"Szacowany czas czytania\" \/>\n\t<meta name=\"twitter:data1\" content=\"1 minuta\" \/>\n<script type=\"application\/ld+json\" class=\"yoast-schema-graph\">{\"@context\":\"https:\/\/schema.org\",\"@graph\":[{\"@type\":\"WebPage\",\"@id\":\"https:\/\/alicjawegorzewska.com\/index.php\/recenzje\/\",\"url\":\"https:\/\/alicjawegorzewska.com\/index.php\/recenzje\/\",\"name\":\"Recenzje - Alicja W\u0119gorzewska\",\"isPartOf\":{\"@id\":\"https:\/\/alicjawegorzewska.com\/#website\"},\"datePublished\":\"2025-10-19T08:19:48+00:00\",\"dateModified\":\"2025-10-19T08:28:02+00:00\",\"breadcrumb\":{\"@id\":\"https:\/\/alicjawegorzewska.com\/index.php\/recenzje\/#breadcrumb\"},\"inLanguage\":\"pl-PL\",\"potentialAction\":[{\"@type\":\"ReadAction\",\"target\":[\"https:\/\/alicjawegorzewska.com\/index.php\/recenzje\/\"]}]},{\"@type\":\"BreadcrumbList\",\"@id\":\"https:\/\/alicjawegorzewska.com\/index.php\/recenzje\/#breadcrumb\",\"itemListElement\":[{\"@type\":\"ListItem\",\"position\":1,\"name\":\"Strona g\u0142\u00f3wna\",\"item\":\"https:\/\/alicjawegorzewska.com\/\"},{\"@type\":\"ListItem\",\"position\":2,\"name\":\"Recenzje\"}]},{\"@type\":\"WebSite\",\"@id\":\"https:\/\/alicjawegorzewska.com\/#website\",\"url\":\"https:\/\/alicjawegorzewska.com\/\",\"name\":\"Alicja W\u0119gorzewska\",\"description\":\"Strona oficjalna\",\"publisher\":{\"@id\":\"https:\/\/alicjawegorzewska.com\/#\/schema\/person\/7468c1c1d69a9b6e8db3fe1964cd9dcb\"},\"potentialAction\":[{\"@type\":\"SearchAction\",\"target\":{\"@type\":\"EntryPoint\",\"urlTemplate\":\"https:\/\/alicjawegorzewska.com\/?s={search_term_string}\"},\"query-input\":{\"@type\":\"PropertyValueSpecification\",\"valueRequired\":true,\"valueName\":\"search_term_string\"}}],\"inLanguage\":\"pl-PL\"},{\"@type\":[\"Person\",\"Organization\"],\"@id\":\"https:\/\/alicjawegorzewska.com\/#\/schema\/person\/7468c1c1d69a9b6e8db3fe1964cd9dcb\",\"name\":\"Alicja W\u0119gorzewska-Whiskerd\",\"image\":{\"@type\":\"ImageObject\",\"inLanguage\":\"pl-PL\",\"@id\":\"https:\/\/alicjawegorzewska.com\/#\/schema\/person\/image\/\",\"url\":\"https:\/\/alicjawegorzewska.com\/wp-content\/uploads\/2019\/10\/AW-2.png\",\"contentUrl\":\"https:\/\/alicjawegorzewska.com\/wp-content\/uploads\/2019\/10\/AW-2.png\",\"width\":500,\"height\":500,\"caption\":\"Alicja W\u0119gorzewska-Whiskerd\"},\"logo\":{\"@id\":\"https:\/\/alicjawegorzewska.com\/#\/schema\/person\/image\/\"}}]}<\/script>\n<!-- \/ Yoast SEO plugin. -->","yoast_head_json":{"title":"Recenzje - Alicja W\u0119gorzewska","robots":{"index":"index","follow":"follow","max-snippet":"max-snippet:-1","max-image-preview":"max-image-preview:large","max-video-preview":"max-video-preview:-1"},"canonical":"https:\/\/alicjawegorzewska.com\/index.php\/recenzje\/","og_locale":"pl_PL","og_type":"article","og_title":"Recenzje - Alicja W\u0119gorzewska","og_description":"Der Neue Merker &#8211; Opera w Wiedniu i na ca\u0142ym \u015bwiecie \u201eJako prawdziwe odkrycie mo\u017cna powita\u0107 na scenie m\u0142od\u0105, pi\u0119kn\u0105 Polk\u0119 \u2013 Alicj\u0119 W\u0119gorzewsk\u0105-Whiskerd, kt\u00f3rej&hellip;","og_url":"https:\/\/alicjawegorzewska.com\/index.php\/recenzje\/","og_site_name":"Alicja W\u0119gorzewska","article_modified_time":"2025-10-19T08:28:02+00:00","twitter_card":"summary_large_image","twitter_misc":{"Szacowany czas czytania":"1 minuta"},"schema":{"@context":"https:\/\/schema.org","@graph":[{"@type":"WebPage","@id":"https:\/\/alicjawegorzewska.com\/index.php\/recenzje\/","url":"https:\/\/alicjawegorzewska.com\/index.php\/recenzje\/","name":"Recenzje - Alicja W\u0119gorzewska","isPartOf":{"@id":"https:\/\/alicjawegorzewska.com\/#website"},"datePublished":"2025-10-19T08:19:48+00:00","dateModified":"2025-10-19T08:28:02+00:00","breadcrumb":{"@id":"https:\/\/alicjawegorzewska.com\/index.php\/recenzje\/#breadcrumb"},"inLanguage":"pl-PL","potentialAction":[{"@type":"ReadAction","target":["https:\/\/alicjawegorzewska.com\/index.php\/recenzje\/"]}]},{"@type":"BreadcrumbList","@id":"https:\/\/alicjawegorzewska.com\/index.php\/recenzje\/#breadcrumb","itemListElement":[{"@type":"ListItem","position":1,"name":"Strona g\u0142\u00f3wna","item":"https:\/\/alicjawegorzewska.com\/"},{"@type":"ListItem","position":2,"name":"Recenzje"}]},{"@type":"WebSite","@id":"https:\/\/alicjawegorzewska.com\/#website","url":"https:\/\/alicjawegorzewska.com\/","name":"Alicja W\u0119gorzewska","description":"Strona oficjalna","publisher":{"@id":"https:\/\/alicjawegorzewska.com\/#\/schema\/person\/7468c1c1d69a9b6e8db3fe1964cd9dcb"},"potentialAction":[{"@type":"SearchAction","target":{"@type":"EntryPoint","urlTemplate":"https:\/\/alicjawegorzewska.com\/?s={search_term_string}"},"query-input":{"@type":"PropertyValueSpecification","valueRequired":true,"valueName":"search_term_string"}}],"inLanguage":"pl-PL"},{"@type":["Person","Organization"],"@id":"https:\/\/alicjawegorzewska.com\/#\/schema\/person\/7468c1c1d69a9b6e8db3fe1964cd9dcb","name":"Alicja W\u0119gorzewska-Whiskerd","image":{"@type":"ImageObject","inLanguage":"pl-PL","@id":"https:\/\/alicjawegorzewska.com\/#\/schema\/person\/image\/","url":"https:\/\/alicjawegorzewska.com\/wp-content\/uploads\/2019\/10\/AW-2.png","contentUrl":"https:\/\/alicjawegorzewska.com\/wp-content\/uploads\/2019\/10\/AW-2.png","width":500,"height":500,"caption":"Alicja W\u0119gorzewska-Whiskerd"},"logo":{"@id":"https:\/\/alicjawegorzewska.com\/#\/schema\/person\/image\/"}}]}},"jetpack_sharing_enabled":true,"_links":{"self":[{"href":"https:\/\/alicjawegorzewska.com\/index.php\/wp-json\/wp\/v2\/pages\/6295","targetHints":{"allow":["GET"]}}],"collection":[{"href":"https:\/\/alicjawegorzewska.com\/index.php\/wp-json\/wp\/v2\/pages"}],"about":[{"href":"https:\/\/alicjawegorzewska.com\/index.php\/wp-json\/wp\/v2\/types\/page"}],"author":[{"embeddable":true,"href":"https:\/\/alicjawegorzewska.com\/index.php\/wp-json\/wp\/v2\/users\/3"}],"replies":[{"embeddable":true,"href":"https:\/\/alicjawegorzewska.com\/index.php\/wp-json\/wp\/v2\/comments?post=6295"}],"version-history":[{"count":4,"href":"https:\/\/alicjawegorzewska.com\/index.php\/wp-json\/wp\/v2\/pages\/6295\/revisions"}],"predecessor-version":[{"id":6299,"href":"https:\/\/alicjawegorzewska.com\/index.php\/wp-json\/wp\/v2\/pages\/6295\/revisions\/6299"}],"wp:attachment":[{"href":"https:\/\/alicjawegorzewska.com\/index.php\/wp-json\/wp\/v2\/media?parent=6295"}],"curies":[{"name":"wp","href":"https:\/\/api.w.org\/{rel}","templated":true}]}}