{"id":6229,"date":"2025-10-18T20:27:00","date_gmt":"2025-10-18T18:27:00","guid":{"rendered":"https:\/\/alicjawegorzewska.com\/?page_id=6229"},"modified":"2025-10-18T20:27:00","modified_gmt":"2025-10-18T18:27:00","slug":"zlota-iguana","status":"publish","type":"page","link":"https:\/\/alicjawegorzewska.com\/index.php\/zlota-iguana\/","title":{"rendered":"Z\u0142ota Iguana"},"content":{"rendered":"<p style=\"text-align: justify;\" data-start=\"20\" data-end=\"416\">Z ogromnym wzruszeniem odebra\u0142am <strong data-start=\"53\" data-end=\"69\">Z\u0142ot\u0105 Iguan\u0119<\/strong> \u2013 nagrod\u0119 przyznan\u0105 za <strong data-start=\"93\" data-end=\"204\">konsekwencj\u0119 w d\u0105\u017ceniu do utrzymywania wysokiej pozycji Warszawskiej Opery Kameralnej w Polsce i na \u015bwiecie<\/strong>. To wyr\u00f3\u017cnienie traktuj\u0119 jako wyraz uznania dla ca\u0142ego zespo\u0142u artyst\u00f3w, realizator\u00f3w i pracownik\u00f3w Opery, kt\u00f3rzy ka\u017cdego dnia z pasj\u0105 i oddaniem tworz\u0105 miejsce, w kt\u00f3rym tradycja spotyka si\u0119 z nowoczesno\u015bci\u0105.<\/p>\n<p style=\"text-align: justify;\" data-start=\"418\" data-end=\"703\">Jako <strong data-start=\"423\" data-end=\"488\">dyrektor naczelna i artystyczna Warszawskiej Opery Kameralnej<\/strong>, a tak\u017ce jako <strong data-start=\"503\" data-end=\"544\">mezzosopranistka i mened\u017cerka kultury<\/strong>, od lat staram si\u0119, by nasza instytucja nie tylko piel\u0119gnowa\u0142a dziedzictwo muzyki klasycznej, lecz tak\u017ce inspirowa\u0142a nowe pokolenia artyst\u00f3w i publiczno\u015bci.<\/p>\n<p style=\"text-align: justify;\" data-start=\"705\" data-end=\"1033\">W mojej pracy zawsze kieruj\u0119 si\u0119 zasad\u0105, \u017ce sztuka nie zna granic \u2013 \u0142\u0105czy ludzi, j\u0119zyki i emocje. Dlatego szczeg\u00f3lnym miejscem w moim sercu zajmuje kultura w\u0142oska, kt\u00f3rej promocja zosta\u0142a wcze\u015bniej uhonorowana nagrodami <strong data-start=\"925\" data-end=\"958\">Maria Callas Tribute Prize NY<\/strong> oraz <strong data-start=\"964\" data-end=\"984\">Tribute a Caruso<\/strong> miasta <strong data-start=\"992\" data-end=\"1004\">Sorrento<\/strong> i <strong data-start=\"1007\" data-end=\"1030\">Fondazione Sorrento<\/strong>.<\/p>\n<p style=\"text-align: justify;\" data-start=\"1035\" data-end=\"1243\">Jestem r\u00f3wnie\u017c laureatk\u0105 nagrody <strong data-start=\"1068\" data-end=\"1093\">Women in Cinema Award<\/strong>, przyznawanej kobietom, kt\u00f3re poprzez dzia\u0142alno\u015b\u0107 artystyczn\u0105 i filmow\u0105 wspieraj\u0105 rozw\u00f3j m\u0142odych talent\u00f3w i wzmacniaj\u0105 wizerunek kobiet w kulturze.<\/p>\n<p style=\"text-align: justify;\" data-start=\"1245\" data-end=\"1412\" data-is-last-node=\"\" data-is-only-node=\"\"><strong data-start=\"1245\" data-end=\"1261\">Z\u0142ota Iguana<\/strong> to dla mnie symbol konsekwencji, odwagi i wiary w to, \u017ce sztuka ma sens \u2013 zw\u0142aszcza wtedy, gdy otwiera ludzi na pi\u0119kno, emocje i wzajemne zrozumienie.<\/p>\n<p data-start=\"1245\" data-end=\"1412\" data-is-last-node=\"\" data-is-only-node=\"\">7 czerwca 2025<\/p>\n<p data-start=\"1245\" data-end=\"1412\" data-is-last-node=\"\" data-is-only-node=\"\"><img fetchpriority=\"high\" decoding=\"async\" class=\"alignnone size-full wp-image-6230\" src=\"https:\/\/alicjawegorzewska.com\/wp-content\/uploads\/2025\/10\/Iguana-rotated-e1760812005108.jpg\" alt=\"\" width=\"768\" height=\"1024\" srcset=\"https:\/\/alicjawegorzewska.com\/wp-content\/uploads\/2025\/10\/Iguana-rotated-e1760812005108.jpg 768w, https:\/\/alicjawegorzewska.com\/wp-content\/uploads\/2025\/10\/Iguana-rotated-e1760812005108-225x300.jpg 225w, https:\/\/alicjawegorzewska.com\/wp-content\/uploads\/2025\/10\/Iguana-rotated-e1760812005108-600x800.jpg 600w\" sizes=\"(max-width: 768px) 100vw, 768px\" \/><\/p>\n","protected":false},"excerpt":{"rendered":"<p>Z ogromnym wzruszeniem odebra\u0142am Z\u0142ot\u0105 Iguan\u0119 \u2013 nagrod\u0119 przyznan\u0105 za konsekwencj\u0119 w d\u0105\u017ceniu do utrzymywania wysokiej pozycji Warszawskiej Opery Kameralnej w Polsce i na \u015bwiecie.&hellip; <\/p>\n","protected":false},"author":3,"featured_media":0,"parent":0,"menu_order":0,"comment_status":"closed","ping_status":"closed","template":"","meta":{"ngg_post_thumbnail":0,"footnotes":""},"class_list":["post-6229","page","type-page","status-publish","hentry"],"yoast_head":"<!-- This site is optimized with the Yoast SEO plugin v25.9 - https:\/\/yoast.com\/wordpress\/plugins\/seo\/ -->\n<title>Z\u0142ota Iguana - Alicja W\u0119gorzewska<\/title>\n<meta name=\"robots\" content=\"index, follow, max-snippet:-1, max-image-preview:large, max-video-preview:-1\" \/>\n<link rel=\"canonical\" href=\"https:\/\/alicjawegorzewska.com\/index.php\/zlota-iguana\/\" \/>\n<meta property=\"og:locale\" content=\"pl_PL\" \/>\n<meta property=\"og:type\" content=\"article\" \/>\n<meta property=\"og:title\" content=\"Z\u0142ota Iguana - Alicja W\u0119gorzewska\" \/>\n<meta property=\"og:description\" content=\"Z ogromnym wzruszeniem odebra\u0142am Z\u0142ot\u0105 Iguan\u0119 \u2013 nagrod\u0119 przyznan\u0105 za konsekwencj\u0119 w d\u0105\u017ceniu do utrzymywania wysokiej pozycji Warszawskiej Opery Kameralnej w Polsce i na \u015bwiecie.&hellip;\" \/>\n<meta property=\"og:url\" content=\"https:\/\/alicjawegorzewska.com\/index.php\/zlota-iguana\/\" \/>\n<meta property=\"og:site_name\" content=\"Alicja W\u0119gorzewska\" \/>\n<meta property=\"og:image\" content=\"https:\/\/alicjawegorzewska.com\/wp-content\/uploads\/2025\/10\/Iguana-rotated-e1760812005108.jpg\" \/>\n<meta name=\"twitter:card\" content=\"summary_large_image\" \/>\n<meta name=\"twitter:label1\" content=\"Szacowany czas czytania\" \/>\n\t<meta name=\"twitter:data1\" content=\"2 minuty\" \/>\n<script type=\"application\/ld+json\" class=\"yoast-schema-graph\">{\"@context\":\"https:\/\/schema.org\",\"@graph\":[{\"@type\":\"WebPage\",\"@id\":\"https:\/\/alicjawegorzewska.com\/index.php\/zlota-iguana\/\",\"url\":\"https:\/\/alicjawegorzewska.com\/index.php\/zlota-iguana\/\",\"name\":\"Z\u0142ota Iguana - Alicja W\u0119gorzewska\",\"isPartOf\":{\"@id\":\"https:\/\/alicjawegorzewska.com\/#website\"},\"primaryImageOfPage\":{\"@id\":\"https:\/\/alicjawegorzewska.com\/index.php\/zlota-iguana\/#primaryimage\"},\"image\":{\"@id\":\"https:\/\/alicjawegorzewska.com\/index.php\/zlota-iguana\/#primaryimage\"},\"thumbnailUrl\":\"https:\/\/alicjawegorzewska.com\/wp-content\/uploads\/2025\/10\/Iguana-rotated-e1760812005108.jpg\",\"datePublished\":\"2025-10-18T18:27:00+00:00\",\"breadcrumb\":{\"@id\":\"https:\/\/alicjawegorzewska.com\/index.php\/zlota-iguana\/#breadcrumb\"},\"inLanguage\":\"pl-PL\",\"potentialAction\":[{\"@type\":\"ReadAction\",\"target\":[\"https:\/\/alicjawegorzewska.com\/index.php\/zlota-iguana\/\"]}]},{\"@type\":\"ImageObject\",\"inLanguage\":\"pl-PL\",\"@id\":\"https:\/\/alicjawegorzewska.com\/index.php\/zlota-iguana\/#primaryimage\",\"url\":\"https:\/\/alicjawegorzewska.com\/wp-content\/uploads\/2025\/10\/Iguana-rotated-e1760812005108.jpg\",\"contentUrl\":\"https:\/\/alicjawegorzewska.com\/wp-content\/uploads\/2025\/10\/Iguana-rotated-e1760812005108.jpg\",\"width\":768,\"height\":1024},{\"@type\":\"BreadcrumbList\",\"@id\":\"https:\/\/alicjawegorzewska.com\/index.php\/zlota-iguana\/#breadcrumb\",\"itemListElement\":[{\"@type\":\"ListItem\",\"position\":1,\"name\":\"Strona g\u0142\u00f3wna\",\"item\":\"https:\/\/alicjawegorzewska.com\/\"},{\"@type\":\"ListItem\",\"position\":2,\"name\":\"Z\u0142ota Iguana\"}]},{\"@type\":\"WebSite\",\"@id\":\"https:\/\/alicjawegorzewska.com\/#website\",\"url\":\"https:\/\/alicjawegorzewska.com\/\",\"name\":\"Alicja W\u0119gorzewska\",\"description\":\"Strona oficjalna\",\"publisher\":{\"@id\":\"https:\/\/alicjawegorzewska.com\/#\/schema\/person\/7468c1c1d69a9b6e8db3fe1964cd9dcb\"},\"potentialAction\":[{\"@type\":\"SearchAction\",\"target\":{\"@type\":\"EntryPoint\",\"urlTemplate\":\"https:\/\/alicjawegorzewska.com\/?s={search_term_string}\"},\"query-input\":{\"@type\":\"PropertyValueSpecification\",\"valueRequired\":true,\"valueName\":\"search_term_string\"}}],\"inLanguage\":\"pl-PL\"},{\"@type\":[\"Person\",\"Organization\"],\"@id\":\"https:\/\/alicjawegorzewska.com\/#\/schema\/person\/7468c1c1d69a9b6e8db3fe1964cd9dcb\",\"name\":\"Alicja W\u0119gorzewska-Whiskerd\",\"image\":{\"@type\":\"ImageObject\",\"inLanguage\":\"pl-PL\",\"@id\":\"https:\/\/alicjawegorzewska.com\/#\/schema\/person\/image\/\",\"url\":\"https:\/\/alicjawegorzewska.com\/wp-content\/uploads\/2019\/10\/AW-2.png\",\"contentUrl\":\"https:\/\/alicjawegorzewska.com\/wp-content\/uploads\/2019\/10\/AW-2.png\",\"width\":500,\"height\":500,\"caption\":\"Alicja W\u0119gorzewska-Whiskerd\"},\"logo\":{\"@id\":\"https:\/\/alicjawegorzewska.com\/#\/schema\/person\/image\/\"}}]}<\/script>\n<!-- \/ Yoast SEO plugin. -->","yoast_head_json":{"title":"Z\u0142ota Iguana - Alicja W\u0119gorzewska","robots":{"index":"index","follow":"follow","max-snippet":"max-snippet:-1","max-image-preview":"max-image-preview:large","max-video-preview":"max-video-preview:-1"},"canonical":"https:\/\/alicjawegorzewska.com\/index.php\/zlota-iguana\/","og_locale":"pl_PL","og_type":"article","og_title":"Z\u0142ota Iguana - Alicja W\u0119gorzewska","og_description":"Z ogromnym wzruszeniem odebra\u0142am Z\u0142ot\u0105 Iguan\u0119 \u2013 nagrod\u0119 przyznan\u0105 za konsekwencj\u0119 w d\u0105\u017ceniu do utrzymywania wysokiej pozycji Warszawskiej Opery Kameralnej w Polsce i na \u015bwiecie.&hellip;","og_url":"https:\/\/alicjawegorzewska.com\/index.php\/zlota-iguana\/","og_site_name":"Alicja W\u0119gorzewska","og_image":[{"url":"https:\/\/alicjawegorzewska.com\/wp-content\/uploads\/2025\/10\/Iguana-rotated-e1760812005108.jpg","type":"","width":"","height":""}],"twitter_card":"summary_large_image","twitter_misc":{"Szacowany czas czytania":"2 minuty"},"schema":{"@context":"https:\/\/schema.org","@graph":[{"@type":"WebPage","@id":"https:\/\/alicjawegorzewska.com\/index.php\/zlota-iguana\/","url":"https:\/\/alicjawegorzewska.com\/index.php\/zlota-iguana\/","name":"Z\u0142ota Iguana - Alicja W\u0119gorzewska","isPartOf":{"@id":"https:\/\/alicjawegorzewska.com\/#website"},"primaryImageOfPage":{"@id":"https:\/\/alicjawegorzewska.com\/index.php\/zlota-iguana\/#primaryimage"},"image":{"@id":"https:\/\/alicjawegorzewska.com\/index.php\/zlota-iguana\/#primaryimage"},"thumbnailUrl":"https:\/\/alicjawegorzewska.com\/wp-content\/uploads\/2025\/10\/Iguana-rotated-e1760812005108.jpg","datePublished":"2025-10-18T18:27:00+00:00","breadcrumb":{"@id":"https:\/\/alicjawegorzewska.com\/index.php\/zlota-iguana\/#breadcrumb"},"inLanguage":"pl-PL","potentialAction":[{"@type":"ReadAction","target":["https:\/\/alicjawegorzewska.com\/index.php\/zlota-iguana\/"]}]},{"@type":"ImageObject","inLanguage":"pl-PL","@id":"https:\/\/alicjawegorzewska.com\/index.php\/zlota-iguana\/#primaryimage","url":"https:\/\/alicjawegorzewska.com\/wp-content\/uploads\/2025\/10\/Iguana-rotated-e1760812005108.jpg","contentUrl":"https:\/\/alicjawegorzewska.com\/wp-content\/uploads\/2025\/10\/Iguana-rotated-e1760812005108.jpg","width":768,"height":1024},{"@type":"BreadcrumbList","@id":"https:\/\/alicjawegorzewska.com\/index.php\/zlota-iguana\/#breadcrumb","itemListElement":[{"@type":"ListItem","position":1,"name":"Strona g\u0142\u00f3wna","item":"https:\/\/alicjawegorzewska.com\/"},{"@type":"ListItem","position":2,"name":"Z\u0142ota Iguana"}]},{"@type":"WebSite","@id":"https:\/\/alicjawegorzewska.com\/#website","url":"https:\/\/alicjawegorzewska.com\/","name":"Alicja W\u0119gorzewska","description":"Strona oficjalna","publisher":{"@id":"https:\/\/alicjawegorzewska.com\/#\/schema\/person\/7468c1c1d69a9b6e8db3fe1964cd9dcb"},"potentialAction":[{"@type":"SearchAction","target":{"@type":"EntryPoint","urlTemplate":"https:\/\/alicjawegorzewska.com\/?s={search_term_string}"},"query-input":{"@type":"PropertyValueSpecification","valueRequired":true,"valueName":"search_term_string"}}],"inLanguage":"pl-PL"},{"@type":["Person","Organization"],"@id":"https:\/\/alicjawegorzewska.com\/#\/schema\/person\/7468c1c1d69a9b6e8db3fe1964cd9dcb","name":"Alicja W\u0119gorzewska-Whiskerd","image":{"@type":"ImageObject","inLanguage":"pl-PL","@id":"https:\/\/alicjawegorzewska.com\/#\/schema\/person\/image\/","url":"https:\/\/alicjawegorzewska.com\/wp-content\/uploads\/2019\/10\/AW-2.png","contentUrl":"https:\/\/alicjawegorzewska.com\/wp-content\/uploads\/2019\/10\/AW-2.png","width":500,"height":500,"caption":"Alicja W\u0119gorzewska-Whiskerd"},"logo":{"@id":"https:\/\/alicjawegorzewska.com\/#\/schema\/person\/image\/"}}]}},"jetpack_sharing_enabled":true,"_links":{"self":[{"href":"https:\/\/alicjawegorzewska.com\/index.php\/wp-json\/wp\/v2\/pages\/6229","targetHints":{"allow":["GET"]}}],"collection":[{"href":"https:\/\/alicjawegorzewska.com\/index.php\/wp-json\/wp\/v2\/pages"}],"about":[{"href":"https:\/\/alicjawegorzewska.com\/index.php\/wp-json\/wp\/v2\/types\/page"}],"author":[{"embeddable":true,"href":"https:\/\/alicjawegorzewska.com\/index.php\/wp-json\/wp\/v2\/users\/3"}],"replies":[{"embeddable":true,"href":"https:\/\/alicjawegorzewska.com\/index.php\/wp-json\/wp\/v2\/comments?post=6229"}],"version-history":[{"count":1,"href":"https:\/\/alicjawegorzewska.com\/index.php\/wp-json\/wp\/v2\/pages\/6229\/revisions"}],"predecessor-version":[{"id":6231,"href":"https:\/\/alicjawegorzewska.com\/index.php\/wp-json\/wp\/v2\/pages\/6229\/revisions\/6231"}],"wp:attachment":[{"href":"https:\/\/alicjawegorzewska.com\/index.php\/wp-json\/wp\/v2\/media?parent=6229"}],"curies":[{"name":"wp","href":"https:\/\/api.w.org\/{rel}","templated":true}]}}