{"id":6210,"date":"2025-10-18T18:46:57","date_gmt":"2025-10-18T16:46:57","guid":{"rendered":"https:\/\/alicjawegorzewska.com\/?page_id=6210"},"modified":"2025-10-18T19:09:48","modified_gmt":"2025-10-18T17:09:48","slug":"dama-pikowa-warszawa","status":"publish","type":"page","link":"https:\/\/alicjawegorzewska.com\/index.php\/dama-pikowa-warszawa\/","title":{"rendered":"Dama Pikowa. Warszawa"},"content":{"rendered":"<p><strong>Dama Pikowa (Piotr Czajkowski), premiera 19 grudnia 2004 Teatr Wielki-Opera Narodowa<\/strong><\/p>\n<p>re\u017cyseria; Mariusz Treli\u0144ski<br \/>\nmuzyka: Piotr Czajkowski<br \/>\nlibretto: Modest Czajkowski<br \/>\nchoreografia: Emil Weso\u0142owski<br \/>\ndekoracje: Boris Kudli\u010dka<br \/>\nkostiumy: Pawe\u0142 GrabarczykMagdalena Tes\u0142awska<br \/>\ndyrygent: Kazimierz Kord<br \/>\nre\u017cyseria \u015bwiat\u0142a: Felice Ross<\/p>\n<p>Obsada<br \/>\nHerman: Krzysztof Bednarek,Pawe\u0142 Wunder, Dmitry Polkopin<br \/>\nHrabia Tomski: Zbigniew Macias, Miko\u0142aj Zalasi\u0144ski<br \/>\nKsi\u0105\u017c\u0119 Jelecki: Artur Ruci\u0144ski, Adam Szersze\u0144, Mariusz Godlewski<br \/>\nCzekalinski: Ryszard Minkiewicz, Krzysztof Szmyt<br \/>\nSurin: Czes\u0142aw Ga\u0142ka, Piotr Nowacki<br \/>\nCzaplicki: Rafa\u0142 Bartmi\u0144ski, Jacek Parol, Miros\u0142aw Niewiadomski<br \/>\nNarumow: Mieczys\u0142aw Milun, Ryszard Morka<br \/>\nMistrz ceremonii: Ryszard Wr\u00f3blewski, Jakub Jarmu\u0142a<br \/>\nHrabina: Joanna Cort\u00e9s, Ma\u0142gorzata Walewska, Alicja W\u0119gorzewska-Whiskerd<br \/>\nLiza: Lada Biriucov, Agnieszka Piass, Irina Bertman, Elena Nebera<br \/>\nPolina: Monika Ledzion, Ma\u0142gorzata Pa\u0144ko<br \/>\nGuwernantka: Magdalena Idzik, El\u017cbieta Wr\u00f3blewska<br \/>\nMasza: Jeanette Bo\u017ca\u0142ek, Ewelina Jagie\u0142ka, Katarzyna Zimak<br \/>\nPrilepa: Barbara Gutaj, Katarzyna Trylnik<\/p>\n<p>&nbsp;<\/p>\nngg_shortcode_0_placeholder\n","protected":false},"excerpt":{"rendered":"<p>Dama Pikowa (Piotr Czajkowski), premiera 19 grudnia 2004 Teatr Wielki-Opera Narodowa re\u017cyseria; Mariusz Treli\u0144ski muzyka: Piotr Czajkowski libretto: Modest Czajkowski choreografia: Emil Weso\u0142owski dekoracje: Boris&hellip; <\/p>\n","protected":false},"author":3,"featured_media":0,"parent":0,"menu_order":0,"comment_status":"closed","ping_status":"closed","template":"","meta":{"ngg_post_thumbnail":0,"footnotes":""},"class_list":["post-6210","page","type-page","status-publish","hentry"],"yoast_head":"<!-- This site is optimized with the Yoast SEO plugin v25.9 - https:\/\/yoast.com\/wordpress\/plugins\/seo\/ -->\n<title>Dama Pikowa. Warszawa - Alicja W\u0119gorzewska<\/title>\n<meta name=\"robots\" content=\"index, follow, max-snippet:-1, max-image-preview:large, max-video-preview:-1\" \/>\n<link rel=\"canonical\" href=\"https:\/\/alicjawegorzewska.com\/index.php\/dama-pikowa-warszawa\/\" \/>\n<meta property=\"og:locale\" content=\"pl_PL\" \/>\n<meta property=\"og:type\" content=\"article\" \/>\n<meta property=\"og:title\" content=\"Dama Pikowa. Warszawa - Alicja W\u0119gorzewska\" \/>\n<meta property=\"og:description\" content=\"Dama Pikowa (Piotr Czajkowski), premiera 19 grudnia 2004 Teatr Wielki-Opera Narodowa re\u017cyseria; Mariusz Treli\u0144ski muzyka: Piotr Czajkowski libretto: Modest Czajkowski choreografia: Emil Weso\u0142owski dekoracje: Boris&hellip;\" \/>\n<meta property=\"og:url\" content=\"https:\/\/alicjawegorzewska.com\/index.php\/dama-pikowa-warszawa\/\" \/>\n<meta property=\"og:site_name\" content=\"Alicja W\u0119gorzewska\" \/>\n<meta property=\"article:modified_time\" content=\"2025-10-18T17:09:48+00:00\" \/>\n<meta name=\"twitter:card\" content=\"summary_large_image\" \/>\n<meta name=\"twitter:label1\" content=\"Szacowany czas czytania\" \/>\n\t<meta name=\"twitter:data1\" content=\"1 minuta\" \/>\n<script type=\"application\/ld+json\" class=\"yoast-schema-graph\">{\"@context\":\"https:\/\/schema.org\",\"@graph\":[{\"@type\":\"WebPage\",\"@id\":\"https:\/\/alicjawegorzewska.com\/index.php\/dama-pikowa-warszawa\/\",\"url\":\"https:\/\/alicjawegorzewska.com\/index.php\/dama-pikowa-warszawa\/\",\"name\":\"Dama Pikowa. Warszawa - Alicja W\u0119gorzewska\",\"isPartOf\":{\"@id\":\"https:\/\/alicjawegorzewska.com\/#website\"},\"datePublished\":\"2025-10-18T16:46:57+00:00\",\"dateModified\":\"2025-10-18T17:09:48+00:00\",\"breadcrumb\":{\"@id\":\"https:\/\/alicjawegorzewska.com\/index.php\/dama-pikowa-warszawa\/#breadcrumb\"},\"inLanguage\":\"pl-PL\",\"potentialAction\":[{\"@type\":\"ReadAction\",\"target\":[\"https:\/\/alicjawegorzewska.com\/index.php\/dama-pikowa-warszawa\/\"]}]},{\"@type\":\"BreadcrumbList\",\"@id\":\"https:\/\/alicjawegorzewska.com\/index.php\/dama-pikowa-warszawa\/#breadcrumb\",\"itemListElement\":[{\"@type\":\"ListItem\",\"position\":1,\"name\":\"Strona g\u0142\u00f3wna\",\"item\":\"https:\/\/alicjawegorzewska.com\/\"},{\"@type\":\"ListItem\",\"position\":2,\"name\":\"Dama Pikowa. Warszawa\"}]},{\"@type\":\"WebSite\",\"@id\":\"https:\/\/alicjawegorzewska.com\/#website\",\"url\":\"https:\/\/alicjawegorzewska.com\/\",\"name\":\"Alicja W\u0119gorzewska\",\"description\":\"Strona oficjalna\",\"publisher\":{\"@id\":\"https:\/\/alicjawegorzewska.com\/#\/schema\/person\/7468c1c1d69a9b6e8db3fe1964cd9dcb\"},\"potentialAction\":[{\"@type\":\"SearchAction\",\"target\":{\"@type\":\"EntryPoint\",\"urlTemplate\":\"https:\/\/alicjawegorzewska.com\/?s={search_term_string}\"},\"query-input\":{\"@type\":\"PropertyValueSpecification\",\"valueRequired\":true,\"valueName\":\"search_term_string\"}}],\"inLanguage\":\"pl-PL\"},{\"@type\":[\"Person\",\"Organization\"],\"@id\":\"https:\/\/alicjawegorzewska.com\/#\/schema\/person\/7468c1c1d69a9b6e8db3fe1964cd9dcb\",\"name\":\"Alicja W\u0119gorzewska-Whiskerd\",\"image\":{\"@type\":\"ImageObject\",\"inLanguage\":\"pl-PL\",\"@id\":\"https:\/\/alicjawegorzewska.com\/#\/schema\/person\/image\/\",\"url\":\"https:\/\/alicjawegorzewska.com\/wp-content\/uploads\/2019\/10\/AW-2.png\",\"contentUrl\":\"https:\/\/alicjawegorzewska.com\/wp-content\/uploads\/2019\/10\/AW-2.png\",\"width\":500,\"height\":500,\"caption\":\"Alicja W\u0119gorzewska-Whiskerd\"},\"logo\":{\"@id\":\"https:\/\/alicjawegorzewska.com\/#\/schema\/person\/image\/\"}}]}<\/script>\n<!-- \/ Yoast SEO plugin. -->","yoast_head_json":{"title":"Dama Pikowa. Warszawa - Alicja W\u0119gorzewska","robots":{"index":"index","follow":"follow","max-snippet":"max-snippet:-1","max-image-preview":"max-image-preview:large","max-video-preview":"max-video-preview:-1"},"canonical":"https:\/\/alicjawegorzewska.com\/index.php\/dama-pikowa-warszawa\/","og_locale":"pl_PL","og_type":"article","og_title":"Dama Pikowa. Warszawa - Alicja W\u0119gorzewska","og_description":"Dama Pikowa (Piotr Czajkowski), premiera 19 grudnia 2004 Teatr Wielki-Opera Narodowa re\u017cyseria; Mariusz Treli\u0144ski muzyka: Piotr Czajkowski libretto: Modest Czajkowski choreografia: Emil Weso\u0142owski dekoracje: Boris&hellip;","og_url":"https:\/\/alicjawegorzewska.com\/index.php\/dama-pikowa-warszawa\/","og_site_name":"Alicja W\u0119gorzewska","article_modified_time":"2025-10-18T17:09:48+00:00","twitter_card":"summary_large_image","twitter_misc":{"Szacowany czas czytania":"1 minuta"},"schema":{"@context":"https:\/\/schema.org","@graph":[{"@type":"WebPage","@id":"https:\/\/alicjawegorzewska.com\/index.php\/dama-pikowa-warszawa\/","url":"https:\/\/alicjawegorzewska.com\/index.php\/dama-pikowa-warszawa\/","name":"Dama Pikowa. Warszawa - Alicja W\u0119gorzewska","isPartOf":{"@id":"https:\/\/alicjawegorzewska.com\/#website"},"datePublished":"2025-10-18T16:46:57+00:00","dateModified":"2025-10-18T17:09:48+00:00","breadcrumb":{"@id":"https:\/\/alicjawegorzewska.com\/index.php\/dama-pikowa-warszawa\/#breadcrumb"},"inLanguage":"pl-PL","potentialAction":[{"@type":"ReadAction","target":["https:\/\/alicjawegorzewska.com\/index.php\/dama-pikowa-warszawa\/"]}]},{"@type":"BreadcrumbList","@id":"https:\/\/alicjawegorzewska.com\/index.php\/dama-pikowa-warszawa\/#breadcrumb","itemListElement":[{"@type":"ListItem","position":1,"name":"Strona g\u0142\u00f3wna","item":"https:\/\/alicjawegorzewska.com\/"},{"@type":"ListItem","position":2,"name":"Dama Pikowa. Warszawa"}]},{"@type":"WebSite","@id":"https:\/\/alicjawegorzewska.com\/#website","url":"https:\/\/alicjawegorzewska.com\/","name":"Alicja W\u0119gorzewska","description":"Strona oficjalna","publisher":{"@id":"https:\/\/alicjawegorzewska.com\/#\/schema\/person\/7468c1c1d69a9b6e8db3fe1964cd9dcb"},"potentialAction":[{"@type":"SearchAction","target":{"@type":"EntryPoint","urlTemplate":"https:\/\/alicjawegorzewska.com\/?s={search_term_string}"},"query-input":{"@type":"PropertyValueSpecification","valueRequired":true,"valueName":"search_term_string"}}],"inLanguage":"pl-PL"},{"@type":["Person","Organization"],"@id":"https:\/\/alicjawegorzewska.com\/#\/schema\/person\/7468c1c1d69a9b6e8db3fe1964cd9dcb","name":"Alicja W\u0119gorzewska-Whiskerd","image":{"@type":"ImageObject","inLanguage":"pl-PL","@id":"https:\/\/alicjawegorzewska.com\/#\/schema\/person\/image\/","url":"https:\/\/alicjawegorzewska.com\/wp-content\/uploads\/2019\/10\/AW-2.png","contentUrl":"https:\/\/alicjawegorzewska.com\/wp-content\/uploads\/2019\/10\/AW-2.png","width":500,"height":500,"caption":"Alicja W\u0119gorzewska-Whiskerd"},"logo":{"@id":"https:\/\/alicjawegorzewska.com\/#\/schema\/person\/image\/"}}]}},"jetpack_sharing_enabled":true,"_links":{"self":[{"href":"https:\/\/alicjawegorzewska.com\/index.php\/wp-json\/wp\/v2\/pages\/6210","targetHints":{"allow":["GET"]}}],"collection":[{"href":"https:\/\/alicjawegorzewska.com\/index.php\/wp-json\/wp\/v2\/pages"}],"about":[{"href":"https:\/\/alicjawegorzewska.com\/index.php\/wp-json\/wp\/v2\/types\/page"}],"author":[{"embeddable":true,"href":"https:\/\/alicjawegorzewska.com\/index.php\/wp-json\/wp\/v2\/users\/3"}],"replies":[{"embeddable":true,"href":"https:\/\/alicjawegorzewska.com\/index.php\/wp-json\/wp\/v2\/comments?post=6210"}],"version-history":[{"count":4,"href":"https:\/\/alicjawegorzewska.com\/index.php\/wp-json\/wp\/v2\/pages\/6210\/revisions"}],"predecessor-version":[{"id":6224,"href":"https:\/\/alicjawegorzewska.com\/index.php\/wp-json\/wp\/v2\/pages\/6210\/revisions\/6224"}],"wp:attachment":[{"href":"https:\/\/alicjawegorzewska.com\/index.php\/wp-json\/wp\/v2\/media?parent=6210"}],"curies":[{"name":"wp","href":"https:\/\/api.w.org\/{rel}","templated":true}]}}