{"id":6189,"date":"2025-10-18T18:42:21","date_gmt":"2025-10-18T16:42:21","guid":{"rendered":"https:\/\/alicjawegorzewska.com\/?page_id=6189"},"modified":"2025-10-18T18:45:56","modified_gmt":"2025-10-18T16:45:56","slug":"dama-pikowa-krakow","status":"publish","type":"page","link":"https:\/\/alicjawegorzewska.com\/index.php\/dama-pikowa-krakow\/","title":{"rendered":"Dama Pikowa. Krak\u00f3w"},"content":{"rendered":"<p>Dama Pikowa (Piotr Czajkowski), premiera 6 kwietnia 2008 Opera Krakowska,&nbsp;<\/p>\n<p>re\u017cyseria: Krzysztof Nazar<br \/>\nmuzyka: Piotr Czajkowski<br \/>\nlibretto: Modest Czajkowski wed\u0142ug opowiadania Aleksandra Puszkina<br \/>\ninscenizacja: Krzysztof Nazar<br \/>\nuk\u0142ad ruchu: Krzysztof Nazar<br \/>\nkierownictwo muzyczne: Iwona Sowi\u0144ska<br \/>\nscenografia: Marek Chowaniec<br \/>\nkostiumy: Zofia de Ines<br \/>\nre\u017cyseria \u015bwiat\u0142a: Miros\u0142aw Pozna\u0144ski<br \/>\nprzygotowanie ch\u00f3ru: Marek Kluza<\/p>\n<p>Obsada<br \/>\nLiza: Ewa Biegas, Magdalena Nowacka (go\u015bcinnie)<br \/>\nHerman: Krzysztof Bednarek (go\u015bcinnie), Pawe\u0142 Wunder (go\u015bcinnie)<br \/>\nTomski: Andrzej Biegun, Przemys\u0142aw Firek, Krzysztof Witkowski (go\u015bcinnie)<br \/>\nJelecki: Micha\u0142 Kutnik, Grzegorz Pazik (go\u015bcinnie), Artur Ruci\u0144ski (go\u015bcinnie)<br \/>\nHrabina: Alicja W\u0119gorzewska-Whiskerd (go\u015bcinnie), Bo\u017cena Zawi\u015blak-Dolny<br \/>\nPaulina: Agnieszka Cz\u0105stka, Anna Luba\u0144ska (go\u015bcinnie)<br \/>\nGuwernantka: Hanna Swaryczewska, Bo\u017cena Walczyk-Skrzypczak<br \/>\nMasza: Marta Poliszot, Joanna Rakoczy<br \/>\nSurin: Jacek Ozimkowski (go\u015bcinnie), Volodymyr Pankiv<br \/>\nCzekali\u0144ski: Vasyl Grokholskyi,&nbsp;Adam Sobierajski<br \/>\nCzaplicki: Wies\u0142aw Popio\u0142ek, Pawe\u0142 Szczepanek<br \/>\nNarumow: Przemys\u0142aw Ba\u0142ka, Jan Miga\u0142a<\/p>\nngg_shortcode_0_placeholder\n<p>&nbsp;<\/p>\n<p>&nbsp;<\/p>\n","protected":false},"excerpt":{"rendered":"<p>Dama Pikowa (Piotr Czajkowski), premiera 6 kwietnia 2008 Opera Krakowska,&nbsp; re\u017cyseria: Krzysztof Nazar muzyka: Piotr Czajkowski libretto: Modest Czajkowski wed\u0142ug opowiadania Aleksandra Puszkina inscenizacja: Krzysztof&hellip; <\/p>\n","protected":false},"author":3,"featured_media":0,"parent":0,"menu_order":0,"comment_status":"closed","ping_status":"closed","template":"","meta":{"ngg_post_thumbnail":0,"footnotes":""},"class_list":["post-6189","page","type-page","status-publish","hentry"],"yoast_head":"<!-- This site is optimized with the Yoast SEO plugin v25.9 - https:\/\/yoast.com\/wordpress\/plugins\/seo\/ -->\n<title>Dama Pikowa. Krak\u00f3w - Alicja W\u0119gorzewska<\/title>\n<meta name=\"robots\" content=\"index, follow, max-snippet:-1, max-image-preview:large, max-video-preview:-1\" \/>\n<link rel=\"canonical\" href=\"https:\/\/alicjawegorzewska.com\/index.php\/dama-pikowa-krakow\/\" \/>\n<meta property=\"og:locale\" content=\"pl_PL\" \/>\n<meta property=\"og:type\" content=\"article\" \/>\n<meta property=\"og:title\" content=\"Dama Pikowa. Krak\u00f3w - Alicja W\u0119gorzewska\" \/>\n<meta property=\"og:description\" content=\"Dama Pikowa (Piotr Czajkowski), premiera 6 kwietnia 2008 Opera Krakowska,&nbsp; re\u017cyseria: Krzysztof Nazar muzyka: Piotr Czajkowski libretto: Modest Czajkowski wed\u0142ug opowiadania Aleksandra Puszkina inscenizacja: Krzysztof&hellip;\" \/>\n<meta property=\"og:url\" content=\"https:\/\/alicjawegorzewska.com\/index.php\/dama-pikowa-krakow\/\" \/>\n<meta property=\"og:site_name\" content=\"Alicja W\u0119gorzewska\" \/>\n<meta property=\"article:modified_time\" content=\"2025-10-18T16:45:56+00:00\" \/>\n<meta name=\"twitter:card\" content=\"summary_large_image\" \/>\n<meta name=\"twitter:label1\" content=\"Szacowany czas czytania\" \/>\n\t<meta name=\"twitter:data1\" content=\"1 minuta\" \/>\n<script type=\"application\/ld+json\" class=\"yoast-schema-graph\">{\"@context\":\"https:\/\/schema.org\",\"@graph\":[{\"@type\":\"WebPage\",\"@id\":\"https:\/\/alicjawegorzewska.com\/index.php\/dama-pikowa-krakow\/\",\"url\":\"https:\/\/alicjawegorzewska.com\/index.php\/dama-pikowa-krakow\/\",\"name\":\"Dama Pikowa. Krak\u00f3w - Alicja W\u0119gorzewska\",\"isPartOf\":{\"@id\":\"https:\/\/alicjawegorzewska.com\/#website\"},\"datePublished\":\"2025-10-18T16:42:21+00:00\",\"dateModified\":\"2025-10-18T16:45:56+00:00\",\"breadcrumb\":{\"@id\":\"https:\/\/alicjawegorzewska.com\/index.php\/dama-pikowa-krakow\/#breadcrumb\"},\"inLanguage\":\"pl-PL\",\"potentialAction\":[{\"@type\":\"ReadAction\",\"target\":[\"https:\/\/alicjawegorzewska.com\/index.php\/dama-pikowa-krakow\/\"]}]},{\"@type\":\"BreadcrumbList\",\"@id\":\"https:\/\/alicjawegorzewska.com\/index.php\/dama-pikowa-krakow\/#breadcrumb\",\"itemListElement\":[{\"@type\":\"ListItem\",\"position\":1,\"name\":\"Strona g\u0142\u00f3wna\",\"item\":\"https:\/\/alicjawegorzewska.com\/\"},{\"@type\":\"ListItem\",\"position\":2,\"name\":\"Dama Pikowa. Krak\u00f3w\"}]},{\"@type\":\"WebSite\",\"@id\":\"https:\/\/alicjawegorzewska.com\/#website\",\"url\":\"https:\/\/alicjawegorzewska.com\/\",\"name\":\"Alicja W\u0119gorzewska\",\"description\":\"Strona oficjalna\",\"publisher\":{\"@id\":\"https:\/\/alicjawegorzewska.com\/#\/schema\/person\/7468c1c1d69a9b6e8db3fe1964cd9dcb\"},\"potentialAction\":[{\"@type\":\"SearchAction\",\"target\":{\"@type\":\"EntryPoint\",\"urlTemplate\":\"https:\/\/alicjawegorzewska.com\/?s={search_term_string}\"},\"query-input\":{\"@type\":\"PropertyValueSpecification\",\"valueRequired\":true,\"valueName\":\"search_term_string\"}}],\"inLanguage\":\"pl-PL\"},{\"@type\":[\"Person\",\"Organization\"],\"@id\":\"https:\/\/alicjawegorzewska.com\/#\/schema\/person\/7468c1c1d69a9b6e8db3fe1964cd9dcb\",\"name\":\"Alicja W\u0119gorzewska-Whiskerd\",\"image\":{\"@type\":\"ImageObject\",\"inLanguage\":\"pl-PL\",\"@id\":\"https:\/\/alicjawegorzewska.com\/#\/schema\/person\/image\/\",\"url\":\"https:\/\/alicjawegorzewska.com\/wp-content\/uploads\/2019\/10\/AW-2.png\",\"contentUrl\":\"https:\/\/alicjawegorzewska.com\/wp-content\/uploads\/2019\/10\/AW-2.png\",\"width\":500,\"height\":500,\"caption\":\"Alicja W\u0119gorzewska-Whiskerd\"},\"logo\":{\"@id\":\"https:\/\/alicjawegorzewska.com\/#\/schema\/person\/image\/\"}}]}<\/script>\n<!-- \/ Yoast SEO plugin. -->","yoast_head_json":{"title":"Dama Pikowa. Krak\u00f3w - Alicja W\u0119gorzewska","robots":{"index":"index","follow":"follow","max-snippet":"max-snippet:-1","max-image-preview":"max-image-preview:large","max-video-preview":"max-video-preview:-1"},"canonical":"https:\/\/alicjawegorzewska.com\/index.php\/dama-pikowa-krakow\/","og_locale":"pl_PL","og_type":"article","og_title":"Dama Pikowa. Krak\u00f3w - Alicja W\u0119gorzewska","og_description":"Dama Pikowa (Piotr Czajkowski), premiera 6 kwietnia 2008 Opera Krakowska,&nbsp; re\u017cyseria: Krzysztof Nazar muzyka: Piotr Czajkowski libretto: Modest Czajkowski wed\u0142ug opowiadania Aleksandra Puszkina inscenizacja: Krzysztof&hellip;","og_url":"https:\/\/alicjawegorzewska.com\/index.php\/dama-pikowa-krakow\/","og_site_name":"Alicja W\u0119gorzewska","article_modified_time":"2025-10-18T16:45:56+00:00","twitter_card":"summary_large_image","twitter_misc":{"Szacowany czas czytania":"1 minuta"},"schema":{"@context":"https:\/\/schema.org","@graph":[{"@type":"WebPage","@id":"https:\/\/alicjawegorzewska.com\/index.php\/dama-pikowa-krakow\/","url":"https:\/\/alicjawegorzewska.com\/index.php\/dama-pikowa-krakow\/","name":"Dama Pikowa. Krak\u00f3w - Alicja W\u0119gorzewska","isPartOf":{"@id":"https:\/\/alicjawegorzewska.com\/#website"},"datePublished":"2025-10-18T16:42:21+00:00","dateModified":"2025-10-18T16:45:56+00:00","breadcrumb":{"@id":"https:\/\/alicjawegorzewska.com\/index.php\/dama-pikowa-krakow\/#breadcrumb"},"inLanguage":"pl-PL","potentialAction":[{"@type":"ReadAction","target":["https:\/\/alicjawegorzewska.com\/index.php\/dama-pikowa-krakow\/"]}]},{"@type":"BreadcrumbList","@id":"https:\/\/alicjawegorzewska.com\/index.php\/dama-pikowa-krakow\/#breadcrumb","itemListElement":[{"@type":"ListItem","position":1,"name":"Strona g\u0142\u00f3wna","item":"https:\/\/alicjawegorzewska.com\/"},{"@type":"ListItem","position":2,"name":"Dama Pikowa. Krak\u00f3w"}]},{"@type":"WebSite","@id":"https:\/\/alicjawegorzewska.com\/#website","url":"https:\/\/alicjawegorzewska.com\/","name":"Alicja W\u0119gorzewska","description":"Strona oficjalna","publisher":{"@id":"https:\/\/alicjawegorzewska.com\/#\/schema\/person\/7468c1c1d69a9b6e8db3fe1964cd9dcb"},"potentialAction":[{"@type":"SearchAction","target":{"@type":"EntryPoint","urlTemplate":"https:\/\/alicjawegorzewska.com\/?s={search_term_string}"},"query-input":{"@type":"PropertyValueSpecification","valueRequired":true,"valueName":"search_term_string"}}],"inLanguage":"pl-PL"},{"@type":["Person","Organization"],"@id":"https:\/\/alicjawegorzewska.com\/#\/schema\/person\/7468c1c1d69a9b6e8db3fe1964cd9dcb","name":"Alicja W\u0119gorzewska-Whiskerd","image":{"@type":"ImageObject","inLanguage":"pl-PL","@id":"https:\/\/alicjawegorzewska.com\/#\/schema\/person\/image\/","url":"https:\/\/alicjawegorzewska.com\/wp-content\/uploads\/2019\/10\/AW-2.png","contentUrl":"https:\/\/alicjawegorzewska.com\/wp-content\/uploads\/2019\/10\/AW-2.png","width":500,"height":500,"caption":"Alicja W\u0119gorzewska-Whiskerd"},"logo":{"@id":"https:\/\/alicjawegorzewska.com\/#\/schema\/person\/image\/"}}]}},"jetpack_sharing_enabled":true,"_links":{"self":[{"href":"https:\/\/alicjawegorzewska.com\/index.php\/wp-json\/wp\/v2\/pages\/6189","targetHints":{"allow":["GET"]}}],"collection":[{"href":"https:\/\/alicjawegorzewska.com\/index.php\/wp-json\/wp\/v2\/pages"}],"about":[{"href":"https:\/\/alicjawegorzewska.com\/index.php\/wp-json\/wp\/v2\/types\/page"}],"author":[{"embeddable":true,"href":"https:\/\/alicjawegorzewska.com\/index.php\/wp-json\/wp\/v2\/users\/3"}],"replies":[{"embeddable":true,"href":"https:\/\/alicjawegorzewska.com\/index.php\/wp-json\/wp\/v2\/comments?post=6189"}],"version-history":[{"count":3,"href":"https:\/\/alicjawegorzewska.com\/index.php\/wp-json\/wp\/v2\/pages\/6189\/revisions"}],"predecessor-version":[{"id":6209,"href":"https:\/\/alicjawegorzewska.com\/index.php\/wp-json\/wp\/v2\/pages\/6189\/revisions\/6209"}],"wp:attachment":[{"href":"https:\/\/alicjawegorzewska.com\/index.php\/wp-json\/wp\/v2\/media?parent=6189"}],"curies":[{"name":"wp","href":"https:\/\/api.w.org\/{rel}","templated":true}]}}