{"id":6152,"date":"2025-10-18T18:00:42","date_gmt":"2025-10-18T16:00:42","guid":{"rendered":"https:\/\/alicjawegorzewska.com\/?page_id=6152"},"modified":"2025-10-18T18:00:42","modified_gmt":"2025-10-18T16:00:42","slug":"gwalt-na-lukrecji-gdansk","status":"publish","type":"page","link":"https:\/\/alicjawegorzewska.com\/index.php\/gwalt-na-lukrecji-gdansk\/","title":{"rendered":"Gwa\u0142t na Lukrecji. Gda\u0144sk"},"content":{"rendered":"<p><strong>Benjamin Britten. Gwa\u0142t na Lukrecji, premiera 17 pa\u017adziernika 2008 Opera Ba\u0142tycka, Gda\u0144sk<\/strong><\/p>\n<p>re\u017cyseria: P\u00e9ter Telihay<br \/>\nmuzyka: Beniamin Britten<br \/>\nlibretto: Ronald Duncan<br \/>\nkierownictwo muzyczne: Jos\u00e9 Maria Flor\u00eancio<br \/>\nscenografia: Robert Menczel<br \/>\nkostiumy: Edit Z\u00e9ke<br \/>\n\u015bwiat\u0142o: Piotr Miszkiewicz<\/p>\n<p>Obsada<br \/>\nTarkwiniusz: Mariusz Godlewski, Bart\u0142omiej Misiuda<br \/>\nCollatinus: Piotr Nowacki, Adam Palka<br \/>\nLukrecja: Janja Vuletic, Alicja W\u0119gorzewska-Whiskerd<br \/>\nJunius: Wiard Witholt, Krzysztof Witkowski<br \/>\nBianca: Monika Fedyk-Klimaszewska, Katarzyna Otczyk<br \/>\n\u0141ucja: Julia Iwaszkiewicz, Magdalena Witczak<br \/>\nCh\u00f3r \u017ce\u0144ski: Katerina Jakhelln Semb, Yang Li<br \/>\nCh\u00f3r m\u0119ski: Ryszard Minkiewicz, Johannes Weiss<\/p>\n<p>&nbsp;<\/p>\nngg_shortcode_0_placeholder\n","protected":false},"excerpt":{"rendered":"<p>Benjamin Britten. Gwa\u0142t na Lukrecji, premiera 17 pa\u017adziernika 2008 Opera Ba\u0142tycka, Gda\u0144sk re\u017cyseria: P\u00e9ter Telihay muzyka: Beniamin Britten libretto: Ronald Duncan kierownictwo muzyczne: Jos\u00e9 Maria&hellip; <\/p>\n","protected":false},"author":3,"featured_media":0,"parent":0,"menu_order":0,"comment_status":"closed","ping_status":"closed","template":"","meta":{"ngg_post_thumbnail":0,"footnotes":""},"class_list":["post-6152","page","type-page","status-publish","hentry"],"yoast_head":"<!-- This site is optimized with the Yoast SEO plugin v25.9 - https:\/\/yoast.com\/wordpress\/plugins\/seo\/ -->\n<title>Gwa\u0142t na Lukrecji. Gda\u0144sk - Alicja W\u0119gorzewska<\/title>\n<meta name=\"robots\" content=\"index, follow, max-snippet:-1, max-image-preview:large, max-video-preview:-1\" \/>\n<link rel=\"canonical\" href=\"http:\/\/alicjawegorzewska.com\/index.php\/gwalt-na-lukrecji-gdansk\/\" \/>\n<meta property=\"og:locale\" content=\"pl_PL\" \/>\n<meta property=\"og:type\" content=\"article\" \/>\n<meta property=\"og:title\" content=\"Gwa\u0142t na Lukrecji. Gda\u0144sk - Alicja W\u0119gorzewska\" \/>\n<meta property=\"og:description\" content=\"Benjamin Britten. Gwa\u0142t na Lukrecji, premiera 17 pa\u017adziernika 2008 Opera Ba\u0142tycka, Gda\u0144sk re\u017cyseria: P\u00e9ter Telihay muzyka: Beniamin Britten libretto: Ronald Duncan kierownictwo muzyczne: Jos\u00e9 Maria&hellip;\" \/>\n<meta property=\"og:url\" content=\"http:\/\/alicjawegorzewska.com\/index.php\/gwalt-na-lukrecji-gdansk\/\" \/>\n<meta property=\"og:site_name\" content=\"Alicja W\u0119gorzewska\" \/>\n<meta name=\"twitter:card\" content=\"summary_large_image\" \/>\n<meta name=\"twitter:label1\" content=\"Szacowany czas czytania\" \/>\n\t<meta name=\"twitter:data1\" content=\"1 minuta\" \/>\n<script type=\"application\/ld+json\" class=\"yoast-schema-graph\">{\"@context\":\"https:\/\/schema.org\",\"@graph\":[{\"@type\":\"WebPage\",\"@id\":\"http:\/\/alicjawegorzewska.com\/index.php\/gwalt-na-lukrecji-gdansk\/\",\"url\":\"http:\/\/alicjawegorzewska.com\/index.php\/gwalt-na-lukrecji-gdansk\/\",\"name\":\"Gwa\u0142t na Lukrecji. Gda\u0144sk - Alicja W\u0119gorzewska\",\"isPartOf\":{\"@id\":\"https:\/\/alicjawegorzewska.com\/#website\"},\"datePublished\":\"2025-10-18T16:00:42+00:00\",\"breadcrumb\":{\"@id\":\"http:\/\/alicjawegorzewska.com\/index.php\/gwalt-na-lukrecji-gdansk\/#breadcrumb\"},\"inLanguage\":\"pl-PL\",\"potentialAction\":[{\"@type\":\"ReadAction\",\"target\":[\"http:\/\/alicjawegorzewska.com\/index.php\/gwalt-na-lukrecji-gdansk\/\"]}]},{\"@type\":\"BreadcrumbList\",\"@id\":\"http:\/\/alicjawegorzewska.com\/index.php\/gwalt-na-lukrecji-gdansk\/#breadcrumb\",\"itemListElement\":[{\"@type\":\"ListItem\",\"position\":1,\"name\":\"Strona g\u0142\u00f3wna\",\"item\":\"https:\/\/alicjawegorzewska.com\/\"},{\"@type\":\"ListItem\",\"position\":2,\"name\":\"Gwa\u0142t na Lukrecji. Gda\u0144sk\"}]},{\"@type\":\"WebSite\",\"@id\":\"https:\/\/alicjawegorzewska.com\/#website\",\"url\":\"https:\/\/alicjawegorzewska.com\/\",\"name\":\"Alicja W\u0119gorzewska\",\"description\":\"Strona oficjalna\",\"publisher\":{\"@id\":\"https:\/\/alicjawegorzewska.com\/#\/schema\/person\/7468c1c1d69a9b6e8db3fe1964cd9dcb\"},\"potentialAction\":[{\"@type\":\"SearchAction\",\"target\":{\"@type\":\"EntryPoint\",\"urlTemplate\":\"https:\/\/alicjawegorzewska.com\/?s={search_term_string}\"},\"query-input\":{\"@type\":\"PropertyValueSpecification\",\"valueRequired\":true,\"valueName\":\"search_term_string\"}}],\"inLanguage\":\"pl-PL\"},{\"@type\":[\"Person\",\"Organization\"],\"@id\":\"https:\/\/alicjawegorzewska.com\/#\/schema\/person\/7468c1c1d69a9b6e8db3fe1964cd9dcb\",\"name\":\"Alicja W\u0119gorzewska-Whiskerd\",\"image\":{\"@type\":\"ImageObject\",\"inLanguage\":\"pl-PL\",\"@id\":\"https:\/\/alicjawegorzewska.com\/#\/schema\/person\/image\/\",\"url\":\"https:\/\/alicjawegorzewska.com\/wp-content\/uploads\/2019\/10\/AW-2.png\",\"contentUrl\":\"https:\/\/alicjawegorzewska.com\/wp-content\/uploads\/2019\/10\/AW-2.png\",\"width\":500,\"height\":500,\"caption\":\"Alicja W\u0119gorzewska-Whiskerd\"},\"logo\":{\"@id\":\"https:\/\/alicjawegorzewska.com\/#\/schema\/person\/image\/\"}}]}<\/script>\n<!-- \/ Yoast SEO plugin. -->","yoast_head_json":{"title":"Gwa\u0142t na Lukrecji. Gda\u0144sk - Alicja W\u0119gorzewska","robots":{"index":"index","follow":"follow","max-snippet":"max-snippet:-1","max-image-preview":"max-image-preview:large","max-video-preview":"max-video-preview:-1"},"canonical":"http:\/\/alicjawegorzewska.com\/index.php\/gwalt-na-lukrecji-gdansk\/","og_locale":"pl_PL","og_type":"article","og_title":"Gwa\u0142t na Lukrecji. Gda\u0144sk - Alicja W\u0119gorzewska","og_description":"Benjamin Britten. Gwa\u0142t na Lukrecji, premiera 17 pa\u017adziernika 2008 Opera Ba\u0142tycka, Gda\u0144sk re\u017cyseria: P\u00e9ter Telihay muzyka: Beniamin Britten libretto: Ronald Duncan kierownictwo muzyczne: Jos\u00e9 Maria&hellip;","og_url":"http:\/\/alicjawegorzewska.com\/index.php\/gwalt-na-lukrecji-gdansk\/","og_site_name":"Alicja W\u0119gorzewska","twitter_card":"summary_large_image","twitter_misc":{"Szacowany czas czytania":"1 minuta"},"schema":{"@context":"https:\/\/schema.org","@graph":[{"@type":"WebPage","@id":"http:\/\/alicjawegorzewska.com\/index.php\/gwalt-na-lukrecji-gdansk\/","url":"http:\/\/alicjawegorzewska.com\/index.php\/gwalt-na-lukrecji-gdansk\/","name":"Gwa\u0142t na Lukrecji. Gda\u0144sk - Alicja W\u0119gorzewska","isPartOf":{"@id":"https:\/\/alicjawegorzewska.com\/#website"},"datePublished":"2025-10-18T16:00:42+00:00","breadcrumb":{"@id":"http:\/\/alicjawegorzewska.com\/index.php\/gwalt-na-lukrecji-gdansk\/#breadcrumb"},"inLanguage":"pl-PL","potentialAction":[{"@type":"ReadAction","target":["http:\/\/alicjawegorzewska.com\/index.php\/gwalt-na-lukrecji-gdansk\/"]}]},{"@type":"BreadcrumbList","@id":"http:\/\/alicjawegorzewska.com\/index.php\/gwalt-na-lukrecji-gdansk\/#breadcrumb","itemListElement":[{"@type":"ListItem","position":1,"name":"Strona g\u0142\u00f3wna","item":"https:\/\/alicjawegorzewska.com\/"},{"@type":"ListItem","position":2,"name":"Gwa\u0142t na Lukrecji. Gda\u0144sk"}]},{"@type":"WebSite","@id":"https:\/\/alicjawegorzewska.com\/#website","url":"https:\/\/alicjawegorzewska.com\/","name":"Alicja W\u0119gorzewska","description":"Strona oficjalna","publisher":{"@id":"https:\/\/alicjawegorzewska.com\/#\/schema\/person\/7468c1c1d69a9b6e8db3fe1964cd9dcb"},"potentialAction":[{"@type":"SearchAction","target":{"@type":"EntryPoint","urlTemplate":"https:\/\/alicjawegorzewska.com\/?s={search_term_string}"},"query-input":{"@type":"PropertyValueSpecification","valueRequired":true,"valueName":"search_term_string"}}],"inLanguage":"pl-PL"},{"@type":["Person","Organization"],"@id":"https:\/\/alicjawegorzewska.com\/#\/schema\/person\/7468c1c1d69a9b6e8db3fe1964cd9dcb","name":"Alicja W\u0119gorzewska-Whiskerd","image":{"@type":"ImageObject","inLanguage":"pl-PL","@id":"https:\/\/alicjawegorzewska.com\/#\/schema\/person\/image\/","url":"https:\/\/alicjawegorzewska.com\/wp-content\/uploads\/2019\/10\/AW-2.png","contentUrl":"https:\/\/alicjawegorzewska.com\/wp-content\/uploads\/2019\/10\/AW-2.png","width":500,"height":500,"caption":"Alicja W\u0119gorzewska-Whiskerd"},"logo":{"@id":"https:\/\/alicjawegorzewska.com\/#\/schema\/person\/image\/"}}]}},"jetpack_sharing_enabled":true,"_links":{"self":[{"href":"https:\/\/alicjawegorzewska.com\/index.php\/wp-json\/wp\/v2\/pages\/6152","targetHints":{"allow":["GET"]}}],"collection":[{"href":"https:\/\/alicjawegorzewska.com\/index.php\/wp-json\/wp\/v2\/pages"}],"about":[{"href":"https:\/\/alicjawegorzewska.com\/index.php\/wp-json\/wp\/v2\/types\/page"}],"author":[{"embeddable":true,"href":"https:\/\/alicjawegorzewska.com\/index.php\/wp-json\/wp\/v2\/users\/3"}],"replies":[{"embeddable":true,"href":"https:\/\/alicjawegorzewska.com\/index.php\/wp-json\/wp\/v2\/comments?post=6152"}],"version-history":[{"count":1,"href":"https:\/\/alicjawegorzewska.com\/index.php\/wp-json\/wp\/v2\/pages\/6152\/revisions"}],"predecessor-version":[{"id":6166,"href":"https:\/\/alicjawegorzewska.com\/index.php\/wp-json\/wp\/v2\/pages\/6152\/revisions\/6166"}],"wp:attachment":[{"href":"https:\/\/alicjawegorzewska.com\/index.php\/wp-json\/wp\/v2\/media?parent=6152"}],"curies":[{"name":"wp","href":"https:\/\/api.w.org\/{rel}","templated":true}]}}