{"id":6088,"date":"2025-10-18T10:15:16","date_gmt":"2025-10-18T08:15:16","guid":{"rendered":"https:\/\/alicjawegorzewska.com\/?page_id=6088"},"modified":"2025-10-18T10:15:16","modified_gmt":"2025-10-18T08:15:16","slug":"gwalt-na-lukrecji-opera-krakowska","status":"publish","type":"page","link":"https:\/\/alicjawegorzewska.com\/index.php\/gwalt-na-lukrecji-opera-krakowska\/","title":{"rendered":"Gwa\u0142t na Lukrecji. Opera Krakowska"},"content":{"rendered":"<p>Gwa\u0142t na Lukrecji (Benjamin Britten), premiera 8 lutego 2004 Opera Krakowska, Krak\u00f3w<\/p>\n<p>libretto: Ronald Duncan<br \/>\nre\u017cyseria: W\u0142odzimierz Nurkowski<br \/>\nscenografia i kostiumy: Anna Seku\u0142a<br \/>\nkierownictwo muzyczne: Piotr Su\u0142kowski<\/p>\n<p>Obsada<br \/>\nLukrecja: Agnieszka Cz\u0105stka, Alicja W\u0119gorzewska-Whiskerd<br \/>\nBianka: El\u017cbieta Janus, Bo\u017cena Zawi\u015blak-Dolny<br \/>\nLucia: Dorota Mentel, Katarzyna Ole\u015b-Blacha<br \/>\nTarquinius; Mariusz Godlewski, Grzegorz Pazik<br \/>\nCollatinus: Zbigniew Grygielski, Jacek Ozimkowski<br \/>\nJunius: W\u0142odzimierz Skalski, Krzysztof Witkowski<br \/>\nCh\u00f3r \u017ce\u0144ski: Magdalena Barylak, Ma\u0142gorzata Kne\u0107-Ajdukiewicz<br \/>\nCh\u00f3r m\u0119ski: Mariusz Koluch, Jaros\u0142aw Nowaczek<\/p>\n","protected":false},"excerpt":{"rendered":"<p>Gwa\u0142t na Lukrecji (Benjamin Britten), premiera 8 lutego 2004 Opera Krakowska, Krak\u00f3w libretto: Ronald Duncan re\u017cyseria: W\u0142odzimierz Nurkowski scenografia i kostiumy: Anna Seku\u0142a kierownictwo muzyczne:&hellip; <\/p>\n","protected":false},"author":3,"featured_media":0,"parent":0,"menu_order":0,"comment_status":"closed","ping_status":"closed","template":"","meta":{"ngg_post_thumbnail":0,"footnotes":""},"class_list":["post-6088","page","type-page","status-publish","hentry"],"yoast_head":"<!-- This site is optimized with the Yoast SEO plugin v25.9 - https:\/\/yoast.com\/wordpress\/plugins\/seo\/ -->\n<title>Gwa\u0142t na Lukrecji. Opera Krakowska - Alicja W\u0119gorzewska<\/title>\n<meta name=\"robots\" content=\"index, follow, max-snippet:-1, max-image-preview:large, max-video-preview:-1\" \/>\n<link rel=\"canonical\" href=\"https:\/\/alicjawegorzewska.com\/index.php\/gwalt-na-lukrecji-opera-krakowska\/\" \/>\n<meta property=\"og:locale\" content=\"pl_PL\" \/>\n<meta property=\"og:type\" content=\"article\" \/>\n<meta property=\"og:title\" content=\"Gwa\u0142t na Lukrecji. Opera Krakowska - Alicja W\u0119gorzewska\" \/>\n<meta property=\"og:description\" content=\"Gwa\u0142t na Lukrecji (Benjamin Britten), premiera 8 lutego 2004 Opera Krakowska, Krak\u00f3w libretto: Ronald Duncan re\u017cyseria: W\u0142odzimierz Nurkowski scenografia i kostiumy: Anna Seku\u0142a kierownictwo muzyczne:&hellip;\" \/>\n<meta property=\"og:url\" content=\"https:\/\/alicjawegorzewska.com\/index.php\/gwalt-na-lukrecji-opera-krakowska\/\" \/>\n<meta property=\"og:site_name\" content=\"Alicja W\u0119gorzewska\" \/>\n<meta name=\"twitter:card\" content=\"summary_large_image\" \/>\n<meta name=\"twitter:label1\" content=\"Szacowany czas czytania\" \/>\n\t<meta name=\"twitter:data1\" content=\"1 minuta\" \/>\n<script type=\"application\/ld+json\" class=\"yoast-schema-graph\">{\"@context\":\"https:\/\/schema.org\",\"@graph\":[{\"@type\":\"WebPage\",\"@id\":\"https:\/\/alicjawegorzewska.com\/index.php\/gwalt-na-lukrecji-opera-krakowska\/\",\"url\":\"https:\/\/alicjawegorzewska.com\/index.php\/gwalt-na-lukrecji-opera-krakowska\/\",\"name\":\"Gwa\u0142t na Lukrecji. Opera Krakowska - Alicja W\u0119gorzewska\",\"isPartOf\":{\"@id\":\"https:\/\/alicjawegorzewska.com\/#website\"},\"datePublished\":\"2025-10-18T08:15:16+00:00\",\"breadcrumb\":{\"@id\":\"https:\/\/alicjawegorzewska.com\/index.php\/gwalt-na-lukrecji-opera-krakowska\/#breadcrumb\"},\"inLanguage\":\"pl-PL\",\"potentialAction\":[{\"@type\":\"ReadAction\",\"target\":[\"https:\/\/alicjawegorzewska.com\/index.php\/gwalt-na-lukrecji-opera-krakowska\/\"]}]},{\"@type\":\"BreadcrumbList\",\"@id\":\"https:\/\/alicjawegorzewska.com\/index.php\/gwalt-na-lukrecji-opera-krakowska\/#breadcrumb\",\"itemListElement\":[{\"@type\":\"ListItem\",\"position\":1,\"name\":\"Strona g\u0142\u00f3wna\",\"item\":\"https:\/\/alicjawegorzewska.com\/\"},{\"@type\":\"ListItem\",\"position\":2,\"name\":\"Gwa\u0142t na Lukrecji. Opera Krakowska\"}]},{\"@type\":\"WebSite\",\"@id\":\"https:\/\/alicjawegorzewska.com\/#website\",\"url\":\"https:\/\/alicjawegorzewska.com\/\",\"name\":\"Alicja W\u0119gorzewska\",\"description\":\"Strona oficjalna\",\"publisher\":{\"@id\":\"https:\/\/alicjawegorzewska.com\/#\/schema\/person\/7468c1c1d69a9b6e8db3fe1964cd9dcb\"},\"potentialAction\":[{\"@type\":\"SearchAction\",\"target\":{\"@type\":\"EntryPoint\",\"urlTemplate\":\"https:\/\/alicjawegorzewska.com\/?s={search_term_string}\"},\"query-input\":{\"@type\":\"PropertyValueSpecification\",\"valueRequired\":true,\"valueName\":\"search_term_string\"}}],\"inLanguage\":\"pl-PL\"},{\"@type\":[\"Person\",\"Organization\"],\"@id\":\"https:\/\/alicjawegorzewska.com\/#\/schema\/person\/7468c1c1d69a9b6e8db3fe1964cd9dcb\",\"name\":\"Alicja W\u0119gorzewska-Whiskerd\",\"image\":{\"@type\":\"ImageObject\",\"inLanguage\":\"pl-PL\",\"@id\":\"https:\/\/alicjawegorzewska.com\/#\/schema\/person\/image\/\",\"url\":\"https:\/\/alicjawegorzewska.com\/wp-content\/uploads\/2019\/10\/AW-2.png\",\"contentUrl\":\"https:\/\/alicjawegorzewska.com\/wp-content\/uploads\/2019\/10\/AW-2.png\",\"width\":500,\"height\":500,\"caption\":\"Alicja W\u0119gorzewska-Whiskerd\"},\"logo\":{\"@id\":\"https:\/\/alicjawegorzewska.com\/#\/schema\/person\/image\/\"}}]}<\/script>\n<!-- \/ Yoast SEO plugin. -->","yoast_head_json":{"title":"Gwa\u0142t na Lukrecji. Opera Krakowska - Alicja W\u0119gorzewska","robots":{"index":"index","follow":"follow","max-snippet":"max-snippet:-1","max-image-preview":"max-image-preview:large","max-video-preview":"max-video-preview:-1"},"canonical":"https:\/\/alicjawegorzewska.com\/index.php\/gwalt-na-lukrecji-opera-krakowska\/","og_locale":"pl_PL","og_type":"article","og_title":"Gwa\u0142t na Lukrecji. Opera Krakowska - Alicja W\u0119gorzewska","og_description":"Gwa\u0142t na Lukrecji (Benjamin Britten), premiera 8 lutego 2004 Opera Krakowska, Krak\u00f3w libretto: Ronald Duncan re\u017cyseria: W\u0142odzimierz Nurkowski scenografia i kostiumy: Anna Seku\u0142a kierownictwo muzyczne:&hellip;","og_url":"https:\/\/alicjawegorzewska.com\/index.php\/gwalt-na-lukrecji-opera-krakowska\/","og_site_name":"Alicja W\u0119gorzewska","twitter_card":"summary_large_image","twitter_misc":{"Szacowany czas czytania":"1 minuta"},"schema":{"@context":"https:\/\/schema.org","@graph":[{"@type":"WebPage","@id":"https:\/\/alicjawegorzewska.com\/index.php\/gwalt-na-lukrecji-opera-krakowska\/","url":"https:\/\/alicjawegorzewska.com\/index.php\/gwalt-na-lukrecji-opera-krakowska\/","name":"Gwa\u0142t na Lukrecji. Opera Krakowska - Alicja W\u0119gorzewska","isPartOf":{"@id":"https:\/\/alicjawegorzewska.com\/#website"},"datePublished":"2025-10-18T08:15:16+00:00","breadcrumb":{"@id":"https:\/\/alicjawegorzewska.com\/index.php\/gwalt-na-lukrecji-opera-krakowska\/#breadcrumb"},"inLanguage":"pl-PL","potentialAction":[{"@type":"ReadAction","target":["https:\/\/alicjawegorzewska.com\/index.php\/gwalt-na-lukrecji-opera-krakowska\/"]}]},{"@type":"BreadcrumbList","@id":"https:\/\/alicjawegorzewska.com\/index.php\/gwalt-na-lukrecji-opera-krakowska\/#breadcrumb","itemListElement":[{"@type":"ListItem","position":1,"name":"Strona g\u0142\u00f3wna","item":"https:\/\/alicjawegorzewska.com\/"},{"@type":"ListItem","position":2,"name":"Gwa\u0142t na Lukrecji. Opera Krakowska"}]},{"@type":"WebSite","@id":"https:\/\/alicjawegorzewska.com\/#website","url":"https:\/\/alicjawegorzewska.com\/","name":"Alicja W\u0119gorzewska","description":"Strona oficjalna","publisher":{"@id":"https:\/\/alicjawegorzewska.com\/#\/schema\/person\/7468c1c1d69a9b6e8db3fe1964cd9dcb"},"potentialAction":[{"@type":"SearchAction","target":{"@type":"EntryPoint","urlTemplate":"https:\/\/alicjawegorzewska.com\/?s={search_term_string}"},"query-input":{"@type":"PropertyValueSpecification","valueRequired":true,"valueName":"search_term_string"}}],"inLanguage":"pl-PL"},{"@type":["Person","Organization"],"@id":"https:\/\/alicjawegorzewska.com\/#\/schema\/person\/7468c1c1d69a9b6e8db3fe1964cd9dcb","name":"Alicja W\u0119gorzewska-Whiskerd","image":{"@type":"ImageObject","inLanguage":"pl-PL","@id":"https:\/\/alicjawegorzewska.com\/#\/schema\/person\/image\/","url":"https:\/\/alicjawegorzewska.com\/wp-content\/uploads\/2019\/10\/AW-2.png","contentUrl":"https:\/\/alicjawegorzewska.com\/wp-content\/uploads\/2019\/10\/AW-2.png","width":500,"height":500,"caption":"Alicja W\u0119gorzewska-Whiskerd"},"logo":{"@id":"https:\/\/alicjawegorzewska.com\/#\/schema\/person\/image\/"}}]}},"jetpack_sharing_enabled":true,"_links":{"self":[{"href":"https:\/\/alicjawegorzewska.com\/index.php\/wp-json\/wp\/v2\/pages\/6088","targetHints":{"allow":["GET"]}}],"collection":[{"href":"https:\/\/alicjawegorzewska.com\/index.php\/wp-json\/wp\/v2\/pages"}],"about":[{"href":"https:\/\/alicjawegorzewska.com\/index.php\/wp-json\/wp\/v2\/types\/page"}],"author":[{"embeddable":true,"href":"https:\/\/alicjawegorzewska.com\/index.php\/wp-json\/wp\/v2\/users\/3"}],"replies":[{"embeddable":true,"href":"https:\/\/alicjawegorzewska.com\/index.php\/wp-json\/wp\/v2\/comments?post=6088"}],"version-history":[{"count":1,"href":"https:\/\/alicjawegorzewska.com\/index.php\/wp-json\/wp\/v2\/pages\/6088\/revisions"}],"predecessor-version":[{"id":6089,"href":"https:\/\/alicjawegorzewska.com\/index.php\/wp-json\/wp\/v2\/pages\/6088\/revisions\/6089"}],"wp:attachment":[{"href":"https:\/\/alicjawegorzewska.com\/index.php\/wp-json\/wp\/v2\/media?parent=6088"}],"curies":[{"name":"wp","href":"https:\/\/api.w.org\/{rel}","templated":true}]}}