{"id":6082,"date":"2025-10-18T09:35:19","date_gmt":"2025-10-18T07:35:19","guid":{"rendered":"https:\/\/alicjawegorzewska.com\/?page_id=6082"},"modified":"2025-10-18T09:35:46","modified_gmt":"2025-10-18T07:35:46","slug":"skuteczna-kobieta-roku-2020","status":"publish","type":"page","link":"https:\/\/alicjawegorzewska.com\/index.php\/skuteczna-kobieta-roku-2020\/","title":{"rendered":"Skuteczna Kobieta Roku 2020"},"content":{"rendered":"<p style=\"text-align: justify;\" data-start=\"35\" data-end=\"431\">Z wielk\u0105 rado\u015bci\u0105 i wdzi\u0119czno\u015bci\u0105 odebra\u0142am tytu\u0142 <strong data-start=\"85\" data-end=\"118\">\u201eSkuteczna Kobieta Roku 2020\u201d<\/strong> w kategorii <strong data-start=\"131\" data-end=\"142\">Kultura<\/strong>, przyznany przez <strong data-start=\"160\" data-end=\"191\">Akademi\u0119 Kobiet Skutecznych<\/strong>. Uroczysta gala fina\u0142owa odby\u0142a si\u0119 w <strong data-start=\"230\" data-end=\"269\">MCC Mazurkas w O\u017carowie Mazowieckim<\/strong>, pod honorowym patronatem Marsza\u0142ka Wojew\u00f3dztwa Mazowieckiego, <strong data-start=\"333\" data-end=\"351\">Adama Struzika<\/strong>, przy wsp\u00f3\u0142organizacji <strong data-start=\"375\" data-end=\"428\">Urz\u0119du Marsza\u0142kowskiego Wojew\u00f3dztwa Mazowieckiego<\/strong>.<\/p>\n<p style=\"text-align: justify;\" data-start=\"433\" data-end=\"643\">Nagroda ta jest dla mnie szczeg\u00f3lnym wyr\u00f3\u017cnieniem, poniewa\u017c zosta\u0142a przyznana kobietom, kt\u00f3re \u0142\u0105cz\u0105 pasj\u0119 z dzia\u0142aniem, wizj\u0119 z odpowiedzialno\u015bci\u0105, a sukces zawodowy z zaanga\u017cowaniem spo\u0142ecznym i kulturalnym.<\/p>\n<p style=\"text-align: justify;\" data-start=\"645\" data-end=\"992\">Tytu\u0142 <strong data-start=\"651\" data-end=\"679\">\u201eSkuteczna Kobieta Roku\u201d<\/strong> trafia do os\u00f3b wyr\u00f3\u017cniaj\u0105cych si\u0119 innowacyjnym my\u015bleniem i aktywn\u0105 postaw\u0105 w \u017cyciu publicznym. Laureatki plebiscytu wy\u0142oniono spo\u015br\u00f3d kandydatek zg\u0142oszonych przez internaut\u00f3w \u2013 w g\u0142osowaniu oddano blisko <strong data-start=\"884\" data-end=\"905\">21 tysi\u0119cy g\u0142os\u00f3w<\/strong>, co czyni to wyr\u00f3\u017cnienie jeszcze bardziej cennym, bo p\u0142yn\u0105cym bezpo\u015brednio od ludzi.<\/p>\n<p style=\"text-align: justify;\" data-start=\"994\" data-end=\"1290\" data-is-last-node=\"\" data-is-only-node=\"\">W gronie laureatek znalaz\u0142y si\u0119 kobiety reprezentuj\u0105ce r\u00f3\u017cne dziedziny \u2013 od kultury, nauki i edukacji, po przedsi\u0119biorczo\u015b\u0107, sport i media. Ciesz\u0119 si\u0119, \u017ce mog\u0142am stan\u0105\u0107 w\u015br\u00f3d nich, reprezentuj\u0105c \u015bwiat sztuki, kt\u00f3ry \u2013 mimo przeciwno\u015bci \u2013 potrafi nieustannie inspirowa\u0107, jednoczy\u0107 i dawa\u0107 nadziej\u0119.<\/p>\n<p data-start=\"994\" data-end=\"1290\" data-is-last-node=\"\" data-is-only-node=\"\">12 czerwca 2021<\/p>\n<p data-start=\"994\" data-end=\"1290\" data-is-last-node=\"\" data-is-only-node=\"\"><img fetchpriority=\"high\" decoding=\"async\" class=\"alignnone size-full wp-image-6083\" src=\"https:\/\/alicjawegorzewska.com\/wp-content\/uploads\/2025\/10\/Skuteczna-kobieta-roku-zdjecie-nagrody.jpg\" alt=\"\" width=\"594\" height=\"446\" srcset=\"https:\/\/alicjawegorzewska.com\/wp-content\/uploads\/2025\/10\/Skuteczna-kobieta-roku-zdjecie-nagrody.jpg 594w, https:\/\/alicjawegorzewska.com\/wp-content\/uploads\/2025\/10\/Skuteczna-kobieta-roku-zdjecie-nagrody-300x225.jpg 300w\" sizes=\"(max-width: 594px) 100vw, 594px\" \/><\/p>\n","protected":false},"excerpt":{"rendered":"<p>Z wielk\u0105 rado\u015bci\u0105 i wdzi\u0119czno\u015bci\u0105 odebra\u0142am tytu\u0142 \u201eSkuteczna Kobieta Roku 2020\u201d w kategorii Kultura, przyznany przez Akademi\u0119 Kobiet Skutecznych. Uroczysta gala fina\u0142owa odby\u0142a si\u0119 w&hellip; <\/p>\n","protected":false},"author":3,"featured_media":0,"parent":0,"menu_order":0,"comment_status":"closed","ping_status":"closed","template":"","meta":{"ngg_post_thumbnail":0,"footnotes":""},"class_list":["post-6082","page","type-page","status-publish","hentry"],"yoast_head":"<!-- This site is optimized with the Yoast SEO plugin v25.9 - https:\/\/yoast.com\/wordpress\/plugins\/seo\/ -->\n<title>Skuteczna Kobieta Roku 2020 - Alicja W\u0119gorzewska<\/title>\n<meta name=\"robots\" content=\"index, follow, max-snippet:-1, max-image-preview:large, max-video-preview:-1\" \/>\n<link rel=\"canonical\" href=\"https:\/\/alicjawegorzewska.com\/index.php\/skuteczna-kobieta-roku-2020\/\" \/>\n<meta property=\"og:locale\" content=\"pl_PL\" \/>\n<meta property=\"og:type\" content=\"article\" \/>\n<meta property=\"og:title\" content=\"Skuteczna Kobieta Roku 2020 - Alicja W\u0119gorzewska\" \/>\n<meta property=\"og:description\" content=\"Z wielk\u0105 rado\u015bci\u0105 i wdzi\u0119czno\u015bci\u0105 odebra\u0142am tytu\u0142 \u201eSkuteczna Kobieta Roku 2020\u201d w kategorii Kultura, przyznany przez Akademi\u0119 Kobiet Skutecznych. Uroczysta gala fina\u0142owa odby\u0142a si\u0119 w&hellip;\" \/>\n<meta property=\"og:url\" content=\"https:\/\/alicjawegorzewska.com\/index.php\/skuteczna-kobieta-roku-2020\/\" \/>\n<meta property=\"og:site_name\" content=\"Alicja W\u0119gorzewska\" \/>\n<meta property=\"article:modified_time\" content=\"2025-10-18T07:35:46+00:00\" \/>\n<meta property=\"og:image\" content=\"https:\/\/alicjawegorzewska.com\/wp-content\/uploads\/2025\/10\/Skuteczna-kobieta-roku-zdjecie-nagrody.jpg\" \/>\n<meta name=\"twitter:card\" content=\"summary_large_image\" \/>\n<meta name=\"twitter:label1\" content=\"Szacowany czas czytania\" \/>\n\t<meta name=\"twitter:data1\" content=\"2 minuty\" \/>\n<script type=\"application\/ld+json\" class=\"yoast-schema-graph\">{\"@context\":\"https:\/\/schema.org\",\"@graph\":[{\"@type\":\"WebPage\",\"@id\":\"https:\/\/alicjawegorzewska.com\/index.php\/skuteczna-kobieta-roku-2020\/\",\"url\":\"https:\/\/alicjawegorzewska.com\/index.php\/skuteczna-kobieta-roku-2020\/\",\"name\":\"Skuteczna Kobieta Roku 2020 - Alicja W\u0119gorzewska\",\"isPartOf\":{\"@id\":\"https:\/\/alicjawegorzewska.com\/#website\"},\"primaryImageOfPage\":{\"@id\":\"https:\/\/alicjawegorzewska.com\/index.php\/skuteczna-kobieta-roku-2020\/#primaryimage\"},\"image\":{\"@id\":\"https:\/\/alicjawegorzewska.com\/index.php\/skuteczna-kobieta-roku-2020\/#primaryimage\"},\"thumbnailUrl\":\"https:\/\/alicjawegorzewska.com\/wp-content\/uploads\/2025\/10\/Skuteczna-kobieta-roku-zdjecie-nagrody.jpg\",\"datePublished\":\"2025-10-18T07:35:19+00:00\",\"dateModified\":\"2025-10-18T07:35:46+00:00\",\"breadcrumb\":{\"@id\":\"https:\/\/alicjawegorzewska.com\/index.php\/skuteczna-kobieta-roku-2020\/#breadcrumb\"},\"inLanguage\":\"pl-PL\",\"potentialAction\":[{\"@type\":\"ReadAction\",\"target\":[\"https:\/\/alicjawegorzewska.com\/index.php\/skuteczna-kobieta-roku-2020\/\"]}]},{\"@type\":\"ImageObject\",\"inLanguage\":\"pl-PL\",\"@id\":\"https:\/\/alicjawegorzewska.com\/index.php\/skuteczna-kobieta-roku-2020\/#primaryimage\",\"url\":\"https:\/\/alicjawegorzewska.com\/wp-content\/uploads\/2025\/10\/Skuteczna-kobieta-roku-zdjecie-nagrody.jpg\",\"contentUrl\":\"https:\/\/alicjawegorzewska.com\/wp-content\/uploads\/2025\/10\/Skuteczna-kobieta-roku-zdjecie-nagrody.jpg\",\"width\":594,\"height\":446},{\"@type\":\"BreadcrumbList\",\"@id\":\"https:\/\/alicjawegorzewska.com\/index.php\/skuteczna-kobieta-roku-2020\/#breadcrumb\",\"itemListElement\":[{\"@type\":\"ListItem\",\"position\":1,\"name\":\"Strona g\u0142\u00f3wna\",\"item\":\"https:\/\/alicjawegorzewska.com\/\"},{\"@type\":\"ListItem\",\"position\":2,\"name\":\"Skuteczna Kobieta Roku 2020\"}]},{\"@type\":\"WebSite\",\"@id\":\"https:\/\/alicjawegorzewska.com\/#website\",\"url\":\"https:\/\/alicjawegorzewska.com\/\",\"name\":\"Alicja W\u0119gorzewska\",\"description\":\"Strona oficjalna\",\"publisher\":{\"@id\":\"https:\/\/alicjawegorzewska.com\/#\/schema\/person\/7468c1c1d69a9b6e8db3fe1964cd9dcb\"},\"potentialAction\":[{\"@type\":\"SearchAction\",\"target\":{\"@type\":\"EntryPoint\",\"urlTemplate\":\"https:\/\/alicjawegorzewska.com\/?s={search_term_string}\"},\"query-input\":{\"@type\":\"PropertyValueSpecification\",\"valueRequired\":true,\"valueName\":\"search_term_string\"}}],\"inLanguage\":\"pl-PL\"},{\"@type\":[\"Person\",\"Organization\"],\"@id\":\"https:\/\/alicjawegorzewska.com\/#\/schema\/person\/7468c1c1d69a9b6e8db3fe1964cd9dcb\",\"name\":\"Alicja W\u0119gorzewska-Whiskerd\",\"image\":{\"@type\":\"ImageObject\",\"inLanguage\":\"pl-PL\",\"@id\":\"https:\/\/alicjawegorzewska.com\/#\/schema\/person\/image\/\",\"url\":\"https:\/\/alicjawegorzewska.com\/wp-content\/uploads\/2019\/10\/AW-2.png\",\"contentUrl\":\"https:\/\/alicjawegorzewska.com\/wp-content\/uploads\/2019\/10\/AW-2.png\",\"width\":500,\"height\":500,\"caption\":\"Alicja W\u0119gorzewska-Whiskerd\"},\"logo\":{\"@id\":\"https:\/\/alicjawegorzewska.com\/#\/schema\/person\/image\/\"}}]}<\/script>\n<!-- \/ Yoast SEO plugin. -->","yoast_head_json":{"title":"Skuteczna Kobieta Roku 2020 - Alicja W\u0119gorzewska","robots":{"index":"index","follow":"follow","max-snippet":"max-snippet:-1","max-image-preview":"max-image-preview:large","max-video-preview":"max-video-preview:-1"},"canonical":"https:\/\/alicjawegorzewska.com\/index.php\/skuteczna-kobieta-roku-2020\/","og_locale":"pl_PL","og_type":"article","og_title":"Skuteczna Kobieta Roku 2020 - Alicja W\u0119gorzewska","og_description":"Z wielk\u0105 rado\u015bci\u0105 i wdzi\u0119czno\u015bci\u0105 odebra\u0142am tytu\u0142 \u201eSkuteczna Kobieta Roku 2020\u201d w kategorii Kultura, przyznany przez Akademi\u0119 Kobiet Skutecznych. Uroczysta gala fina\u0142owa odby\u0142a si\u0119 w&hellip;","og_url":"https:\/\/alicjawegorzewska.com\/index.php\/skuteczna-kobieta-roku-2020\/","og_site_name":"Alicja W\u0119gorzewska","article_modified_time":"2025-10-18T07:35:46+00:00","og_image":[{"url":"https:\/\/alicjawegorzewska.com\/wp-content\/uploads\/2025\/10\/Skuteczna-kobieta-roku-zdjecie-nagrody.jpg","type":"","width":"","height":""}],"twitter_card":"summary_large_image","twitter_misc":{"Szacowany czas czytania":"2 minuty"},"schema":{"@context":"https:\/\/schema.org","@graph":[{"@type":"WebPage","@id":"https:\/\/alicjawegorzewska.com\/index.php\/skuteczna-kobieta-roku-2020\/","url":"https:\/\/alicjawegorzewska.com\/index.php\/skuteczna-kobieta-roku-2020\/","name":"Skuteczna Kobieta Roku 2020 - Alicja W\u0119gorzewska","isPartOf":{"@id":"https:\/\/alicjawegorzewska.com\/#website"},"primaryImageOfPage":{"@id":"https:\/\/alicjawegorzewska.com\/index.php\/skuteczna-kobieta-roku-2020\/#primaryimage"},"image":{"@id":"https:\/\/alicjawegorzewska.com\/index.php\/skuteczna-kobieta-roku-2020\/#primaryimage"},"thumbnailUrl":"https:\/\/alicjawegorzewska.com\/wp-content\/uploads\/2025\/10\/Skuteczna-kobieta-roku-zdjecie-nagrody.jpg","datePublished":"2025-10-18T07:35:19+00:00","dateModified":"2025-10-18T07:35:46+00:00","breadcrumb":{"@id":"https:\/\/alicjawegorzewska.com\/index.php\/skuteczna-kobieta-roku-2020\/#breadcrumb"},"inLanguage":"pl-PL","potentialAction":[{"@type":"ReadAction","target":["https:\/\/alicjawegorzewska.com\/index.php\/skuteczna-kobieta-roku-2020\/"]}]},{"@type":"ImageObject","inLanguage":"pl-PL","@id":"https:\/\/alicjawegorzewska.com\/index.php\/skuteczna-kobieta-roku-2020\/#primaryimage","url":"https:\/\/alicjawegorzewska.com\/wp-content\/uploads\/2025\/10\/Skuteczna-kobieta-roku-zdjecie-nagrody.jpg","contentUrl":"https:\/\/alicjawegorzewska.com\/wp-content\/uploads\/2025\/10\/Skuteczna-kobieta-roku-zdjecie-nagrody.jpg","width":594,"height":446},{"@type":"BreadcrumbList","@id":"https:\/\/alicjawegorzewska.com\/index.php\/skuteczna-kobieta-roku-2020\/#breadcrumb","itemListElement":[{"@type":"ListItem","position":1,"name":"Strona g\u0142\u00f3wna","item":"https:\/\/alicjawegorzewska.com\/"},{"@type":"ListItem","position":2,"name":"Skuteczna Kobieta Roku 2020"}]},{"@type":"WebSite","@id":"https:\/\/alicjawegorzewska.com\/#website","url":"https:\/\/alicjawegorzewska.com\/","name":"Alicja W\u0119gorzewska","description":"Strona oficjalna","publisher":{"@id":"https:\/\/alicjawegorzewska.com\/#\/schema\/person\/7468c1c1d69a9b6e8db3fe1964cd9dcb"},"potentialAction":[{"@type":"SearchAction","target":{"@type":"EntryPoint","urlTemplate":"https:\/\/alicjawegorzewska.com\/?s={search_term_string}"},"query-input":{"@type":"PropertyValueSpecification","valueRequired":true,"valueName":"search_term_string"}}],"inLanguage":"pl-PL"},{"@type":["Person","Organization"],"@id":"https:\/\/alicjawegorzewska.com\/#\/schema\/person\/7468c1c1d69a9b6e8db3fe1964cd9dcb","name":"Alicja W\u0119gorzewska-Whiskerd","image":{"@type":"ImageObject","inLanguage":"pl-PL","@id":"https:\/\/alicjawegorzewska.com\/#\/schema\/person\/image\/","url":"https:\/\/alicjawegorzewska.com\/wp-content\/uploads\/2019\/10\/AW-2.png","contentUrl":"https:\/\/alicjawegorzewska.com\/wp-content\/uploads\/2019\/10\/AW-2.png","width":500,"height":500,"caption":"Alicja W\u0119gorzewska-Whiskerd"},"logo":{"@id":"https:\/\/alicjawegorzewska.com\/#\/schema\/person\/image\/"}}]}},"jetpack_sharing_enabled":true,"_links":{"self":[{"href":"https:\/\/alicjawegorzewska.com\/index.php\/wp-json\/wp\/v2\/pages\/6082","targetHints":{"allow":["GET"]}}],"collection":[{"href":"https:\/\/alicjawegorzewska.com\/index.php\/wp-json\/wp\/v2\/pages"}],"about":[{"href":"https:\/\/alicjawegorzewska.com\/index.php\/wp-json\/wp\/v2\/types\/page"}],"author":[{"embeddable":true,"href":"https:\/\/alicjawegorzewska.com\/index.php\/wp-json\/wp\/v2\/users\/3"}],"replies":[{"embeddable":true,"href":"https:\/\/alicjawegorzewska.com\/index.php\/wp-json\/wp\/v2\/comments?post=6082"}],"version-history":[{"count":3,"href":"https:\/\/alicjawegorzewska.com\/index.php\/wp-json\/wp\/v2\/pages\/6082\/revisions"}],"predecessor-version":[{"id":6366,"href":"https:\/\/alicjawegorzewska.com\/index.php\/wp-json\/wp\/v2\/pages\/6082\/revisions\/6366"}],"wp:attachment":[{"href":"https:\/\/alicjawegorzewska.com\/index.php\/wp-json\/wp\/v2\/media?parent=6082"}],"curies":[{"name":"wp","href":"https:\/\/api.w.org\/{rel}","templated":true}]}}