{"id":6074,"date":"2025-10-18T09:26:43","date_gmt":"2025-10-18T07:26:43","guid":{"rendered":"https:\/\/alicjawegorzewska.com\/?page_id=6074"},"modified":"2025-10-18T09:26:43","modified_gmt":"2025-10-18T07:26:43","slug":"maria-callas-tribute-ny","status":"publish","type":"page","link":"https:\/\/alicjawegorzewska.com\/index.php\/maria-callas-tribute-ny\/","title":{"rendered":"Maria Callas Tribute NY"},"content":{"rendered":"<p style=\"text-align: justify;\" data-start=\"37\" data-end=\"454\">Duma mnie rozpiera. Zosta\u0142am laureatk\u0105 presti\u017cowej nagrody <strong data-start=\"96\" data-end=\"129\">Maria Callas Tribute Prize NY<\/strong>, przyznawanej kobietom ze \u015bwiata muzyki, teatru i mody. Znale\u017a\u0107 si\u0119 w gronie tak wyj\u0105tkowych artystek jak <strong data-start=\"236\" data-end=\"257\">Katia Ricciarelli<\/strong>, <strong data-start=\"259\" data-end=\"270\">Sumi Jo<\/strong>, <strong data-start=\"272\" data-end=\"290\">Jessica Faselt<\/strong>, <strong data-start=\"292\" data-end=\"310\">Melissa Wegner<\/strong> \u2013 dyrektor wykonawcza National Council Auditions w <strong data-start=\"362\" data-end=\"384\">Metropolitan Opera<\/strong>, czy aktorka <strong data-start=\"398\" data-end=\"415\">Sienna Miller<\/strong> \u2013 to zaszczyt i ogromne wyr\u00f3\u017cnienie.<\/p>\n<p style=\"text-align: justify;\" data-start=\"456\" data-end=\"761\">Nagroda <strong data-start=\"464\" data-end=\"494\">Maria Callas Tribute Prize<\/strong> zosta\u0142a ustanowiona ku czci legendarnej primadonny stulecia \u2013 <strong data-start=\"557\" data-end=\"573\">Marii Callas<\/strong>. Otrzymuj\u0105 j\u0105 kobiety, kt\u00f3re nie tylko osi\u0105gn\u0119\u0142y wybitne sukcesy artystyczne, lecz tak\u017ce swoj\u0105 dzia\u0142alno\u015bci\u0105 spo\u0142eczn\u0105 i tw\u00f3rcz\u0105 wzmacniaj\u0105 pozycj\u0119 kobiet w kulturze i \u017cyciu publicznym.<\/p>\n<p style=\"text-align: justify;\" data-start=\"763\" data-end=\"1362\">Kapitu\u0142a <strong data-start=\"772\" data-end=\"806\">Nowojorskiej Akademii W\u0142oskiej<\/strong>, dzia\u0142aj\u0105cej pod honorowym patronatem Prezydenta Republiki W\u0142oskiej <strong data-start=\"875\" data-end=\"896\">Sergio Mattarelli<\/strong> i Dyrektora Generalnego Uniwersytetu Columbia <strong data-start=\"943\" data-end=\"964\">Lee C. Bollingera<\/strong>, skupia uznanych naukowc\u00f3w, dziennikarzy i artyst\u00f3w z ca\u0142ego \u015bwiata. W\u015br\u00f3d nich znale\u017ali si\u0119 m.in. <strong data-start=\"1064\" data-end=\"1082\">Renato Miracco<\/strong> \u2013 kurator, krytyk sztuki i by\u0142y attach\u00e9 kulturalny Ambasady W\u0142och w Waszyngtonie, oraz <strong data-start=\"1170\" data-end=\"1193\">Giorgio van Straten<\/strong> \u2013 dyrektor W\u0142oskiego Instytutu Kultury w Nowym Jorku. Pomys\u0142odawc\u0105 i inicjatorem nagrody jest zas\u0142u\u017cony w\u0142oski producent <strong data-start=\"1315\" data-end=\"1331\">Dante Mariti<\/strong>, prezes Melos International.<\/p>\n<p style=\"text-align: justify;\" data-start=\"1364\" data-end=\"1649\">Uroczysta gala wr\u0119czenia nagr\u00f3d odby\u0142a si\u0119 w <strong data-start=\"1409\" data-end=\"1466\">Akademii W\u0142oskiej Uniwersytetu Columbia w Nowym Jorku<\/strong> i zgromadzi\u0142a osobisto\u015bci ze \u015bwiata kultury, sztuki i dyplomacji. Wiecz\u00f3r u\u015bwietnili wybitni arty\u015bci, m.in. tenor <strong data-start=\"1581\" data-end=\"1598\">James Valenti<\/strong> oraz pianista <strong data-start=\"1613\" data-end=\"1646\">Gianfranco Pappalardo Fiumara<\/strong>.<\/p>\n<p style=\"text-align: justify;\" data-start=\"1651\" data-end=\"1877\">To wyj\u0105tkowe wydarzenie mia\u0142o szczeg\u00f3lny wymiar symboliczny \u2013 odby\u0142o si\u0119 <strong data-start=\"1724\" data-end=\"1740\">25 listopada<\/strong>, w <strong data-start=\"1744\" data-end=\"1801\">Mi\u0119dzynarodowy Dzie\u0144 Eliminacji Przemocy wobec Kobiet<\/strong>, co podkre\u015bla ide\u0119 nagrody: si\u0142\u0119 kobiet, ich odwag\u0119, talent i wra\u017cliwo\u015b\u0107.<\/p>\n<p style=\"text-align: justify;\" data-start=\"1879\" data-end=\"2118\" data-is-last-node=\"\" data-is-only-node=\"\">W dniu gali odby\u0142a si\u0119 tak\u017ce konferencja prasowa w nowojorskim szpitalu <strong data-start=\"1951\" data-end=\"1976\">Terence Cardinal Cook<\/strong>, miejscu, gdzie w 1923 roku przysz\u0142a na \u015bwiat <strong data-start=\"2023\" data-end=\"2039\">Maria Callas<\/strong> \u2013 kobieta, kt\u00f3rej legenda i pasja do dzi\u015b inspiruj\u0105 artyst\u00f3w na ca\u0142ym \u015bwiecie.<\/p>\n<p data-start=\"1879\" data-end=\"2118\" data-is-last-node=\"\" data-is-only-node=\"\">25 listopada 2019<\/p>\n<p data-start=\"1879\" data-end=\"2118\" data-is-last-node=\"\" data-is-only-node=\"\"><img fetchpriority=\"high\" decoding=\"async\" class=\"alignnone size-full wp-image-6075\" src=\"https:\/\/alicjawegorzewska.com\/wp-content\/uploads\/2025\/10\/Maria-Callas-Tribute-NY-zdjecie-Nagrody.jpg\" alt=\"\" width=\"515\" height=\"387\" srcset=\"https:\/\/alicjawegorzewska.com\/wp-content\/uploads\/2025\/10\/Maria-Callas-Tribute-NY-zdjecie-Nagrody.jpg 515w, https:\/\/alicjawegorzewska.com\/wp-content\/uploads\/2025\/10\/Maria-Callas-Tribute-NY-zdjecie-Nagrody-300x225.jpg 300w\" sizes=\"(max-width: 515px) 100vw, 515px\" \/><\/p>\n","protected":false},"excerpt":{"rendered":"<p>Duma mnie rozpiera. Zosta\u0142am laureatk\u0105 presti\u017cowej nagrody Maria Callas Tribute Prize NY, przyznawanej kobietom ze \u015bwiata muzyki, teatru i mody. Znale\u017a\u0107 si\u0119 w gronie tak&hellip; <\/p>\n","protected":false},"author":3,"featured_media":0,"parent":0,"menu_order":0,"comment_status":"closed","ping_status":"closed","template":"","meta":{"ngg_post_thumbnail":0,"footnotes":""},"class_list":["post-6074","page","type-page","status-publish","hentry"],"yoast_head":"<!-- This site is optimized with the Yoast SEO plugin v25.9 - https:\/\/yoast.com\/wordpress\/plugins\/seo\/ -->\n<title>Maria Callas Tribute NY - Alicja W\u0119gorzewska<\/title>\n<meta name=\"robots\" content=\"index, follow, max-snippet:-1, max-image-preview:large, max-video-preview:-1\" \/>\n<link rel=\"canonical\" href=\"https:\/\/alicjawegorzewska.com\/index.php\/maria-callas-tribute-ny\/\" \/>\n<meta property=\"og:locale\" content=\"pl_PL\" \/>\n<meta property=\"og:type\" content=\"article\" \/>\n<meta property=\"og:title\" content=\"Maria Callas Tribute NY - Alicja W\u0119gorzewska\" \/>\n<meta property=\"og:description\" content=\"Duma mnie rozpiera. Zosta\u0142am laureatk\u0105 presti\u017cowej nagrody Maria Callas Tribute Prize NY, przyznawanej kobietom ze \u015bwiata muzyki, teatru i mody. Znale\u017a\u0107 si\u0119 w gronie tak&hellip;\" \/>\n<meta property=\"og:url\" content=\"https:\/\/alicjawegorzewska.com\/index.php\/maria-callas-tribute-ny\/\" \/>\n<meta property=\"og:site_name\" content=\"Alicja W\u0119gorzewska\" \/>\n<meta property=\"og:image\" content=\"https:\/\/alicjawegorzewska.com\/wp-content\/uploads\/2025\/10\/Maria-Callas-Tribute-NY-zdjecie-Nagrody.jpg\" \/>\n<meta name=\"twitter:card\" content=\"summary_large_image\" \/>\n<meta name=\"twitter:label1\" content=\"Szacowany czas czytania\" \/>\n\t<meta name=\"twitter:data1\" content=\"2 minuty\" \/>\n<script type=\"application\/ld+json\" class=\"yoast-schema-graph\">{\"@context\":\"https:\/\/schema.org\",\"@graph\":[{\"@type\":\"WebPage\",\"@id\":\"https:\/\/alicjawegorzewska.com\/index.php\/maria-callas-tribute-ny\/\",\"url\":\"https:\/\/alicjawegorzewska.com\/index.php\/maria-callas-tribute-ny\/\",\"name\":\"Maria Callas Tribute NY - Alicja W\u0119gorzewska\",\"isPartOf\":{\"@id\":\"https:\/\/alicjawegorzewska.com\/#website\"},\"primaryImageOfPage\":{\"@id\":\"https:\/\/alicjawegorzewska.com\/index.php\/maria-callas-tribute-ny\/#primaryimage\"},\"image\":{\"@id\":\"https:\/\/alicjawegorzewska.com\/index.php\/maria-callas-tribute-ny\/#primaryimage\"},\"thumbnailUrl\":\"https:\/\/alicjawegorzewska.com\/wp-content\/uploads\/2025\/10\/Maria-Callas-Tribute-NY-zdjecie-Nagrody.jpg\",\"datePublished\":\"2025-10-18T07:26:43+00:00\",\"breadcrumb\":{\"@id\":\"https:\/\/alicjawegorzewska.com\/index.php\/maria-callas-tribute-ny\/#breadcrumb\"},\"inLanguage\":\"pl-PL\",\"potentialAction\":[{\"@type\":\"ReadAction\",\"target\":[\"https:\/\/alicjawegorzewska.com\/index.php\/maria-callas-tribute-ny\/\"]}]},{\"@type\":\"ImageObject\",\"inLanguage\":\"pl-PL\",\"@id\":\"https:\/\/alicjawegorzewska.com\/index.php\/maria-callas-tribute-ny\/#primaryimage\",\"url\":\"https:\/\/alicjawegorzewska.com\/wp-content\/uploads\/2025\/10\/Maria-Callas-Tribute-NY-zdjecie-Nagrody.jpg\",\"contentUrl\":\"https:\/\/alicjawegorzewska.com\/wp-content\/uploads\/2025\/10\/Maria-Callas-Tribute-NY-zdjecie-Nagrody.jpg\",\"width\":515,\"height\":387},{\"@type\":\"BreadcrumbList\",\"@id\":\"https:\/\/alicjawegorzewska.com\/index.php\/maria-callas-tribute-ny\/#breadcrumb\",\"itemListElement\":[{\"@type\":\"ListItem\",\"position\":1,\"name\":\"Strona g\u0142\u00f3wna\",\"item\":\"https:\/\/alicjawegorzewska.com\/\"},{\"@type\":\"ListItem\",\"position\":2,\"name\":\"Maria Callas Tribute NY\"}]},{\"@type\":\"WebSite\",\"@id\":\"https:\/\/alicjawegorzewska.com\/#website\",\"url\":\"https:\/\/alicjawegorzewska.com\/\",\"name\":\"Alicja W\u0119gorzewska\",\"description\":\"Strona oficjalna\",\"publisher\":{\"@id\":\"https:\/\/alicjawegorzewska.com\/#\/schema\/person\/7468c1c1d69a9b6e8db3fe1964cd9dcb\"},\"potentialAction\":[{\"@type\":\"SearchAction\",\"target\":{\"@type\":\"EntryPoint\",\"urlTemplate\":\"https:\/\/alicjawegorzewska.com\/?s={search_term_string}\"},\"query-input\":{\"@type\":\"PropertyValueSpecification\",\"valueRequired\":true,\"valueName\":\"search_term_string\"}}],\"inLanguage\":\"pl-PL\"},{\"@type\":[\"Person\",\"Organization\"],\"@id\":\"https:\/\/alicjawegorzewska.com\/#\/schema\/person\/7468c1c1d69a9b6e8db3fe1964cd9dcb\",\"name\":\"Alicja W\u0119gorzewska-Whiskerd\",\"image\":{\"@type\":\"ImageObject\",\"inLanguage\":\"pl-PL\",\"@id\":\"https:\/\/alicjawegorzewska.com\/#\/schema\/person\/image\/\",\"url\":\"https:\/\/alicjawegorzewska.com\/wp-content\/uploads\/2019\/10\/AW-2.png\",\"contentUrl\":\"https:\/\/alicjawegorzewska.com\/wp-content\/uploads\/2019\/10\/AW-2.png\",\"width\":500,\"height\":500,\"caption\":\"Alicja W\u0119gorzewska-Whiskerd\"},\"logo\":{\"@id\":\"https:\/\/alicjawegorzewska.com\/#\/schema\/person\/image\/\"}}]}<\/script>\n<!-- \/ Yoast SEO plugin. -->","yoast_head_json":{"title":"Maria Callas Tribute NY - Alicja W\u0119gorzewska","robots":{"index":"index","follow":"follow","max-snippet":"max-snippet:-1","max-image-preview":"max-image-preview:large","max-video-preview":"max-video-preview:-1"},"canonical":"https:\/\/alicjawegorzewska.com\/index.php\/maria-callas-tribute-ny\/","og_locale":"pl_PL","og_type":"article","og_title":"Maria Callas Tribute NY - Alicja W\u0119gorzewska","og_description":"Duma mnie rozpiera. Zosta\u0142am laureatk\u0105 presti\u017cowej nagrody Maria Callas Tribute Prize NY, przyznawanej kobietom ze \u015bwiata muzyki, teatru i mody. Znale\u017a\u0107 si\u0119 w gronie tak&hellip;","og_url":"https:\/\/alicjawegorzewska.com\/index.php\/maria-callas-tribute-ny\/","og_site_name":"Alicja W\u0119gorzewska","og_image":[{"url":"https:\/\/alicjawegorzewska.com\/wp-content\/uploads\/2025\/10\/Maria-Callas-Tribute-NY-zdjecie-Nagrody.jpg","type":"","width":"","height":""}],"twitter_card":"summary_large_image","twitter_misc":{"Szacowany czas czytania":"2 minuty"},"schema":{"@context":"https:\/\/schema.org","@graph":[{"@type":"WebPage","@id":"https:\/\/alicjawegorzewska.com\/index.php\/maria-callas-tribute-ny\/","url":"https:\/\/alicjawegorzewska.com\/index.php\/maria-callas-tribute-ny\/","name":"Maria Callas Tribute NY - Alicja W\u0119gorzewska","isPartOf":{"@id":"https:\/\/alicjawegorzewska.com\/#website"},"primaryImageOfPage":{"@id":"https:\/\/alicjawegorzewska.com\/index.php\/maria-callas-tribute-ny\/#primaryimage"},"image":{"@id":"https:\/\/alicjawegorzewska.com\/index.php\/maria-callas-tribute-ny\/#primaryimage"},"thumbnailUrl":"https:\/\/alicjawegorzewska.com\/wp-content\/uploads\/2025\/10\/Maria-Callas-Tribute-NY-zdjecie-Nagrody.jpg","datePublished":"2025-10-18T07:26:43+00:00","breadcrumb":{"@id":"https:\/\/alicjawegorzewska.com\/index.php\/maria-callas-tribute-ny\/#breadcrumb"},"inLanguage":"pl-PL","potentialAction":[{"@type":"ReadAction","target":["https:\/\/alicjawegorzewska.com\/index.php\/maria-callas-tribute-ny\/"]}]},{"@type":"ImageObject","inLanguage":"pl-PL","@id":"https:\/\/alicjawegorzewska.com\/index.php\/maria-callas-tribute-ny\/#primaryimage","url":"https:\/\/alicjawegorzewska.com\/wp-content\/uploads\/2025\/10\/Maria-Callas-Tribute-NY-zdjecie-Nagrody.jpg","contentUrl":"https:\/\/alicjawegorzewska.com\/wp-content\/uploads\/2025\/10\/Maria-Callas-Tribute-NY-zdjecie-Nagrody.jpg","width":515,"height":387},{"@type":"BreadcrumbList","@id":"https:\/\/alicjawegorzewska.com\/index.php\/maria-callas-tribute-ny\/#breadcrumb","itemListElement":[{"@type":"ListItem","position":1,"name":"Strona g\u0142\u00f3wna","item":"https:\/\/alicjawegorzewska.com\/"},{"@type":"ListItem","position":2,"name":"Maria Callas Tribute NY"}]},{"@type":"WebSite","@id":"https:\/\/alicjawegorzewska.com\/#website","url":"https:\/\/alicjawegorzewska.com\/","name":"Alicja W\u0119gorzewska","description":"Strona oficjalna","publisher":{"@id":"https:\/\/alicjawegorzewska.com\/#\/schema\/person\/7468c1c1d69a9b6e8db3fe1964cd9dcb"},"potentialAction":[{"@type":"SearchAction","target":{"@type":"EntryPoint","urlTemplate":"https:\/\/alicjawegorzewska.com\/?s={search_term_string}"},"query-input":{"@type":"PropertyValueSpecification","valueRequired":true,"valueName":"search_term_string"}}],"inLanguage":"pl-PL"},{"@type":["Person","Organization"],"@id":"https:\/\/alicjawegorzewska.com\/#\/schema\/person\/7468c1c1d69a9b6e8db3fe1964cd9dcb","name":"Alicja W\u0119gorzewska-Whiskerd","image":{"@type":"ImageObject","inLanguage":"pl-PL","@id":"https:\/\/alicjawegorzewska.com\/#\/schema\/person\/image\/","url":"https:\/\/alicjawegorzewska.com\/wp-content\/uploads\/2019\/10\/AW-2.png","contentUrl":"https:\/\/alicjawegorzewska.com\/wp-content\/uploads\/2019\/10\/AW-2.png","width":500,"height":500,"caption":"Alicja W\u0119gorzewska-Whiskerd"},"logo":{"@id":"https:\/\/alicjawegorzewska.com\/#\/schema\/person\/image\/"}}]}},"jetpack_sharing_enabled":true,"_links":{"self":[{"href":"https:\/\/alicjawegorzewska.com\/index.php\/wp-json\/wp\/v2\/pages\/6074","targetHints":{"allow":["GET"]}}],"collection":[{"href":"https:\/\/alicjawegorzewska.com\/index.php\/wp-json\/wp\/v2\/pages"}],"about":[{"href":"https:\/\/alicjawegorzewska.com\/index.php\/wp-json\/wp\/v2\/types\/page"}],"author":[{"embeddable":true,"href":"https:\/\/alicjawegorzewska.com\/index.php\/wp-json\/wp\/v2\/users\/3"}],"replies":[{"embeddable":true,"href":"https:\/\/alicjawegorzewska.com\/index.php\/wp-json\/wp\/v2\/comments?post=6074"}],"version-history":[{"count":1,"href":"https:\/\/alicjawegorzewska.com\/index.php\/wp-json\/wp\/v2\/pages\/6074\/revisions"}],"predecessor-version":[{"id":6076,"href":"https:\/\/alicjawegorzewska.com\/index.php\/wp-json\/wp\/v2\/pages\/6074\/revisions\/6076"}],"wp:attachment":[{"href":"https:\/\/alicjawegorzewska.com\/index.php\/wp-json\/wp\/v2\/media?parent=6074"}],"curies":[{"name":"wp","href":"https:\/\/api.w.org\/{rel}","templated":true}]}}