{"id":6071,"date":"2025-10-18T09:22:52","date_gmt":"2025-10-18T07:22:52","guid":{"rendered":"https:\/\/alicjawegorzewska.com\/?page_id=6071"},"modified":"2025-10-18T09:40:45","modified_gmt":"2025-10-18T07:40:45","slug":"women-in-cinema-award-festiwal-filmowy-w-wenecji","status":"publish","type":"page","link":"https:\/\/alicjawegorzewska.com\/index.php\/women-in-cinema-award-festiwal-filmowy-w-wenecji\/","title":{"rendered":"Women in Cinema Award \u2013 Festiwal Filmowy w Wenecji"},"content":{"rendered":"<p style=\"text-align: justify;\" data-start=\"58\" data-end=\"361\">Z dum\u0105 i wzruszeniem odebra\u0142am nagrod\u0119 <strong data-start=\"97\" data-end=\"129\">Women in Cinema Award (WiCA)<\/strong> podczas <strong data-start=\"138\" data-end=\"175\">77. Festiwalu Filmowego w Wenecji<\/strong>. To wyj\u0105tkowe wyr\u00f3\u017cnienie przyznawane kobietom, kt\u00f3re poprzez swoj\u0105 tw\u00f3rczo\u015b\u0107 i dzia\u0142alno\u015b\u0107 artystyczn\u0105 wzmacniaj\u0105 wizerunek kobiet oraz inspiruj\u0105 do zmian w \u015bwiecie sztuki i kultury.<\/p>\n<p style=\"text-align: justify;\" data-start=\"363\" data-end=\"750\">Nagroda <strong data-start=\"371\" data-end=\"379\">WiCA<\/strong> zosta\u0142a mi przyznana za dzia\u0142alno\u015b\u0107 artystyczn\u0105, produkcj\u0119 film\u00f3w operowych oraz za zaanga\u017cowanie w promowanie talent\u00f3w m\u0142odych artyst\u00f3w, cz\u0119sto stoj\u0105cych przed \u017cyciowymi i zawodowymi wyzwaniami. To dla mnie niezwykle wa\u017cne, poniewa\u017c wspieranie m\u0142odych tw\u00f3rc\u00f3w i dawanie im przestrzeni do rozwoju jest jednym z filar\u00f3w mojej pracy w <strong data-start=\"713\" data-end=\"747\">Warszawskiej Operze Kameralnej<\/strong>.<\/p>\n<p style=\"text-align: justify;\" data-start=\"752\" data-end=\"1207\">Czuj\u0119 si\u0119 zaszczycona, \u017ce znalaz\u0142am si\u0119 w gronie wybitnych laureat\u00f3w, w\u015br\u00f3d kt\u00f3rych byli m.in. <strong data-start=\"847\" data-end=\"868\">Christian Petzold<\/strong>, <strong data-start=\"870\" data-end=\"893\">Francesca Comencini<\/strong>, <strong data-start=\"895\" data-end=\"913\">Piera Detassis<\/strong>, <strong data-start=\"915\" data-end=\"937\">Chiara Tagliaferri<\/strong>, <strong data-start=\"939\" data-end=\"957\">Antonella Nesi<\/strong> i <strong data-start=\"960\" data-end=\"982\">Claudio Giovannesi<\/strong>. Kapitu\u0142\u0119 nagrody tworz\u0105 znakomite w\u0142oskie dziennikarki filmowe, m.in. <strong data-start=\"1054\" data-end=\"1072\">Fulvia Caprara<\/strong>, <strong data-start=\"1074\" data-end=\"1096\">Alessandra De Luca<\/strong>, <strong data-start=\"1098\" data-end=\"1113\">Titta Fiore<\/strong>, <strong data-start=\"1115\" data-end=\"1135\">Chiara Nicoletti<\/strong> i <strong data-start=\"1138\" data-end=\"1157\">Angela Prudenzi<\/strong>, kt\u00f3re od lat wspieraj\u0105 kobiety w \u015bwiecie kina.<\/p>\n<p style=\"text-align: justify;\" data-start=\"1209\" data-end=\"1650\" data-is-last-node=\"\" data-is-only-node=\"\">Statuetka <strong data-start=\"1219\" data-end=\"1227\">WiCA<\/strong>, wykonana z czystego srebra przez mistrza z\u0142otnictwa <strong data-start=\"1281\" data-end=\"1301\">Michele Affidato<\/strong>, to nie tylko symbol artystycznego uznania, lecz tak\u017ce wyraz solidarno\u015bci i si\u0142y kobiet tworz\u0105cych sztuk\u0119. Uroczysto\u015b\u0107 wr\u0119czenia nagrody w <strong data-start=\"1441\" data-end=\"1461\">Hotelu Excelsior<\/strong> \u2013 w sercu weneckiego festiwalu \u2013 by\u0142a dla mnie niezwykle poruszaj\u0105cym momentem, potwierdzeniem, \u017ce muzyka i teatr mog\u0105 by\u0107 mostem mi\u0119dzy \u015bwiatem opery a kinem, mi\u0119dzy emocj\u0105 a przes\u0142aniem.<\/p>\n<p style=\"text-align: justify;\" data-start=\"1209\" data-end=\"1650\" data-is-last-node=\"\" data-is-only-node=\"\">8 wrze\u015bnia 2020<\/p>\n<p style=\"text-align: justify;\" data-start=\"1209\" data-end=\"1650\" data-is-last-node=\"\" data-is-only-node=\"\"><img fetchpriority=\"high\" decoding=\"async\" class=\"alignnone size-full wp-image-6072\" src=\"https:\/\/alicjawegorzewska.com\/wp-content\/uploads\/2025\/10\/Women-in-Cinema-Award-zdjecie-nagrody.jpg\" alt=\"\" width=\"605\" height=\"453\" srcset=\"https:\/\/alicjawegorzewska.com\/wp-content\/uploads\/2025\/10\/Women-in-Cinema-Award-zdjecie-nagrody.jpg 605w, https:\/\/alicjawegorzewska.com\/wp-content\/uploads\/2025\/10\/Women-in-Cinema-Award-zdjecie-nagrody-300x225.jpg 300w, https:\/\/alicjawegorzewska.com\/wp-content\/uploads\/2025\/10\/Women-in-Cinema-Award-zdjecie-nagrody-600x449.jpg 600w\" sizes=\"(max-width: 605px) 100vw, 605px\" \/><\/p>\n","protected":false},"excerpt":{"rendered":"<p>Z dum\u0105 i wzruszeniem odebra\u0142am nagrod\u0119 Women in Cinema Award (WiCA) podczas 77. Festiwalu Filmowego w Wenecji. To wyj\u0105tkowe wyr\u00f3\u017cnienie przyznawane kobietom, kt\u00f3re poprzez swoj\u0105&hellip; <\/p>\n","protected":false},"author":3,"featured_media":0,"parent":0,"menu_order":0,"comment_status":"closed","ping_status":"closed","template":"","meta":{"ngg_post_thumbnail":0,"footnotes":""},"class_list":["post-6071","page","type-page","status-publish","hentry"],"yoast_head":"<!-- This site is optimized with the Yoast SEO plugin v25.9 - https:\/\/yoast.com\/wordpress\/plugins\/seo\/ -->\n<title>Women in Cinema Award \u2013 Festiwal Filmowy w Wenecji - Alicja W\u0119gorzewska<\/title>\n<meta name=\"robots\" content=\"index, follow, max-snippet:-1, max-image-preview:large, max-video-preview:-1\" \/>\n<link rel=\"canonical\" href=\"https:\/\/alicjawegorzewska.com\/index.php\/women-in-cinema-award-festiwal-filmowy-w-wenecji\/\" \/>\n<meta property=\"og:locale\" content=\"pl_PL\" \/>\n<meta property=\"og:type\" content=\"article\" \/>\n<meta property=\"og:title\" content=\"Women in Cinema Award \u2013 Festiwal Filmowy w Wenecji - Alicja W\u0119gorzewska\" \/>\n<meta property=\"og:description\" content=\"Z dum\u0105 i wzruszeniem odebra\u0142am nagrod\u0119 Women in Cinema Award (WiCA) podczas 77. Festiwalu Filmowego w Wenecji. To wyj\u0105tkowe wyr\u00f3\u017cnienie przyznawane kobietom, kt\u00f3re poprzez swoj\u0105&hellip;\" \/>\n<meta property=\"og:url\" content=\"https:\/\/alicjawegorzewska.com\/index.php\/women-in-cinema-award-festiwal-filmowy-w-wenecji\/\" \/>\n<meta property=\"og:site_name\" content=\"Alicja W\u0119gorzewska\" \/>\n<meta property=\"article:modified_time\" content=\"2025-10-18T07:40:45+00:00\" \/>\n<meta property=\"og:image\" content=\"https:\/\/alicjawegorzewska.com\/wp-content\/uploads\/2025\/10\/Women-in-Cinema-Award-zdjecie-nagrody.jpg\" \/>\n<meta name=\"twitter:card\" content=\"summary_large_image\" \/>\n<meta name=\"twitter:label1\" content=\"Szacowany czas czytania\" \/>\n\t<meta name=\"twitter:data1\" content=\"2 minuty\" \/>\n<script type=\"application\/ld+json\" class=\"yoast-schema-graph\">{\"@context\":\"https:\/\/schema.org\",\"@graph\":[{\"@type\":\"WebPage\",\"@id\":\"https:\/\/alicjawegorzewska.com\/index.php\/women-in-cinema-award-festiwal-filmowy-w-wenecji\/\",\"url\":\"https:\/\/alicjawegorzewska.com\/index.php\/women-in-cinema-award-festiwal-filmowy-w-wenecji\/\",\"name\":\"Women in Cinema Award \u2013 Festiwal Filmowy w Wenecji - Alicja W\u0119gorzewska\",\"isPartOf\":{\"@id\":\"https:\/\/alicjawegorzewska.com\/#website\"},\"primaryImageOfPage\":{\"@id\":\"https:\/\/alicjawegorzewska.com\/index.php\/women-in-cinema-award-festiwal-filmowy-w-wenecji\/#primaryimage\"},\"image\":{\"@id\":\"https:\/\/alicjawegorzewska.com\/index.php\/women-in-cinema-award-festiwal-filmowy-w-wenecji\/#primaryimage\"},\"thumbnailUrl\":\"https:\/\/alicjawegorzewska.com\/wp-content\/uploads\/2025\/10\/Women-in-Cinema-Award-zdjecie-nagrody.jpg\",\"datePublished\":\"2025-10-18T07:22:52+00:00\",\"dateModified\":\"2025-10-18T07:40:45+00:00\",\"breadcrumb\":{\"@id\":\"https:\/\/alicjawegorzewska.com\/index.php\/women-in-cinema-award-festiwal-filmowy-w-wenecji\/#breadcrumb\"},\"inLanguage\":\"pl-PL\",\"potentialAction\":[{\"@type\":\"ReadAction\",\"target\":[\"https:\/\/alicjawegorzewska.com\/index.php\/women-in-cinema-award-festiwal-filmowy-w-wenecji\/\"]}]},{\"@type\":\"ImageObject\",\"inLanguage\":\"pl-PL\",\"@id\":\"https:\/\/alicjawegorzewska.com\/index.php\/women-in-cinema-award-festiwal-filmowy-w-wenecji\/#primaryimage\",\"url\":\"https:\/\/alicjawegorzewska.com\/wp-content\/uploads\/2025\/10\/Women-in-Cinema-Award-zdjecie-nagrody.jpg\",\"contentUrl\":\"https:\/\/alicjawegorzewska.com\/wp-content\/uploads\/2025\/10\/Women-in-Cinema-Award-zdjecie-nagrody.jpg\",\"width\":605,\"height\":453},{\"@type\":\"BreadcrumbList\",\"@id\":\"https:\/\/alicjawegorzewska.com\/index.php\/women-in-cinema-award-festiwal-filmowy-w-wenecji\/#breadcrumb\",\"itemListElement\":[{\"@type\":\"ListItem\",\"position\":1,\"name\":\"Strona g\u0142\u00f3wna\",\"item\":\"https:\/\/alicjawegorzewska.com\/\"},{\"@type\":\"ListItem\",\"position\":2,\"name\":\"Women in Cinema Award \u2013 Festiwal Filmowy w Wenecji\"}]},{\"@type\":\"WebSite\",\"@id\":\"https:\/\/alicjawegorzewska.com\/#website\",\"url\":\"https:\/\/alicjawegorzewska.com\/\",\"name\":\"Alicja W\u0119gorzewska\",\"description\":\"Strona oficjalna\",\"publisher\":{\"@id\":\"https:\/\/alicjawegorzewska.com\/#\/schema\/person\/7468c1c1d69a9b6e8db3fe1964cd9dcb\"},\"potentialAction\":[{\"@type\":\"SearchAction\",\"target\":{\"@type\":\"EntryPoint\",\"urlTemplate\":\"https:\/\/alicjawegorzewska.com\/?s={search_term_string}\"},\"query-input\":{\"@type\":\"PropertyValueSpecification\",\"valueRequired\":true,\"valueName\":\"search_term_string\"}}],\"inLanguage\":\"pl-PL\"},{\"@type\":[\"Person\",\"Organization\"],\"@id\":\"https:\/\/alicjawegorzewska.com\/#\/schema\/person\/7468c1c1d69a9b6e8db3fe1964cd9dcb\",\"name\":\"Alicja W\u0119gorzewska-Whiskerd\",\"image\":{\"@type\":\"ImageObject\",\"inLanguage\":\"pl-PL\",\"@id\":\"https:\/\/alicjawegorzewska.com\/#\/schema\/person\/image\/\",\"url\":\"https:\/\/alicjawegorzewska.com\/wp-content\/uploads\/2019\/10\/AW-2.png\",\"contentUrl\":\"https:\/\/alicjawegorzewska.com\/wp-content\/uploads\/2019\/10\/AW-2.png\",\"width\":500,\"height\":500,\"caption\":\"Alicja W\u0119gorzewska-Whiskerd\"},\"logo\":{\"@id\":\"https:\/\/alicjawegorzewska.com\/#\/schema\/person\/image\/\"}}]}<\/script>\n<!-- \/ Yoast SEO plugin. -->","yoast_head_json":{"title":"Women in Cinema Award \u2013 Festiwal Filmowy w Wenecji - Alicja W\u0119gorzewska","robots":{"index":"index","follow":"follow","max-snippet":"max-snippet:-1","max-image-preview":"max-image-preview:large","max-video-preview":"max-video-preview:-1"},"canonical":"https:\/\/alicjawegorzewska.com\/index.php\/women-in-cinema-award-festiwal-filmowy-w-wenecji\/","og_locale":"pl_PL","og_type":"article","og_title":"Women in Cinema Award \u2013 Festiwal Filmowy w Wenecji - Alicja W\u0119gorzewska","og_description":"Z dum\u0105 i wzruszeniem odebra\u0142am nagrod\u0119 Women in Cinema Award (WiCA) podczas 77. Festiwalu Filmowego w Wenecji. To wyj\u0105tkowe wyr\u00f3\u017cnienie przyznawane kobietom, kt\u00f3re poprzez swoj\u0105&hellip;","og_url":"https:\/\/alicjawegorzewska.com\/index.php\/women-in-cinema-award-festiwal-filmowy-w-wenecji\/","og_site_name":"Alicja W\u0119gorzewska","article_modified_time":"2025-10-18T07:40:45+00:00","og_image":[{"url":"https:\/\/alicjawegorzewska.com\/wp-content\/uploads\/2025\/10\/Women-in-Cinema-Award-zdjecie-nagrody.jpg","type":"","width":"","height":""}],"twitter_card":"summary_large_image","twitter_misc":{"Szacowany czas czytania":"2 minuty"},"schema":{"@context":"https:\/\/schema.org","@graph":[{"@type":"WebPage","@id":"https:\/\/alicjawegorzewska.com\/index.php\/women-in-cinema-award-festiwal-filmowy-w-wenecji\/","url":"https:\/\/alicjawegorzewska.com\/index.php\/women-in-cinema-award-festiwal-filmowy-w-wenecji\/","name":"Women in Cinema Award \u2013 Festiwal Filmowy w Wenecji - Alicja W\u0119gorzewska","isPartOf":{"@id":"https:\/\/alicjawegorzewska.com\/#website"},"primaryImageOfPage":{"@id":"https:\/\/alicjawegorzewska.com\/index.php\/women-in-cinema-award-festiwal-filmowy-w-wenecji\/#primaryimage"},"image":{"@id":"https:\/\/alicjawegorzewska.com\/index.php\/women-in-cinema-award-festiwal-filmowy-w-wenecji\/#primaryimage"},"thumbnailUrl":"https:\/\/alicjawegorzewska.com\/wp-content\/uploads\/2025\/10\/Women-in-Cinema-Award-zdjecie-nagrody.jpg","datePublished":"2025-10-18T07:22:52+00:00","dateModified":"2025-10-18T07:40:45+00:00","breadcrumb":{"@id":"https:\/\/alicjawegorzewska.com\/index.php\/women-in-cinema-award-festiwal-filmowy-w-wenecji\/#breadcrumb"},"inLanguage":"pl-PL","potentialAction":[{"@type":"ReadAction","target":["https:\/\/alicjawegorzewska.com\/index.php\/women-in-cinema-award-festiwal-filmowy-w-wenecji\/"]}]},{"@type":"ImageObject","inLanguage":"pl-PL","@id":"https:\/\/alicjawegorzewska.com\/index.php\/women-in-cinema-award-festiwal-filmowy-w-wenecji\/#primaryimage","url":"https:\/\/alicjawegorzewska.com\/wp-content\/uploads\/2025\/10\/Women-in-Cinema-Award-zdjecie-nagrody.jpg","contentUrl":"https:\/\/alicjawegorzewska.com\/wp-content\/uploads\/2025\/10\/Women-in-Cinema-Award-zdjecie-nagrody.jpg","width":605,"height":453},{"@type":"BreadcrumbList","@id":"https:\/\/alicjawegorzewska.com\/index.php\/women-in-cinema-award-festiwal-filmowy-w-wenecji\/#breadcrumb","itemListElement":[{"@type":"ListItem","position":1,"name":"Strona g\u0142\u00f3wna","item":"https:\/\/alicjawegorzewska.com\/"},{"@type":"ListItem","position":2,"name":"Women in Cinema Award \u2013 Festiwal Filmowy w Wenecji"}]},{"@type":"WebSite","@id":"https:\/\/alicjawegorzewska.com\/#website","url":"https:\/\/alicjawegorzewska.com\/","name":"Alicja W\u0119gorzewska","description":"Strona oficjalna","publisher":{"@id":"https:\/\/alicjawegorzewska.com\/#\/schema\/person\/7468c1c1d69a9b6e8db3fe1964cd9dcb"},"potentialAction":[{"@type":"SearchAction","target":{"@type":"EntryPoint","urlTemplate":"https:\/\/alicjawegorzewska.com\/?s={search_term_string}"},"query-input":{"@type":"PropertyValueSpecification","valueRequired":true,"valueName":"search_term_string"}}],"inLanguage":"pl-PL"},{"@type":["Person","Organization"],"@id":"https:\/\/alicjawegorzewska.com\/#\/schema\/person\/7468c1c1d69a9b6e8db3fe1964cd9dcb","name":"Alicja W\u0119gorzewska-Whiskerd","image":{"@type":"ImageObject","inLanguage":"pl-PL","@id":"https:\/\/alicjawegorzewska.com\/#\/schema\/person\/image\/","url":"https:\/\/alicjawegorzewska.com\/wp-content\/uploads\/2019\/10\/AW-2.png","contentUrl":"https:\/\/alicjawegorzewska.com\/wp-content\/uploads\/2019\/10\/AW-2.png","width":500,"height":500,"caption":"Alicja W\u0119gorzewska-Whiskerd"},"logo":{"@id":"https:\/\/alicjawegorzewska.com\/#\/schema\/person\/image\/"}}]}},"jetpack_sharing_enabled":true,"_links":{"self":[{"href":"https:\/\/alicjawegorzewska.com\/index.php\/wp-json\/wp\/v2\/pages\/6071","targetHints":{"allow":["GET"]}}],"collection":[{"href":"https:\/\/alicjawegorzewska.com\/index.php\/wp-json\/wp\/v2\/pages"}],"about":[{"href":"https:\/\/alicjawegorzewska.com\/index.php\/wp-json\/wp\/v2\/types\/page"}],"author":[{"embeddable":true,"href":"https:\/\/alicjawegorzewska.com\/index.php\/wp-json\/wp\/v2\/users\/3"}],"replies":[{"embeddable":true,"href":"https:\/\/alicjawegorzewska.com\/index.php\/wp-json\/wp\/v2\/comments?post=6071"}],"version-history":[{"count":2,"href":"https:\/\/alicjawegorzewska.com\/index.php\/wp-json\/wp\/v2\/pages\/6071\/revisions"}],"predecessor-version":[{"id":6087,"href":"https:\/\/alicjawegorzewska.com\/index.php\/wp-json\/wp\/v2\/pages\/6071\/revisions\/6087"}],"wp:attachment":[{"href":"https:\/\/alicjawegorzewska.com\/index.php\/wp-json\/wp\/v2\/media?parent=6071"}],"curies":[{"name":"wp","href":"https:\/\/api.w.org\/{rel}","templated":true}]}}