{"id":6043,"date":"2025-10-17T18:35:20","date_gmt":"2025-10-17T16:35:20","guid":{"rendered":"https:\/\/alicjawegorzewska.com\/?page_id=6043"},"modified":"2025-10-18T07:33:40","modified_gmt":"2025-10-18T05:33:40","slug":"carmen-teatr-wielki-w-lodzi","status":"publish","type":"page","link":"https:\/\/alicjawegorzewska.com\/index.php\/carmen-teatr-wielki-w-lodzi\/","title":{"rendered":"Carmen. Teatr Wielki w \u0141odzi"},"content":{"rendered":"<p><strong>Carmen (Georges Bizet). Premiera 7 stycznia 2003 Teatr Wielki, \u0141\u00f3d\u017a<\/strong><\/p>\n<p>Przedstawienie przygotowane we wsp\u00f3\u0142pracy ze Stichting Internationale Opera Producties.<\/p>\n<p><strong>re\u017cyseria <\/strong>Ausonius Greidanus<br \/>\n<strong>muzyka <\/strong>Georges Bizet<br \/>\n<strong>libretto <\/strong>Henry Meilhac, Ludovic Hal\u00e9vy<br \/>\n<strong>choreografia <\/strong>Marino Westra-Murijo<br \/>\n<strong>kostiumy <\/strong>Annelies Ridder de<br \/>\n<strong>dekoracje <\/strong>Guus Geffen van<br \/>\n<strong>dyrygent <\/strong>Lukas Beikircher<br \/>\n<strong>przygotowanie ch\u00f3ru <\/strong>El\u017cbieta Kwiecie\u0144<br \/>\n<strong>kierownictwo muzyczne <\/strong>Lukas Beikircher<\/p>\n<p>Obsada<\/p>\n<p><strong>Carmen<\/strong><br \/>\nGalia Ibragimowa, Alicja W\u0119gorzewska-Whiskerd<\/p>\n<p><strong>Don Jose<\/strong><br \/>\nErnesto Grisales, Miguel Sanchez<br \/>\n<strong>Escamillo<\/strong><br \/>\nLeszek Skrla, Rafa\u0142 Songan<br \/>\n<strong>Micaela<\/strong><br \/>\nStheer Lee, Dorota W\u00f3jcik<br \/>\n<strong>Frasquita<\/strong><br \/>\nJoanna Horodko, Aleksandra Pliszka<br \/>\n<strong>Mercedes<\/strong><br \/>\nAgnieszka Cz\u0105stka<\/p>\n<p>&nbsp;<\/p>\nngg_shortcode_0_placeholder\n","protected":false},"excerpt":{"rendered":"<p>Carmen (Georges Bizet). Premiera 7 stycznia 2003 Teatr Wielki, \u0141\u00f3d\u017a Przedstawienie przygotowane we wsp\u00f3\u0142pracy ze Stichting Internationale Opera Producties. re\u017cyseria Ausonius Greidanus muzyka Georges Bizet&hellip; <\/p>\n","protected":false},"author":3,"featured_media":0,"parent":0,"menu_order":0,"comment_status":"closed","ping_status":"closed","template":"","meta":{"ngg_post_thumbnail":0,"footnotes":""},"class_list":["post-6043","page","type-page","status-publish","hentry"],"yoast_head":"<!-- This site is optimized with the Yoast SEO plugin v25.9 - https:\/\/yoast.com\/wordpress\/plugins\/seo\/ -->\n<title>Carmen. Teatr Wielki w \u0141odzi - Alicja W\u0119gorzewska<\/title>\n<meta name=\"robots\" content=\"index, follow, max-snippet:-1, max-image-preview:large, max-video-preview:-1\" \/>\n<link rel=\"canonical\" href=\"http:\/\/alicjawegorzewska.com\/index.php\/carmen-teatr-wielki-w-lodzi\/\" \/>\n<meta property=\"og:locale\" content=\"pl_PL\" \/>\n<meta property=\"og:type\" content=\"article\" \/>\n<meta property=\"og:title\" content=\"Carmen. Teatr Wielki w \u0141odzi - Alicja W\u0119gorzewska\" \/>\n<meta property=\"og:description\" content=\"Carmen (Georges Bizet). Premiera 7 stycznia 2003 Teatr Wielki, \u0141\u00f3d\u017a Przedstawienie przygotowane we wsp\u00f3\u0142pracy ze Stichting Internationale Opera Producties. re\u017cyseria Ausonius Greidanus muzyka Georges Bizet&hellip;\" \/>\n<meta property=\"og:url\" content=\"http:\/\/alicjawegorzewska.com\/index.php\/carmen-teatr-wielki-w-lodzi\/\" \/>\n<meta property=\"og:site_name\" content=\"Alicja W\u0119gorzewska\" \/>\n<meta property=\"article:modified_time\" content=\"2025-10-18T05:33:40+00:00\" \/>\n<meta name=\"twitter:card\" content=\"summary_large_image\" \/>\n<meta name=\"twitter:label1\" content=\"Szacowany czas czytania\" \/>\n\t<meta name=\"twitter:data1\" content=\"1 minuta\" \/>\n<script type=\"application\/ld+json\" class=\"yoast-schema-graph\">{\"@context\":\"https:\/\/schema.org\",\"@graph\":[{\"@type\":\"WebPage\",\"@id\":\"http:\/\/alicjawegorzewska.com\/index.php\/carmen-teatr-wielki-w-lodzi\/\",\"url\":\"http:\/\/alicjawegorzewska.com\/index.php\/carmen-teatr-wielki-w-lodzi\/\",\"name\":\"Carmen. Teatr Wielki w \u0141odzi - Alicja W\u0119gorzewska\",\"isPartOf\":{\"@id\":\"https:\/\/alicjawegorzewska.com\/#website\"},\"datePublished\":\"2025-10-17T16:35:20+00:00\",\"dateModified\":\"2025-10-18T05:33:40+00:00\",\"breadcrumb\":{\"@id\":\"http:\/\/alicjawegorzewska.com\/index.php\/carmen-teatr-wielki-w-lodzi\/#breadcrumb\"},\"inLanguage\":\"pl-PL\",\"potentialAction\":[{\"@type\":\"ReadAction\",\"target\":[\"http:\/\/alicjawegorzewska.com\/index.php\/carmen-teatr-wielki-w-lodzi\/\"]}]},{\"@type\":\"BreadcrumbList\",\"@id\":\"http:\/\/alicjawegorzewska.com\/index.php\/carmen-teatr-wielki-w-lodzi\/#breadcrumb\",\"itemListElement\":[{\"@type\":\"ListItem\",\"position\":1,\"name\":\"Strona g\u0142\u00f3wna\",\"item\":\"https:\/\/alicjawegorzewska.com\/\"},{\"@type\":\"ListItem\",\"position\":2,\"name\":\"Carmen. Teatr Wielki w \u0141odzi\"}]},{\"@type\":\"WebSite\",\"@id\":\"https:\/\/alicjawegorzewska.com\/#website\",\"url\":\"https:\/\/alicjawegorzewska.com\/\",\"name\":\"Alicja W\u0119gorzewska\",\"description\":\"Strona oficjalna\",\"publisher\":{\"@id\":\"https:\/\/alicjawegorzewska.com\/#\/schema\/person\/7468c1c1d69a9b6e8db3fe1964cd9dcb\"},\"potentialAction\":[{\"@type\":\"SearchAction\",\"target\":{\"@type\":\"EntryPoint\",\"urlTemplate\":\"https:\/\/alicjawegorzewska.com\/?s={search_term_string}\"},\"query-input\":{\"@type\":\"PropertyValueSpecification\",\"valueRequired\":true,\"valueName\":\"search_term_string\"}}],\"inLanguage\":\"pl-PL\"},{\"@type\":[\"Person\",\"Organization\"],\"@id\":\"https:\/\/alicjawegorzewska.com\/#\/schema\/person\/7468c1c1d69a9b6e8db3fe1964cd9dcb\",\"name\":\"Alicja W\u0119gorzewska-Whiskerd\",\"image\":{\"@type\":\"ImageObject\",\"inLanguage\":\"pl-PL\",\"@id\":\"https:\/\/alicjawegorzewska.com\/#\/schema\/person\/image\/\",\"url\":\"https:\/\/alicjawegorzewska.com\/wp-content\/uploads\/2019\/10\/AW-2.png\",\"contentUrl\":\"https:\/\/alicjawegorzewska.com\/wp-content\/uploads\/2019\/10\/AW-2.png\",\"width\":500,\"height\":500,\"caption\":\"Alicja W\u0119gorzewska-Whiskerd\"},\"logo\":{\"@id\":\"https:\/\/alicjawegorzewska.com\/#\/schema\/person\/image\/\"}}]}<\/script>\n<!-- \/ Yoast SEO plugin. -->","yoast_head_json":{"title":"Carmen. Teatr Wielki w \u0141odzi - Alicja W\u0119gorzewska","robots":{"index":"index","follow":"follow","max-snippet":"max-snippet:-1","max-image-preview":"max-image-preview:large","max-video-preview":"max-video-preview:-1"},"canonical":"http:\/\/alicjawegorzewska.com\/index.php\/carmen-teatr-wielki-w-lodzi\/","og_locale":"pl_PL","og_type":"article","og_title":"Carmen. Teatr Wielki w \u0141odzi - Alicja W\u0119gorzewska","og_description":"Carmen (Georges Bizet). Premiera 7 stycznia 2003 Teatr Wielki, \u0141\u00f3d\u017a Przedstawienie przygotowane we wsp\u00f3\u0142pracy ze Stichting Internationale Opera Producties. re\u017cyseria Ausonius Greidanus muzyka Georges Bizet&hellip;","og_url":"http:\/\/alicjawegorzewska.com\/index.php\/carmen-teatr-wielki-w-lodzi\/","og_site_name":"Alicja W\u0119gorzewska","article_modified_time":"2025-10-18T05:33:40+00:00","twitter_card":"summary_large_image","twitter_misc":{"Szacowany czas czytania":"1 minuta"},"schema":{"@context":"https:\/\/schema.org","@graph":[{"@type":"WebPage","@id":"http:\/\/alicjawegorzewska.com\/index.php\/carmen-teatr-wielki-w-lodzi\/","url":"http:\/\/alicjawegorzewska.com\/index.php\/carmen-teatr-wielki-w-lodzi\/","name":"Carmen. Teatr Wielki w \u0141odzi - Alicja W\u0119gorzewska","isPartOf":{"@id":"https:\/\/alicjawegorzewska.com\/#website"},"datePublished":"2025-10-17T16:35:20+00:00","dateModified":"2025-10-18T05:33:40+00:00","breadcrumb":{"@id":"http:\/\/alicjawegorzewska.com\/index.php\/carmen-teatr-wielki-w-lodzi\/#breadcrumb"},"inLanguage":"pl-PL","potentialAction":[{"@type":"ReadAction","target":["http:\/\/alicjawegorzewska.com\/index.php\/carmen-teatr-wielki-w-lodzi\/"]}]},{"@type":"BreadcrumbList","@id":"http:\/\/alicjawegorzewska.com\/index.php\/carmen-teatr-wielki-w-lodzi\/#breadcrumb","itemListElement":[{"@type":"ListItem","position":1,"name":"Strona g\u0142\u00f3wna","item":"https:\/\/alicjawegorzewska.com\/"},{"@type":"ListItem","position":2,"name":"Carmen. Teatr Wielki w \u0141odzi"}]},{"@type":"WebSite","@id":"https:\/\/alicjawegorzewska.com\/#website","url":"https:\/\/alicjawegorzewska.com\/","name":"Alicja W\u0119gorzewska","description":"Strona oficjalna","publisher":{"@id":"https:\/\/alicjawegorzewska.com\/#\/schema\/person\/7468c1c1d69a9b6e8db3fe1964cd9dcb"},"potentialAction":[{"@type":"SearchAction","target":{"@type":"EntryPoint","urlTemplate":"https:\/\/alicjawegorzewska.com\/?s={search_term_string}"},"query-input":{"@type":"PropertyValueSpecification","valueRequired":true,"valueName":"search_term_string"}}],"inLanguage":"pl-PL"},{"@type":["Person","Organization"],"@id":"https:\/\/alicjawegorzewska.com\/#\/schema\/person\/7468c1c1d69a9b6e8db3fe1964cd9dcb","name":"Alicja W\u0119gorzewska-Whiskerd","image":{"@type":"ImageObject","inLanguage":"pl-PL","@id":"https:\/\/alicjawegorzewska.com\/#\/schema\/person\/image\/","url":"https:\/\/alicjawegorzewska.com\/wp-content\/uploads\/2019\/10\/AW-2.png","contentUrl":"https:\/\/alicjawegorzewska.com\/wp-content\/uploads\/2019\/10\/AW-2.png","width":500,"height":500,"caption":"Alicja W\u0119gorzewska-Whiskerd"},"logo":{"@id":"https:\/\/alicjawegorzewska.com\/#\/schema\/person\/image\/"}}]}},"jetpack_sharing_enabled":true,"_links":{"self":[{"href":"https:\/\/alicjawegorzewska.com\/index.php\/wp-json\/wp\/v2\/pages\/6043","targetHints":{"allow":["GET"]}}],"collection":[{"href":"https:\/\/alicjawegorzewska.com\/index.php\/wp-json\/wp\/v2\/pages"}],"about":[{"href":"https:\/\/alicjawegorzewska.com\/index.php\/wp-json\/wp\/v2\/types\/page"}],"author":[{"embeddable":true,"href":"https:\/\/alicjawegorzewska.com\/index.php\/wp-json\/wp\/v2\/users\/3"}],"replies":[{"embeddable":true,"href":"https:\/\/alicjawegorzewska.com\/index.php\/wp-json\/wp\/v2\/comments?post=6043"}],"version-history":[{"count":7,"href":"https:\/\/alicjawegorzewska.com\/index.php\/wp-json\/wp\/v2\/pages\/6043\/revisions"}],"predecessor-version":[{"id":6062,"href":"https:\/\/alicjawegorzewska.com\/index.php\/wp-json\/wp\/v2\/pages\/6043\/revisions\/6062"}],"wp:attachment":[{"href":"https:\/\/alicjawegorzewska.com\/index.php\/wp-json\/wp\/v2\/media?parent=6043"}],"curies":[{"name":"wp","href":"https:\/\/api.w.org\/{rel}","templated":true}]}}