{"id":6007,"date":"2025-10-14T07:51:34","date_gmt":"2025-10-14T05:51:34","guid":{"rendered":"https:\/\/alicjawegorzewska.com\/?page_id=6007"},"modified":"2025-10-18T17:36:56","modified_gmt":"2025-10-18T15:36:56","slug":"kawaler-srebrnej-rozy","status":"publish","type":"page","link":"https:\/\/alicjawegorzewska.com\/index.php\/kawaler-srebrnej-rozy\/","title":{"rendered":"Kawaler srebrnej r\u00f3\u017cy"},"content":{"rendered":"<p style=\"text-align: justify;\" data-start=\"195\" data-end=\"279\"><strong data-start=\"195\" data-end=\"243\"><i><b>Kawaler srebrnej r\u00f3\u017cy<\/b><\/i> (<em lang=\"de\">Der Rosenkavalier<\/em>) \u2013 opera komiczna z muzyk\u0105&nbsp;Richarda Straussa&nbsp;i librettem&nbsp;Hugona von Hofmannsthala.<\/strong><\/p>\n<p style=\"text-align: justify;\" data-start=\"195\" data-end=\"279\"><strong data-start=\"195\" data-end=\"243\">O roli Oktawiana w \u201eKawalerze Srebrnej R\u00f3\u017cy\u201d<\/strong><\/p>\n<p style=\"text-align: justify;\" data-start=\"281\" data-end=\"687\">Oktawian to jedna z najbardziej niezwyk\u0142ych r\u00f3l, jakie mo\u017ce otrzyma\u0107 mezzosopran. M\u0142ody arystokrata, pe\u0142en emocji, zderzony z pierwszymi do\u015bwiadczeniami mi\u0142o\u015bci, zazdro\u015bci i dorastania. Rola m\u0119\u017cczyzny grana przez kobiet\u0119 ma w sobie szczeg\u00f3lne napi\u0119cie \u2014 wymaga zar\u00f3wno delikatno\u015bci, jak i wewn\u0119trznej si\u0142y, a przede wszystkim zrozumienia, \u017ce Oktawian to nie tylko \u201eposta\u0107\u201d, lecz symbol dojrzewania uczu\u0107.<\/p>\n<p style=\"text-align: justify;\" data-start=\"689\" data-end=\"1073\">W tej operze Richard Strauss zawar\u0142 ca\u0142\u0105 palet\u0119 ludzkich emocji \u2013 od zachwytu i m\u0142odzie\u0144czego uniesienia po melancholi\u0119 i smutek rozstania. Oktawian jest jak lustro, w kt\u00f3rym odbija si\u0119 \u015bwiat bohater\u00f3w \u2013 Marsza\u0142kowej, Zofii, Barona Ochsa \u2013 ale te\u017c \u015bwiat, kt\u00f3ry powoli odchodzi. W jego m\u0142odo\u015bci i spontaniczno\u015bci czu\u0107 echo utraconej niewinno\u015bci, zar\u00f3wno jednostki, jak i ca\u0142ej epoki.<\/p>\n<p style=\"text-align: justify;\" data-start=\"1075\" data-end=\"1452\">Kiedy wciela\u0142a\u0142am si\u0119 w Oktawiana w <strong data-start=\"1109\" data-end=\"1140\">Operze Ba\u0142tyckiej w Gda\u0144sku<\/strong>, w inscenizacji G\u00fcntera Mayra, mia\u0142am wra\u017cenie, \u017ce \u017cyj\u0119 na granicy dw\u00f3ch \u015bwiat\u00f3w \u2013 mi\u0119dzy kobieco\u015bci\u0105 a m\u0119sko\u015bci\u0105, mi\u0119dzy romantyzmem a komedi\u0105, mi\u0119dzy uczuciem a po\u017cegnaniem. To rola, kt\u00f3ra pozwala zanurzy\u0107 si\u0119 w psychologii postaci, ale te\u017c w muzyce \u2013 g\u0119stej, bogatej, pe\u0142nej ironii i czu\u0142o\u015bci jednocze\u015bnie.<\/p>\n<p style=\"text-align: justify;\" data-start=\"1454\" data-end=\"1781\">Kocham t\u0119 parti\u0119 za jej szczero\u015b\u0107, za to, \u017ce \u0142\u0105czy m\u0142odzie\u0144cz\u0105 energi\u0119 z g\u0142\u0119bok\u0105 emocjonalno\u015bci\u0105. Oktawian nie udaje \u2014 kocha, cierpi, \u015bmieje si\u0119, buntuje. I w tym w\u0142a\u015bnie jest prawdziwy. W jego historii kryje si\u0119 nie tylko urok komedii dworskiej, lecz tak\u017ce nuta nieuchronnego przemijania, tak charakterystyczna dla Straussa.<\/p>\n<p style=\"text-align: justify;\" data-start=\"1783\" data-end=\"1933\">Dla mnie Oktawian to nie tylko rola \u2014 to spotkanie z czasem, w kt\u00f3rym uczucia by\u0142y sztuk\u0105, a mi\u0142o\u015b\u0107 mia\u0142a smak zar\u00f3wno uniesienia, jak i po\u017cegnania.<\/p>\n<p data-start=\"1783\" data-end=\"1933\"><em data-start=\"246\" data-end=\"277\">\u2014 Alicja W\u0119gorzewska-Whiskerd<\/em><\/p>\n<p data-start=\"1783\" data-end=\"1933\"><img fetchpriority=\"high\" decoding=\"async\" class=\"alignnone size-large wp-image-6008\" src=\"https:\/\/alicjawegorzewska.com\/wp-content\/uploads\/2025\/10\/10-1024x577.png\" alt=\"\" width=\"1024\" height=\"577\" srcset=\"https:\/\/alicjawegorzewska.com\/wp-content\/uploads\/2025\/10\/10-1024x577.png 1024w, https:\/\/alicjawegorzewska.com\/wp-content\/uploads\/2025\/10\/10-300x169.png 300w, https:\/\/alicjawegorzewska.com\/wp-content\/uploads\/2025\/10\/10-768x433.png 768w, https:\/\/alicjawegorzewska.com\/wp-content\/uploads\/2025\/10\/10-1536x865.png 1536w, https:\/\/alicjawegorzewska.com\/wp-content\/uploads\/2025\/10\/10-600x338.png 600w, https:\/\/alicjawegorzewska.com\/wp-content\/uploads\/2025\/10\/10.png 1640w\" sizes=\"(max-width: 1024px) 100vw, 1024px\" \/><\/p>\nngg_shortcode_0_placeholder\n","protected":false},"excerpt":{"rendered":"<p>Kawaler srebrnej r\u00f3\u017cy (Der Rosenkavalier) \u2013 opera komiczna z muzyk\u0105&nbsp;Richarda Straussa&nbsp;i librettem&nbsp;Hugona von Hofmannsthala. O roli Oktawiana w \u201eKawalerze Srebrnej R\u00f3\u017cy\u201d Oktawian to jedna z&hellip; <\/p>\n","protected":false},"author":3,"featured_media":0,"parent":0,"menu_order":0,"comment_status":"closed","ping_status":"closed","template":"","meta":{"ngg_post_thumbnail":0,"footnotes":""},"class_list":["post-6007","page","type-page","status-publish","hentry"],"yoast_head":"<!-- This site is optimized with the Yoast SEO plugin v25.9 - https:\/\/yoast.com\/wordpress\/plugins\/seo\/ -->\n<title>Kawaler srebrnej r\u00f3\u017cy - Alicja W\u0119gorzewska<\/title>\n<meta name=\"robots\" content=\"index, follow, max-snippet:-1, max-image-preview:large, max-video-preview:-1\" \/>\n<link rel=\"canonical\" href=\"https:\/\/alicjawegorzewska.com\/index.php\/kawaler-srebrnej-rozy\/\" \/>\n<meta property=\"og:locale\" content=\"pl_PL\" \/>\n<meta property=\"og:type\" content=\"article\" \/>\n<meta property=\"og:title\" content=\"Kawaler srebrnej r\u00f3\u017cy - Alicja W\u0119gorzewska\" \/>\n<meta property=\"og:description\" content=\"Kawaler srebrnej r\u00f3\u017cy (Der Rosenkavalier) \u2013 opera komiczna z muzyk\u0105&nbsp;Richarda Straussa&nbsp;i librettem&nbsp;Hugona von Hofmannsthala. O roli Oktawiana w \u201eKawalerze Srebrnej R\u00f3\u017cy\u201d Oktawian to jedna z&hellip;\" \/>\n<meta property=\"og:url\" content=\"https:\/\/alicjawegorzewska.com\/index.php\/kawaler-srebrnej-rozy\/\" \/>\n<meta property=\"og:site_name\" content=\"Alicja W\u0119gorzewska\" \/>\n<meta property=\"article:modified_time\" content=\"2025-10-18T15:36:56+00:00\" \/>\n<meta property=\"og:image\" content=\"https:\/\/alicjawegorzewska.com\/wp-content\/uploads\/2025\/10\/10-1024x577.png\" \/>\n<meta name=\"twitter:card\" content=\"summary_large_image\" \/>\n<meta name=\"twitter:label1\" content=\"Szacowany czas czytania\" \/>\n\t<meta name=\"twitter:data1\" content=\"2 minuty\" \/>\n<script type=\"application\/ld+json\" class=\"yoast-schema-graph\">{\"@context\":\"https:\/\/schema.org\",\"@graph\":[{\"@type\":\"WebPage\",\"@id\":\"https:\/\/alicjawegorzewska.com\/index.php\/kawaler-srebrnej-rozy\/\",\"url\":\"https:\/\/alicjawegorzewska.com\/index.php\/kawaler-srebrnej-rozy\/\",\"name\":\"Kawaler srebrnej r\u00f3\u017cy - Alicja W\u0119gorzewska\",\"isPartOf\":{\"@id\":\"https:\/\/alicjawegorzewska.com\/#website\"},\"primaryImageOfPage\":{\"@id\":\"https:\/\/alicjawegorzewska.com\/index.php\/kawaler-srebrnej-rozy\/#primaryimage\"},\"image\":{\"@id\":\"https:\/\/alicjawegorzewska.com\/index.php\/kawaler-srebrnej-rozy\/#primaryimage\"},\"thumbnailUrl\":\"https:\/\/alicjawegorzewska.com\/wp-content\/uploads\/2025\/10\/10-1024x577.png\",\"datePublished\":\"2025-10-14T05:51:34+00:00\",\"dateModified\":\"2025-10-18T15:36:56+00:00\",\"breadcrumb\":{\"@id\":\"https:\/\/alicjawegorzewska.com\/index.php\/kawaler-srebrnej-rozy\/#breadcrumb\"},\"inLanguage\":\"pl-PL\",\"potentialAction\":[{\"@type\":\"ReadAction\",\"target\":[\"https:\/\/alicjawegorzewska.com\/index.php\/kawaler-srebrnej-rozy\/\"]}]},{\"@type\":\"ImageObject\",\"inLanguage\":\"pl-PL\",\"@id\":\"https:\/\/alicjawegorzewska.com\/index.php\/kawaler-srebrnej-rozy\/#primaryimage\",\"url\":\"https:\/\/alicjawegorzewska.com\/wp-content\/uploads\/2025\/10\/10.png\",\"contentUrl\":\"https:\/\/alicjawegorzewska.com\/wp-content\/uploads\/2025\/10\/10.png\",\"width\":1640,\"height\":924},{\"@type\":\"BreadcrumbList\",\"@id\":\"https:\/\/alicjawegorzewska.com\/index.php\/kawaler-srebrnej-rozy\/#breadcrumb\",\"itemListElement\":[{\"@type\":\"ListItem\",\"position\":1,\"name\":\"Strona g\u0142\u00f3wna\",\"item\":\"https:\/\/alicjawegorzewska.com\/\"},{\"@type\":\"ListItem\",\"position\":2,\"name\":\"Kawaler srebrnej r\u00f3\u017cy\"}]},{\"@type\":\"WebSite\",\"@id\":\"https:\/\/alicjawegorzewska.com\/#website\",\"url\":\"https:\/\/alicjawegorzewska.com\/\",\"name\":\"Alicja W\u0119gorzewska\",\"description\":\"Strona oficjalna\",\"publisher\":{\"@id\":\"https:\/\/alicjawegorzewska.com\/#\/schema\/person\/7468c1c1d69a9b6e8db3fe1964cd9dcb\"},\"potentialAction\":[{\"@type\":\"SearchAction\",\"target\":{\"@type\":\"EntryPoint\",\"urlTemplate\":\"https:\/\/alicjawegorzewska.com\/?s={search_term_string}\"},\"query-input\":{\"@type\":\"PropertyValueSpecification\",\"valueRequired\":true,\"valueName\":\"search_term_string\"}}],\"inLanguage\":\"pl-PL\"},{\"@type\":[\"Person\",\"Organization\"],\"@id\":\"https:\/\/alicjawegorzewska.com\/#\/schema\/person\/7468c1c1d69a9b6e8db3fe1964cd9dcb\",\"name\":\"Alicja W\u0119gorzewska-Whiskerd\",\"image\":{\"@type\":\"ImageObject\",\"inLanguage\":\"pl-PL\",\"@id\":\"https:\/\/alicjawegorzewska.com\/#\/schema\/person\/image\/\",\"url\":\"https:\/\/alicjawegorzewska.com\/wp-content\/uploads\/2019\/10\/AW-2.png\",\"contentUrl\":\"https:\/\/alicjawegorzewska.com\/wp-content\/uploads\/2019\/10\/AW-2.png\",\"width\":500,\"height\":500,\"caption\":\"Alicja W\u0119gorzewska-Whiskerd\"},\"logo\":{\"@id\":\"https:\/\/alicjawegorzewska.com\/#\/schema\/person\/image\/\"}}]}<\/script>\n<!-- \/ Yoast SEO plugin. -->","yoast_head_json":{"title":"Kawaler srebrnej r\u00f3\u017cy - Alicja W\u0119gorzewska","robots":{"index":"index","follow":"follow","max-snippet":"max-snippet:-1","max-image-preview":"max-image-preview:large","max-video-preview":"max-video-preview:-1"},"canonical":"https:\/\/alicjawegorzewska.com\/index.php\/kawaler-srebrnej-rozy\/","og_locale":"pl_PL","og_type":"article","og_title":"Kawaler srebrnej r\u00f3\u017cy - Alicja W\u0119gorzewska","og_description":"Kawaler srebrnej r\u00f3\u017cy (Der Rosenkavalier) \u2013 opera komiczna z muzyk\u0105&nbsp;Richarda Straussa&nbsp;i librettem&nbsp;Hugona von Hofmannsthala. O roli Oktawiana w \u201eKawalerze Srebrnej R\u00f3\u017cy\u201d Oktawian to jedna z&hellip;","og_url":"https:\/\/alicjawegorzewska.com\/index.php\/kawaler-srebrnej-rozy\/","og_site_name":"Alicja W\u0119gorzewska","article_modified_time":"2025-10-18T15:36:56+00:00","og_image":[{"url":"https:\/\/alicjawegorzewska.com\/wp-content\/uploads\/2025\/10\/10-1024x577.png","type":"","width":"","height":""}],"twitter_card":"summary_large_image","twitter_misc":{"Szacowany czas czytania":"2 minuty"},"schema":{"@context":"https:\/\/schema.org","@graph":[{"@type":"WebPage","@id":"https:\/\/alicjawegorzewska.com\/index.php\/kawaler-srebrnej-rozy\/","url":"https:\/\/alicjawegorzewska.com\/index.php\/kawaler-srebrnej-rozy\/","name":"Kawaler srebrnej r\u00f3\u017cy - Alicja W\u0119gorzewska","isPartOf":{"@id":"https:\/\/alicjawegorzewska.com\/#website"},"primaryImageOfPage":{"@id":"https:\/\/alicjawegorzewska.com\/index.php\/kawaler-srebrnej-rozy\/#primaryimage"},"image":{"@id":"https:\/\/alicjawegorzewska.com\/index.php\/kawaler-srebrnej-rozy\/#primaryimage"},"thumbnailUrl":"https:\/\/alicjawegorzewska.com\/wp-content\/uploads\/2025\/10\/10-1024x577.png","datePublished":"2025-10-14T05:51:34+00:00","dateModified":"2025-10-18T15:36:56+00:00","breadcrumb":{"@id":"https:\/\/alicjawegorzewska.com\/index.php\/kawaler-srebrnej-rozy\/#breadcrumb"},"inLanguage":"pl-PL","potentialAction":[{"@type":"ReadAction","target":["https:\/\/alicjawegorzewska.com\/index.php\/kawaler-srebrnej-rozy\/"]}]},{"@type":"ImageObject","inLanguage":"pl-PL","@id":"https:\/\/alicjawegorzewska.com\/index.php\/kawaler-srebrnej-rozy\/#primaryimage","url":"https:\/\/alicjawegorzewska.com\/wp-content\/uploads\/2025\/10\/10.png","contentUrl":"https:\/\/alicjawegorzewska.com\/wp-content\/uploads\/2025\/10\/10.png","width":1640,"height":924},{"@type":"BreadcrumbList","@id":"https:\/\/alicjawegorzewska.com\/index.php\/kawaler-srebrnej-rozy\/#breadcrumb","itemListElement":[{"@type":"ListItem","position":1,"name":"Strona g\u0142\u00f3wna","item":"https:\/\/alicjawegorzewska.com\/"},{"@type":"ListItem","position":2,"name":"Kawaler srebrnej r\u00f3\u017cy"}]},{"@type":"WebSite","@id":"https:\/\/alicjawegorzewska.com\/#website","url":"https:\/\/alicjawegorzewska.com\/","name":"Alicja W\u0119gorzewska","description":"Strona oficjalna","publisher":{"@id":"https:\/\/alicjawegorzewska.com\/#\/schema\/person\/7468c1c1d69a9b6e8db3fe1964cd9dcb"},"potentialAction":[{"@type":"SearchAction","target":{"@type":"EntryPoint","urlTemplate":"https:\/\/alicjawegorzewska.com\/?s={search_term_string}"},"query-input":{"@type":"PropertyValueSpecification","valueRequired":true,"valueName":"search_term_string"}}],"inLanguage":"pl-PL"},{"@type":["Person","Organization"],"@id":"https:\/\/alicjawegorzewska.com\/#\/schema\/person\/7468c1c1d69a9b6e8db3fe1964cd9dcb","name":"Alicja W\u0119gorzewska-Whiskerd","image":{"@type":"ImageObject","inLanguage":"pl-PL","@id":"https:\/\/alicjawegorzewska.com\/#\/schema\/person\/image\/","url":"https:\/\/alicjawegorzewska.com\/wp-content\/uploads\/2019\/10\/AW-2.png","contentUrl":"https:\/\/alicjawegorzewska.com\/wp-content\/uploads\/2019\/10\/AW-2.png","width":500,"height":500,"caption":"Alicja W\u0119gorzewska-Whiskerd"},"logo":{"@id":"https:\/\/alicjawegorzewska.com\/#\/schema\/person\/image\/"}}]}},"jetpack_sharing_enabled":true,"_links":{"self":[{"href":"https:\/\/alicjawegorzewska.com\/index.php\/wp-json\/wp\/v2\/pages\/6007","targetHints":{"allow":["GET"]}}],"collection":[{"href":"https:\/\/alicjawegorzewska.com\/index.php\/wp-json\/wp\/v2\/pages"}],"about":[{"href":"https:\/\/alicjawegorzewska.com\/index.php\/wp-json\/wp\/v2\/types\/page"}],"author":[{"embeddable":true,"href":"https:\/\/alicjawegorzewska.com\/index.php\/wp-json\/wp\/v2\/users\/3"}],"replies":[{"embeddable":true,"href":"https:\/\/alicjawegorzewska.com\/index.php\/wp-json\/wp\/v2\/comments?post=6007"}],"version-history":[{"count":3,"href":"https:\/\/alicjawegorzewska.com\/index.php\/wp-json\/wp\/v2\/pages\/6007\/revisions"}],"predecessor-version":[{"id":6127,"href":"https:\/\/alicjawegorzewska.com\/index.php\/wp-json\/wp\/v2\/pages\/6007\/revisions\/6127"}],"wp:attachment":[{"href":"https:\/\/alicjawegorzewska.com\/index.php\/wp-json\/wp\/v2\/media?parent=6007"}],"curies":[{"name":"wp","href":"https:\/\/api.w.org\/{rel}","templated":true}]}}