{"id":6001,"date":"2025-10-13T22:15:58","date_gmt":"2025-10-13T20:15:58","guid":{"rendered":"https:\/\/alicjawegorzewska.com\/?page_id=6001"},"modified":"2025-10-18T18:53:01","modified_gmt":"2025-10-18T16:53:01","slug":"dama-pikowa","status":"publish","type":"page","link":"https:\/\/alicjawegorzewska.com\/index.php\/dama-pikowa\/","title":{"rendered":"Dama Pikowa"},"content":{"rendered":"<p style=\"text-align: justify;\" data-start=\"141\" data-end=\"213\"><strong data-start=\"141\" data-end=\"177\"><b>Dama pikowa<\/b> (<i>\u041f\u0438\u043a\u043e\u0432\u0430\u044f \u0434\u0430\u043c\u0430<\/i>) \u2013 opera&nbsp;Piotra Czajkowskiego&nbsp;w 3 aktach z librettem&nbsp;Modesta Czajkowskiego&nbsp;(brata kompozytora), na podstawie opowiadania&nbsp;Aleksandra Puszkina&nbsp;<i>Dama pikowa<\/i>&nbsp;(1834)<\/strong><\/p>\n<p style=\"text-align: justify;\" data-start=\"141\" data-end=\"213\"><strong data-start=\"141\" data-end=\"177\">O roli Hrabiny w \u201eDamie Pikowej\u201d<\/strong><br data-start=\"177\" data-end=\"180\"><em data-start=\"180\" data-end=\"211\">\u2014 Alicja W\u0119gorzewska-Whiskerd<\/em><\/p>\n<p style=\"text-align: justify;\" data-start=\"215\" data-end=\"575\">Rola Hrabiny w <em data-start=\"230\" data-end=\"247\">\u201eDamie pikowej\u201d<\/em> Piotra Czajkowskiego jest dla mnie jednym z najbardziej poruszaj\u0105cych studi\u00f3w psychologicznych w ca\u0142ym repertuarze operowym. Wcielaj\u0105c si\u0119 w ni\u0105, wchodzi\u0142am w \u015bwiat kobiety na granicy \u017cycia i \u015bmierci \u2013 dawnej damy dworu, w kt\u00f3rej pozosta\u0142o ju\u017c tylko echo minionej \u015bwietno\u015bci i wspomnie\u0144 o nami\u0119tno\u015bciach, kt\u00f3re dawno wygas\u0142y.<\/p>\n<p style=\"text-align: justify;\" data-start=\"577\" data-end=\"910\">Hrabina to posta\u0107 tragiczna \u2013 starsza, zmar\u0142a wkr\u00f3tce potem, lady, powi\u0105zana z tajemnic\u0105 trzech kart, cho\u0107 sama nie zna\u0142a ich sekretu. To w\u0142a\u015bnie w tej nie\u015bwiadomo\u015bci, w tej ludzkiej bezbronno\u015bci wobec losu tkwi jej dramat. Sta\u0142a si\u0119 symbolem \u2013 figur\u0105 mi\u0119dzy \u015bwiatem realnym a nadprzyrodzonym, uosobieniem winy, przes\u0105du i strachu.<\/p>\n<p style=\"text-align: justify;\" data-start=\"912\" data-end=\"1250\">Jej rola jest przede wszystkim symboliczna: reprezentuje \u015bwiat arystokratycznych przes\u0105d\u00f3w, duchowych powi\u0105za\u0144 i wewn\u0119trznych demon\u00f3w, kt\u00f3re stanowi\u0105 t\u0142o dla tragedii Germana. Po jej \u015bmierci duch Hrabiny powraca, by prze\u015bladowa\u0107 go niczym wyrzut sumienia \u2013 jest zjaw\u0105, ale te\u017c uosobieniem jego l\u0119ku i \u017c\u0105dzy, kt\u00f3re prowadz\u0105 go ku zgubie.<\/p>\n<p style=\"text-align: justify;\" data-start=\"1252\" data-end=\"1561\">Kocham t\u0119 rol\u0119 za jej wielowarstwowo\u015b\u0107 \u2013 za to, \u017ce \u0142\u0105czy w sobie cisz\u0119 i krzyk, \u017cycie i \u015bmier\u0107, majestat i rozpad. To nie tylko epizod dramatyczny, lecz klucz do zrozumienia ca\u0142ej historii. Hrabina, cho\u0107 pojawia si\u0119 na kr\u00f3tko, pozostaje obecna do ko\u0144ca \u2013 w pami\u0119ci, w wyrzutach sumienia, w obsesji bohatera.<\/p>\n<p style=\"text-align: justify;\" data-start=\"1563\" data-end=\"1905\">Wciela\u0142am si\u0119 w ni\u0105 w dw\u00f3ch niezwyk\u0142ych inscenizacjach: w realizacji <strong data-start=\"1632\" data-end=\"1698\">Mariusza Treli\u0144skiiego w Teatrze Wielkim \u2013 Operze Narodowej w Warszawie<\/strong> oraz w inscenizacji <strong data-start=\"1719\" data-end=\"1761\">Krzysztofa Nazara w Operze Krakowskiej<\/strong>. Ka\u017cda z nich pozwoli\u0142a mi odkry\u0107 inny wymiar tej postaci \u2013 raz bardziej mistyczny i mroczny, innym razem pe\u0142en ludzkiego b\u00f3lu i melancholii.<\/p>\n<p style=\"text-align: justify;\" data-start=\"1907\" data-end=\"2163\">Dla mnie Hrabina jest metafor\u0105 przemijania i duchowej pustki, kt\u00f3ra rodzi si\u0119, gdy cz\u0142owiek zbyt mocno wierzy w z\u0142udzenia. A muzyka Czajkowskiego pozwala jej przem\u00f3wi\u0107 z niezwyk\u0142\u0105 si\u0142\u0105 \u2013 jakby zza granicy \u017cycia, z miejsca, gdzie wszystko ju\u017c jest prawd\u0105.<\/p>\n<p data-start=\"1907\" data-end=\"2163\"><a href=\"https:\/\/alicjawegorzewska.com\/index.php\/dama-pikowa-warszawa\/\" target=\"_blank\" rel=\"noopener\"><img fetchpriority=\"high\" decoding=\"async\" class=\"alignnone size-full wp-image-5954\" src=\"https:\/\/alicjawegorzewska.com\/wp-content\/uploads\/2025\/09\/6.png\" alt=\"\" width=\"820\" height=\"462\" srcset=\"https:\/\/alicjawegorzewska.com\/wp-content\/uploads\/2025\/09\/6.png 820w, https:\/\/alicjawegorzewska.com\/wp-content\/uploads\/2025\/09\/6-300x169.png 300w, https:\/\/alicjawegorzewska.com\/wp-content\/uploads\/2025\/09\/6-768x433.png 768w, https:\/\/alicjawegorzewska.com\/wp-content\/uploads\/2025\/09\/6-600x338.png 600w\" sizes=\"(max-width: 820px) 100vw, 820px\" \/><\/a><\/p>\n<p data-start=\"1907\" data-end=\"2163\"><a href=\"https:\/\/alicjawegorzewska.com\/index.php\/dama-pikowa-krakow\/\" target=\"_blank\" rel=\"noopener\"><img decoding=\"async\" class=\"alignnone size-large wp-image-6002\" src=\"https:\/\/alicjawegorzewska.com\/wp-content\/uploads\/2025\/10\/7-1024x577.png\" alt=\"\" width=\"1024\" height=\"577\" srcset=\"https:\/\/alicjawegorzewska.com\/wp-content\/uploads\/2025\/10\/7-1024x577.png 1024w, https:\/\/alicjawegorzewska.com\/wp-content\/uploads\/2025\/10\/7-300x169.png 300w, https:\/\/alicjawegorzewska.com\/wp-content\/uploads\/2025\/10\/7-768x433.png 768w, https:\/\/alicjawegorzewska.com\/wp-content\/uploads\/2025\/10\/7-1536x865.png 1536w, https:\/\/alicjawegorzewska.com\/wp-content\/uploads\/2025\/10\/7-600x338.png 600w, https:\/\/alicjawegorzewska.com\/wp-content\/uploads\/2025\/10\/7.png 1640w\" sizes=\"(max-width: 1024px) 100vw, 1024px\" \/><\/a><\/p>\n","protected":false},"excerpt":{"rendered":"<p>Dama pikowa (\u041f\u0438\u043a\u043e\u0432\u0430\u044f \u0434\u0430\u043c\u0430) \u2013 opera&nbsp;Piotra Czajkowskiego&nbsp;w 3 aktach z librettem&nbsp;Modesta Czajkowskiego&nbsp;(brata kompozytora), na podstawie opowiadania&nbsp;Aleksandra Puszkina&nbsp;Dama pikowa&nbsp;(1834) O roli Hrabiny w \u201eDamie Pikowej\u201d\u2014 Alicja&hellip; <\/p>\n","protected":false},"author":3,"featured_media":0,"parent":0,"menu_order":0,"comment_status":"closed","ping_status":"closed","template":"","meta":{"ngg_post_thumbnail":0,"footnotes":""},"class_list":["post-6001","page","type-page","status-publish","hentry"],"yoast_head":"<!-- This site is optimized with the Yoast SEO plugin v25.9 - https:\/\/yoast.com\/wordpress\/plugins\/seo\/ -->\n<title>Dama Pikowa - Alicja W\u0119gorzewska<\/title>\n<meta name=\"robots\" content=\"index, follow, max-snippet:-1, max-image-preview:large, max-video-preview:-1\" \/>\n<link rel=\"canonical\" href=\"https:\/\/alicjawegorzewska.com\/index.php\/dama-pikowa\/\" \/>\n<meta property=\"og:locale\" content=\"pl_PL\" \/>\n<meta property=\"og:type\" content=\"article\" \/>\n<meta property=\"og:title\" content=\"Dama Pikowa - Alicja W\u0119gorzewska\" \/>\n<meta property=\"og:description\" content=\"Dama pikowa (\u041f\u0438\u043a\u043e\u0432\u0430\u044f \u0434\u0430\u043c\u0430) \u2013 opera&nbsp;Piotra Czajkowskiego&nbsp;w 3 aktach z librettem&nbsp;Modesta Czajkowskiego&nbsp;(brata kompozytora), na podstawie opowiadania&nbsp;Aleksandra Puszkina&nbsp;Dama pikowa&nbsp;(1834) O roli Hrabiny w \u201eDamie Pikowej\u201d\u2014 Alicja&hellip;\" \/>\n<meta property=\"og:url\" content=\"https:\/\/alicjawegorzewska.com\/index.php\/dama-pikowa\/\" \/>\n<meta property=\"og:site_name\" content=\"Alicja W\u0119gorzewska\" \/>\n<meta property=\"article:modified_time\" content=\"2025-10-18T16:53:01+00:00\" \/>\n<meta property=\"og:image\" content=\"https:\/\/alicjawegorzewska.com\/wp-content\/uploads\/2025\/09\/6.png\" \/>\n<meta name=\"twitter:card\" content=\"summary_large_image\" \/>\n<meta name=\"twitter:label1\" content=\"Szacowany czas czytania\" \/>\n\t<meta name=\"twitter:data1\" content=\"3 minuty\" \/>\n<script type=\"application\/ld+json\" class=\"yoast-schema-graph\">{\"@context\":\"https:\/\/schema.org\",\"@graph\":[{\"@type\":\"WebPage\",\"@id\":\"https:\/\/alicjawegorzewska.com\/index.php\/dama-pikowa\/\",\"url\":\"https:\/\/alicjawegorzewska.com\/index.php\/dama-pikowa\/\",\"name\":\"Dama Pikowa - Alicja W\u0119gorzewska\",\"isPartOf\":{\"@id\":\"https:\/\/alicjawegorzewska.com\/#website\"},\"primaryImageOfPage\":{\"@id\":\"https:\/\/alicjawegorzewska.com\/index.php\/dama-pikowa\/#primaryimage\"},\"image\":{\"@id\":\"https:\/\/alicjawegorzewska.com\/index.php\/dama-pikowa\/#primaryimage\"},\"thumbnailUrl\":\"https:\/\/alicjawegorzewska.com\/wp-content\/uploads\/2025\/09\/6.png\",\"datePublished\":\"2025-10-13T20:15:58+00:00\",\"dateModified\":\"2025-10-18T16:53:01+00:00\",\"breadcrumb\":{\"@id\":\"https:\/\/alicjawegorzewska.com\/index.php\/dama-pikowa\/#breadcrumb\"},\"inLanguage\":\"pl-PL\",\"potentialAction\":[{\"@type\":\"ReadAction\",\"target\":[\"https:\/\/alicjawegorzewska.com\/index.php\/dama-pikowa\/\"]}]},{\"@type\":\"ImageObject\",\"inLanguage\":\"pl-PL\",\"@id\":\"https:\/\/alicjawegorzewska.com\/index.php\/dama-pikowa\/#primaryimage\",\"url\":\"https:\/\/alicjawegorzewska.com\/wp-content\/uploads\/2025\/09\/6.png\",\"contentUrl\":\"https:\/\/alicjawegorzewska.com\/wp-content\/uploads\/2025\/09\/6.png\",\"width\":820,\"height\":462},{\"@type\":\"BreadcrumbList\",\"@id\":\"https:\/\/alicjawegorzewska.com\/index.php\/dama-pikowa\/#breadcrumb\",\"itemListElement\":[{\"@type\":\"ListItem\",\"position\":1,\"name\":\"Strona g\u0142\u00f3wna\",\"item\":\"https:\/\/alicjawegorzewska.com\/\"},{\"@type\":\"ListItem\",\"position\":2,\"name\":\"Dama Pikowa\"}]},{\"@type\":\"WebSite\",\"@id\":\"https:\/\/alicjawegorzewska.com\/#website\",\"url\":\"https:\/\/alicjawegorzewska.com\/\",\"name\":\"Alicja W\u0119gorzewska\",\"description\":\"Strona oficjalna\",\"publisher\":{\"@id\":\"https:\/\/alicjawegorzewska.com\/#\/schema\/person\/7468c1c1d69a9b6e8db3fe1964cd9dcb\"},\"potentialAction\":[{\"@type\":\"SearchAction\",\"target\":{\"@type\":\"EntryPoint\",\"urlTemplate\":\"https:\/\/alicjawegorzewska.com\/?s={search_term_string}\"},\"query-input\":{\"@type\":\"PropertyValueSpecification\",\"valueRequired\":true,\"valueName\":\"search_term_string\"}}],\"inLanguage\":\"pl-PL\"},{\"@type\":[\"Person\",\"Organization\"],\"@id\":\"https:\/\/alicjawegorzewska.com\/#\/schema\/person\/7468c1c1d69a9b6e8db3fe1964cd9dcb\",\"name\":\"Alicja W\u0119gorzewska-Whiskerd\",\"image\":{\"@type\":\"ImageObject\",\"inLanguage\":\"pl-PL\",\"@id\":\"https:\/\/alicjawegorzewska.com\/#\/schema\/person\/image\/\",\"url\":\"https:\/\/alicjawegorzewska.com\/wp-content\/uploads\/2019\/10\/AW-2.png\",\"contentUrl\":\"https:\/\/alicjawegorzewska.com\/wp-content\/uploads\/2019\/10\/AW-2.png\",\"width\":500,\"height\":500,\"caption\":\"Alicja W\u0119gorzewska-Whiskerd\"},\"logo\":{\"@id\":\"https:\/\/alicjawegorzewska.com\/#\/schema\/person\/image\/\"}}]}<\/script>\n<!-- \/ Yoast SEO plugin. -->","yoast_head_json":{"title":"Dama Pikowa - Alicja W\u0119gorzewska","robots":{"index":"index","follow":"follow","max-snippet":"max-snippet:-1","max-image-preview":"max-image-preview:large","max-video-preview":"max-video-preview:-1"},"canonical":"https:\/\/alicjawegorzewska.com\/index.php\/dama-pikowa\/","og_locale":"pl_PL","og_type":"article","og_title":"Dama Pikowa - Alicja W\u0119gorzewska","og_description":"Dama pikowa (\u041f\u0438\u043a\u043e\u0432\u0430\u044f \u0434\u0430\u043c\u0430) \u2013 opera&nbsp;Piotra Czajkowskiego&nbsp;w 3 aktach z librettem&nbsp;Modesta Czajkowskiego&nbsp;(brata kompozytora), na podstawie opowiadania&nbsp;Aleksandra Puszkina&nbsp;Dama pikowa&nbsp;(1834) O roli Hrabiny w \u201eDamie Pikowej\u201d\u2014 Alicja&hellip;","og_url":"https:\/\/alicjawegorzewska.com\/index.php\/dama-pikowa\/","og_site_name":"Alicja W\u0119gorzewska","article_modified_time":"2025-10-18T16:53:01+00:00","og_image":[{"url":"https:\/\/alicjawegorzewska.com\/wp-content\/uploads\/2025\/09\/6.png","type":"","width":"","height":""}],"twitter_card":"summary_large_image","twitter_misc":{"Szacowany czas czytania":"3 minuty"},"schema":{"@context":"https:\/\/schema.org","@graph":[{"@type":"WebPage","@id":"https:\/\/alicjawegorzewska.com\/index.php\/dama-pikowa\/","url":"https:\/\/alicjawegorzewska.com\/index.php\/dama-pikowa\/","name":"Dama Pikowa - Alicja W\u0119gorzewska","isPartOf":{"@id":"https:\/\/alicjawegorzewska.com\/#website"},"primaryImageOfPage":{"@id":"https:\/\/alicjawegorzewska.com\/index.php\/dama-pikowa\/#primaryimage"},"image":{"@id":"https:\/\/alicjawegorzewska.com\/index.php\/dama-pikowa\/#primaryimage"},"thumbnailUrl":"https:\/\/alicjawegorzewska.com\/wp-content\/uploads\/2025\/09\/6.png","datePublished":"2025-10-13T20:15:58+00:00","dateModified":"2025-10-18T16:53:01+00:00","breadcrumb":{"@id":"https:\/\/alicjawegorzewska.com\/index.php\/dama-pikowa\/#breadcrumb"},"inLanguage":"pl-PL","potentialAction":[{"@type":"ReadAction","target":["https:\/\/alicjawegorzewska.com\/index.php\/dama-pikowa\/"]}]},{"@type":"ImageObject","inLanguage":"pl-PL","@id":"https:\/\/alicjawegorzewska.com\/index.php\/dama-pikowa\/#primaryimage","url":"https:\/\/alicjawegorzewska.com\/wp-content\/uploads\/2025\/09\/6.png","contentUrl":"https:\/\/alicjawegorzewska.com\/wp-content\/uploads\/2025\/09\/6.png","width":820,"height":462},{"@type":"BreadcrumbList","@id":"https:\/\/alicjawegorzewska.com\/index.php\/dama-pikowa\/#breadcrumb","itemListElement":[{"@type":"ListItem","position":1,"name":"Strona g\u0142\u00f3wna","item":"https:\/\/alicjawegorzewska.com\/"},{"@type":"ListItem","position":2,"name":"Dama Pikowa"}]},{"@type":"WebSite","@id":"https:\/\/alicjawegorzewska.com\/#website","url":"https:\/\/alicjawegorzewska.com\/","name":"Alicja W\u0119gorzewska","description":"Strona oficjalna","publisher":{"@id":"https:\/\/alicjawegorzewska.com\/#\/schema\/person\/7468c1c1d69a9b6e8db3fe1964cd9dcb"},"potentialAction":[{"@type":"SearchAction","target":{"@type":"EntryPoint","urlTemplate":"https:\/\/alicjawegorzewska.com\/?s={search_term_string}"},"query-input":{"@type":"PropertyValueSpecification","valueRequired":true,"valueName":"search_term_string"}}],"inLanguage":"pl-PL"},{"@type":["Person","Organization"],"@id":"https:\/\/alicjawegorzewska.com\/#\/schema\/person\/7468c1c1d69a9b6e8db3fe1964cd9dcb","name":"Alicja W\u0119gorzewska-Whiskerd","image":{"@type":"ImageObject","inLanguage":"pl-PL","@id":"https:\/\/alicjawegorzewska.com\/#\/schema\/person\/image\/","url":"https:\/\/alicjawegorzewska.com\/wp-content\/uploads\/2019\/10\/AW-2.png","contentUrl":"https:\/\/alicjawegorzewska.com\/wp-content\/uploads\/2019\/10\/AW-2.png","width":500,"height":500,"caption":"Alicja W\u0119gorzewska-Whiskerd"},"logo":{"@id":"https:\/\/alicjawegorzewska.com\/#\/schema\/person\/image\/"}}]}},"jetpack_sharing_enabled":true,"_links":{"self":[{"href":"https:\/\/alicjawegorzewska.com\/index.php\/wp-json\/wp\/v2\/pages\/6001","targetHints":{"allow":["GET"]}}],"collection":[{"href":"https:\/\/alicjawegorzewska.com\/index.php\/wp-json\/wp\/v2\/pages"}],"about":[{"href":"https:\/\/alicjawegorzewska.com\/index.php\/wp-json\/wp\/v2\/types\/page"}],"author":[{"embeddable":true,"href":"https:\/\/alicjawegorzewska.com\/index.php\/wp-json\/wp\/v2\/users\/3"}],"replies":[{"embeddable":true,"href":"https:\/\/alicjawegorzewska.com\/index.php\/wp-json\/wp\/v2\/comments?post=6001"}],"version-history":[{"count":4,"href":"https:\/\/alicjawegorzewska.com\/index.php\/wp-json\/wp\/v2\/pages\/6001\/revisions"}],"predecessor-version":[{"id":6216,"href":"https:\/\/alicjawegorzewska.com\/index.php\/wp-json\/wp\/v2\/pages\/6001\/revisions\/6216"}],"wp:attachment":[{"href":"https:\/\/alicjawegorzewska.com\/index.php\/wp-json\/wp\/v2\/media?parent=6001"}],"curies":[{"name":"wp","href":"https:\/\/api.w.org\/{rel}","templated":true}]}}