{"id":5990,"date":"2025-10-13T20:03:40","date_gmt":"2025-10-13T18:03:40","guid":{"rendered":"https:\/\/alicjawegorzewska.com\/?page_id=5990"},"modified":"2025-11-08T07:48:58","modified_gmt":"2025-11-08T06:48:58","slug":"carmen","status":"publish","type":"page","link":"https:\/\/alicjawegorzewska.com\/index.php\/carmen\/","title":{"rendered":"Carmen"},"content":{"rendered":"<p data-start=\"260\" data-end=\"324\"><strong data-start=\"260\" data-end=\"288\">Carmen. George Bizet<\/strong><\/p>\n<p style=\"text-align: justify;\" data-start=\"260\" data-end=\"324\"><strong data-start=\"260\" data-end=\"288\">Za co kocham rol\u0119 Carmen ?<\/strong><br data-start=\"288\" data-end=\"291\">Carmen to kobieta, kt\u00f3rej nie da si\u0119 poskromi\u0107 \u2014 ani przez m\u0119\u017cczyzn, ani przez los. Kocham j\u0105 za to, \u017ce jest prawdziwa. W ka\u017cdej nucie, w ka\u017cdym ge\u015bcie bije z niej si\u0142a, wolno\u015b\u0107 i bezwstydna autentyczno\u015b\u0107. Nie udaje, nie k\u0142ania si\u0119 konwenansom, nie boi si\u0119 kocha\u0107 i nie boi si\u0119 umrze\u0107.<\/p>\n<p style=\"text-align: justify;\" data-start=\"615\" data-end=\"889\">Za ka\u017cdym razem, gdy wcielam si\u0119 w Carmen, czuj\u0119, \u017ce dotykam czego\u015b niezwykle pierwotnego \u2014 wolno\u015bci kobiety, kt\u00f3ra sama wybiera swoje przeznaczenie. To posta\u0107, kt\u00f3ra wymaga odwagi, temperamentu i wewn\u0119trznej prawdy. Nie wystarczy za\u015bpiewa\u0107 jej partii \u2013 trzeba j\u0105 prze\u017cy\u0107.<\/p>\n<p style=\"text-align: justify;\" data-start=\"891\" data-end=\"1259\">Uwielbiam jej ogie\u0144, ale te\u017c jej delikatno\u015b\u0107 ukryt\u0105 g\u0142\u0119boko pod mask\u0105 dumy. W tej roli jest wszystko: pasja, dramat, nami\u0119tno\u015b\u0107, ale te\u017c pragnienie bycia sob\u0105, niezale\u017cnie od konsekwencji. Dlatego w\u0142a\u015bnie Carmen to nie tylko bohaterka opery \u2013 to symbol wolno\u015bci. I mo\u017ce w\u0142a\u015bnie dlatego tak trudno si\u0119 z ni\u0105 rozsta\u0107, gdy milknie ostatni d\u017awi\u0119k Bizetowskiej orkiestry.<\/p>\n<p data-start=\"1261\" data-end=\"1322\"><strong data-start=\"1261\" data-end=\"1320\">Partie Carmen wykonywa\u0142am w nast\u0119puj\u0105cych realizacjach:<\/strong><\/p>\n<ul data-start=\"1323\" data-end=\"1790\">\n<li data-start=\"1323\" data-end=\"1422\">\n<p data-start=\"1325\" data-end=\"1422\"><strong data-start=\"1325\" data-end=\"1345\">2002, 2003, 2005<\/strong> \u2013 (re\u017c. Greidanus Ausonius) \u2013 Teatr Wielki w \u0141odzi, tourn\u00e9e w Holandii<\/p>\n<\/li>\n<li data-start=\"1423\" data-end=\"1498\">\n<p data-start=\"1425\" data-end=\"1498\"><strong data-start=\"1425\" data-end=\"1439\">2005, 2006<\/strong> &nbsp;\u2013 (re\u017c. Teresa Kujawa) \u2013 Opera na Zamku w Szczecinie<\/p>\n<\/li>\n<li data-start=\"1499\" data-end=\"1602\">\n<p data-start=\"1501\" data-end=\"1602\"><strong data-start=\"1501\" data-end=\"1527\">2006, 2007, 2008, 2009<\/strong> \u2013 (re\u017c. Wies\u0142aw Ochman) \u2013 Opera \u015al\u0105ska w Bytomiu<\/p>\n<\/li>\n<li data-start=\"1603\" data-end=\"1686\">\n<p data-start=\"1605\" data-end=\"1686\"><strong data-start=\"1605\" data-end=\"1613\">2010<\/strong> \u2013 (re\u017c. Alicja W\u0119gorzewska) \u2013 Opera w Kuwejcie<\/p>\n<\/li>\n<li data-start=\"1687\" data-end=\"1790\">\n<p data-start=\"1689\" data-end=\"1790\"><strong data-start=\"1689\" data-end=\"1697\">2010<\/strong> \u2013 (re\u017c. Lech Majewski) \u2013 Teatr Wielki \u2013 Opera Narodowa w Warszawie<\/p>\n<\/li>\n<\/ul>\n<p style=\"text-align: justify;\" data-start=\"1792\" data-end=\"1997\">Ka\u017cda z tych inscenizacji by\u0142a inna, ale za ka\u017cdym razem odkrywa\u0142am w Carmen co\u015b nowego \u2014 w niej samej i w sobie. Bo Carmen, cho\u0107 stworzona przez Bizeta, \u017cyje w ka\u017cdej kobiecie, kt\u00f3ra ma odwag\u0119 by\u0107 sob\u0105.<\/p>\n<p data-start=\"1792\" data-end=\"1997\"><em data-start=\"291\" data-end=\"322\">\u2014 Alicja W\u0119gorzewska-Whiskerd<\/em><\/p>\n<p data-start=\"1792\" data-end=\"1997\">&nbsp;<\/p>\n<p>Galeria zdj\u0119\u0107 poni\u017cej. Zapraszam serdecznie do obejrzenia \ud83d\ude42<\/p>\n<p data-start=\"1792\" data-end=\"1997\"><a href=\"https:\/\/alicjawegorzewska.com\/index.php\/carmen-teatr-wielki-w-lodzi\/\" target=\"_blank\" rel=\"noopener\"><img fetchpriority=\"high\" decoding=\"async\" class=\"alignnone size-large wp-image-5997\" src=\"https:\/\/alicjawegorzewska.com\/wp-content\/uploads\/2025\/10\/4-1024x577.png\" alt=\"\" width=\"1024\" height=\"577\" srcset=\"https:\/\/alicjawegorzewska.com\/wp-content\/uploads\/2025\/10\/4-1024x577.png 1024w, https:\/\/alicjawegorzewska.com\/wp-content\/uploads\/2025\/10\/4-300x169.png 300w, https:\/\/alicjawegorzewska.com\/wp-content\/uploads\/2025\/10\/4-768x433.png 768w, https:\/\/alicjawegorzewska.com\/wp-content\/uploads\/2025\/10\/4-1536x865.png 1536w, https:\/\/alicjawegorzewska.com\/wp-content\/uploads\/2025\/10\/4-600x338.png 600w, https:\/\/alicjawegorzewska.com\/wp-content\/uploads\/2025\/10\/4.png 1640w\" sizes=\"(max-width: 1024px) 100vw, 1024px\" \/><\/a><\/p>\n<p data-start=\"1792\" data-end=\"1997\"><a href=\"https:\/\/alicjawegorzewska.com\/index.php\/carmen-opera-slaska\/\" target=\"_blank\" rel=\"noopener\"><img decoding=\"async\" class=\"alignnone size-full wp-image-6114\" src=\"https:\/\/alicjawegorzewska.com\/wp-content\/uploads\/2025\/10\/Carmen-Opera-Slaska.png\" alt=\"\" width=\"1025\" height=\"578\" srcset=\"https:\/\/alicjawegorzewska.com\/wp-content\/uploads\/2025\/10\/Carmen-Opera-Slaska.png 1025w, https:\/\/alicjawegorzewska.com\/wp-content\/uploads\/2025\/10\/Carmen-Opera-Slaska-300x169.png 300w, https:\/\/alicjawegorzewska.com\/wp-content\/uploads\/2025\/10\/Carmen-Opera-Slaska-768x433.png 768w, https:\/\/alicjawegorzewska.com\/wp-content\/uploads\/2025\/10\/Carmen-Opera-Slaska-600x338.png 600w\" sizes=\"(max-width: 1025px) 100vw, 1025px\" \/><\/a><\/p>\n<p data-start=\"1792\" data-end=\"1997\"><a href=\"https:\/\/alicjawegorzewska.com\/index.php\/carmen-szczecin\/\" target=\"_blank\" rel=\"noopener\"><img decoding=\"async\" class=\"alignnone size-large wp-image-5996\" src=\"https:\/\/alicjawegorzewska.com\/wp-content\/uploads\/2025\/10\/3-1024x577.png\" alt=\"\" width=\"1024\" height=\"577\" srcset=\"https:\/\/alicjawegorzewska.com\/wp-content\/uploads\/2025\/10\/3-1024x577.png 1024w, https:\/\/alicjawegorzewska.com\/wp-content\/uploads\/2025\/10\/3-300x169.png 300w, https:\/\/alicjawegorzewska.com\/wp-content\/uploads\/2025\/10\/3-768x433.png 768w, https:\/\/alicjawegorzewska.com\/wp-content\/uploads\/2025\/10\/3-1536x865.png 1536w, https:\/\/alicjawegorzewska.com\/wp-content\/uploads\/2025\/10\/3-600x338.png 600w, https:\/\/alicjawegorzewska.com\/wp-content\/uploads\/2025\/10\/3.png 1640w\" sizes=\"(max-width: 1024px) 100vw, 1024px\" \/><\/a><\/p>\n<p data-start=\"1792\" data-end=\"1997\"><a href=\"https:\/\/alicjawegorzewska.com\/index.php\/carmen-warszawa\/\" target=\"_blank\" rel=\"noopener\"><img loading=\"lazy\" decoding=\"async\" class=\"alignnone size-large wp-image-5995\" src=\"https:\/\/alicjawegorzewska.com\/wp-content\/uploads\/2025\/10\/2-1024x577.png\" alt=\"\" width=\"1024\" height=\"577\" srcset=\"https:\/\/alicjawegorzewska.com\/wp-content\/uploads\/2025\/10\/2-1024x577.png 1024w, https:\/\/alicjawegorzewska.com\/wp-content\/uploads\/2025\/10\/2-300x169.png 300w, https:\/\/alicjawegorzewska.com\/wp-content\/uploads\/2025\/10\/2-768x433.png 768w, https:\/\/alicjawegorzewska.com\/wp-content\/uploads\/2025\/10\/2-1536x865.png 1536w, https:\/\/alicjawegorzewska.com\/wp-content\/uploads\/2025\/10\/2-600x338.png 600w, https:\/\/alicjawegorzewska.com\/wp-content\/uploads\/2025\/10\/2.png 1640w\" sizes=\"(max-width: 1024px) 100vw, 1024px\" \/><\/a><\/p>\n<p data-start=\"1792\" data-end=\"1997\"><img loading=\"lazy\" decoding=\"async\" class=\"alignnone size-large wp-image-5998\" src=\"https:\/\/alicjawegorzewska.com\/wp-content\/uploads\/2025\/10\/5-1024x577.png\" alt=\"\" width=\"1024\" height=\"577\" srcset=\"https:\/\/alicjawegorzewska.com\/wp-content\/uploads\/2025\/10\/5-1024x577.png 1024w, https:\/\/alicjawegorzewska.com\/wp-content\/uploads\/2025\/10\/5-300x169.png 300w, https:\/\/alicjawegorzewska.com\/wp-content\/uploads\/2025\/10\/5-768x433.png 768w, https:\/\/alicjawegorzewska.com\/wp-content\/uploads\/2025\/10\/5-1536x865.png 1536w, https:\/\/alicjawegorzewska.com\/wp-content\/uploads\/2025\/10\/5-600x338.png 600w, https:\/\/alicjawegorzewska.com\/wp-content\/uploads\/2025\/10\/5.png 1640w\" sizes=\"(max-width: 1024px) 100vw, 1024px\" \/><\/p>\n","protected":false},"excerpt":{"rendered":"<p>Carmen. George Bizet Za co kocham rol\u0119 Carmen ?Carmen to kobieta, kt\u00f3rej nie da si\u0119 poskromi\u0107 \u2014 ani przez m\u0119\u017cczyzn, ani przez los. Kocham j\u0105&hellip; <\/p>\n","protected":false},"author":3,"featured_media":0,"parent":0,"menu_order":0,"comment_status":"closed","ping_status":"closed","template":"","meta":{"ngg_post_thumbnail":0,"footnotes":""},"class_list":["post-5990","page","type-page","status-publish","hentry"],"yoast_head":"<!-- This site is optimized with the Yoast SEO plugin v25.9 - https:\/\/yoast.com\/wordpress\/plugins\/seo\/ -->\n<title>Carmen - Alicja W\u0119gorzewska<\/title>\n<meta name=\"robots\" content=\"index, follow, max-snippet:-1, max-image-preview:large, max-video-preview:-1\" \/>\n<link rel=\"canonical\" href=\"https:\/\/alicjawegorzewska.com\/index.php\/carmen\/\" \/>\n<meta property=\"og:locale\" content=\"pl_PL\" \/>\n<meta property=\"og:type\" content=\"article\" \/>\n<meta property=\"og:title\" content=\"Carmen - Alicja W\u0119gorzewska\" \/>\n<meta property=\"og:description\" content=\"Carmen. George Bizet Za co kocham rol\u0119 Carmen ?Carmen to kobieta, kt\u00f3rej nie da si\u0119 poskromi\u0107 \u2014 ani przez m\u0119\u017cczyzn, ani przez los. Kocham j\u0105&hellip;\" \/>\n<meta property=\"og:url\" content=\"https:\/\/alicjawegorzewska.com\/index.php\/carmen\/\" \/>\n<meta property=\"og:site_name\" content=\"Alicja W\u0119gorzewska\" \/>\n<meta property=\"article:modified_time\" content=\"2025-11-08T06:48:58+00:00\" \/>\n<meta property=\"og:image\" content=\"https:\/\/alicjawegorzewska.com\/wp-content\/uploads\/2025\/10\/4-1024x577.png\" \/>\n<meta name=\"twitter:card\" content=\"summary_large_image\" \/>\n<meta name=\"twitter:label1\" content=\"Szacowany czas czytania\" \/>\n\t<meta name=\"twitter:data1\" content=\"3 minuty\" \/>\n<script type=\"application\/ld+json\" class=\"yoast-schema-graph\">{\"@context\":\"https:\/\/schema.org\",\"@graph\":[{\"@type\":\"WebPage\",\"@id\":\"https:\/\/alicjawegorzewska.com\/index.php\/carmen\/\",\"url\":\"https:\/\/alicjawegorzewska.com\/index.php\/carmen\/\",\"name\":\"Carmen - Alicja W\u0119gorzewska\",\"isPartOf\":{\"@id\":\"https:\/\/alicjawegorzewska.com\/#website\"},\"primaryImageOfPage\":{\"@id\":\"https:\/\/alicjawegorzewska.com\/index.php\/carmen\/#primaryimage\"},\"image\":{\"@id\":\"https:\/\/alicjawegorzewska.com\/index.php\/carmen\/#primaryimage\"},\"thumbnailUrl\":\"https:\/\/alicjawegorzewska.com\/wp-content\/uploads\/2025\/10\/4-1024x577.png\",\"datePublished\":\"2025-10-13T18:03:40+00:00\",\"dateModified\":\"2025-11-08T06:48:58+00:00\",\"breadcrumb\":{\"@id\":\"https:\/\/alicjawegorzewska.com\/index.php\/carmen\/#breadcrumb\"},\"inLanguage\":\"pl-PL\",\"potentialAction\":[{\"@type\":\"ReadAction\",\"target\":[\"https:\/\/alicjawegorzewska.com\/index.php\/carmen\/\"]}]},{\"@type\":\"ImageObject\",\"inLanguage\":\"pl-PL\",\"@id\":\"https:\/\/alicjawegorzewska.com\/index.php\/carmen\/#primaryimage\",\"url\":\"https:\/\/alicjawegorzewska.com\/wp-content\/uploads\/2025\/10\/4.png\",\"contentUrl\":\"https:\/\/alicjawegorzewska.com\/wp-content\/uploads\/2025\/10\/4.png\",\"width\":1640,\"height\":924},{\"@type\":\"BreadcrumbList\",\"@id\":\"https:\/\/alicjawegorzewska.com\/index.php\/carmen\/#breadcrumb\",\"itemListElement\":[{\"@type\":\"ListItem\",\"position\":1,\"name\":\"Strona g\u0142\u00f3wna\",\"item\":\"https:\/\/alicjawegorzewska.com\/\"},{\"@type\":\"ListItem\",\"position\":2,\"name\":\"Carmen\"}]},{\"@type\":\"WebSite\",\"@id\":\"https:\/\/alicjawegorzewska.com\/#website\",\"url\":\"https:\/\/alicjawegorzewska.com\/\",\"name\":\"Alicja W\u0119gorzewska\",\"description\":\"Strona oficjalna\",\"publisher\":{\"@id\":\"https:\/\/alicjawegorzewska.com\/#\/schema\/person\/7468c1c1d69a9b6e8db3fe1964cd9dcb\"},\"potentialAction\":[{\"@type\":\"SearchAction\",\"target\":{\"@type\":\"EntryPoint\",\"urlTemplate\":\"https:\/\/alicjawegorzewska.com\/?s={search_term_string}\"},\"query-input\":{\"@type\":\"PropertyValueSpecification\",\"valueRequired\":true,\"valueName\":\"search_term_string\"}}],\"inLanguage\":\"pl-PL\"},{\"@type\":[\"Person\",\"Organization\"],\"@id\":\"https:\/\/alicjawegorzewska.com\/#\/schema\/person\/7468c1c1d69a9b6e8db3fe1964cd9dcb\",\"name\":\"Alicja W\u0119gorzewska-Whiskerd\",\"image\":{\"@type\":\"ImageObject\",\"inLanguage\":\"pl-PL\",\"@id\":\"https:\/\/alicjawegorzewska.com\/#\/schema\/person\/image\/\",\"url\":\"https:\/\/alicjawegorzewska.com\/wp-content\/uploads\/2019\/10\/AW-2.png\",\"contentUrl\":\"https:\/\/alicjawegorzewska.com\/wp-content\/uploads\/2019\/10\/AW-2.png\",\"width\":500,\"height\":500,\"caption\":\"Alicja W\u0119gorzewska-Whiskerd\"},\"logo\":{\"@id\":\"https:\/\/alicjawegorzewska.com\/#\/schema\/person\/image\/\"}}]}<\/script>\n<!-- \/ Yoast SEO plugin. -->","yoast_head_json":{"title":"Carmen - Alicja W\u0119gorzewska","robots":{"index":"index","follow":"follow","max-snippet":"max-snippet:-1","max-image-preview":"max-image-preview:large","max-video-preview":"max-video-preview:-1"},"canonical":"https:\/\/alicjawegorzewska.com\/index.php\/carmen\/","og_locale":"pl_PL","og_type":"article","og_title":"Carmen - Alicja W\u0119gorzewska","og_description":"Carmen. George Bizet Za co kocham rol\u0119 Carmen ?Carmen to kobieta, kt\u00f3rej nie da si\u0119 poskromi\u0107 \u2014 ani przez m\u0119\u017cczyzn, ani przez los. Kocham j\u0105&hellip;","og_url":"https:\/\/alicjawegorzewska.com\/index.php\/carmen\/","og_site_name":"Alicja W\u0119gorzewska","article_modified_time":"2025-11-08T06:48:58+00:00","og_image":[{"url":"https:\/\/alicjawegorzewska.com\/wp-content\/uploads\/2025\/10\/4-1024x577.png","type":"","width":"","height":""}],"twitter_card":"summary_large_image","twitter_misc":{"Szacowany czas czytania":"3 minuty"},"schema":{"@context":"https:\/\/schema.org","@graph":[{"@type":"WebPage","@id":"https:\/\/alicjawegorzewska.com\/index.php\/carmen\/","url":"https:\/\/alicjawegorzewska.com\/index.php\/carmen\/","name":"Carmen - Alicja W\u0119gorzewska","isPartOf":{"@id":"https:\/\/alicjawegorzewska.com\/#website"},"primaryImageOfPage":{"@id":"https:\/\/alicjawegorzewska.com\/index.php\/carmen\/#primaryimage"},"image":{"@id":"https:\/\/alicjawegorzewska.com\/index.php\/carmen\/#primaryimage"},"thumbnailUrl":"https:\/\/alicjawegorzewska.com\/wp-content\/uploads\/2025\/10\/4-1024x577.png","datePublished":"2025-10-13T18:03:40+00:00","dateModified":"2025-11-08T06:48:58+00:00","breadcrumb":{"@id":"https:\/\/alicjawegorzewska.com\/index.php\/carmen\/#breadcrumb"},"inLanguage":"pl-PL","potentialAction":[{"@type":"ReadAction","target":["https:\/\/alicjawegorzewska.com\/index.php\/carmen\/"]}]},{"@type":"ImageObject","inLanguage":"pl-PL","@id":"https:\/\/alicjawegorzewska.com\/index.php\/carmen\/#primaryimage","url":"https:\/\/alicjawegorzewska.com\/wp-content\/uploads\/2025\/10\/4.png","contentUrl":"https:\/\/alicjawegorzewska.com\/wp-content\/uploads\/2025\/10\/4.png","width":1640,"height":924},{"@type":"BreadcrumbList","@id":"https:\/\/alicjawegorzewska.com\/index.php\/carmen\/#breadcrumb","itemListElement":[{"@type":"ListItem","position":1,"name":"Strona g\u0142\u00f3wna","item":"https:\/\/alicjawegorzewska.com\/"},{"@type":"ListItem","position":2,"name":"Carmen"}]},{"@type":"WebSite","@id":"https:\/\/alicjawegorzewska.com\/#website","url":"https:\/\/alicjawegorzewska.com\/","name":"Alicja W\u0119gorzewska","description":"Strona oficjalna","publisher":{"@id":"https:\/\/alicjawegorzewska.com\/#\/schema\/person\/7468c1c1d69a9b6e8db3fe1964cd9dcb"},"potentialAction":[{"@type":"SearchAction","target":{"@type":"EntryPoint","urlTemplate":"https:\/\/alicjawegorzewska.com\/?s={search_term_string}"},"query-input":{"@type":"PropertyValueSpecification","valueRequired":true,"valueName":"search_term_string"}}],"inLanguage":"pl-PL"},{"@type":["Person","Organization"],"@id":"https:\/\/alicjawegorzewska.com\/#\/schema\/person\/7468c1c1d69a9b6e8db3fe1964cd9dcb","name":"Alicja W\u0119gorzewska-Whiskerd","image":{"@type":"ImageObject","inLanguage":"pl-PL","@id":"https:\/\/alicjawegorzewska.com\/#\/schema\/person\/image\/","url":"https:\/\/alicjawegorzewska.com\/wp-content\/uploads\/2019\/10\/AW-2.png","contentUrl":"https:\/\/alicjawegorzewska.com\/wp-content\/uploads\/2019\/10\/AW-2.png","width":500,"height":500,"caption":"Alicja W\u0119gorzewska-Whiskerd"},"logo":{"@id":"https:\/\/alicjawegorzewska.com\/#\/schema\/person\/image\/"}}]}},"jetpack_sharing_enabled":true,"_links":{"self":[{"href":"https:\/\/alicjawegorzewska.com\/index.php\/wp-json\/wp\/v2\/pages\/5990","targetHints":{"allow":["GET"]}}],"collection":[{"href":"https:\/\/alicjawegorzewska.com\/index.php\/wp-json\/wp\/v2\/pages"}],"about":[{"href":"https:\/\/alicjawegorzewska.com\/index.php\/wp-json\/wp\/v2\/types\/page"}],"author":[{"embeddable":true,"href":"https:\/\/alicjawegorzewska.com\/index.php\/wp-json\/wp\/v2\/users\/3"}],"replies":[{"embeddable":true,"href":"https:\/\/alicjawegorzewska.com\/index.php\/wp-json\/wp\/v2\/comments?post=5990"}],"version-history":[{"count":19,"href":"https:\/\/alicjawegorzewska.com\/index.php\/wp-json\/wp\/v2\/pages\/5990\/revisions"}],"predecessor-version":[{"id":7051,"href":"https:\/\/alicjawegorzewska.com\/index.php\/wp-json\/wp\/v2\/pages\/5990\/revisions\/7051"}],"wp:attachment":[{"href":"https:\/\/alicjawegorzewska.com\/index.php\/wp-json\/wp\/v2\/media?parent=5990"}],"curies":[{"name":"wp","href":"https:\/\/api.w.org\/{rel}","templated":true}]}}