{"id":5620,"date":"2020-10-31T12:58:50","date_gmt":"2020-10-31T11:58:50","guid":{"rendered":"https:\/\/alicjawegorzewska.com\/?page_id=5620"},"modified":"2020-10-31T13:11:18","modified_gmt":"2020-10-31T12:11:18","slug":"tanga-swiata","status":"publish","type":"page","link":"https:\/\/alicjawegorzewska.com\/index.php\/tanga-swiata\/","title":{"rendered":"Tanga \u015awiata"},"content":{"rendered":"<p><img fetchpriority=\"high\" decoding=\"async\" class=\"alignnone size-large wp-image-5615\" src=\"https:\/\/alicjawegorzewska.com\/wp-content\/uploads\/2020\/10\/TangaSwiata_AW_digipack_DRUK_OK-1-1024x449.jpg\" alt=\"\" width=\"1024\" height=\"449\" srcset=\"https:\/\/alicjawegorzewska.com\/wp-content\/uploads\/2020\/10\/TangaSwiata_AW_digipack_DRUK_OK-1-1024x449.jpg 1024w, https:\/\/alicjawegorzewska.com\/wp-content\/uploads\/2020\/10\/TangaSwiata_AW_digipack_DRUK_OK-1-300x132.jpg 300w, https:\/\/alicjawegorzewska.com\/wp-content\/uploads\/2020\/10\/TangaSwiata_AW_digipack_DRUK_OK-1-768x337.jpg 768w, https:\/\/alicjawegorzewska.com\/wp-content\/uploads\/2020\/10\/TangaSwiata_AW_digipack_DRUK_OK-1-1536x673.jpg 1536w, https:\/\/alicjawegorzewska.com\/wp-content\/uploads\/2020\/10\/TangaSwiata_AW_digipack_DRUK_OK-1-2048x898.jpg 2048w, https:\/\/alicjawegorzewska.com\/wp-content\/uploads\/2020\/10\/TangaSwiata_AW_digipack_DRUK_OK-1-1320x579.jpg 1320w, https:\/\/alicjawegorzewska.com\/wp-content\/uploads\/2020\/10\/TangaSwiata_AW_digipack_DRUK_OK-1-600x263.jpg 600w\" sizes=\"(max-width: 1024px) 100vw, 1024px\" \/><\/p>\n<div class=\"su-spacer\" style=\"height:20px\"><\/div>\n<div>\u00a0 \u00a01. &#8222;<strong>Jestem Maria de Buenos Aires<\/strong>&#8221; (muz. Astor Piazzolla, s\u0142. Horacio Ferrer, s\u0142. pol. Romano\u0142akowski) [3:43]<\/div>\n<div>\u00a0 \u00a02. &#8222;<strong>Graj skrzypku graj<\/strong>&#8221; (muz. W\u0142adys\u0142aw Lidauer, s\u0142. Stanis\u0142aw Zdrojewski) [3:48]<\/div>\n<div>\u00a0 \u00a03. &#8222;<strong>Mi Mancherai<\/strong>&#8221; (muz. Luis Bacalov, s\u0142. Marco Marinangeli) [3:37]<\/div>\n<div>\u00a0 \u00a04. &#8222;<strong>Rebeka<\/strong>&#8221; (muz. Zygmunt Bia\u0142ostocki, s\u0142. Andrzej W\u0142ast) [4:51]<\/div>\n<div>\u00a0 \u00a05. &#8222;<strong>Oblivion \/ Una Sombra Mas<\/strong>&#8221; (muz. Astor Piazzolla, s\u0142. Ambra Fossati, s\u0142.pol. Anna Burzy\u0144ska) [5:05]<\/div>\n<div>\u00a0 \u00a06. &#8222;<strong>Szcz\u0119\u015bcie raz si\u0119 u\u015bmiecha<\/strong>&#8221; (muz. Henryk Wars, s\u0142. Emanuel Szlechter) [3:20]<\/div>\n<div>\u00a0 \u00a07. &#8222;<strong>La voce del silenzio<\/strong>&#8221; (muz. Amelio Isola, s\u0142. Paolo Limiti, Giulio\u00a0Rapetti Mogol) [3:19]<\/div>\n<div>\u00a0 \u00a08. &#8222;<strong>Gdzie s\u0105 kwiaty<\/strong>&#8221; (muz. i s\u0142. Peter Seeger, s\u0142.pol. Wanda Sieradzka) \u00a0[3:49]<\/div>\n<div>\u00a0 \u00a09. &#8222;<strong>Warszawo ma \/ Miasteczko Be\u0142z<\/strong>&#8221; (muz. Aleksander Olshanetsky, s\u0142. Jacob Jacobs, s\u0142.pol. Ludwik Starski i Agnieszka Osiecka) [3:39]<\/div>\n<div>\u00a0 \u00a010. &#8222;<strong>Ave Maria<\/strong>&#8221; (muz. Astor Piazzolla, s\u0142. tradycyjne) [5:37]<\/div>\n<div><div class=\"su-spacer\" style=\"height:20px\"><\/div><\/div>\n<div><\/div>\n<div><strong>Wykonawcy:<\/strong><\/div>\n<div><div class=\"su-spacer\" style=\"height:20px\"><\/div><\/div>\n<div>*<strong>Alicja W\u0119gorzewska*<\/strong> &#8211; wokal (1-10)<\/div>\n<div>*<strong>Placido Domingo Jr*<\/strong> &#8211; wokal (3,5,7)<\/div>\n<div><strong>*TANGO ATTACK* w sk\u0142adzie:<\/strong><\/div>\n<div>\u00a0 \u00a0&#8211; *Grzegorz Bo\u017cewicz* &#8211; bandoneon (1-10)<\/div>\n<div>\u00a0 \u00a0&#8211; *Piotr Malicki* &#8211; gitary (1-10)<\/div>\n<div>\u00a0 \u00a0&#8211; *Hadrian Filip Tab\u0119cki* &#8211; fortepian (1-10)<\/div>\n<div><div class=\"su-spacer\" style=\"height:20px\"><\/div><\/div>\n<div><strong>oraz go\u015bcinnie:<\/strong><\/div>\n<div><div class=\"su-spacer\" style=\"height:20px\"><\/div><\/div>\n<div>\u00a0 \u00a0&#8211; *Karolina Nowotczy\u0144ska* &#8211; skrzypce (1-9)<\/div>\n<div>\u00a0 \u00a0&#8211; *Anna Konrad* &#8211; skrzypce (1-9)<\/div>\n<div>\u00a0 \u00a0&#8211; *Katarzyna Wierzbicka* &#8211; alt\u00f3wka (1-9)<\/div>\n<div>\u00a0 \u00a0&#8211; *Izabela Buchowska* &#8211; wiolonczela (1-9)<\/div>\n<div>\u00a0 \u00a0&#8211; *Marta Ma\u015blanka* &#8211; cymba\u0142y rzeszowskie (4 i 9)<\/div>\n<div>\u00a0 \u00a0&#8211; *Jan Hutek* &#8211; kontrabas (1-9)<\/div>\n<div>\u00a0 \u00a0&#8211; *Marcin Kami\u0144ski* &#8211; flet (1-9)<\/div>\n<div>\u00a0 \u00a0&#8211; *Pablo Mainetti* &#8211; bandoneon (2 i 6)<\/div>\n<div>\u00a0 \u00a0&#8211; *Piotr Ma\u015blanka* &#8211; perkusja (1-9)<\/div>\n<div><div class=\"su-spacer\" style=\"height:20px\"><\/div><\/div>\n<div><strong>Nagranie, mix i mastering<\/strong><\/div>\n<div>*Jaros\u0142aw Regulski **Studio Buffo*<\/div>\n<div><div class=\"su-spacer\" style=\"height:20px\"><\/div><\/div>\n<div><strong>Aran\u017cacje i produkcja muzyczna<\/strong><\/div>\n<div>*Hadrian Filip Tab\u0119cki*<\/div>\n<div><div class=\"su-spacer\" style=\"height:20px\"><\/div><\/div>\n<div><strong>ZREALIZOWANO ZE \u015aRODK\u00d3W FUNDACJI ORLEN<\/strong><\/div>\n<div><div class=\"su-spacer\" style=\"height:20px\"><\/div><\/div>\n<div><\/div>\n<div>Fundacja ORLEN dzia\u0142a ju\u017c od ponad 19 lat. Przekazujemy darowizny finansowe osobom chorym i potrzebuj\u0105cym, wspieramy lokalne spo\u0142eczno\u015bci poprzez programy grantowe i przyznajemy stypendia zdolnej m\u0142odzie\u017cy. Dbamy o zdrowie, bezpiecze\u0144stwo. Przekazujemy jednostkom stra\u017cy po\u017carnej darowizny na zakup sprz\u0119tu i wspieramy szpitale na terenie ca\u0142ej Polski. Anga\u017cujemy si\u0119 we wspieranie kultury i podtrzymywanie tradycji narodowej. Od 2019 Fundacja prowadzi te\u017c w Grupie ORLEN program wolontariatu pracowniczego. Od pocz\u0105tku swojego istnienia Fundacja otacza trosk\u0105 Rodzinne Domy Dziecka &#8211; wyj\u0105tkowe plac\u00f3wki, w kt\u00f3rych dzieci pokrzywdzone przez los odnajduj\u0105 ciep\u0142o i spok\u00f3j. Fundacja pomaga Rodzinnym Domom Dziecka kompleksowo: przekazuje darowizny na leczenie i rehabilitacj\u0119, ale te\u017c finansuje podstawowe potrzeby takie jak obiady w szkole czy wyprawki. Fundatorem Fundacji ORLEN jest Polski Koncern Naftowy ORLEN.<\/div>\n<div><\/div>\n<div>\n<p><a href=\"https:\/\/fundacja.orlen.pl\/PL\/Strony\/default.aspx\"><img decoding=\"async\" class=\"size-medium wp-image-5625\" src=\"https:\/\/alicjawegorzewska.com\/wp-content\/uploads\/2020\/10\/Fundacja-Orlen-logotyp-300x212.jpg\" alt=\"\" width=\"300\" height=\"212\" srcset=\"https:\/\/alicjawegorzewska.com\/wp-content\/uploads\/2020\/10\/Fundacja-Orlen-logotyp-300x212.jpg 300w, https:\/\/alicjawegorzewska.com\/wp-content\/uploads\/2020\/10\/Fundacja-Orlen-logotyp-1024x724.jpg 1024w, https:\/\/alicjawegorzewska.com\/wp-content\/uploads\/2020\/10\/Fundacja-Orlen-logotyp-768x543.jpg 768w, https:\/\/alicjawegorzewska.com\/wp-content\/uploads\/2020\/10\/Fundacja-Orlen-logotyp-1536x1086.jpg 1536w, https:\/\/alicjawegorzewska.com\/wp-content\/uploads\/2020\/10\/Fundacja-Orlen-logotyp-2048x1448.jpg 2048w, https:\/\/alicjawegorzewska.com\/wp-content\/uploads\/2020\/10\/Fundacja-Orlen-logotyp-1320x934.jpg 1320w, https:\/\/alicjawegorzewska.com\/wp-content\/uploads\/2020\/10\/Fundacja-Orlen-logotyp-600x424.jpg 600w\" sizes=\"(max-width: 300px) 100vw, 300px\" \/><\/a><\/p>\n<\/div>\n","protected":false},"excerpt":{"rendered":"<p>\u00a0 \u00a01. &#8222;Jestem Maria de Buenos Aires&#8221; (muz. Astor Piazzolla, s\u0142. Horacio Ferrer, s\u0142. pol. Romano\u0142akowski) [3:43] \u00a0 \u00a02. &#8222;Graj skrzypku graj&#8221; (muz. W\u0142adys\u0142aw Lidauer,&hellip; <\/p>\n","protected":false},"author":2,"featured_media":0,"parent":0,"menu_order":0,"comment_status":"closed","ping_status":"closed","template":"","meta":{"ngg_post_thumbnail":0,"footnotes":""},"class_list":["post-5620","page","type-page","status-publish","hentry"],"yoast_head":"<!-- This site is optimized with the Yoast SEO plugin v25.9 - https:\/\/yoast.com\/wordpress\/plugins\/seo\/ -->\n<title>Tanga \u015awiata - Alicja W\u0119gorzewska<\/title>\n<meta name=\"robots\" content=\"index, follow, max-snippet:-1, max-image-preview:large, max-video-preview:-1\" \/>\n<link rel=\"canonical\" href=\"https:\/\/alicjawegorzewska.com\/index.php\/tanga-swiata\/\" \/>\n<meta property=\"og:locale\" content=\"pl_PL\" \/>\n<meta property=\"og:type\" content=\"article\" \/>\n<meta property=\"og:title\" content=\"Tanga \u015awiata - Alicja W\u0119gorzewska\" \/>\n<meta property=\"og:description\" content=\"\u00a0 \u00a01. &#8222;Jestem Maria de Buenos Aires&#8221; (muz. Astor Piazzolla, s\u0142. Horacio Ferrer, s\u0142. pol. Romano\u0142akowski) [3:43] \u00a0 \u00a02. &#8222;Graj skrzypku graj&#8221; (muz. W\u0142adys\u0142aw Lidauer,&hellip;\" \/>\n<meta property=\"og:url\" content=\"https:\/\/alicjawegorzewska.com\/index.php\/tanga-swiata\/\" \/>\n<meta property=\"og:site_name\" content=\"Alicja W\u0119gorzewska\" \/>\n<meta property=\"article:modified_time\" content=\"2020-10-31T12:11:18+00:00\" \/>\n<meta property=\"og:image\" content=\"https:\/\/alicjawegorzewska.com\/wp-content\/uploads\/2020\/10\/TangaSwiata_AW_digipack_DRUK_OK-1-1024x449.jpg\" \/>\n<meta name=\"twitter:card\" content=\"summary_large_image\" \/>\n<meta name=\"twitter:label1\" content=\"Szacowany czas czytania\" \/>\n\t<meta name=\"twitter:data1\" content=\"2 minuty\" \/>\n<script type=\"application\/ld+json\" class=\"yoast-schema-graph\">{\"@context\":\"https:\/\/schema.org\",\"@graph\":[{\"@type\":\"WebPage\",\"@id\":\"https:\/\/alicjawegorzewska.com\/index.php\/tanga-swiata\/\",\"url\":\"https:\/\/alicjawegorzewska.com\/index.php\/tanga-swiata\/\",\"name\":\"Tanga \u015awiata - Alicja W\u0119gorzewska\",\"isPartOf\":{\"@id\":\"https:\/\/alicjawegorzewska.com\/#website\"},\"primaryImageOfPage\":{\"@id\":\"https:\/\/alicjawegorzewska.com\/index.php\/tanga-swiata\/#primaryimage\"},\"image\":{\"@id\":\"https:\/\/alicjawegorzewska.com\/index.php\/tanga-swiata\/#primaryimage\"},\"thumbnailUrl\":\"https:\/\/alicjawegorzewska.com\/wp-content\/uploads\/2020\/10\/TangaSwiata_AW_digipack_DRUK_OK-1-1024x449.jpg\",\"datePublished\":\"2020-10-31T11:58:50+00:00\",\"dateModified\":\"2020-10-31T12:11:18+00:00\",\"breadcrumb\":{\"@id\":\"https:\/\/alicjawegorzewska.com\/index.php\/tanga-swiata\/#breadcrumb\"},\"inLanguage\":\"pl-PL\",\"potentialAction\":[{\"@type\":\"ReadAction\",\"target\":[\"https:\/\/alicjawegorzewska.com\/index.php\/tanga-swiata\/\"]}]},{\"@type\":\"ImageObject\",\"inLanguage\":\"pl-PL\",\"@id\":\"https:\/\/alicjawegorzewska.com\/index.php\/tanga-swiata\/#primaryimage\",\"url\":\"https:\/\/alicjawegorzewska.com\/wp-content\/uploads\/2020\/10\/TangaSwiata_AW_digipack_DRUK_OK-1.jpg\",\"contentUrl\":\"https:\/\/alicjawegorzewska.com\/wp-content\/uploads\/2020\/10\/TangaSwiata_AW_digipack_DRUK_OK-1.jpg\",\"width\":2311,\"height\":1013},{\"@type\":\"BreadcrumbList\",\"@id\":\"https:\/\/alicjawegorzewska.com\/index.php\/tanga-swiata\/#breadcrumb\",\"itemListElement\":[{\"@type\":\"ListItem\",\"position\":1,\"name\":\"Strona g\u0142\u00f3wna\",\"item\":\"https:\/\/alicjawegorzewska.com\/\"},{\"@type\":\"ListItem\",\"position\":2,\"name\":\"Tanga \u015awiata\"}]},{\"@type\":\"WebSite\",\"@id\":\"https:\/\/alicjawegorzewska.com\/#website\",\"url\":\"https:\/\/alicjawegorzewska.com\/\",\"name\":\"Alicja W\u0119gorzewska\",\"description\":\"Strona oficjalna\",\"publisher\":{\"@id\":\"https:\/\/alicjawegorzewska.com\/#\/schema\/person\/7468c1c1d69a9b6e8db3fe1964cd9dcb\"},\"potentialAction\":[{\"@type\":\"SearchAction\",\"target\":{\"@type\":\"EntryPoint\",\"urlTemplate\":\"https:\/\/alicjawegorzewska.com\/?s={search_term_string}\"},\"query-input\":{\"@type\":\"PropertyValueSpecification\",\"valueRequired\":true,\"valueName\":\"search_term_string\"}}],\"inLanguage\":\"pl-PL\"},{\"@type\":[\"Person\",\"Organization\"],\"@id\":\"https:\/\/alicjawegorzewska.com\/#\/schema\/person\/7468c1c1d69a9b6e8db3fe1964cd9dcb\",\"name\":\"Alicja W\u0119gorzewska-Whiskerd\",\"image\":{\"@type\":\"ImageObject\",\"inLanguage\":\"pl-PL\",\"@id\":\"https:\/\/alicjawegorzewska.com\/#\/schema\/person\/image\/\",\"url\":\"https:\/\/alicjawegorzewska.com\/wp-content\/uploads\/2019\/10\/AW-2.png\",\"contentUrl\":\"https:\/\/alicjawegorzewska.com\/wp-content\/uploads\/2019\/10\/AW-2.png\",\"width\":500,\"height\":500,\"caption\":\"Alicja W\u0119gorzewska-Whiskerd\"},\"logo\":{\"@id\":\"https:\/\/alicjawegorzewska.com\/#\/schema\/person\/image\/\"}}]}<\/script>\n<!-- \/ Yoast SEO plugin. -->","yoast_head_json":{"title":"Tanga \u015awiata - Alicja W\u0119gorzewska","robots":{"index":"index","follow":"follow","max-snippet":"max-snippet:-1","max-image-preview":"max-image-preview:large","max-video-preview":"max-video-preview:-1"},"canonical":"https:\/\/alicjawegorzewska.com\/index.php\/tanga-swiata\/","og_locale":"pl_PL","og_type":"article","og_title":"Tanga \u015awiata - Alicja W\u0119gorzewska","og_description":"\u00a0 \u00a01. &#8222;Jestem Maria de Buenos Aires&#8221; (muz. Astor Piazzolla, s\u0142. Horacio Ferrer, s\u0142. pol. Romano\u0142akowski) [3:43] \u00a0 \u00a02. &#8222;Graj skrzypku graj&#8221; (muz. W\u0142adys\u0142aw Lidauer,&hellip;","og_url":"https:\/\/alicjawegorzewska.com\/index.php\/tanga-swiata\/","og_site_name":"Alicja W\u0119gorzewska","article_modified_time":"2020-10-31T12:11:18+00:00","og_image":[{"url":"https:\/\/alicjawegorzewska.com\/wp-content\/uploads\/2020\/10\/TangaSwiata_AW_digipack_DRUK_OK-1-1024x449.jpg","type":"","width":"","height":""}],"twitter_card":"summary_large_image","twitter_misc":{"Szacowany czas czytania":"2 minuty"},"schema":{"@context":"https:\/\/schema.org","@graph":[{"@type":"WebPage","@id":"https:\/\/alicjawegorzewska.com\/index.php\/tanga-swiata\/","url":"https:\/\/alicjawegorzewska.com\/index.php\/tanga-swiata\/","name":"Tanga \u015awiata - Alicja W\u0119gorzewska","isPartOf":{"@id":"https:\/\/alicjawegorzewska.com\/#website"},"primaryImageOfPage":{"@id":"https:\/\/alicjawegorzewska.com\/index.php\/tanga-swiata\/#primaryimage"},"image":{"@id":"https:\/\/alicjawegorzewska.com\/index.php\/tanga-swiata\/#primaryimage"},"thumbnailUrl":"https:\/\/alicjawegorzewska.com\/wp-content\/uploads\/2020\/10\/TangaSwiata_AW_digipack_DRUK_OK-1-1024x449.jpg","datePublished":"2020-10-31T11:58:50+00:00","dateModified":"2020-10-31T12:11:18+00:00","breadcrumb":{"@id":"https:\/\/alicjawegorzewska.com\/index.php\/tanga-swiata\/#breadcrumb"},"inLanguage":"pl-PL","potentialAction":[{"@type":"ReadAction","target":["https:\/\/alicjawegorzewska.com\/index.php\/tanga-swiata\/"]}]},{"@type":"ImageObject","inLanguage":"pl-PL","@id":"https:\/\/alicjawegorzewska.com\/index.php\/tanga-swiata\/#primaryimage","url":"https:\/\/alicjawegorzewska.com\/wp-content\/uploads\/2020\/10\/TangaSwiata_AW_digipack_DRUK_OK-1.jpg","contentUrl":"https:\/\/alicjawegorzewska.com\/wp-content\/uploads\/2020\/10\/TangaSwiata_AW_digipack_DRUK_OK-1.jpg","width":2311,"height":1013},{"@type":"BreadcrumbList","@id":"https:\/\/alicjawegorzewska.com\/index.php\/tanga-swiata\/#breadcrumb","itemListElement":[{"@type":"ListItem","position":1,"name":"Strona g\u0142\u00f3wna","item":"https:\/\/alicjawegorzewska.com\/"},{"@type":"ListItem","position":2,"name":"Tanga \u015awiata"}]},{"@type":"WebSite","@id":"https:\/\/alicjawegorzewska.com\/#website","url":"https:\/\/alicjawegorzewska.com\/","name":"Alicja W\u0119gorzewska","description":"Strona oficjalna","publisher":{"@id":"https:\/\/alicjawegorzewska.com\/#\/schema\/person\/7468c1c1d69a9b6e8db3fe1964cd9dcb"},"potentialAction":[{"@type":"SearchAction","target":{"@type":"EntryPoint","urlTemplate":"https:\/\/alicjawegorzewska.com\/?s={search_term_string}"},"query-input":{"@type":"PropertyValueSpecification","valueRequired":true,"valueName":"search_term_string"}}],"inLanguage":"pl-PL"},{"@type":["Person","Organization"],"@id":"https:\/\/alicjawegorzewska.com\/#\/schema\/person\/7468c1c1d69a9b6e8db3fe1964cd9dcb","name":"Alicja W\u0119gorzewska-Whiskerd","image":{"@type":"ImageObject","inLanguage":"pl-PL","@id":"https:\/\/alicjawegorzewska.com\/#\/schema\/person\/image\/","url":"https:\/\/alicjawegorzewska.com\/wp-content\/uploads\/2019\/10\/AW-2.png","contentUrl":"https:\/\/alicjawegorzewska.com\/wp-content\/uploads\/2019\/10\/AW-2.png","width":500,"height":500,"caption":"Alicja W\u0119gorzewska-Whiskerd"},"logo":{"@id":"https:\/\/alicjawegorzewska.com\/#\/schema\/person\/image\/"}}]}},"jetpack_sharing_enabled":true,"_links":{"self":[{"href":"https:\/\/alicjawegorzewska.com\/index.php\/wp-json\/wp\/v2\/pages\/5620","targetHints":{"allow":["GET"]}}],"collection":[{"href":"https:\/\/alicjawegorzewska.com\/index.php\/wp-json\/wp\/v2\/pages"}],"about":[{"href":"https:\/\/alicjawegorzewska.com\/index.php\/wp-json\/wp\/v2\/types\/page"}],"author":[{"embeddable":true,"href":"https:\/\/alicjawegorzewska.com\/index.php\/wp-json\/wp\/v2\/users\/2"}],"replies":[{"embeddable":true,"href":"https:\/\/alicjawegorzewska.com\/index.php\/wp-json\/wp\/v2\/comments?post=5620"}],"version-history":[{"count":7,"href":"https:\/\/alicjawegorzewska.com\/index.php\/wp-json\/wp\/v2\/pages\/5620\/revisions"}],"predecessor-version":[{"id":5629,"href":"https:\/\/alicjawegorzewska.com\/index.php\/wp-json\/wp\/v2\/pages\/5620\/revisions\/5629"}],"wp:attachment":[{"href":"https:\/\/alicjawegorzewska.com\/index.php\/wp-json\/wp\/v2\/media?parent=5620"}],"curies":[{"name":"wp","href":"https:\/\/api.w.org\/{rel}","templated":true}]}}