{"id":5591,"date":"2020-05-14T07:34:31","date_gmt":"2020-05-14T05:34:31","guid":{"rendered":"https:\/\/alicjawegorzewska.com\/?page_id=5591"},"modified":"2025-09-17T19:27:30","modified_gmt":"2025-09-17T17:27:30","slug":"santo-subito","status":"publish","type":"page","link":"https:\/\/alicjawegorzewska.com\/index.php\/santo-subito\/","title":{"rendered":"Santo Subito"},"content":{"rendered":"<p style=\"text-align: justify;\">Z okazji 100 lecia urodzin Wielkiego Polaka Ojca \u015awi\u0119tego Jana Paw\u0142a II, Fundacja Alicji W\u0119gorzewskiej StartSmart wyda\u0142a p\u0142yt\u0119 z Hymnem Santo Subito.<\/p>\n<p>P\u0142yt\u0119 wydano<span class=\"text_exposed_show\"> dzi\u0119ki Partnerom i Sponsorom wydarzenia: Polregio Sp. z o.o. ; Sante A. Kowalski Sp.j. ; Grupa Energa.<br \/>\nS\u0142owa do Hymnu Santo Subito napisa\u0142 Krzysztof Cezary Buszman, muzyk\u0119 skomponowa\u0142 Bogdan Kierejsza. <\/span><\/p>\n<p>&nbsp;<\/p>\n<p><img fetchpriority=\"high\" decoding=\"async\" class=\"alignnone wp-image-5592 size-full\" src=\"https:\/\/alicjawegorzewska.com\/wp-content\/uploads\/2020\/05\/SANTO-OKLADKA-2.jpg\" alt=\"\" width=\"987\" height=\"481\" srcset=\"https:\/\/alicjawegorzewska.com\/wp-content\/uploads\/2020\/05\/SANTO-OKLADKA-2.jpg 987w, https:\/\/alicjawegorzewska.com\/wp-content\/uploads\/2020\/05\/SANTO-OKLADKA-2-300x146.jpg 300w, https:\/\/alicjawegorzewska.com\/wp-content\/uploads\/2020\/05\/SANTO-OKLADKA-2-768x374.jpg 768w, https:\/\/alicjawegorzewska.com\/wp-content\/uploads\/2020\/05\/SANTO-OKLADKA-2-600x292.jpg 600w\" sizes=\"(max-width: 987px) 100vw, 987px\" \/><\/p>\n<p>&nbsp;<\/p>\n<p style=\"text-align: justify;\">\n<p style=\"text-align: justify;\">\n<table style=\"border-collapse: collapse; width: 100%;\">\n<tbody>\n<tr>\n<td style=\"width: 33.3333%;\"><\/td>\n<td style=\"width: 33.3333%;\"><\/td>\n<td style=\"width: 33.3333%;\"><\/td>\n<\/tr>\n<\/tbody>\n<\/table>\n<table style=\"border-collapse: collapse; width: 100%;\">\n<tbody>\n<tr>\n<td style=\"width: 50%;\"><\/td>\n<td style=\"width: 50%;\"><\/td>\n<\/tr>\n<\/tbody>\n<\/table>\n","protected":false},"excerpt":{"rendered":"<p>Z okazji 100 lecia urodzin Wielkiego Polaka Ojca \u015awi\u0119tego Jana Paw\u0142a II, Fundacja Alicji W\u0119gorzewskiej StartSmart wyda\u0142a p\u0142yt\u0119 z Hymnem Santo Subito. P\u0142yt\u0119 wydano dzi\u0119ki&hellip; <\/p>\n","protected":false},"author":2,"featured_media":0,"parent":0,"menu_order":0,"comment_status":"closed","ping_status":"closed","template":"","meta":{"ngg_post_thumbnail":0,"footnotes":""},"class_list":["post-5591","page","type-page","status-publish","hentry"],"yoast_head":"<!-- This site is optimized with the Yoast SEO plugin v25.9 - https:\/\/yoast.com\/wordpress\/plugins\/seo\/ -->\n<title>Santo Subito - Alicja W\u0119gorzewska<\/title>\n<meta name=\"robots\" content=\"index, follow, max-snippet:-1, max-image-preview:large, max-video-preview:-1\" \/>\n<link rel=\"canonical\" href=\"https:\/\/alicjawegorzewska.com\/index.php\/santo-subito\/\" \/>\n<meta property=\"og:locale\" content=\"pl_PL\" \/>\n<meta property=\"og:type\" content=\"article\" \/>\n<meta property=\"og:title\" content=\"Santo Subito - Alicja W\u0119gorzewska\" \/>\n<meta property=\"og:description\" content=\"Z okazji 100 lecia urodzin Wielkiego Polaka Ojca \u015awi\u0119tego Jana Paw\u0142a II, Fundacja Alicji W\u0119gorzewskiej StartSmart wyda\u0142a p\u0142yt\u0119 z Hymnem Santo Subito. P\u0142yt\u0119 wydano dzi\u0119ki&hellip;\" \/>\n<meta property=\"og:url\" content=\"https:\/\/alicjawegorzewska.com\/index.php\/santo-subito\/\" \/>\n<meta property=\"og:site_name\" content=\"Alicja W\u0119gorzewska\" \/>\n<meta property=\"article:modified_time\" content=\"2025-09-17T17:27:30+00:00\" \/>\n<meta property=\"og:image\" content=\"https:\/\/alicjawegorzewska.com\/wp-content\/uploads\/2020\/05\/SANTO-OKLADKA-2.jpg\" \/>\n<meta name=\"twitter:card\" content=\"summary_large_image\" \/>\n<meta name=\"twitter:label1\" content=\"Szacowany czas czytania\" \/>\n\t<meta name=\"twitter:data1\" content=\"1 minuta\" \/>\n<script type=\"application\/ld+json\" class=\"yoast-schema-graph\">{\"@context\":\"https:\/\/schema.org\",\"@graph\":[{\"@type\":\"WebPage\",\"@id\":\"https:\/\/alicjawegorzewska.com\/index.php\/santo-subito\/\",\"url\":\"https:\/\/alicjawegorzewska.com\/index.php\/santo-subito\/\",\"name\":\"Santo Subito - Alicja W\u0119gorzewska\",\"isPartOf\":{\"@id\":\"https:\/\/alicjawegorzewska.com\/#website\"},\"primaryImageOfPage\":{\"@id\":\"https:\/\/alicjawegorzewska.com\/index.php\/santo-subito\/#primaryimage\"},\"image\":{\"@id\":\"https:\/\/alicjawegorzewska.com\/index.php\/santo-subito\/#primaryimage\"},\"thumbnailUrl\":\"https:\/\/alicjawegorzewska.com\/wp-content\/uploads\/2020\/05\/SANTO-OKLADKA-2.jpg\",\"datePublished\":\"2020-05-14T05:34:31+00:00\",\"dateModified\":\"2025-09-17T17:27:30+00:00\",\"breadcrumb\":{\"@id\":\"https:\/\/alicjawegorzewska.com\/index.php\/santo-subito\/#breadcrumb\"},\"inLanguage\":\"pl-PL\",\"potentialAction\":[{\"@type\":\"ReadAction\",\"target\":[\"https:\/\/alicjawegorzewska.com\/index.php\/santo-subito\/\"]}]},{\"@type\":\"ImageObject\",\"inLanguage\":\"pl-PL\",\"@id\":\"https:\/\/alicjawegorzewska.com\/index.php\/santo-subito\/#primaryimage\",\"url\":\"https:\/\/alicjawegorzewska.com\/wp-content\/uploads\/2020\/05\/SANTO-OKLADKA-2.jpg\",\"contentUrl\":\"https:\/\/alicjawegorzewska.com\/wp-content\/uploads\/2020\/05\/SANTO-OKLADKA-2.jpg\",\"width\":987,\"height\":481},{\"@type\":\"BreadcrumbList\",\"@id\":\"https:\/\/alicjawegorzewska.com\/index.php\/santo-subito\/#breadcrumb\",\"itemListElement\":[{\"@type\":\"ListItem\",\"position\":1,\"name\":\"Strona g\u0142\u00f3wna\",\"item\":\"https:\/\/alicjawegorzewska.com\/\"},{\"@type\":\"ListItem\",\"position\":2,\"name\":\"Santo Subito\"}]},{\"@type\":\"WebSite\",\"@id\":\"https:\/\/alicjawegorzewska.com\/#website\",\"url\":\"https:\/\/alicjawegorzewska.com\/\",\"name\":\"Alicja W\u0119gorzewska\",\"description\":\"Strona oficjalna\",\"publisher\":{\"@id\":\"https:\/\/alicjawegorzewska.com\/#\/schema\/person\/7468c1c1d69a9b6e8db3fe1964cd9dcb\"},\"potentialAction\":[{\"@type\":\"SearchAction\",\"target\":{\"@type\":\"EntryPoint\",\"urlTemplate\":\"https:\/\/alicjawegorzewska.com\/?s={search_term_string}\"},\"query-input\":{\"@type\":\"PropertyValueSpecification\",\"valueRequired\":true,\"valueName\":\"search_term_string\"}}],\"inLanguage\":\"pl-PL\"},{\"@type\":[\"Person\",\"Organization\"],\"@id\":\"https:\/\/alicjawegorzewska.com\/#\/schema\/person\/7468c1c1d69a9b6e8db3fe1964cd9dcb\",\"name\":\"Alicja W\u0119gorzewska-Whiskerd\",\"image\":{\"@type\":\"ImageObject\",\"inLanguage\":\"pl-PL\",\"@id\":\"https:\/\/alicjawegorzewska.com\/#\/schema\/person\/image\/\",\"url\":\"https:\/\/alicjawegorzewska.com\/wp-content\/uploads\/2019\/10\/AW-2.png\",\"contentUrl\":\"https:\/\/alicjawegorzewska.com\/wp-content\/uploads\/2019\/10\/AW-2.png\",\"width\":500,\"height\":500,\"caption\":\"Alicja W\u0119gorzewska-Whiskerd\"},\"logo\":{\"@id\":\"https:\/\/alicjawegorzewska.com\/#\/schema\/person\/image\/\"}}]}<\/script>\n<!-- \/ Yoast SEO plugin. -->","yoast_head_json":{"title":"Santo Subito - Alicja W\u0119gorzewska","robots":{"index":"index","follow":"follow","max-snippet":"max-snippet:-1","max-image-preview":"max-image-preview:large","max-video-preview":"max-video-preview:-1"},"canonical":"https:\/\/alicjawegorzewska.com\/index.php\/santo-subito\/","og_locale":"pl_PL","og_type":"article","og_title":"Santo Subito - Alicja W\u0119gorzewska","og_description":"Z okazji 100 lecia urodzin Wielkiego Polaka Ojca \u015awi\u0119tego Jana Paw\u0142a II, Fundacja Alicji W\u0119gorzewskiej StartSmart wyda\u0142a p\u0142yt\u0119 z Hymnem Santo Subito. P\u0142yt\u0119 wydano dzi\u0119ki&hellip;","og_url":"https:\/\/alicjawegorzewska.com\/index.php\/santo-subito\/","og_site_name":"Alicja W\u0119gorzewska","article_modified_time":"2025-09-17T17:27:30+00:00","og_image":[{"url":"https:\/\/alicjawegorzewska.com\/wp-content\/uploads\/2020\/05\/SANTO-OKLADKA-2.jpg","type":"","width":"","height":""}],"twitter_card":"summary_large_image","twitter_misc":{"Szacowany czas czytania":"1 minuta"},"schema":{"@context":"https:\/\/schema.org","@graph":[{"@type":"WebPage","@id":"https:\/\/alicjawegorzewska.com\/index.php\/santo-subito\/","url":"https:\/\/alicjawegorzewska.com\/index.php\/santo-subito\/","name":"Santo Subito - Alicja W\u0119gorzewska","isPartOf":{"@id":"https:\/\/alicjawegorzewska.com\/#website"},"primaryImageOfPage":{"@id":"https:\/\/alicjawegorzewska.com\/index.php\/santo-subito\/#primaryimage"},"image":{"@id":"https:\/\/alicjawegorzewska.com\/index.php\/santo-subito\/#primaryimage"},"thumbnailUrl":"https:\/\/alicjawegorzewska.com\/wp-content\/uploads\/2020\/05\/SANTO-OKLADKA-2.jpg","datePublished":"2020-05-14T05:34:31+00:00","dateModified":"2025-09-17T17:27:30+00:00","breadcrumb":{"@id":"https:\/\/alicjawegorzewska.com\/index.php\/santo-subito\/#breadcrumb"},"inLanguage":"pl-PL","potentialAction":[{"@type":"ReadAction","target":["https:\/\/alicjawegorzewska.com\/index.php\/santo-subito\/"]}]},{"@type":"ImageObject","inLanguage":"pl-PL","@id":"https:\/\/alicjawegorzewska.com\/index.php\/santo-subito\/#primaryimage","url":"https:\/\/alicjawegorzewska.com\/wp-content\/uploads\/2020\/05\/SANTO-OKLADKA-2.jpg","contentUrl":"https:\/\/alicjawegorzewska.com\/wp-content\/uploads\/2020\/05\/SANTO-OKLADKA-2.jpg","width":987,"height":481},{"@type":"BreadcrumbList","@id":"https:\/\/alicjawegorzewska.com\/index.php\/santo-subito\/#breadcrumb","itemListElement":[{"@type":"ListItem","position":1,"name":"Strona g\u0142\u00f3wna","item":"https:\/\/alicjawegorzewska.com\/"},{"@type":"ListItem","position":2,"name":"Santo Subito"}]},{"@type":"WebSite","@id":"https:\/\/alicjawegorzewska.com\/#website","url":"https:\/\/alicjawegorzewska.com\/","name":"Alicja W\u0119gorzewska","description":"Strona oficjalna","publisher":{"@id":"https:\/\/alicjawegorzewska.com\/#\/schema\/person\/7468c1c1d69a9b6e8db3fe1964cd9dcb"},"potentialAction":[{"@type":"SearchAction","target":{"@type":"EntryPoint","urlTemplate":"https:\/\/alicjawegorzewska.com\/?s={search_term_string}"},"query-input":{"@type":"PropertyValueSpecification","valueRequired":true,"valueName":"search_term_string"}}],"inLanguage":"pl-PL"},{"@type":["Person","Organization"],"@id":"https:\/\/alicjawegorzewska.com\/#\/schema\/person\/7468c1c1d69a9b6e8db3fe1964cd9dcb","name":"Alicja W\u0119gorzewska-Whiskerd","image":{"@type":"ImageObject","inLanguage":"pl-PL","@id":"https:\/\/alicjawegorzewska.com\/#\/schema\/person\/image\/","url":"https:\/\/alicjawegorzewska.com\/wp-content\/uploads\/2019\/10\/AW-2.png","contentUrl":"https:\/\/alicjawegorzewska.com\/wp-content\/uploads\/2019\/10\/AW-2.png","width":500,"height":500,"caption":"Alicja W\u0119gorzewska-Whiskerd"},"logo":{"@id":"https:\/\/alicjawegorzewska.com\/#\/schema\/person\/image\/"}}]}},"jetpack_sharing_enabled":true,"_links":{"self":[{"href":"https:\/\/alicjawegorzewska.com\/index.php\/wp-json\/wp\/v2\/pages\/5591","targetHints":{"allow":["GET"]}}],"collection":[{"href":"https:\/\/alicjawegorzewska.com\/index.php\/wp-json\/wp\/v2\/pages"}],"about":[{"href":"https:\/\/alicjawegorzewska.com\/index.php\/wp-json\/wp\/v2\/types\/page"}],"author":[{"embeddable":true,"href":"https:\/\/alicjawegorzewska.com\/index.php\/wp-json\/wp\/v2\/users\/2"}],"replies":[{"embeddable":true,"href":"https:\/\/alicjawegorzewska.com\/index.php\/wp-json\/wp\/v2\/comments?post=5591"}],"version-history":[{"count":9,"href":"https:\/\/alicjawegorzewska.com\/index.php\/wp-json\/wp\/v2\/pages\/5591\/revisions"}],"predecessor-version":[{"id":5901,"href":"https:\/\/alicjawegorzewska.com\/index.php\/wp-json\/wp\/v2\/pages\/5591\/revisions\/5901"}],"wp:attachment":[{"href":"https:\/\/alicjawegorzewska.com\/index.php\/wp-json\/wp\/v2\/media?parent=5591"}],"curies":[{"name":"wp","href":"https:\/\/api.w.org\/{rel}","templated":true}]}}