{"id":5573,"date":"2020-03-13T18:23:50","date_gmt":"2020-03-13T17:23:50","guid":{"rendered":"https:\/\/alicjawegorzewska.com\/?page_id=5573"},"modified":"2020-03-13T18:23:50","modified_gmt":"2020-03-13T17:23:50","slug":"i-colori-dell-amore-2","status":"publish","type":"page","link":"https:\/\/alicjawegorzewska.com\/index.php\/i-colori-dell-amore-2\/","title":{"rendered":"I Colori Dell\u2019 Amore"},"content":{"rendered":"<p><img fetchpriority=\"high\" decoding=\"async\" class=\"alignnone size-full wp-image-5574\" src=\"https:\/\/alicjawegorzewska.com\/wp-content\/uploads\/2020\/03\/Wegorzewska-Plyta-300x300.jpg\" alt=\"\" width=\"300\" height=\"300\" srcset=\"https:\/\/alicjawegorzewska.com\/wp-content\/uploads\/2020\/03\/Wegorzewska-Plyta-300x300.jpg 300w, https:\/\/alicjawegorzewska.com\/wp-content\/uploads\/2020\/03\/Wegorzewska-Plyta-300x300-100x100.jpg 100w, https:\/\/alicjawegorzewska.com\/wp-content\/uploads\/2020\/03\/Wegorzewska-Plyta-300x300-150x150.jpg 150w, https:\/\/alicjawegorzewska.com\/wp-content\/uploads\/2020\/03\/Wegorzewska-Plyta-300x300-75x75.jpg 75w\" sizes=\"(max-width: 300px) 100vw, 300px\" \/><img decoding=\"async\" class=\"alignnone size-full wp-image-5575\" src=\"https:\/\/alicjawegorzewska.com\/wp-content\/uploads\/2020\/03\/91SKqa6lfBL._AC_SL1500_-300x271.jpg\" alt=\"\" width=\"300\" height=\"271\" \/><\/p>\n<p><strong>Rok wydania<\/strong>: 2014<br \/>\n<strong>Wydawca<\/strong>: Sony<br \/>\n<strong>Wykonawcy<\/strong>: Alicja W\u0119gorzewska<br \/>\n<strong>Aran\u017cacje<\/strong>: Tomasz Szymu\u015b<br \/>\n<strong>Autorzy Utwor\u00f3w:\u00a0<\/strong>Alicja W\u0119gorzewska ( s\u0142owa ), Bogdan Kierejsza, Tomasz Betka,\u00a0Anna Kornelia Aberg,J. Lindberg, Frederic Kempe.<br \/>\n<strong>Realizacja: Rafa\u0142 Smole\u0144<br \/>\n<\/strong><strong>Mastering:\u00a0<\/strong>Bob Katz<br \/>\n<strong>Dystrybutor:\u00a0<\/strong>Sony<br \/>\n<strong>Numer katalogowy:<\/strong>88843036752<\/p>\n<p>\u201cBrzmi \u015bwietnie! To konkurencja na poziomie Bocellego i Brightman.\u201d(Bob Katz*)<\/p>\n<p>*Bob Katz, trzykrotny zdobywca nagrody Grammy za mastering i jeden z najbardziej uznanych specjalist\u00f3w na \u015bwiecie w tej dziedzinie (wsp\u00f3\u0142pracowa\u0142 m.in. z Wyntonem Marsalisem, Whoopi Goldberg, Stevem Hackettem i Emmylou Harris).<\/p>\n<p>Alicja W\u0119gorzewska potrafi marzy\u0107 i spe\u0142nia\u0107 swoje marzenia. Jako studentka Akademii Muzycznej w Warszawie p\u0142aka\u0142a s\u0142uchaj\u0105c arii \u201cCasta Diva\u201d z opery \u201cNorma\u201d Belliniego w wykonaniu Marii Callas. \u015apiewa\u0142a partie Carmen, Hrabiny w \u201cDamie pikowej\u201d Czajkowskiego, Orfeusza w \u201cOrfeuszu i Eurydyce\u201d Glucka oraz Lukrecji w \u201cGwa\u0142cie na Lukrecji\u201d Brittena. Wyst\u0119powa\u0142a na presti\u017cowych scenach takich jak berli\u0144ski Konzerthaus czy Concertgebouw w Amsterdamie. \u015apiewa\u0142a w koncertach galowych, ale jej dyskografia by\u0142a skromna, zaledwie 3 p\u0142yty. Zadziwi\u0142a monodramem \u201cDiva For Rent\u201d opowiadaj\u0105c o tajnikach opery w przyst\u0119pny spos\u00f3b.<\/p>\n<p>Wreszcie postanowi\u0142a zrealizowa\u0107 kolejne marzenie. Nagra\u0107 album, kt\u00f3rym b\u0119dzie mog\u0142a pochwali\u0107 si\u0119 Davidowi Fosterowi, najlepszemu z producent\u00f3w. Napisa\u0142a w\u0142oskie teksty, bo to niezwykle \u015bpiewny j\u0119zyk, do kompozycji m.in. Bogdana Kierejszy i Tomasza Betki. Cz\u0119\u015b\u0107 piosenek napisa\u0142a Anna Kornelia Aberg wraz z J. Lindbergiem a tak\u017ce Frederic Kempe , kt\u00f3ry komponuje dla szwedzkiej Divy Maleny Ernman, a jego utwory \u015bpiewa tak\u017ce sama Anna Netrebko! Teksty opowiadaj\u0105 o \u017cyciu, rodzinie, mi\u0142o\u015bci i wa\u017cnych osobach w \u017cyciu Pani Alicji. Dzi\u0119ki jej interpretacjom, w niebanalnej, popowo-klasycznej produkcji i w ciekawych aran\u017cacjach Tomka Szymusia oraz perfekcyjnie zrealizowanej muzyce, piosenki zapadaj\u0105 w pami\u0119\u0107 i powoduj\u0105, \u017ce nie mo\u017cna przesta\u0107 ich nuci\u0107.<\/p>\n<p>Album zrealizowa\u0142 Rafa\u0142 Smole\u0144 w studiu Sound &amp; More. Masteringu dokona\u0142 legendarny Bob Katz, mistrz naturalnego i efektownego brzmienia. W nagraniu wzi\u0119\u0142o udzia\u0142 wielu znakomitych muzyk\u00f3w sesyjnych. \u201cI colori dell\u2019amore\u201d to produkcja na najlepszym \u015bwiatowym poziomie!<\/p>\n<p><strong>Spis utwor\u00f3w<\/strong><\/p>\n<p>1. Venezia<br \/>\n2. Mi Manchi<br \/>\n3. Margherita<br \/>\n4. La musica<br \/>\n5. Dentro di me<br \/>\n6. Nella Vita<br \/>\n7. Caruso<br \/>\n8. La storia di una notte<br \/>\n9. Mamma<br \/>\n10. 1 Giugno<br \/>\n11. Liberta<br \/>\n12. Perche<\/p>\n","protected":false},"excerpt":{"rendered":"<p>Rok wydania: 2014 Wydawca: Sony Wykonawcy: Alicja W\u0119gorzewska Aran\u017cacje: Tomasz Szymu\u015b Autorzy Utwor\u00f3w:\u00a0Alicja W\u0119gorzewska ( s\u0142owa ), Bogdan Kierejsza, Tomasz Betka,\u00a0Anna Kornelia Aberg,J. Lindberg, Frederic&hellip; <\/p>\n","protected":false},"author":2,"featured_media":0,"parent":0,"menu_order":0,"comment_status":"closed","ping_status":"closed","template":"","meta":{"ngg_post_thumbnail":0,"footnotes":""},"class_list":["post-5573","page","type-page","status-publish","hentry"],"yoast_head":"<!-- This site is optimized with the Yoast SEO plugin v25.9 - https:\/\/yoast.com\/wordpress\/plugins\/seo\/ -->\n<title>I Colori Dell\u2019 Amore - Alicja W\u0119gorzewska<\/title>\n<meta name=\"robots\" content=\"index, follow, max-snippet:-1, max-image-preview:large, max-video-preview:-1\" \/>\n<link rel=\"canonical\" href=\"https:\/\/alicjawegorzewska.com\/index.php\/i-colori-dell-amore-2\/\" \/>\n<meta property=\"og:locale\" content=\"pl_PL\" \/>\n<meta property=\"og:type\" content=\"article\" \/>\n<meta property=\"og:title\" content=\"I Colori Dell\u2019 Amore - Alicja W\u0119gorzewska\" \/>\n<meta property=\"og:description\" content=\"Rok wydania: 2014 Wydawca: Sony Wykonawcy: Alicja W\u0119gorzewska Aran\u017cacje: Tomasz Szymu\u015b Autorzy Utwor\u00f3w:\u00a0Alicja W\u0119gorzewska ( s\u0142owa ), Bogdan Kierejsza, Tomasz Betka,\u00a0Anna Kornelia Aberg,J. Lindberg, Frederic&hellip;\" \/>\n<meta property=\"og:url\" content=\"https:\/\/alicjawegorzewska.com\/index.php\/i-colori-dell-amore-2\/\" \/>\n<meta property=\"og:site_name\" content=\"Alicja W\u0119gorzewska\" \/>\n<meta property=\"og:image\" content=\"https:\/\/alicjawegorzewska.com\/wp-content\/uploads\/2020\/03\/Wegorzewska-Plyta-300x300.jpg\" \/>\n<meta name=\"twitter:card\" content=\"summary_large_image\" \/>\n<meta name=\"twitter:label1\" content=\"Szacowany czas czytania\" \/>\n\t<meta name=\"twitter:data1\" content=\"2 minuty\" \/>\n<script type=\"application\/ld+json\" class=\"yoast-schema-graph\">{\"@context\":\"https:\/\/schema.org\",\"@graph\":[{\"@type\":\"WebPage\",\"@id\":\"https:\/\/alicjawegorzewska.com\/index.php\/i-colori-dell-amore-2\/\",\"url\":\"https:\/\/alicjawegorzewska.com\/index.php\/i-colori-dell-amore-2\/\",\"name\":\"I Colori Dell\u2019 Amore - Alicja W\u0119gorzewska\",\"isPartOf\":{\"@id\":\"https:\/\/alicjawegorzewska.com\/#website\"},\"primaryImageOfPage\":{\"@id\":\"https:\/\/alicjawegorzewska.com\/index.php\/i-colori-dell-amore-2\/#primaryimage\"},\"image\":{\"@id\":\"https:\/\/alicjawegorzewska.com\/index.php\/i-colori-dell-amore-2\/#primaryimage\"},\"thumbnailUrl\":\"https:\/\/alicjawegorzewska.com\/wp-content\/uploads\/2020\/03\/Wegorzewska-Plyta-300x300.jpg\",\"datePublished\":\"2020-03-13T17:23:50+00:00\",\"breadcrumb\":{\"@id\":\"https:\/\/alicjawegorzewska.com\/index.php\/i-colori-dell-amore-2\/#breadcrumb\"},\"inLanguage\":\"pl-PL\",\"potentialAction\":[{\"@type\":\"ReadAction\",\"target\":[\"https:\/\/alicjawegorzewska.com\/index.php\/i-colori-dell-amore-2\/\"]}]},{\"@type\":\"ImageObject\",\"inLanguage\":\"pl-PL\",\"@id\":\"https:\/\/alicjawegorzewska.com\/index.php\/i-colori-dell-amore-2\/#primaryimage\",\"url\":\"https:\/\/alicjawegorzewska.com\/wp-content\/uploads\/2020\/03\/Wegorzewska-Plyta-300x300.jpg\",\"contentUrl\":\"https:\/\/alicjawegorzewska.com\/wp-content\/uploads\/2020\/03\/Wegorzewska-Plyta-300x300.jpg\"},{\"@type\":\"BreadcrumbList\",\"@id\":\"https:\/\/alicjawegorzewska.com\/index.php\/i-colori-dell-amore-2\/#breadcrumb\",\"itemListElement\":[{\"@type\":\"ListItem\",\"position\":1,\"name\":\"Strona g\u0142\u00f3wna\",\"item\":\"https:\/\/alicjawegorzewska.com\/\"},{\"@type\":\"ListItem\",\"position\":2,\"name\":\"I Colori Dell\u2019 Amore\"}]},{\"@type\":\"WebSite\",\"@id\":\"https:\/\/alicjawegorzewska.com\/#website\",\"url\":\"https:\/\/alicjawegorzewska.com\/\",\"name\":\"Alicja W\u0119gorzewska\",\"description\":\"Strona oficjalna\",\"publisher\":{\"@id\":\"https:\/\/alicjawegorzewska.com\/#\/schema\/person\/7468c1c1d69a9b6e8db3fe1964cd9dcb\"},\"potentialAction\":[{\"@type\":\"SearchAction\",\"target\":{\"@type\":\"EntryPoint\",\"urlTemplate\":\"https:\/\/alicjawegorzewska.com\/?s={search_term_string}\"},\"query-input\":{\"@type\":\"PropertyValueSpecification\",\"valueRequired\":true,\"valueName\":\"search_term_string\"}}],\"inLanguage\":\"pl-PL\"},{\"@type\":[\"Person\",\"Organization\"],\"@id\":\"https:\/\/alicjawegorzewska.com\/#\/schema\/person\/7468c1c1d69a9b6e8db3fe1964cd9dcb\",\"name\":\"Alicja W\u0119gorzewska-Whiskerd\",\"image\":{\"@type\":\"ImageObject\",\"inLanguage\":\"pl-PL\",\"@id\":\"https:\/\/alicjawegorzewska.com\/#\/schema\/person\/image\/\",\"url\":\"https:\/\/alicjawegorzewska.com\/wp-content\/uploads\/2019\/10\/AW-2.png\",\"contentUrl\":\"https:\/\/alicjawegorzewska.com\/wp-content\/uploads\/2019\/10\/AW-2.png\",\"width\":500,\"height\":500,\"caption\":\"Alicja W\u0119gorzewska-Whiskerd\"},\"logo\":{\"@id\":\"https:\/\/alicjawegorzewska.com\/#\/schema\/person\/image\/\"}}]}<\/script>\n<!-- \/ Yoast SEO plugin. -->","yoast_head_json":{"title":"I Colori Dell\u2019 Amore - Alicja W\u0119gorzewska","robots":{"index":"index","follow":"follow","max-snippet":"max-snippet:-1","max-image-preview":"max-image-preview:large","max-video-preview":"max-video-preview:-1"},"canonical":"https:\/\/alicjawegorzewska.com\/index.php\/i-colori-dell-amore-2\/","og_locale":"pl_PL","og_type":"article","og_title":"I Colori Dell\u2019 Amore - Alicja W\u0119gorzewska","og_description":"Rok wydania: 2014 Wydawca: Sony Wykonawcy: Alicja W\u0119gorzewska Aran\u017cacje: Tomasz Szymu\u015b Autorzy Utwor\u00f3w:\u00a0Alicja W\u0119gorzewska ( s\u0142owa ), Bogdan Kierejsza, Tomasz Betka,\u00a0Anna Kornelia Aberg,J. Lindberg, Frederic&hellip;","og_url":"https:\/\/alicjawegorzewska.com\/index.php\/i-colori-dell-amore-2\/","og_site_name":"Alicja W\u0119gorzewska","og_image":[{"url":"https:\/\/alicjawegorzewska.com\/wp-content\/uploads\/2020\/03\/Wegorzewska-Plyta-300x300.jpg","type":"","width":"","height":""}],"twitter_card":"summary_large_image","twitter_misc":{"Szacowany czas czytania":"2 minuty"},"schema":{"@context":"https:\/\/schema.org","@graph":[{"@type":"WebPage","@id":"https:\/\/alicjawegorzewska.com\/index.php\/i-colori-dell-amore-2\/","url":"https:\/\/alicjawegorzewska.com\/index.php\/i-colori-dell-amore-2\/","name":"I Colori Dell\u2019 Amore - Alicja W\u0119gorzewska","isPartOf":{"@id":"https:\/\/alicjawegorzewska.com\/#website"},"primaryImageOfPage":{"@id":"https:\/\/alicjawegorzewska.com\/index.php\/i-colori-dell-amore-2\/#primaryimage"},"image":{"@id":"https:\/\/alicjawegorzewska.com\/index.php\/i-colori-dell-amore-2\/#primaryimage"},"thumbnailUrl":"https:\/\/alicjawegorzewska.com\/wp-content\/uploads\/2020\/03\/Wegorzewska-Plyta-300x300.jpg","datePublished":"2020-03-13T17:23:50+00:00","breadcrumb":{"@id":"https:\/\/alicjawegorzewska.com\/index.php\/i-colori-dell-amore-2\/#breadcrumb"},"inLanguage":"pl-PL","potentialAction":[{"@type":"ReadAction","target":["https:\/\/alicjawegorzewska.com\/index.php\/i-colori-dell-amore-2\/"]}]},{"@type":"ImageObject","inLanguage":"pl-PL","@id":"https:\/\/alicjawegorzewska.com\/index.php\/i-colori-dell-amore-2\/#primaryimage","url":"https:\/\/alicjawegorzewska.com\/wp-content\/uploads\/2020\/03\/Wegorzewska-Plyta-300x300.jpg","contentUrl":"https:\/\/alicjawegorzewska.com\/wp-content\/uploads\/2020\/03\/Wegorzewska-Plyta-300x300.jpg"},{"@type":"BreadcrumbList","@id":"https:\/\/alicjawegorzewska.com\/index.php\/i-colori-dell-amore-2\/#breadcrumb","itemListElement":[{"@type":"ListItem","position":1,"name":"Strona g\u0142\u00f3wna","item":"https:\/\/alicjawegorzewska.com\/"},{"@type":"ListItem","position":2,"name":"I Colori Dell\u2019 Amore"}]},{"@type":"WebSite","@id":"https:\/\/alicjawegorzewska.com\/#website","url":"https:\/\/alicjawegorzewska.com\/","name":"Alicja W\u0119gorzewska","description":"Strona oficjalna","publisher":{"@id":"https:\/\/alicjawegorzewska.com\/#\/schema\/person\/7468c1c1d69a9b6e8db3fe1964cd9dcb"},"potentialAction":[{"@type":"SearchAction","target":{"@type":"EntryPoint","urlTemplate":"https:\/\/alicjawegorzewska.com\/?s={search_term_string}"},"query-input":{"@type":"PropertyValueSpecification","valueRequired":true,"valueName":"search_term_string"}}],"inLanguage":"pl-PL"},{"@type":["Person","Organization"],"@id":"https:\/\/alicjawegorzewska.com\/#\/schema\/person\/7468c1c1d69a9b6e8db3fe1964cd9dcb","name":"Alicja W\u0119gorzewska-Whiskerd","image":{"@type":"ImageObject","inLanguage":"pl-PL","@id":"https:\/\/alicjawegorzewska.com\/#\/schema\/person\/image\/","url":"https:\/\/alicjawegorzewska.com\/wp-content\/uploads\/2019\/10\/AW-2.png","contentUrl":"https:\/\/alicjawegorzewska.com\/wp-content\/uploads\/2019\/10\/AW-2.png","width":500,"height":500,"caption":"Alicja W\u0119gorzewska-Whiskerd"},"logo":{"@id":"https:\/\/alicjawegorzewska.com\/#\/schema\/person\/image\/"}}]}},"jetpack_sharing_enabled":true,"_links":{"self":[{"href":"https:\/\/alicjawegorzewska.com\/index.php\/wp-json\/wp\/v2\/pages\/5573","targetHints":{"allow":["GET"]}}],"collection":[{"href":"https:\/\/alicjawegorzewska.com\/index.php\/wp-json\/wp\/v2\/pages"}],"about":[{"href":"https:\/\/alicjawegorzewska.com\/index.php\/wp-json\/wp\/v2\/types\/page"}],"author":[{"embeddable":true,"href":"https:\/\/alicjawegorzewska.com\/index.php\/wp-json\/wp\/v2\/users\/2"}],"replies":[{"embeddable":true,"href":"https:\/\/alicjawegorzewska.com\/index.php\/wp-json\/wp\/v2\/comments?post=5573"}],"version-history":[{"count":1,"href":"https:\/\/alicjawegorzewska.com\/index.php\/wp-json\/wp\/v2\/pages\/5573\/revisions"}],"predecessor-version":[{"id":5576,"href":"https:\/\/alicjawegorzewska.com\/index.php\/wp-json\/wp\/v2\/pages\/5573\/revisions\/5576"}],"wp:attachment":[{"href":"https:\/\/alicjawegorzewska.com\/index.php\/wp-json\/wp\/v2\/media?parent=5573"}],"curies":[{"name":"wp","href":"https:\/\/api.w.org\/{rel}","templated":true}]}}