{"id":5568,"date":"2020-03-13T18:22:18","date_gmt":"2020-03-13T17:22:18","guid":{"rendered":"https:\/\/alicjawegorzewska.com\/?page_id=5568"},"modified":"2025-11-09T16:23:25","modified_gmt":"2025-11-09T15:23:25","slug":"polskie-koledy-2","status":"publish","type":"page","link":"https:\/\/alicjawegorzewska.com\/index.php\/polskie-koledy-2\/","title":{"rendered":"Polskie Kol\u0119dy"},"content":{"rendered":"<p><img fetchpriority=\"high\" decoding=\"async\" class=\"alignnone wp-image-5570\" src=\"https:\/\/alicjawegorzewska.com\/wp-content\/uploads\/2020\/03\/okladna-koledy-new.jpg\" alt=\"\" width=\"319\" height=\"287\" srcset=\"https:\/\/alicjawegorzewska.com\/wp-content\/uploads\/2020\/03\/okladna-koledy-new.jpg 535w, https:\/\/alicjawegorzewska.com\/wp-content\/uploads\/2020\/03\/okladna-koledy-new-300x269.jpg 300w\" sizes=\"(max-width: 319px) 100vw, 319px\" \/><img decoding=\"async\" class=\"alignnone wp-image-5569\" src=\"https:\/\/alicjawegorzewska.com\/wp-content\/uploads\/2020\/03\/Ok\u0142adka-300x263.jpg\" alt=\"\" width=\"324\" height=\"284\"><\/p>\n<p>&nbsp;<\/p>\n<p><strong>Rok wydania<\/strong>: 2014<br \/>\n<strong>Wydawca<\/strong>:&nbsp;Villa Arte<br \/>\n<strong>Wykonawcy<\/strong>: Alicja W\u0119gorzewska<br \/>\n<strong>Aran\u017cacje<\/strong>: Bogdan Kierejsza<\/p>\n<div class=\"tresc\">\n<p>Praca nad p\u0142yt\u0105 trwa\u0142a kilka miesi\u0119cy. Nowoczesne aran\u017cacje utwor\u00f3w napisa\u0142 wybitnie uzdolniony skrzypek i kompozytor \u2013 Bogdan Kierejsza. Bogate, orkiestrowe brzmienie kol\u0119d wsp\u00f3\u0142graj\u0105 z polskimi motywami polonez\u00f3w i kujawiak\u00f3w.<\/p>\n<p>\u2013 Kol\u0119dy by\u0142y w moim domu od zawsze \u2013 m\u00f3wi Alicja W\u0119gorzewska. \u2013 Pami\u0119tam, jak siadali\u015bmy przy stole wigilijnym z babci\u0105, kt\u00f3ra pochodzi\u0142a z Wilna i kol\u0119dowali\u015bmy. Du\u017co p\u00f3\u017aniej odkry\u0142am, \u017ce kol\u0119dy mog\u0105 by\u0107 fascynuj\u0105cym materia\u0142em muzycznym. Jaki\u015b czas temu zosta\u0142am zaproszona do Polsatu na du\u017c\u0105 gal\u0119 \u015bwi\u0105teczn\u0105. Na potrzeby tamtego spotkania powsta\u0142y pi\u0119kne aran\u017ce kol\u0119d, chwytaj\u0105ce za serce. S\u0105 to kol\u0119dy, kt\u00f3rych ka\u017cdy chcia\u0142by s\u0142ucha\u0107 w domu. Nie s\u0105 udziwnione, nie s\u0105 przekszta\u0142cone, tylko zachowuj\u0105 t\u0119 swoj\u0105 prostot\u0119, pi\u0119kno i elegancj\u0119. S\u0105 orkiestrowe, maj\u0105 niebanalne aran\u017cacje, w stylu Andrei Bocellego i Davida Fostera. Czaruj\u0105 swoim charakterem. Pos\u0142uchajcie\u2026<\/p>\n<p>Na albumie znalaz\u0142y si\u0119 najpi\u0119kniejsze i najs\u0142ynniejsze polskie kol\u0119dy, m.in. \u201cLulaj\u017ce Jezuniu\u201d, \u201cCicha Noc\u201d, \u201cW \u017c\u0142obie le\u017cy\u201d, \u201cW\u015br\u00f3d nocnej ciszy\u201d, w pi\u0119knych, tradycyjnych, orkiestrowych aran\u017cacjach.<\/p>\n<\/div>\n<p><strong>Spis utwor\u00f3w<\/strong><\/p>\n<p>1.Przybie\u017celi do Betlejem Pasterze<\/p>\n<p>2. W \u017c\u0142obie le\u017cy<\/p>\n<p>3. Lulaj\u017ce Jezuniu<\/p>\n<p>4. W\u015br\u00f3d nocnej ciszy<\/p>\n<p>5. Nie by\u0142o miejsca dla Ciebie<\/p>\n<p>6. Jezus Malusie\u0144ki<\/p>\n<p>7.Gdy \u015aliczna Panna<\/p>\n<p>8. Mizerna Cicha<\/p>\n<p>9.Oj Malu\u015bki Malu\u015bki<\/p>\n<p>10. Gdy si\u0119 Chrystus Rodzi<\/p>\n<p>11.Cicha Noc<\/p>\n<p>12. B\u00f3g si\u0119 Rodzi<\/p>\n<p>&nbsp;<\/p>\n<p><iframe title=\"Alicja W\u0119gorzewska Polskie Kol\u0119dy\" width=\"1333\" height=\"1000\" src=\"https:\/\/www.youtube.com\/embed\/QUPPhkJBxJU?feature=oembed\" frameborder=\"0\" allow=\"accelerometer; autoplay; clipboard-write; encrypted-media; gyroscope; picture-in-picture; web-share\" referrerpolicy=\"strict-origin-when-cross-origin\" allowfullscreen><\/iframe><\/p>\n","protected":false},"excerpt":{"rendered":"<p>&nbsp; Rok wydania: 2014 Wydawca:&nbsp;Villa Arte Wykonawcy: Alicja W\u0119gorzewska Aran\u017cacje: Bogdan Kierejsza Praca nad p\u0142yt\u0105 trwa\u0142a kilka miesi\u0119cy. Nowoczesne aran\u017cacje utwor\u00f3w napisa\u0142 wybitnie uzdolniony skrzypek&hellip; <\/p>\n","protected":false},"author":2,"featured_media":0,"parent":0,"menu_order":0,"comment_status":"closed","ping_status":"closed","template":"","meta":{"ngg_post_thumbnail":0,"footnotes":""},"class_list":["post-5568","page","type-page","status-publish","hentry"],"yoast_head":"<!-- This site is optimized with the Yoast SEO plugin v25.9 - https:\/\/yoast.com\/wordpress\/plugins\/seo\/ -->\n<title>Polskie Kol\u0119dy - Alicja W\u0119gorzewska<\/title>\n<meta name=\"robots\" content=\"index, follow, max-snippet:-1, max-image-preview:large, max-video-preview:-1\" \/>\n<link rel=\"canonical\" href=\"https:\/\/alicjawegorzewska.com\/index.php\/polskie-koledy-2\/\" \/>\n<meta property=\"og:locale\" content=\"pl_PL\" \/>\n<meta property=\"og:type\" content=\"article\" \/>\n<meta property=\"og:title\" content=\"Polskie Kol\u0119dy - Alicja W\u0119gorzewska\" \/>\n<meta property=\"og:description\" content=\"&nbsp; Rok wydania: 2014 Wydawca:&nbsp;Villa Arte Wykonawcy: Alicja W\u0119gorzewska Aran\u017cacje: Bogdan Kierejsza Praca nad p\u0142yt\u0105 trwa\u0142a kilka miesi\u0119cy. Nowoczesne aran\u017cacje utwor\u00f3w napisa\u0142 wybitnie uzdolniony skrzypek&hellip;\" \/>\n<meta property=\"og:url\" content=\"https:\/\/alicjawegorzewska.com\/index.php\/polskie-koledy-2\/\" \/>\n<meta property=\"og:site_name\" content=\"Alicja W\u0119gorzewska\" \/>\n<meta property=\"article:modified_time\" content=\"2025-11-09T15:23:25+00:00\" \/>\n<meta property=\"og:image\" content=\"https:\/\/alicjawegorzewska.com\/wp-content\/uploads\/2020\/03\/okladna-koledy-new.jpg\" \/>\n<meta name=\"twitter:card\" content=\"summary_large_image\" \/>\n<meta name=\"twitter:label1\" content=\"Szacowany czas czytania\" \/>\n\t<meta name=\"twitter:data1\" content=\"2 minuty\" \/>\n<script type=\"application\/ld+json\" class=\"yoast-schema-graph\">{\"@context\":\"https:\/\/schema.org\",\"@graph\":[{\"@type\":\"WebPage\",\"@id\":\"https:\/\/alicjawegorzewska.com\/index.php\/polskie-koledy-2\/\",\"url\":\"https:\/\/alicjawegorzewska.com\/index.php\/polskie-koledy-2\/\",\"name\":\"Polskie Kol\u0119dy - Alicja W\u0119gorzewska\",\"isPartOf\":{\"@id\":\"https:\/\/alicjawegorzewska.com\/#website\"},\"primaryImageOfPage\":{\"@id\":\"https:\/\/alicjawegorzewska.com\/index.php\/polskie-koledy-2\/#primaryimage\"},\"image\":{\"@id\":\"https:\/\/alicjawegorzewska.com\/index.php\/polskie-koledy-2\/#primaryimage\"},\"thumbnailUrl\":\"https:\/\/alicjawegorzewska.com\/wp-content\/uploads\/2020\/03\/okladna-koledy-new.jpg\",\"datePublished\":\"2020-03-13T17:22:18+00:00\",\"dateModified\":\"2025-11-09T15:23:25+00:00\",\"breadcrumb\":{\"@id\":\"https:\/\/alicjawegorzewska.com\/index.php\/polskie-koledy-2\/#breadcrumb\"},\"inLanguage\":\"pl-PL\",\"potentialAction\":[{\"@type\":\"ReadAction\",\"target\":[\"https:\/\/alicjawegorzewska.com\/index.php\/polskie-koledy-2\/\"]}]},{\"@type\":\"ImageObject\",\"inLanguage\":\"pl-PL\",\"@id\":\"https:\/\/alicjawegorzewska.com\/index.php\/polskie-koledy-2\/#primaryimage\",\"url\":\"https:\/\/alicjawegorzewska.com\/wp-content\/uploads\/2020\/03\/okladna-koledy-new.jpg\",\"contentUrl\":\"https:\/\/alicjawegorzewska.com\/wp-content\/uploads\/2020\/03\/okladna-koledy-new.jpg\",\"width\":535,\"height\":480},{\"@type\":\"BreadcrumbList\",\"@id\":\"https:\/\/alicjawegorzewska.com\/index.php\/polskie-koledy-2\/#breadcrumb\",\"itemListElement\":[{\"@type\":\"ListItem\",\"position\":1,\"name\":\"Strona g\u0142\u00f3wna\",\"item\":\"https:\/\/alicjawegorzewska.com\/\"},{\"@type\":\"ListItem\",\"position\":2,\"name\":\"Polskie Kol\u0119dy\"}]},{\"@type\":\"WebSite\",\"@id\":\"https:\/\/alicjawegorzewska.com\/#website\",\"url\":\"https:\/\/alicjawegorzewska.com\/\",\"name\":\"Alicja W\u0119gorzewska\",\"description\":\"Strona oficjalna\",\"publisher\":{\"@id\":\"https:\/\/alicjawegorzewska.com\/#\/schema\/person\/7468c1c1d69a9b6e8db3fe1964cd9dcb\"},\"potentialAction\":[{\"@type\":\"SearchAction\",\"target\":{\"@type\":\"EntryPoint\",\"urlTemplate\":\"https:\/\/alicjawegorzewska.com\/?s={search_term_string}\"},\"query-input\":{\"@type\":\"PropertyValueSpecification\",\"valueRequired\":true,\"valueName\":\"search_term_string\"}}],\"inLanguage\":\"pl-PL\"},{\"@type\":[\"Person\",\"Organization\"],\"@id\":\"https:\/\/alicjawegorzewska.com\/#\/schema\/person\/7468c1c1d69a9b6e8db3fe1964cd9dcb\",\"name\":\"Alicja W\u0119gorzewska-Whiskerd\",\"image\":{\"@type\":\"ImageObject\",\"inLanguage\":\"pl-PL\",\"@id\":\"https:\/\/alicjawegorzewska.com\/#\/schema\/person\/image\/\",\"url\":\"https:\/\/alicjawegorzewska.com\/wp-content\/uploads\/2019\/10\/AW-2.png\",\"contentUrl\":\"https:\/\/alicjawegorzewska.com\/wp-content\/uploads\/2019\/10\/AW-2.png\",\"width\":500,\"height\":500,\"caption\":\"Alicja W\u0119gorzewska-Whiskerd\"},\"logo\":{\"@id\":\"https:\/\/alicjawegorzewska.com\/#\/schema\/person\/image\/\"}}]}<\/script>\n<!-- \/ Yoast SEO plugin. -->","yoast_head_json":{"title":"Polskie Kol\u0119dy - Alicja W\u0119gorzewska","robots":{"index":"index","follow":"follow","max-snippet":"max-snippet:-1","max-image-preview":"max-image-preview:large","max-video-preview":"max-video-preview:-1"},"canonical":"https:\/\/alicjawegorzewska.com\/index.php\/polskie-koledy-2\/","og_locale":"pl_PL","og_type":"article","og_title":"Polskie Kol\u0119dy - Alicja W\u0119gorzewska","og_description":"&nbsp; Rok wydania: 2014 Wydawca:&nbsp;Villa Arte Wykonawcy: Alicja W\u0119gorzewska Aran\u017cacje: Bogdan Kierejsza Praca nad p\u0142yt\u0105 trwa\u0142a kilka miesi\u0119cy. Nowoczesne aran\u017cacje utwor\u00f3w napisa\u0142 wybitnie uzdolniony skrzypek&hellip;","og_url":"https:\/\/alicjawegorzewska.com\/index.php\/polskie-koledy-2\/","og_site_name":"Alicja W\u0119gorzewska","article_modified_time":"2025-11-09T15:23:25+00:00","og_image":[{"url":"https:\/\/alicjawegorzewska.com\/wp-content\/uploads\/2020\/03\/okladna-koledy-new.jpg","type":"","width":"","height":""}],"twitter_card":"summary_large_image","twitter_misc":{"Szacowany czas czytania":"2 minuty"},"schema":{"@context":"https:\/\/schema.org","@graph":[{"@type":"WebPage","@id":"https:\/\/alicjawegorzewska.com\/index.php\/polskie-koledy-2\/","url":"https:\/\/alicjawegorzewska.com\/index.php\/polskie-koledy-2\/","name":"Polskie Kol\u0119dy - Alicja W\u0119gorzewska","isPartOf":{"@id":"https:\/\/alicjawegorzewska.com\/#website"},"primaryImageOfPage":{"@id":"https:\/\/alicjawegorzewska.com\/index.php\/polskie-koledy-2\/#primaryimage"},"image":{"@id":"https:\/\/alicjawegorzewska.com\/index.php\/polskie-koledy-2\/#primaryimage"},"thumbnailUrl":"https:\/\/alicjawegorzewska.com\/wp-content\/uploads\/2020\/03\/okladna-koledy-new.jpg","datePublished":"2020-03-13T17:22:18+00:00","dateModified":"2025-11-09T15:23:25+00:00","breadcrumb":{"@id":"https:\/\/alicjawegorzewska.com\/index.php\/polskie-koledy-2\/#breadcrumb"},"inLanguage":"pl-PL","potentialAction":[{"@type":"ReadAction","target":["https:\/\/alicjawegorzewska.com\/index.php\/polskie-koledy-2\/"]}]},{"@type":"ImageObject","inLanguage":"pl-PL","@id":"https:\/\/alicjawegorzewska.com\/index.php\/polskie-koledy-2\/#primaryimage","url":"https:\/\/alicjawegorzewska.com\/wp-content\/uploads\/2020\/03\/okladna-koledy-new.jpg","contentUrl":"https:\/\/alicjawegorzewska.com\/wp-content\/uploads\/2020\/03\/okladna-koledy-new.jpg","width":535,"height":480},{"@type":"BreadcrumbList","@id":"https:\/\/alicjawegorzewska.com\/index.php\/polskie-koledy-2\/#breadcrumb","itemListElement":[{"@type":"ListItem","position":1,"name":"Strona g\u0142\u00f3wna","item":"https:\/\/alicjawegorzewska.com\/"},{"@type":"ListItem","position":2,"name":"Polskie Kol\u0119dy"}]},{"@type":"WebSite","@id":"https:\/\/alicjawegorzewska.com\/#website","url":"https:\/\/alicjawegorzewska.com\/","name":"Alicja W\u0119gorzewska","description":"Strona oficjalna","publisher":{"@id":"https:\/\/alicjawegorzewska.com\/#\/schema\/person\/7468c1c1d69a9b6e8db3fe1964cd9dcb"},"potentialAction":[{"@type":"SearchAction","target":{"@type":"EntryPoint","urlTemplate":"https:\/\/alicjawegorzewska.com\/?s={search_term_string}"},"query-input":{"@type":"PropertyValueSpecification","valueRequired":true,"valueName":"search_term_string"}}],"inLanguage":"pl-PL"},{"@type":["Person","Organization"],"@id":"https:\/\/alicjawegorzewska.com\/#\/schema\/person\/7468c1c1d69a9b6e8db3fe1964cd9dcb","name":"Alicja W\u0119gorzewska-Whiskerd","image":{"@type":"ImageObject","inLanguage":"pl-PL","@id":"https:\/\/alicjawegorzewska.com\/#\/schema\/person\/image\/","url":"https:\/\/alicjawegorzewska.com\/wp-content\/uploads\/2019\/10\/AW-2.png","contentUrl":"https:\/\/alicjawegorzewska.com\/wp-content\/uploads\/2019\/10\/AW-2.png","width":500,"height":500,"caption":"Alicja W\u0119gorzewska-Whiskerd"},"logo":{"@id":"https:\/\/alicjawegorzewska.com\/#\/schema\/person\/image\/"}}]}},"jetpack_sharing_enabled":true,"_links":{"self":[{"href":"https:\/\/alicjawegorzewska.com\/index.php\/wp-json\/wp\/v2\/pages\/5568","targetHints":{"allow":["GET"]}}],"collection":[{"href":"https:\/\/alicjawegorzewska.com\/index.php\/wp-json\/wp\/v2\/pages"}],"about":[{"href":"https:\/\/alicjawegorzewska.com\/index.php\/wp-json\/wp\/v2\/types\/page"}],"author":[{"embeddable":true,"href":"https:\/\/alicjawegorzewska.com\/index.php\/wp-json\/wp\/v2\/users\/2"}],"replies":[{"embeddable":true,"href":"https:\/\/alicjawegorzewska.com\/index.php\/wp-json\/wp\/v2\/comments?post=5568"}],"version-history":[{"count":5,"href":"https:\/\/alicjawegorzewska.com\/index.php\/wp-json\/wp\/v2\/pages\/5568\/revisions"}],"predecessor-version":[{"id":7060,"href":"https:\/\/alicjawegorzewska.com\/index.php\/wp-json\/wp\/v2\/pages\/5568\/revisions\/7060"}],"wp:attachment":[{"href":"https:\/\/alicjawegorzewska.com\/index.php\/wp-json\/wp\/v2\/media?parent=5568"}],"curies":[{"name":"wp","href":"https:\/\/api.w.org\/{rel}","templated":true}]}}