{"id":5556,"date":"2020-03-13T18:15:16","date_gmt":"2020-03-13T17:15:16","guid":{"rendered":"https:\/\/alicjawegorzewska.com\/?page_id=5556"},"modified":"2025-09-17T19:29:09","modified_gmt":"2025-09-17T17:29:09","slug":"wiedzmin-2","status":"publish","type":"page","link":"https:\/\/alicjawegorzewska.com\/index.php\/wiedzmin-2\/","title":{"rendered":"Wied\u017amin"},"content":{"rendered":"<p><img fetchpriority=\"high\" decoding=\"async\" class=\"alignnone size-full wp-image-5557\" src=\"https:\/\/alicjawegorzewska.com\/wp-content\/uploads\/2020\/03\/wiedzmin-w-iext37704728.jpg\" alt=\"\" width=\"350\" height=\"350\" srcset=\"https:\/\/alicjawegorzewska.com\/wp-content\/uploads\/2020\/03\/wiedzmin-w-iext37704728.jpg 350w, https:\/\/alicjawegorzewska.com\/wp-content\/uploads\/2020\/03\/wiedzmin-w-iext37704728-300x300.jpg 300w, https:\/\/alicjawegorzewska.com\/wp-content\/uploads\/2020\/03\/wiedzmin-w-iext37704728-100x100.jpg 100w, https:\/\/alicjawegorzewska.com\/wp-content\/uploads\/2020\/03\/wiedzmin-w-iext37704728-150x150.jpg 150w, https:\/\/alicjawegorzewska.com\/wp-content\/uploads\/2020\/03\/wiedzmin-w-iext37704728-75x75.jpg 75w\" sizes=\"(max-width: 350px) 100vw, 350px\" \/><\/p>\n<p><strong>Rok wydania<\/strong>: 2001<br \/>\n<strong>Wydawca<\/strong>: Pomaton EMI<br \/>\n<strong>Autorzy kompozycji<\/strong>:<\/p>\n<ul>\n<li>Wszystkie kompozycje i aran\u017cacje: G. Ciechowski<\/li>\n<li>Muzyka: Grzegorz Ciechowski (1-22)<\/li>\n<li>S\u0142owa: Grzegorz Ciechowski (4, 8, 11, 20, 22), Andrzej Sapkowski (13)<\/li>\n<\/ul>\n<p><strong>Wykonawcy<\/strong>:<\/p>\n<ul>\n<li><a title=\"Grzegorz Ciechowski\" href=\"http:\/\/pl.wikipedia.org\/wiki\/Grzegorz_Ciechowski\" target=\"_blank\" rel=\"noopener noreferrer\">Grzegorz Ciechowski<\/a>\u00a0\u2013\u00a0<a title=\"Instrument klawiszowy\" href=\"http:\/\/pl.wikipedia.org\/wiki\/Instrument_klawiszowy\" target=\"_blank\" rel=\"noopener noreferrer\">instrumenty klawiszowe<\/a>,\u00a0<a title=\"Flet\" href=\"http:\/\/pl.wikipedia.org\/wiki\/Flet\" target=\"_blank\" rel=\"noopener noreferrer\">flet<\/a>,\u00a0<a title=\"Programowanie (muzyka)\" href=\"http:\/\/pl.wikipedia.org\/wiki\/Programowanie_(muzyka)\">programowanie<\/a><\/li>\n<li><a title=\"Zbigniew Krzywa\u0144ski\" href=\"http:\/\/pl.wikipedia.org\/wiki\/Zbigniew_Krzywa%C5%84ski\">Zbigniew Krzywa\u0144ski<\/a>\u00a0\u2013\u00a0<a title=\"Gitara\" href=\"http:\/\/pl.wikipedia.org\/wiki\/Gitara\">gitara<\/a><\/li>\n<li><a title=\"Alicja W\u0119gorzewska-Whiskerd\" href=\"http:\/\/pl.wikipedia.org\/wiki\/Alicja_W%C4%99gorzewska-Whiskerd\">Alicja W\u0119gorzewska<\/a>\u00a0\u2013 \u015bpiew (<a title=\"Mezzosopran\" href=\"http:\/\/pl.wikipedia.org\/wiki\/Mezzosopran\">mezzosopran<\/a>)<\/li>\n<li><a title=\"Michael Jones (strona nie istnieje)\" href=\"http:\/\/pl.wikipedia.org\/w\/index.php?title=Michael_Jones&amp;action=edit&amp;redlink=1\">Michael Jones<\/a>\u00a0\u2013\u00a0<a title=\"Lira korbowa\" href=\"http:\/\/pl.wikipedia.org\/wiki\/Lira_korbowa\">lira korbowa<\/a>, skrzypce hinduskie (<a title=\"Ravanhuta (strona nie istnieje)\" href=\"http:\/\/pl.wikipedia.org\/w\/index.php?title=Ravanhuta&amp;action=edit&amp;redlink=1\">ravanhuta<\/a>)<\/li>\n<li><a title=\"Zbigniew Zamachowski\" href=\"http:\/\/pl.wikipedia.org\/wiki\/Zbigniew_Zamachowski\">Zbigniew Zamachowski<\/a>\u00a0\u2013 \u015bpiew (4, 8, 11, 13, 20)<\/li>\n<li><a title=\"Robert Gawli\u0144ski\" href=\"http:\/\/pl.wikipedia.org\/wiki\/Robert_Gawli%C5%84ski\">Robert Gawli\u0144ski<\/a>\u00a0\u2013 \u015bpiew (22)<\/li>\n<li><a title=\"S\u0142awomir Ciesielski\" href=\"http:\/\/pl.wikipedia.org\/wiki\/S%C5%82awomir_Ciesielski\">S\u0142awomir Ciesielski<\/a>\u00a0\u2013\u00a0<a title=\"Instrument perkusyjny\" href=\"http:\/\/pl.wikipedia.org\/wiki\/Instrument_perkusyjny\">instrumenty perkusyjne<\/a>\u00a0(22)<\/li>\n<li>M\u0119ski Zesp\u00f3\u0142 Wokalny \u201e<a title=\"Kairos (ch\u00f3r)\" href=\"http:\/\/pl.wikipedia.org\/wiki\/Kairos_(ch%C3%B3r)\">Kairos<\/a>\u201d pod kierownictwem\u00a0<a title=\"Borys Somerschafa (strona nie istnieje)\" href=\"http:\/\/pl.wikipedia.org\/w\/index.php?title=Borys_Somerschafa&amp;action=edit&amp;redlink=1\">Borysa Somerschafa<\/a><\/li>\n<\/ul>\n<p><strong>Spis utwor\u00f3w<\/strong><\/p>\n<ol>\n<li>Wied\u017amin<\/li>\n<li>Poca\u0142unek Yennefer<\/li>\n<li>Zew Wilka<\/li>\n<li>Pierwsza Rada Jaskra<\/li>\n<li>Oniria<\/li>\n<li>Lawina<\/li>\n<li>Sen Yen<\/li>\n<li>Druga Rada Jaskra<\/li>\n<li>Odnajd\u0119 Ci\u0119, Ciri<\/li>\n<li>Uciekajcie!<\/li>\n<li>Trzecia Rada Jaskra<\/li>\n<li>Koniec Z Band\u0105 Renfri<\/li>\n<li>Jak Gwiazdy Nad Traktem<\/li>\n<li>\u015amier\u0107 Renfri<\/li>\n<li>Bajka Dla Ma\u0142ej Driady<\/li>\n<li>Leczenie Ran<\/li>\n<li>Karczma W Blaviken<\/li>\n<li>Zapachnia\u0142o Jesieni\u0105<\/li>\n<li>Ballada Dla Yen<\/li>\n<li>Czwarta Rada Jaskra<\/li>\n<li>Ratuj, Wied\u017aminie<\/li>\n<li>Nie Pokonasz Mi\u0142o\u015bci<\/li>\n<\/ol>\n<p>&nbsp;<\/p>\n","protected":false},"excerpt":{"rendered":"<p>Rok wydania: 2001 Wydawca: Pomaton EMI Autorzy kompozycji: Wszystkie kompozycje i aran\u017cacje: G. Ciechowski Muzyka: Grzegorz Ciechowski (1-22) S\u0142owa: Grzegorz Ciechowski (4, 8, 11, 20,&hellip; <\/p>\n","protected":false},"author":2,"featured_media":0,"parent":0,"menu_order":0,"comment_status":"closed","ping_status":"closed","template":"","meta":{"ngg_post_thumbnail":0,"footnotes":""},"class_list":["post-5556","page","type-page","status-publish","hentry"],"yoast_head":"<!-- This site is optimized with the Yoast SEO plugin v25.9 - https:\/\/yoast.com\/wordpress\/plugins\/seo\/ -->\n<title>Wied\u017amin - Alicja W\u0119gorzewska<\/title>\n<meta name=\"robots\" content=\"index, follow, max-snippet:-1, max-image-preview:large, max-video-preview:-1\" \/>\n<link rel=\"canonical\" href=\"https:\/\/alicjawegorzewska.com\/index.php\/wiedzmin-2\/\" \/>\n<meta property=\"og:locale\" content=\"pl_PL\" \/>\n<meta property=\"og:type\" content=\"article\" \/>\n<meta property=\"og:title\" content=\"Wied\u017amin - Alicja W\u0119gorzewska\" \/>\n<meta property=\"og:description\" content=\"Rok wydania: 2001 Wydawca: Pomaton EMI Autorzy kompozycji: Wszystkie kompozycje i aran\u017cacje: G. Ciechowski Muzyka: Grzegorz Ciechowski (1-22) S\u0142owa: Grzegorz Ciechowski (4, 8, 11, 20,&hellip;\" \/>\n<meta property=\"og:url\" content=\"https:\/\/alicjawegorzewska.com\/index.php\/wiedzmin-2\/\" \/>\n<meta property=\"og:site_name\" content=\"Alicja W\u0119gorzewska\" \/>\n<meta property=\"article:modified_time\" content=\"2025-09-17T17:29:09+00:00\" \/>\n<meta property=\"og:image\" content=\"https:\/\/alicjawegorzewska.com\/wp-content\/uploads\/2020\/03\/wiedzmin-w-iext37704728.jpg\" \/>\n<meta name=\"twitter:card\" content=\"summary_large_image\" \/>\n<meta name=\"twitter:label1\" content=\"Szacowany czas czytania\" \/>\n\t<meta name=\"twitter:data1\" content=\"1 minuta\" \/>\n<script type=\"application\/ld+json\" class=\"yoast-schema-graph\">{\"@context\":\"https:\/\/schema.org\",\"@graph\":[{\"@type\":\"WebPage\",\"@id\":\"https:\/\/alicjawegorzewska.com\/index.php\/wiedzmin-2\/\",\"url\":\"https:\/\/alicjawegorzewska.com\/index.php\/wiedzmin-2\/\",\"name\":\"Wied\u017amin - Alicja W\u0119gorzewska\",\"isPartOf\":{\"@id\":\"https:\/\/alicjawegorzewska.com\/#website\"},\"primaryImageOfPage\":{\"@id\":\"https:\/\/alicjawegorzewska.com\/index.php\/wiedzmin-2\/#primaryimage\"},\"image\":{\"@id\":\"https:\/\/alicjawegorzewska.com\/index.php\/wiedzmin-2\/#primaryimage\"},\"thumbnailUrl\":\"https:\/\/alicjawegorzewska.com\/wp-content\/uploads\/2020\/03\/wiedzmin-w-iext37704728.jpg\",\"datePublished\":\"2020-03-13T17:15:16+00:00\",\"dateModified\":\"2025-09-17T17:29:09+00:00\",\"breadcrumb\":{\"@id\":\"https:\/\/alicjawegorzewska.com\/index.php\/wiedzmin-2\/#breadcrumb\"},\"inLanguage\":\"pl-PL\",\"potentialAction\":[{\"@type\":\"ReadAction\",\"target\":[\"https:\/\/alicjawegorzewska.com\/index.php\/wiedzmin-2\/\"]}]},{\"@type\":\"ImageObject\",\"inLanguage\":\"pl-PL\",\"@id\":\"https:\/\/alicjawegorzewska.com\/index.php\/wiedzmin-2\/#primaryimage\",\"url\":\"https:\/\/alicjawegorzewska.com\/wp-content\/uploads\/2020\/03\/wiedzmin-w-iext37704728.jpg\",\"contentUrl\":\"https:\/\/alicjawegorzewska.com\/wp-content\/uploads\/2020\/03\/wiedzmin-w-iext37704728.jpg\",\"width\":350,\"height\":350},{\"@type\":\"BreadcrumbList\",\"@id\":\"https:\/\/alicjawegorzewska.com\/index.php\/wiedzmin-2\/#breadcrumb\",\"itemListElement\":[{\"@type\":\"ListItem\",\"position\":1,\"name\":\"Strona g\u0142\u00f3wna\",\"item\":\"https:\/\/alicjawegorzewska.com\/\"},{\"@type\":\"ListItem\",\"position\":2,\"name\":\"Wied\u017amin\"}]},{\"@type\":\"WebSite\",\"@id\":\"https:\/\/alicjawegorzewska.com\/#website\",\"url\":\"https:\/\/alicjawegorzewska.com\/\",\"name\":\"Alicja W\u0119gorzewska\",\"description\":\"Strona oficjalna\",\"publisher\":{\"@id\":\"https:\/\/alicjawegorzewska.com\/#\/schema\/person\/7468c1c1d69a9b6e8db3fe1964cd9dcb\"},\"potentialAction\":[{\"@type\":\"SearchAction\",\"target\":{\"@type\":\"EntryPoint\",\"urlTemplate\":\"https:\/\/alicjawegorzewska.com\/?s={search_term_string}\"},\"query-input\":{\"@type\":\"PropertyValueSpecification\",\"valueRequired\":true,\"valueName\":\"search_term_string\"}}],\"inLanguage\":\"pl-PL\"},{\"@type\":[\"Person\",\"Organization\"],\"@id\":\"https:\/\/alicjawegorzewska.com\/#\/schema\/person\/7468c1c1d69a9b6e8db3fe1964cd9dcb\",\"name\":\"Alicja W\u0119gorzewska-Whiskerd\",\"image\":{\"@type\":\"ImageObject\",\"inLanguage\":\"pl-PL\",\"@id\":\"https:\/\/alicjawegorzewska.com\/#\/schema\/person\/image\/\",\"url\":\"https:\/\/alicjawegorzewska.com\/wp-content\/uploads\/2019\/10\/AW-2.png\",\"contentUrl\":\"https:\/\/alicjawegorzewska.com\/wp-content\/uploads\/2019\/10\/AW-2.png\",\"width\":500,\"height\":500,\"caption\":\"Alicja W\u0119gorzewska-Whiskerd\"},\"logo\":{\"@id\":\"https:\/\/alicjawegorzewska.com\/#\/schema\/person\/image\/\"}}]}<\/script>\n<!-- \/ Yoast SEO plugin. -->","yoast_head_json":{"title":"Wied\u017amin - Alicja W\u0119gorzewska","robots":{"index":"index","follow":"follow","max-snippet":"max-snippet:-1","max-image-preview":"max-image-preview:large","max-video-preview":"max-video-preview:-1"},"canonical":"https:\/\/alicjawegorzewska.com\/index.php\/wiedzmin-2\/","og_locale":"pl_PL","og_type":"article","og_title":"Wied\u017amin - Alicja W\u0119gorzewska","og_description":"Rok wydania: 2001 Wydawca: Pomaton EMI Autorzy kompozycji: Wszystkie kompozycje i aran\u017cacje: G. Ciechowski Muzyka: Grzegorz Ciechowski (1-22) S\u0142owa: Grzegorz Ciechowski (4, 8, 11, 20,&hellip;","og_url":"https:\/\/alicjawegorzewska.com\/index.php\/wiedzmin-2\/","og_site_name":"Alicja W\u0119gorzewska","article_modified_time":"2025-09-17T17:29:09+00:00","og_image":[{"url":"https:\/\/alicjawegorzewska.com\/wp-content\/uploads\/2020\/03\/wiedzmin-w-iext37704728.jpg","type":"","width":"","height":""}],"twitter_card":"summary_large_image","twitter_misc":{"Szacowany czas czytania":"1 minuta"},"schema":{"@context":"https:\/\/schema.org","@graph":[{"@type":"WebPage","@id":"https:\/\/alicjawegorzewska.com\/index.php\/wiedzmin-2\/","url":"https:\/\/alicjawegorzewska.com\/index.php\/wiedzmin-2\/","name":"Wied\u017amin - Alicja W\u0119gorzewska","isPartOf":{"@id":"https:\/\/alicjawegorzewska.com\/#website"},"primaryImageOfPage":{"@id":"https:\/\/alicjawegorzewska.com\/index.php\/wiedzmin-2\/#primaryimage"},"image":{"@id":"https:\/\/alicjawegorzewska.com\/index.php\/wiedzmin-2\/#primaryimage"},"thumbnailUrl":"https:\/\/alicjawegorzewska.com\/wp-content\/uploads\/2020\/03\/wiedzmin-w-iext37704728.jpg","datePublished":"2020-03-13T17:15:16+00:00","dateModified":"2025-09-17T17:29:09+00:00","breadcrumb":{"@id":"https:\/\/alicjawegorzewska.com\/index.php\/wiedzmin-2\/#breadcrumb"},"inLanguage":"pl-PL","potentialAction":[{"@type":"ReadAction","target":["https:\/\/alicjawegorzewska.com\/index.php\/wiedzmin-2\/"]}]},{"@type":"ImageObject","inLanguage":"pl-PL","@id":"https:\/\/alicjawegorzewska.com\/index.php\/wiedzmin-2\/#primaryimage","url":"https:\/\/alicjawegorzewska.com\/wp-content\/uploads\/2020\/03\/wiedzmin-w-iext37704728.jpg","contentUrl":"https:\/\/alicjawegorzewska.com\/wp-content\/uploads\/2020\/03\/wiedzmin-w-iext37704728.jpg","width":350,"height":350},{"@type":"BreadcrumbList","@id":"https:\/\/alicjawegorzewska.com\/index.php\/wiedzmin-2\/#breadcrumb","itemListElement":[{"@type":"ListItem","position":1,"name":"Strona g\u0142\u00f3wna","item":"https:\/\/alicjawegorzewska.com\/"},{"@type":"ListItem","position":2,"name":"Wied\u017amin"}]},{"@type":"WebSite","@id":"https:\/\/alicjawegorzewska.com\/#website","url":"https:\/\/alicjawegorzewska.com\/","name":"Alicja W\u0119gorzewska","description":"Strona oficjalna","publisher":{"@id":"https:\/\/alicjawegorzewska.com\/#\/schema\/person\/7468c1c1d69a9b6e8db3fe1964cd9dcb"},"potentialAction":[{"@type":"SearchAction","target":{"@type":"EntryPoint","urlTemplate":"https:\/\/alicjawegorzewska.com\/?s={search_term_string}"},"query-input":{"@type":"PropertyValueSpecification","valueRequired":true,"valueName":"search_term_string"}}],"inLanguage":"pl-PL"},{"@type":["Person","Organization"],"@id":"https:\/\/alicjawegorzewska.com\/#\/schema\/person\/7468c1c1d69a9b6e8db3fe1964cd9dcb","name":"Alicja W\u0119gorzewska-Whiskerd","image":{"@type":"ImageObject","inLanguage":"pl-PL","@id":"https:\/\/alicjawegorzewska.com\/#\/schema\/person\/image\/","url":"https:\/\/alicjawegorzewska.com\/wp-content\/uploads\/2019\/10\/AW-2.png","contentUrl":"https:\/\/alicjawegorzewska.com\/wp-content\/uploads\/2019\/10\/AW-2.png","width":500,"height":500,"caption":"Alicja W\u0119gorzewska-Whiskerd"},"logo":{"@id":"https:\/\/alicjawegorzewska.com\/#\/schema\/person\/image\/"}}]}},"jetpack_sharing_enabled":true,"_links":{"self":[{"href":"https:\/\/alicjawegorzewska.com\/index.php\/wp-json\/wp\/v2\/pages\/5556","targetHints":{"allow":["GET"]}}],"collection":[{"href":"https:\/\/alicjawegorzewska.com\/index.php\/wp-json\/wp\/v2\/pages"}],"about":[{"href":"https:\/\/alicjawegorzewska.com\/index.php\/wp-json\/wp\/v2\/types\/page"}],"author":[{"embeddable":true,"href":"https:\/\/alicjawegorzewska.com\/index.php\/wp-json\/wp\/v2\/users\/2"}],"replies":[{"embeddable":true,"href":"https:\/\/alicjawegorzewska.com\/index.php\/wp-json\/wp\/v2\/comments?post=5556"}],"version-history":[{"count":2,"href":"https:\/\/alicjawegorzewska.com\/index.php\/wp-json\/wp\/v2\/pages\/5556\/revisions"}],"predecessor-version":[{"id":5902,"href":"https:\/\/alicjawegorzewska.com\/index.php\/wp-json\/wp\/v2\/pages\/5556\/revisions\/5902"}],"wp:attachment":[{"href":"https:\/\/alicjawegorzewska.com\/index.php\/wp-json\/wp\/v2\/media?parent=5556"}],"curies":[{"name":"wp","href":"https:\/\/api.w.org\/{rel}","templated":true}]}}