{"id":5330,"date":"2019-10-11T20:14:42","date_gmt":"2019-10-11T18:14:42","guid":{"rendered":"http:\/\/wegorzewska.com\/?page_id=5330"},"modified":"2026-04-16T19:14:55","modified_gmt":"2026-04-16T17:14:55","slug":"alicja-wegorzewska-kariera-zawodowa","status":"publish","type":"page","link":"https:\/\/alicjawegorzewska.com\/index.php\/alicja-wegorzewska-kariera-zawodowa\/","title":{"rendered":"Kariera zawodowa"},"content":{"rendered":"<p><b>1992 <\/b>&#8211; <em>Koronacja Poppei<\/em> (Claudio Monteverdii. Re\u017cyseria: Maciej Prus) &#8211; Partia Pallady.<b> Debiut Sceniczny. 5 maja 1992 r. <\/b>Teatr Wielki &#8211; Opera Narodowa<b><br \/>\n1999 &#8211; <\/b><a href=\"https:\/\/alicjawegorzewska.com\/index.php\/pielgrzym-z-mekki\/\" rel=\"noopener\"><em>Pielgrzym z Mekki<\/em><\/a> (Christoph Willibald Gluck) &#8211; Partia Dardane. Wiener Kammeroper<b><br \/>\n1999, 2000 <\/b>&#8211; <span class=\"JsGRdQ\"><em>Trouble in Tahiti<\/em>&nbsp; (Leonard Bernstein. Re\u017cyseria: Kornelia Repschl\u00e4ger) <\/span>&#8211; Partia w Jazz Trio. Neue Oper Wien<br \/>\n<b>1999, 2000, 2001 <\/b>&#8211; <em><a href=\"https:\/\/alicjawegorzewska.com\/index.php\/kronprinz-friedrich-3\/\" rel=\"noopener\">Kronprinz Friedrich<\/a> <\/em>(Siegfried Matthus. Re\u017cyseria: G\u00f6tz Friedrich) &#8211; Partia Katte, &#8211; Kammeroper Schloss Rheinsberg, EXPO Hanower<br \/>\n<b>2001 <\/b>&#8211; <a href=\"https:\/\/alicjawegorzewska.com\/index.php\/wiedzmin-2\/\" rel=\"noopener\"><em>Wied\u017amin<\/em> <\/a>&#8211; nagranie \u015bcie\u017cki d\u017awi\u0119kowej, kompozytor Grzegorz Ciechowski, Z\u0142ota p\u0142yta<br \/>\n<b>2002, 2003, 2005 <\/b>&#8211; <a href=\"https:\/\/alicjawegorzewska.com\/index.php\/carmen-teatr-wielki-w-lodzi\/\" rel=\"noopener\"><em>Carmen<\/em> <\/a>(Georges Bizet. Re\u017cyseria: Greidanus Ausonius) &#8211; Partia Carmen. Teatr Wielki w \u0141odzi<br \/>\n<b>2003, 2007 <\/b>&#8211; <em>Opowie\u015bci Hoffmanna <\/em>(Jacques Offenbach. Re\u017cyseria: Harry Kupfer) &#8211; G\u0142os Matki Antoni. Teatr Wielki &#8211; Opera Narodowa<br \/>\n<b>2004, 2005 <\/b>&#8211; <a href=\"https:\/\/alicjawegorzewska.com\/index.php\/gwalt-na-lukrecji-krakow\/\" rel=\"noopener\"><em>Gwa\u0142t na Lukrecji<\/em> <\/a>(Benjamin Britten. Re\u017cyseria W\u0142odzimierz Nurkowski) &#8211; Partia Lukrecji. Opera Krakowska<br \/>\n<b>2004, 2005, 2006 <\/b>&#8211; <em>Orfeusz i Eurydyka<\/em> (Christoph Willibald Gluck. Re\u017cyseria: Karsten Wiegand) &#8211; Partia Orfeusza. Opera Krakowska<br \/>\n<b>2005, 2006 <\/b>&#8211; <a href=\"https:\/\/alicjawegorzewska.com\/index.php\/carmen-szczecin\/\" rel=\"noopener\"><em>Carmen<\/em> <\/a>(Georges Bizet) &#8211; Partia Carmen. Opera na Zamku w Szczecinie<br \/>\n<b>2005, 2006, 2007 <\/b>&#8211; <em>Kawaler Srebrnej R\u00f3\u017cy <\/em>(Richard Strauss. Re\u017cyseria: G\u00fcnter Mayr) &#8211; Partia Oktawiana. Opera Ba\u0142tycka w Gda\u0144sku<br \/>\n<b>2005, 2007, 2008 <\/b>&#8211; <a href=\"https:\/\/alicjawegorzewska.com\/index.php\/dama-pikowa-warszawa\/\" rel=\"noopener\"><em>Dama Pikowa<\/em><\/a> (Piotr Czajkowski. Re\u017cyseria: Mariusz Treli\u0144ski &#8211; Partia Hrabiny. Teatr Wielki &#8211; Opera Narodowa<br \/>\n<b>2006, 2007,2008, 2009 <\/b>&#8211; <em><a href=\"https:\/\/alicjawegorzewska.com\/index.php\/carmen-opera-slaska\/\" rel=\"noopener\">Carmen<\/a> <\/em>(Georges Bizet. Re\u017cyseria: Ochman Wies\u0142aw) &#8211; Partia Carmen. Opera \u015al\u0105ska w Bytomiu<br \/>\n<b>2006 <\/b>&#8211; <em>Cavalleria Rusticana <\/em>(Pietro Mascagni. Re\u017cyseria: Wies\u0142aw G\u00f3rski) &#8211; Partia Santuzzy. Opera na Zamku w Szczecinie<br \/>\n<strong>2007<\/strong> &#8211; Nagroda polskiej estrady <em>Prometeusz&nbsp;<\/em><br \/>\n<b>2008, 2009 <\/b>&#8211; <a href=\"https:\/\/alicjawegorzewska.com\/index.php\/gwalt-na-lukrecji-gdansk\/\" rel=\"noopener\"><em>Gwa\u0142t na Lukrecji<\/em><\/a> (Benjamin Britten. Re\u017cyseria: Peter Telihay) &#8211; Partia Lukrecji. Opera Ba\u0142tycka w Gda\u0144sku<br \/>\n<b>2009, 2010, 2012 <\/b>&#8211; <a href=\"https:\/\/alicjawegorzewska.com\/index.php\/dama-pikowa-krakow\/\" rel=\"noopener\"><em>Dama Pikowa <\/em><\/a>(Piotr Czajkowski. Re\u017cyseria: Krzysztof Nazar)&nbsp; &#8211; Partia Hrabiny. Opera Krakowska<br \/>\n<b>2007, 2008 <\/b>&#8211; <em>Zabobon, czyli Krakowiacy i G\u00f3rale<\/em> (Karol Kurpi\u0144\u015bki. Re\u017cyseria: Janusz J\u00f3zefowicz) &#8211; Partia Doroty. Teatr Wielki &#8211; Opera Narodowa<br \/>\n<b>2008 <\/b>&#8211; <em>Faust <\/em>(Charles Gounod. Re\u017cyseria: Robert Wilson) &#8211; Partia Siebel, Teatr Wielki &#8211; Opera Narodowa<br \/>\n<b>2009, 2010 <\/b>&#8211; <em>Eugeniusz Oniegin <\/em>(Piotr Czajkowski. Re\u017cyseria: Marek Weiss) &#8211; Partia Olgii. Opera Ba\u0142tycka w Gda\u0144sku<br \/>\n<b>2010 <\/b>&#8211; <em>Carmen<\/em> (Georges Bizet. Re\u017cyseria: Alicja W\u0119gorzewska) &#8211; Partia Carmen. Opera w Kuwejcie<br \/>\n<b>2010 <\/b>&#8211; <a href=\"https:\/\/alicjawegorzewska.com\/index.php\/carmen-warszawa\/\" rel=\"noopener\"><em>Carmen<\/em> <\/a>(Georges Bizet. Re\u017cyseria: Lech Majewski) &#8211; Partia Carmen. Teatr Wielki &#8211; Opera Narodowa<br \/>\n<b>2009 <\/b>&#8211; <em>Dom nad rozlewiskiem<\/em> &#8211; serial TVP, obsada aktorska, jako Joanna Berg, \u015bpiewaczka operowa<br \/>\n<b>2010 <\/b>&#8211; Rok Chopinowski \u2013 koordynacja trasy Sinfonia Varsovia, koncerty z pie\u015bniami Chopina<br \/>\n<b>2010 <\/b>&#8211; <a href=\"https:\/\/alicjawegorzewska.com\/index.php\/chopin-songs-2\/\" rel=\"noopener\"><em>Chopin Songs<\/em> <\/a>&#8211; p\u0142yta z pie\u015bniami F. Chopina nagrana dla Hungarotonu. Oficjalna p\u0142yta obchod\u00f3w Roku Chopinowskiego 2010 zatwierdzona przez Instytut Fryderyka Chopina.<br \/>\n<b>2011, 2012, 2013, 2014, 2015, 2016, 2017, 2018 <\/b>&#8211; <a href=\"https:\/\/alicjawegorzewska.com\/index.php\/diva-for-rent-spektakl-komediowo-operowy\/\" rel=\"noopener\"><em>Diva for Rent<\/em><\/a> ( Autor: Jerzy Snakowski. Re\u017cyseria: Jerzy Bo\u0144czak, Scenografia: Rafa\u0142 Olbi\u0144\u015bki)&nbsp; &#8211; Tytu\u0142owa rola Divy, produkcja spektaklu<br \/>\n<strong>2011, 2012<\/strong> &#8211; Juror w telewizyjnym show TVP Bitwa na g\u0142osy, trzy edycje<br \/>\n<b>2012 <\/b>&#8211; Ambasador 46 Festiwalu im. Jana Kiepury \u2013 PR festiwalu, nadz\u00f3r artystyczny nad koncertami, prowadzenie koncert\u00f3w<br \/>\n<b>2013 <\/b>&#8211; Dyrektor Artystyczny 47 Festiwalu im. Jana Kiepury \u2013 scenariusze do koncert\u00f3w, wsp\u00f3\u0142praca z TV podczas koncertu Telewizyjnego <em>Bitwa Tenor\u00f3w na r\u00f3\u017ce<\/em>, PR, wsp\u00f3\u0142praca z artystami, nadz\u00f3r artystyczny nad koncertami, prowadzenie koncert\u00f3w<br \/>\n<b>2013 <\/b>&#8211; <em>I Bitwa Tenor\u00f3w na R\u00f3\u017ce<\/em> &#8211; Produkcja, wyst\u0119p artystyczny, scenariusz, prowadzenie<br \/>\n<b>2013 <\/b>&#8211; Producent Festiwalu M\u0142odych i Wybitnych <em>Kiepuriada<\/em> \u2013 produkcja 8 koncert\u00f3w, scenariusze, nadz\u00f3r artystyczny, koordynacja projektu, prowadzenie koncert\u00f3w<br \/>\n<b>2013 <\/b>&#8211; <a href=\"https:\/\/alicjawegorzewska.com\/index.php\/najpiekniejsze-koledy-2\/\" rel=\"noopener\"><em>Najpi\u0119kniejsze Kol\u0119dy<\/em><\/a> \u2013 nagranie i produkcja p\u0142yty<br \/>\n<b>2013 <\/b>&#8211; <em>Na dobre i na z\u0142e<\/em> &#8211; serial TVP&nbsp; obsada aktorska, jako pacjentka &#8211; \u015bpiewaczka operowa Malwina Kochan-Wr\u00f3blewska<br \/>\n<b>2014 <\/b>&#8211; <a href=\"https:\/\/alicjawegorzewska.com\/index.php\/i-colori-dell-amore-2\/\" rel=\"noopener\"><em>I collori dell Amore<\/em><\/a> \u2013 nagranie i produkcja p\u0142yty \/ w\u0142asne s\u0142owa do piosenek na p\u0142ycie w j\u0119zyku w\u0142oskim<br \/>\n<b>2014, 2016, 2017, 2018 <\/b>&#8211; Dni Autyzmu na Ursynowie \u2013 organizacja i koordynacja<br \/>\n<b>2014 <\/b>&#8211; Produkcja spektaklu <a href=\"https:\/\/alicjawegorzewska.com\/index.php\/diva-for-rent-spektakl-komediowo-operowy\/\" rel=\"noopener\"><em>Diva for rent<\/em><\/a> na cele charytatywne podczas Dni Autyzmu na Ursynowie<br \/>\n<b>2014 <\/b>&#8211; <em>Santo Subito<\/em> \u2013 nagranie i produkcja singla \u2013 hymnu Papieskiego<br \/>\n<b>2014 <\/b>&#8211; <a href=\"https:\/\/alicjawegorzewska.com\/index.php\/polskie-koledy-2\/\" target=\"_blank\" rel=\"noopener\"><em>Polskie Kol\u0119dy<\/em> <\/a>\u2013 nagranie i produkcja p\u0142yty<br \/>\n<strong>2014<\/strong> &#8211; Udzia\u0142 w nagraniu hymnu <a href=\"https:\/\/www.empik.com\/hit-rappers-feat-snoop-dogg-kurtis-blow-kokane-alicja-wegorzewska-prodigal-sunn-rakaa-dilated,p1104108218,ebooki-i-mp3-p\" rel=\"noopener\"><em>Hit Rappers<\/em><\/a> na rzecz dzieci z autyzmem z gwiazdami \u015bwiatowego hip-hopu, takimi jak: Snoop Dogg, Kurtis Blow, Curtis Young<br \/>\n<b>2015 <\/b>&#8211; Dyrektor Mazowieckiego Teatru Muzycznego im. Jana Kiepury w Warszawie<br \/>\n<b>2015 <\/b>&#8211; <em>II Bitwa Tenor\u00f3w na R\u00f3\u017ce<\/em> &#8211; Produkcja, wyst\u0119p artystyczny, scenariusz, prowadzenie<br \/>\n<b>2015 <\/b>&#8211; <em>Expo Mediolan &#8211; Diva for rent<\/em> &#8211; Produkcja, tytu\u0142owa rola Divy<br \/>\n<b>2016 <\/b>&#8211; Doktor Sztuk Muzycznych &#8211; Akademia Muzyczna w Gda\u0144sku<br \/>\n<b>2016 <\/b>&#8211; <em>III Bitwa Tenor\u00f3w na R\u00f3\u017ce<\/em> &#8211; Produkcja, wyst\u0119p artystyczny, scenariusz, prowadzenie<br \/>\n<b>2016 <\/b>&#8211; Medal PRO MAZOVIA &#8211; za wybitne zas\u0142ugi dla Wojew\u00f3dztwo Mazowieckiego<br \/>\n<b>2016 <\/b>&#8211; Dyrektor Warszawskiej Opery Kameralnej<br \/>\n<b>2016 <\/b>&#8211; Nagranie singla &#8211; <em>Hymn Inki<\/em>, w\u0142asne s\u0142owa<br \/>\n<b>2016 <\/b>&#8211; Nagroda Polish Businesswomen Awards \u2013 Kategoria \u201eWybitna Osobowo\u015b\u0107\u201d<br \/>\n<b>2017 <\/b>&#8211; <em>IV Bitwa Tenor\u00f3w na R\u00f3\u017ce<\/em> &#8211; Produkcja, wyst\u0119p artystyczny, scenariusz, prowadzenie<br \/>\n<b>2017 <\/b>&#8211; <em>Barwy szcz\u0119\u015bcia<\/em> &#8211; serial TVP, obsada aktorska, jako nauczycielka \u015bpiewu Hanna Waniewska<br \/>\n<b>2017 <\/b>&#8211; Dyrektor Artystyczny Warszawskiej Opery Kameralnej<br \/>\n<b>2018 <\/b>&#8211; Dyrektor Warszawskiej Opery Kameralnej<br \/>\n<b>2018 <\/b>&#8211; <a href=\"https:\/\/alicjawegorzewska.com\/index.php\/santo-subito\/\" rel=\"noopener\">Nagranie singla<\/a> &#8211; <em>Hymn Papieski<\/em><br \/>\n<b>2018 <\/b>&#8211; Koncert z okazji 40-lecia powo\u0142ania Jana Paw\u0142a II &#8211; Produkcja, Transmisja TVP<br \/>\n<b>2018 <\/b>&#8211; <em>V Jubileuszowa Bitwa Tenor\u00f3w na R\u00f3\u017ce<\/em> &#8211; Produkcja, wyst\u0119p artystyczny, scenariusz, prowadzenie<br \/>\n<strong>2018<\/strong> &#8211; Nagroda <em>Or\u0142y Wpros<\/em>t. Osobowo\u015b\u0107 Regionu<br \/>\n<b>2019 <\/b>&#8211; <em>VI Bitwa Tenor\u00f3w na R\u00f3\u017ce<\/em> &#8211; Produkcja, wyst\u0119p artystyczny, scenariusz, prowadzenie<br \/>\n<b>2019 <\/b>&#8211; <em>Paszport do Buenos Aires<\/em> (Re\u017cyseria: Micha\u0142 Znaniecki) &#8211; spektakl muzyczny, rola Gladys del Carmen. Warszawska Opera Kameralna<br \/>\n<b>2019 <\/b>&#8211; <a href=\"https:\/\/alicjawegorzewska.com\/index.php\/maria-callas-tribute-ny\/\" rel=\"noopener\">Nagroda <em>Maria Callas Tribute Prize NY<\/em><\/a><br \/>\n<b>2019 <\/b>&#8211; <a href=\"https:\/\/operakameralna.pl\/przerwana-cisza\/\" rel=\"noopener\"><em>Przerwana cisza<\/em><\/a> &#8211; musical (Krzesimir D\u0119bski. Re\u017cyseria: Micha\u0142 Znaniecki) &#8211; rola Urz\u0119dniczki, Warszawska Opera Kameralna<br \/>\n<strong>2020<\/strong> &#8211; Doktor habilitowany Sztuk Muzycznych Akademia Muzyczna we Wroc\u0142awiu<br \/>\n<b>2020 <\/b>&#8211; <a href=\"https:\/\/operakameralna.pl\/maria-de-buenos-aires\/\" rel=\"noopener\"><em>Maria De Buenos Aires<\/em><\/a> (Astor Piazzolla, Re\u017cyseria: Micha\u0142 Znaniecki), partia Marii Warszawska Opera Kameralna<br \/>\n<b>2020 <\/b>&#8211; <em><a href=\"https:\/\/operakameralna.pl\/matka-witkacy\/\" rel=\"noopener\">Matka<\/a> (<\/em>S.I. Witkiewicz. Re\u017cyseria: Jakub Przebindowski) &#8211; rola Janiny W\u0119gorzewskiej Warszawska Opera Kameralna<br \/>\n<strong>2020<\/strong> &#8211; <a href=\"https:\/\/alicjawegorzewska.com\/index.php\/tribute-a-caruso\/\" rel=\"noopener\"><em>Tribute a Caruso<\/em><\/a>, nagroda miasta Sorrento i Fondazione Sorrento &#8211; za promocj\u0119 kultury w\u0142oskiej w Polsce i na \u015bwiecie<br \/>\n<strong>2020<\/strong> &#8211; <a href=\"https:\/\/alicjawegorzewska.com\/index.php\/women-in-cinema-award-festiwal-filmowy-w-wenecji\/\" target=\"_blank\" rel=\"noopener\">Nagroda Specjalna <em>WiCA (Women in Cinema Award)<\/em><\/a> za dzia\u0142alno\u015b\u0107 artystyczn\u0105 i produkcj\u0119 film\u00f3w operowych oraz za zaanga\u017cowanie we wspieranie talentu m\u0142odych artyst\u00f3w znajduj\u0105cych si\u0119 w trudnej sytuacji, Wenecja<br \/>\n<b>2020 <\/b>&#8211; <a href=\"https:\/\/alicjawegorzewska.com\/index.php\/tanga-swiata\/\" rel=\"noopener\"><em>Tanga \u015bwiata <\/em><\/a>\u2013 nagranie i produkcja p\u0142yty<br \/>\n<b>2020 <\/b>&#8211; VII Bitwa Tenor\u00f3w na R\u00f3\u017ce &#8211; Produkcja, wyst\u0119p artystyczny, scenariusz, prowadzenie<br \/>\n<b>2020, 2021 <\/b>&#8211; Juror w mi\u0119dzynarodowym talent show &#8222;Virtuosos V4+<br \/>\n<b>2021 <\/b>&#8211; <em><a href=\"https:\/\/operakameralna.pl\/kwartet-ronald-harwood\/\" rel=\"noopener\">Kwartet<\/a> (<\/em>R. Harwood, Re\u017cyseria: Grzegorz Chrapkiewicz) &#8211; rola <span class=\"JsGRdQ\">Cecily Robson. Warszawska Opera Kameralna<\/span><br \/>\n<b>2021 <\/b>&#8211; <em>VIII Bitwa Tenor\u00f3w na R\u00f3\u017ce<\/em> &#8211; Produkcja, wyst\u0119p artystyczny, scenariusz, prowadzenie<br \/>\n<strong>2021<\/strong> &#8211; <em><a href=\"https:\/\/alicjawegorzewska.com\/index.php\/koledy\/\" rel=\"noopener\">Kol\u0119dy<\/a> \u2013 <\/em>nagranie i produkcja p\u0142yty<br \/>\n<span class=\"JsGRdQ\"><strong>2021<\/strong> &#8211; Laureatka konkursu &#8211; <a href=\"https:\/\/alicjawegorzewska.com\/index.php\/skuteczna-kobieta-roku-2020\/\" target=\"_blank\" rel=\"noopener\"><em>Skuteczna Kobieta Roku<\/em><\/a><br \/>\n<\/span><span class=\"JsGRdQ\"><strong>2021<\/strong> &#8211; Laureatka statuetki &#8211; Osobowo\u015b\u0107 dekady w konkursie <em>Osobowo\u015bci i Sukcesy<\/em><br \/>\n<\/span><span class=\"JsGRdQ\"><strong>2021<\/strong> &#8211; Obecno\u015b\u0107 na <a href=\"https:\/\/alicjawegorzewska.com\/index.php\/100-skutecznych-kobiet-roku-2021-magazyn-forbeswomen\/\" rel=\"noopener\">li\u015bcie 100<\/a> najbardziej inspiruj\u0105cych kobiet Magazynu <em>Forbes<\/em><br \/>\n<strong>2022<\/strong> &#8211; <em><a href=\"https:\/\/operakameralna.pl\/company-stephen-sondheim\/\" rel=\"noopener\">Company<\/a> <\/em>(Stephen Sondheim. Re\u017cyseria: Micha\u0142 Znaniecki) &#8211; rola Joanne. Warszawska Opera Kameralna<br \/>\n<b>2022 <\/b>&#8211; <em>IX Bitwa Tenor\u00f3w na R\u00f3\u017ce<\/em> &#8211; Produkcja, wyst\u0119p artystyczny, scenariusz, prowadzenie<br \/>\n<b>2022 <\/b>&#8211; Juror w programie Telewizyjnym <em>The Voice Senior<\/em> (IV edycja)<br \/>\n<b>2023 <\/b>&#8211; X Jubileuszowa&nbsp; <em>Bitwa Tenor\u00f3w na R\u00f3\u017ce<\/em> &#8211; Produkcja, wyst\u0119p artystyczny, scenariusz, prowadzenie<br \/>\n<\/span><span class=\"JsGRdQ\"><b>2023 <\/b>&#8211; Juror w programie Telewizyjnym <em>The Voice Senior<\/em> (V edycja)<br \/>\n<b>2025 <\/b>&#8211; Nagroda <a href=\"https:\/\/alicjawegorzewska.com\/index.php\/zlota-iguana\/\" rel=\"noopener\"><em>Z\u0142ota Iguana<\/em><\/a> za wybitn\u0105 dzia\u0142alno\u015b\u0107 artystyczn\u0105 i osi\u0105gni\u0119cia w dziedzinie kultury<br \/>\n<b>2025 <\/b>&#8211; Nagroda <a href=\"https:\/\/alicjawegorzewska.com\/index.php\/sheo-awards-2025-ambasadorka-polskiej-kultury\/\" rel=\"noopener\"><em>ShEO Awards 2025<\/em><\/a>&nbsp;w kategorii&nbsp;\u201eAmbasadorka polskiej kultury\u201d<br \/>\n<\/span><span class=\"JsGRdQ\"><b>2025 <\/b>&#8211; Nagroda<a href=\"https:\/\/alicjawegorzewska.com\/index.php\/2025\/12\/31\/promotor-polski\/\"><strong data-start=\"88\" data-end=\"109\"> <em>Promotor Polski<\/em> <\/strong><\/a>przyznana przez Fundacj\u0119 Polskiego God\u0142a Promocyjnego \u201eTeraz Polska&#8221;<br \/>\n<\/span><span class=\"JsGRdQ\"><b>2026 <\/b>&#8211; <em>Bal w Operze<\/em> (Muzyka: Leszek Mo\u017cdzer, s\u0142owa: Julian Tuwim). Warszawska Opera Kameralna.<\/span><\/p>\n<p>&nbsp;<\/p>\n<p>&nbsp;<\/p>\n<p>&nbsp;<\/p>\n<p><strong>ROLE TEATRALNE i OPEROWE:<\/strong><\/p>\n<p><em>Carmen<\/em> (Georges Bizet) \u2013 Partia Carmen<br \/>\n<em>Gwa\u0142t na Lukrecji&nbsp;(Benjamin Britten) \u2013 Partia Lukrecji<br \/>\n<\/em><em>Dama Pikowa&nbsp;<\/em>(Piotr Czajkowski)&nbsp; \u2013 Partia Hrabiny<br \/>\n<em>Orfeusz i Eurydyka<\/em>&nbsp;(Christoph Willibald Gluck) \u2013 Partia Orfeusza<br \/>\n<em>Kawaler Srebrnej R\u00f3\u017cy <\/em>(Richard Strauss) \u2013 Partia Oktawiana<br \/>\n<em>Maria De Buenos Aires<\/em> (Astor Piazzolla) \u2013 Partia Marii<br \/>\n<em>Company&nbsp;<\/em>(Stephen Sondheim) \u2013 Rola Joanne<br \/>\n<em>Zabobon, czyli Krakowiacy i G\u00f3rale <\/em>(Karol Kurpi\u0144\u015bki) \u2013 Partia Doroty<br \/>\n<em>Eugeniusz Oniegin&nbsp;<\/em>(Piotr Czajkowski) \u2013 Partia Olgii<br \/>\n<em>Faust&nbsp;<\/em>(Charles Gounod) \u2013 Partia Siebel<br \/>\n<em>Koronacja Poppei<\/em>&nbsp;(Claudio Monteverdii) \u2013 Partia Pallady<br \/>\n<em>Kronprinz Friedrich <\/em>(Siegfried Matthus.) \u2013 Partia Katte<br \/>\n<em>Matka (<\/em>S.I. Witkiewicz) \u2013 Rola Janiny W\u0119gorzewskiej.<br \/>\n<em>Kwartet <\/em>(R. Harwood) \u2013 Rola Cecily Robson<br \/>\n<em>Opowie\u015bci Hoffmanna <\/em>(Jacques Offenbach) \u2013 G\u0142os Matki Antoni<br \/>\n<em>Cavalleria Rusticana (<\/em> Pietro Mascagni) \u2013 Partia Santuzzy<br \/>\n<em>Trouble in Tahiti<\/em>&nbsp; (Leonard Bernstein)&nbsp;\u2013 Partia w Jazz Trio<strong><br \/>\n<\/strong><em>Pielgrzym z Mekki<\/em>&nbsp;(Christoph Willibald Gluck) \u2013 Partia Dardane<\/p>\n<p>&nbsp;<\/p>\n<p>&nbsp;<\/p>\n<p>&nbsp;<\/p>\n<p>&nbsp;<\/p>\n<p>&nbsp;<\/p>\n<p>&nbsp;<\/p>\n","protected":false},"excerpt":{"rendered":"<p>1992 &#8211; Koronacja Poppei (Claudio Monteverdii. Re\u017cyseria: Maciej Prus) &#8211; Partia Pallady. Debiut Sceniczny. 5 maja 1992 r. Teatr Wielki &#8211; Opera Narodowa 1999 &#8211;&hellip; <\/p>\n","protected":false},"author":2,"featured_media":0,"parent":0,"menu_order":0,"comment_status":"closed","ping_status":"closed","template":"","meta":{"ngg_post_thumbnail":0,"footnotes":""},"class_list":["post-5330","page","type-page","status-publish","hentry"],"yoast_head":"<!-- This site is optimized with the Yoast SEO plugin v25.9 - https:\/\/yoast.com\/wordpress\/plugins\/seo\/ -->\n<title>Kariera zawodowa - Alicja W\u0119gorzewska<\/title>\n<meta name=\"description\" content=\"Alicja W\u0119gorzewska. Mezzo soprano. \u015apiewaczka, aktorka, re\u017cyser, producent, dyrektor opery, prezes fundacji charytatywnej. Opera, operetka, crossover.\" \/>\n<meta name=\"robots\" content=\"index, follow, max-snippet:-1, max-image-preview:large, max-video-preview:-1\" \/>\n<link rel=\"canonical\" href=\"https:\/\/alicjawegorzewska.com\/index.php\/alicja-wegorzewska-kariera-zawodowa\/\" \/>\n<meta property=\"og:locale\" content=\"pl_PL\" \/>\n<meta property=\"og:type\" content=\"article\" \/>\n<meta property=\"og:title\" content=\"Kariera zawodowa - Alicja W\u0119gorzewska\" \/>\n<meta property=\"og:description\" content=\"Alicja W\u0119gorzewska. Mezzo soprano. \u015apiewaczka, aktorka, re\u017cyser, producent, dyrektor opery, prezes fundacji charytatywnej. Opera, operetka, crossover.\" \/>\n<meta property=\"og:url\" content=\"https:\/\/alicjawegorzewska.com\/index.php\/alicja-wegorzewska-kariera-zawodowa\/\" \/>\n<meta property=\"og:site_name\" content=\"Alicja W\u0119gorzewska\" \/>\n<meta property=\"article:modified_time\" content=\"2026-04-16T17:14:55+00:00\" \/>\n<meta name=\"twitter:card\" content=\"summary_large_image\" \/>\n<meta name=\"twitter:label1\" content=\"Szacowany czas czytania\" \/>\n\t<meta name=\"twitter:data1\" content=\"8 minut\" \/>\n<script type=\"application\/ld+json\" class=\"yoast-schema-graph\">{\"@context\":\"https:\/\/schema.org\",\"@graph\":[{\"@type\":\"WebPage\",\"@id\":\"https:\/\/alicjawegorzewska.com\/index.php\/alicja-wegorzewska-kariera-zawodowa\/\",\"url\":\"https:\/\/alicjawegorzewska.com\/index.php\/alicja-wegorzewska-kariera-zawodowa\/\",\"name\":\"Kariera zawodowa - Alicja W\u0119gorzewska\",\"isPartOf\":{\"@id\":\"https:\/\/alicjawegorzewska.com\/#website\"},\"datePublished\":\"2019-10-11T18:14:42+00:00\",\"dateModified\":\"2026-04-16T17:14:55+00:00\",\"description\":\"Alicja W\u0119gorzewska. Mezzo soprano. \u015apiewaczka, aktorka, re\u017cyser, producent, dyrektor opery, prezes fundacji charytatywnej. Opera, operetka, crossover.\",\"breadcrumb\":{\"@id\":\"https:\/\/alicjawegorzewska.com\/index.php\/alicja-wegorzewska-kariera-zawodowa\/#breadcrumb\"},\"inLanguage\":\"pl-PL\",\"potentialAction\":[{\"@type\":\"ReadAction\",\"target\":[\"https:\/\/alicjawegorzewska.com\/index.php\/alicja-wegorzewska-kariera-zawodowa\/\"]}]},{\"@type\":\"BreadcrumbList\",\"@id\":\"https:\/\/alicjawegorzewska.com\/index.php\/alicja-wegorzewska-kariera-zawodowa\/#breadcrumb\",\"itemListElement\":[{\"@type\":\"ListItem\",\"position\":1,\"name\":\"Strona g\u0142\u00f3wna\",\"item\":\"https:\/\/alicjawegorzewska.com\/\"},{\"@type\":\"ListItem\",\"position\":2,\"name\":\"Kariera zawodowa\"}]},{\"@type\":\"WebSite\",\"@id\":\"https:\/\/alicjawegorzewska.com\/#website\",\"url\":\"https:\/\/alicjawegorzewska.com\/\",\"name\":\"Alicja W\u0119gorzewska\",\"description\":\"Strona oficjalna\",\"publisher\":{\"@id\":\"https:\/\/alicjawegorzewska.com\/#\/schema\/person\/7468c1c1d69a9b6e8db3fe1964cd9dcb\"},\"potentialAction\":[{\"@type\":\"SearchAction\",\"target\":{\"@type\":\"EntryPoint\",\"urlTemplate\":\"https:\/\/alicjawegorzewska.com\/?s={search_term_string}\"},\"query-input\":{\"@type\":\"PropertyValueSpecification\",\"valueRequired\":true,\"valueName\":\"search_term_string\"}}],\"inLanguage\":\"pl-PL\"},{\"@type\":[\"Person\",\"Organization\"],\"@id\":\"https:\/\/alicjawegorzewska.com\/#\/schema\/person\/7468c1c1d69a9b6e8db3fe1964cd9dcb\",\"name\":\"Alicja W\u0119gorzewska-Whiskerd\",\"image\":{\"@type\":\"ImageObject\",\"inLanguage\":\"pl-PL\",\"@id\":\"https:\/\/alicjawegorzewska.com\/#\/schema\/person\/image\/\",\"url\":\"https:\/\/alicjawegorzewska.com\/wp-content\/uploads\/2019\/10\/AW-2.png\",\"contentUrl\":\"https:\/\/alicjawegorzewska.com\/wp-content\/uploads\/2019\/10\/AW-2.png\",\"width\":500,\"height\":500,\"caption\":\"Alicja W\u0119gorzewska-Whiskerd\"},\"logo\":{\"@id\":\"https:\/\/alicjawegorzewska.com\/#\/schema\/person\/image\/\"}}]}<\/script>\n<!-- \/ Yoast SEO plugin. -->","yoast_head_json":{"title":"Kariera zawodowa - Alicja W\u0119gorzewska","description":"Alicja W\u0119gorzewska. Mezzo soprano. \u015apiewaczka, aktorka, re\u017cyser, producent, dyrektor opery, prezes fundacji charytatywnej. Opera, operetka, crossover.","robots":{"index":"index","follow":"follow","max-snippet":"max-snippet:-1","max-image-preview":"max-image-preview:large","max-video-preview":"max-video-preview:-1"},"canonical":"https:\/\/alicjawegorzewska.com\/index.php\/alicja-wegorzewska-kariera-zawodowa\/","og_locale":"pl_PL","og_type":"article","og_title":"Kariera zawodowa - Alicja W\u0119gorzewska","og_description":"Alicja W\u0119gorzewska. Mezzo soprano. \u015apiewaczka, aktorka, re\u017cyser, producent, dyrektor opery, prezes fundacji charytatywnej. Opera, operetka, crossover.","og_url":"https:\/\/alicjawegorzewska.com\/index.php\/alicja-wegorzewska-kariera-zawodowa\/","og_site_name":"Alicja W\u0119gorzewska","article_modified_time":"2026-04-16T17:14:55+00:00","twitter_card":"summary_large_image","twitter_misc":{"Szacowany czas czytania":"8 minut"},"schema":{"@context":"https:\/\/schema.org","@graph":[{"@type":"WebPage","@id":"https:\/\/alicjawegorzewska.com\/index.php\/alicja-wegorzewska-kariera-zawodowa\/","url":"https:\/\/alicjawegorzewska.com\/index.php\/alicja-wegorzewska-kariera-zawodowa\/","name":"Kariera zawodowa - Alicja W\u0119gorzewska","isPartOf":{"@id":"https:\/\/alicjawegorzewska.com\/#website"},"datePublished":"2019-10-11T18:14:42+00:00","dateModified":"2026-04-16T17:14:55+00:00","description":"Alicja W\u0119gorzewska. Mezzo soprano. \u015apiewaczka, aktorka, re\u017cyser, producent, dyrektor opery, prezes fundacji charytatywnej. Opera, operetka, crossover.","breadcrumb":{"@id":"https:\/\/alicjawegorzewska.com\/index.php\/alicja-wegorzewska-kariera-zawodowa\/#breadcrumb"},"inLanguage":"pl-PL","potentialAction":[{"@type":"ReadAction","target":["https:\/\/alicjawegorzewska.com\/index.php\/alicja-wegorzewska-kariera-zawodowa\/"]}]},{"@type":"BreadcrumbList","@id":"https:\/\/alicjawegorzewska.com\/index.php\/alicja-wegorzewska-kariera-zawodowa\/#breadcrumb","itemListElement":[{"@type":"ListItem","position":1,"name":"Strona g\u0142\u00f3wna","item":"https:\/\/alicjawegorzewska.com\/"},{"@type":"ListItem","position":2,"name":"Kariera zawodowa"}]},{"@type":"WebSite","@id":"https:\/\/alicjawegorzewska.com\/#website","url":"https:\/\/alicjawegorzewska.com\/","name":"Alicja W\u0119gorzewska","description":"Strona oficjalna","publisher":{"@id":"https:\/\/alicjawegorzewska.com\/#\/schema\/person\/7468c1c1d69a9b6e8db3fe1964cd9dcb"},"potentialAction":[{"@type":"SearchAction","target":{"@type":"EntryPoint","urlTemplate":"https:\/\/alicjawegorzewska.com\/?s={search_term_string}"},"query-input":{"@type":"PropertyValueSpecification","valueRequired":true,"valueName":"search_term_string"}}],"inLanguage":"pl-PL"},{"@type":["Person","Organization"],"@id":"https:\/\/alicjawegorzewska.com\/#\/schema\/person\/7468c1c1d69a9b6e8db3fe1964cd9dcb","name":"Alicja W\u0119gorzewska-Whiskerd","image":{"@type":"ImageObject","inLanguage":"pl-PL","@id":"https:\/\/alicjawegorzewska.com\/#\/schema\/person\/image\/","url":"https:\/\/alicjawegorzewska.com\/wp-content\/uploads\/2019\/10\/AW-2.png","contentUrl":"https:\/\/alicjawegorzewska.com\/wp-content\/uploads\/2019\/10\/AW-2.png","width":500,"height":500,"caption":"Alicja W\u0119gorzewska-Whiskerd"},"logo":{"@id":"https:\/\/alicjawegorzewska.com\/#\/schema\/person\/image\/"}}]}},"jetpack_sharing_enabled":true,"_links":{"self":[{"href":"https:\/\/alicjawegorzewska.com\/index.php\/wp-json\/wp\/v2\/pages\/5330","targetHints":{"allow":["GET"]}}],"collection":[{"href":"https:\/\/alicjawegorzewska.com\/index.php\/wp-json\/wp\/v2\/pages"}],"about":[{"href":"https:\/\/alicjawegorzewska.com\/index.php\/wp-json\/wp\/v2\/types\/page"}],"author":[{"embeddable":true,"href":"https:\/\/alicjawegorzewska.com\/index.php\/wp-json\/wp\/v2\/users\/2"}],"replies":[{"embeddable":true,"href":"https:\/\/alicjawegorzewska.com\/index.php\/wp-json\/wp\/v2\/comments?post=5330"}],"version-history":[{"count":52,"href":"https:\/\/alicjawegorzewska.com\/index.php\/wp-json\/wp\/v2\/pages\/5330\/revisions"}],"predecessor-version":[{"id":7153,"href":"https:\/\/alicjawegorzewska.com\/index.php\/wp-json\/wp\/v2\/pages\/5330\/revisions\/7153"}],"wp:attachment":[{"href":"https:\/\/alicjawegorzewska.com\/index.php\/wp-json\/wp\/v2\/media?parent=5330"}],"curies":[{"name":"wp","href":"https:\/\/api.w.org\/{rel}","templated":true}]}}