{"id":5565,"date":"2020-03-13T18:20:28","date_gmt":"2020-03-13T17:20:28","guid":{"rendered":"https:\/\/alicjawegorzewska.com\/?page_id=5565"},"modified":"2020-03-13T18:20:28","modified_gmt":"2020-03-13T17:20:28","slug":"najpiekniejsze-koledy-2","status":"publish","type":"page","link":"http:\/\/alicjawegorzewska.com\/index.php\/najpiekniejsze-koledy-2\/","title":{"rendered":"Najpi\u0119kniejsze kol\u0119dy"},"content":{"rendered":"<p><img fetchpriority=\"high\" decoding=\"async\" class=\"alignnone size-full wp-image-5566\" src=\"https:\/\/alicjawegorzewska.com\/wp-content\/uploads\/2020\/03\/Plyta2.jpg\" alt=\"\" width=\"518\" height=\"493\" srcset=\"http:\/\/alicjawegorzewska.com\/wp-content\/uploads\/2020\/03\/Plyta2.jpg 518w, http:\/\/alicjawegorzewska.com\/wp-content\/uploads\/2020\/03\/Plyta2-300x286.jpg 300w\" sizes=\"(max-width: 518px) 100vw, 518px\" \/><\/p>\n<p>&nbsp;<\/p>\n<p><strong>Rok wydania<\/strong>: 2013<br \/>\n<strong>Wydawca<\/strong>: Fundacja StartSmart<br \/>\n<strong>Wykonawcy<\/strong>: Alicja W\u0119gorzewska<br \/>\n<strong>Aran\u017cacje<\/strong>: Bogdan Kierejsza<\/p>\n<p>Praca nad p\u0142yt\u0105 trwa\u0142a kilka miesi\u0119cy. Nowoczesne aran\u017cacje utwor\u00f3w napisa\u0142 wybitnie uzdolniony skrzypek \u2013 Bogdan Kierejsza, kt\u00f3ry jest r\u00f3wnie\u017c kompozytorem. Bogate, orkiestrowe brzmienie kol\u0119d wsp\u00f3\u0142gra z polskimi motywami polonez\u00f3w i kujawiak\u00f3w. A ca\u0142o\u015b\u0107 nawi\u0105zuje nieco do aran\u017cy piosenek Dawida Fostera napisanych dla Andrei Boccellego.<\/p>\n<p><strong>Spis utwor\u00f3w<\/strong><\/p>\n<p>1.Przybie\u017celi do Betlejem Pasterze<\/p>\n<p>2. W \u017c\u0142obie le\u017cy<\/p>\n<p>3. Lulaj\u017ce Jezuniu<\/p>\n<p>4. W\u015br\u00f3d nocnej ciszy<\/p>\n<p>5. Nie by\u0142o miejsca dla Ciebie<\/p>\n<p>6. Jezus Malusie\u0144ki<\/p>\n<p>7.Gdy \u015aliczna Panna<\/p>\n<p>8. Mizerna Cicha<\/p>\n<p>9.Oj Malu\u015bki Malu\u015bki<\/p>\n<p>10. Gdy si\u0119 Chrystus Rodzi<\/p>\n<p>11.Cicha Noc<\/p>\n<p>12. B\u00f3g si\u0119 Rodzi<\/p>\n<p>13. \u015awi\u0119ta,\u015awi\u0119ta<\/p>\n<p><iframe title=\"Alicja W\u0119gorzewska Mizerna Cicha\" width=\"1778\" height=\"1000\" src=\"https:\/\/www.youtube.com\/embed\/NLiIrnPGVX4?feature=oembed\" frameborder=\"0\" allow=\"accelerometer; autoplay; encrypted-media; gyroscope; picture-in-picture\" allowfullscreen><\/iframe><\/p>\n","protected":false},"excerpt":{"rendered":"<p>&nbsp; Rok wydania: 2013 Wydawca: Fundacja StartSmart Wykonawcy: Alicja W\u0119gorzewska Aran\u017cacje: Bogdan Kierejsza Praca nad p\u0142yt\u0105 trwa\u0142a kilka miesi\u0119cy. Nowoczesne aran\u017cacje utwor\u00f3w napisa\u0142 wybitnie uzdolniony&hellip; <\/p>\n","protected":false},"author":2,"featured_media":0,"parent":0,"menu_order":0,"comment_status":"closed","ping_status":"closed","template":"","meta":{"ngg_post_thumbnail":0,"footnotes":""},"class_list":["post-5565","page","type-page","status-publish","hentry"],"yoast_head":"<!-- This site is optimized with the Yoast SEO plugin v27.5 - https:\/\/yoast.com\/product\/yoast-seo-wordpress\/ -->\n<title>Najpi\u0119kniejsze kol\u0119dy - Alicja W\u0119gorzewska<\/title>\n<meta name=\"robots\" content=\"index, follow, max-snippet:-1, max-image-preview:large, max-video-preview:-1\" \/>\n<link rel=\"canonical\" href=\"https:\/\/alicjawegorzewska.com\/index.php\/najpiekniejsze-koledy-2\/\" \/>\n<meta property=\"og:locale\" content=\"pl_PL\" \/>\n<meta property=\"og:type\" content=\"article\" \/>\n<meta property=\"og:title\" content=\"Najpi\u0119kniejsze kol\u0119dy - Alicja W\u0119gorzewska\" \/>\n<meta property=\"og:description\" content=\"&nbsp; Rok wydania: 2013 Wydawca: Fundacja StartSmart Wykonawcy: Alicja W\u0119gorzewska Aran\u017cacje: Bogdan Kierejsza Praca nad p\u0142yt\u0105 trwa\u0142a kilka miesi\u0119cy. Nowoczesne aran\u017cacje utwor\u00f3w napisa\u0142 wybitnie uzdolniony&hellip;\" \/>\n<meta property=\"og:url\" content=\"https:\/\/alicjawegorzewska.com\/index.php\/najpiekniejsze-koledy-2\/\" \/>\n<meta property=\"og:site_name\" content=\"Alicja W\u0119gorzewska\" \/>\n<meta property=\"og:image\" content=\"https:\/\/alicjawegorzewska.com\/wp-content\/uploads\/2020\/03\/Plyta2.jpg\" \/>\n<meta name=\"twitter:card\" content=\"summary_large_image\" \/>\n<meta name=\"twitter:label1\" content=\"Szacowany czas czytania\" \/>\n\t<meta name=\"twitter:data1\" content=\"1 minuta\" \/>\n<script type=\"application\/ld+json\" class=\"yoast-schema-graph\">{\"@context\":\"https:\\\/\\\/schema.org\",\"@graph\":[{\"@type\":\"WebPage\",\"@id\":\"https:\\\/\\\/alicjawegorzewska.com\\\/index.php\\\/najpiekniejsze-koledy-2\\\/\",\"url\":\"https:\\\/\\\/alicjawegorzewska.com\\\/index.php\\\/najpiekniejsze-koledy-2\\\/\",\"name\":\"Najpi\u0119kniejsze kol\u0119dy - Alicja W\u0119gorzewska\",\"isPartOf\":{\"@id\":\"http:\\\/\\\/alicjawegorzewska.com\\\/#website\"},\"primaryImageOfPage\":{\"@id\":\"https:\\\/\\\/alicjawegorzewska.com\\\/index.php\\\/najpiekniejsze-koledy-2\\\/#primaryimage\"},\"image\":{\"@id\":\"https:\\\/\\\/alicjawegorzewska.com\\\/index.php\\\/najpiekniejsze-koledy-2\\\/#primaryimage\"},\"thumbnailUrl\":\"https:\\\/\\\/alicjawegorzewska.com\\\/wp-content\\\/uploads\\\/2020\\\/03\\\/Plyta2.jpg\",\"datePublished\":\"2020-03-13T17:20:28+00:00\",\"breadcrumb\":{\"@id\":\"https:\\\/\\\/alicjawegorzewska.com\\\/index.php\\\/najpiekniejsze-koledy-2\\\/#breadcrumb\"},\"inLanguage\":\"pl-PL\",\"potentialAction\":[{\"@type\":\"ReadAction\",\"target\":[\"https:\\\/\\\/alicjawegorzewska.com\\\/index.php\\\/najpiekniejsze-koledy-2\\\/\"]}]},{\"@type\":\"ImageObject\",\"inLanguage\":\"pl-PL\",\"@id\":\"https:\\\/\\\/alicjawegorzewska.com\\\/index.php\\\/najpiekniejsze-koledy-2\\\/#primaryimage\",\"url\":\"http:\\\/\\\/alicjawegorzewska.com\\\/wp-content\\\/uploads\\\/2020\\\/03\\\/Plyta2.jpg\",\"contentUrl\":\"http:\\\/\\\/alicjawegorzewska.com\\\/wp-content\\\/uploads\\\/2020\\\/03\\\/Plyta2.jpg\",\"width\":518,\"height\":493},{\"@type\":\"BreadcrumbList\",\"@id\":\"https:\\\/\\\/alicjawegorzewska.com\\\/index.php\\\/najpiekniejsze-koledy-2\\\/#breadcrumb\",\"itemListElement\":[{\"@type\":\"ListItem\",\"position\":1,\"name\":\"Strona g\u0142\u00f3wna\",\"item\":\"http:\\\/\\\/alicjawegorzewska.com\\\/\"},{\"@type\":\"ListItem\",\"position\":2,\"name\":\"Najpi\u0119kniejsze kol\u0119dy\"}]},{\"@type\":\"WebSite\",\"@id\":\"http:\\\/\\\/alicjawegorzewska.com\\\/#website\",\"url\":\"http:\\\/\\\/alicjawegorzewska.com\\\/\",\"name\":\"Alicja W\u0119gorzewska\",\"description\":\"Strona oficjalna\",\"publisher\":{\"@id\":\"http:\\\/\\\/alicjawegorzewska.com\\\/#\\\/schema\\\/person\\\/7468c1c1d69a9b6e8db3fe1964cd9dcb\"},\"potentialAction\":[{\"@type\":\"SearchAction\",\"target\":{\"@type\":\"EntryPoint\",\"urlTemplate\":\"http:\\\/\\\/alicjawegorzewska.com\\\/?s={search_term_string}\"},\"query-input\":{\"@type\":\"PropertyValueSpecification\",\"valueRequired\":true,\"valueName\":\"search_term_string\"}}],\"inLanguage\":\"pl-PL\"},{\"@type\":[\"Person\",\"Organization\"],\"@id\":\"http:\\\/\\\/alicjawegorzewska.com\\\/#\\\/schema\\\/person\\\/7468c1c1d69a9b6e8db3fe1964cd9dcb\",\"name\":\"Alicja W\u0119gorzewska-Whiskerd\",\"image\":{\"@type\":\"ImageObject\",\"inLanguage\":\"pl-PL\",\"@id\":\"https:\\\/\\\/alicjawegorzewska.com\\\/wp-content\\\/uploads\\\/2019\\\/10\\\/AW-2.png\",\"url\":\"https:\\\/\\\/alicjawegorzewska.com\\\/wp-content\\\/uploads\\\/2019\\\/10\\\/AW-2.png\",\"contentUrl\":\"https:\\\/\\\/alicjawegorzewska.com\\\/wp-content\\\/uploads\\\/2019\\\/10\\\/AW-2.png\",\"width\":500,\"height\":500,\"caption\":\"Alicja W\u0119gorzewska-Whiskerd\"},\"logo\":{\"@id\":\"https:\\\/\\\/alicjawegorzewska.com\\\/wp-content\\\/uploads\\\/2019\\\/10\\\/AW-2.png\"}}]}<\/script>\n<!-- \/ Yoast SEO plugin. -->","yoast_head_json":{"title":"Najpi\u0119kniejsze kol\u0119dy - Alicja W\u0119gorzewska","robots":{"index":"index","follow":"follow","max-snippet":"max-snippet:-1","max-image-preview":"max-image-preview:large","max-video-preview":"max-video-preview:-1"},"canonical":"https:\/\/alicjawegorzewska.com\/index.php\/najpiekniejsze-koledy-2\/","og_locale":"pl_PL","og_type":"article","og_title":"Najpi\u0119kniejsze kol\u0119dy - Alicja W\u0119gorzewska","og_description":"&nbsp; Rok wydania: 2013 Wydawca: Fundacja StartSmart Wykonawcy: Alicja W\u0119gorzewska Aran\u017cacje: Bogdan Kierejsza Praca nad p\u0142yt\u0105 trwa\u0142a kilka miesi\u0119cy. Nowoczesne aran\u017cacje utwor\u00f3w napisa\u0142 wybitnie uzdolniony&hellip;","og_url":"https:\/\/alicjawegorzewska.com\/index.php\/najpiekniejsze-koledy-2\/","og_site_name":"Alicja W\u0119gorzewska","og_image":[{"url":"https:\/\/alicjawegorzewska.com\/wp-content\/uploads\/2020\/03\/Plyta2.jpg","type":"","width":"","height":""}],"twitter_card":"summary_large_image","twitter_misc":{"Szacowany czas czytania":"1 minuta"},"schema":{"@context":"https:\/\/schema.org","@graph":[{"@type":"WebPage","@id":"https:\/\/alicjawegorzewska.com\/index.php\/najpiekniejsze-koledy-2\/","url":"https:\/\/alicjawegorzewska.com\/index.php\/najpiekniejsze-koledy-2\/","name":"Najpi\u0119kniejsze kol\u0119dy - Alicja W\u0119gorzewska","isPartOf":{"@id":"http:\/\/alicjawegorzewska.com\/#website"},"primaryImageOfPage":{"@id":"https:\/\/alicjawegorzewska.com\/index.php\/najpiekniejsze-koledy-2\/#primaryimage"},"image":{"@id":"https:\/\/alicjawegorzewska.com\/index.php\/najpiekniejsze-koledy-2\/#primaryimage"},"thumbnailUrl":"https:\/\/alicjawegorzewska.com\/wp-content\/uploads\/2020\/03\/Plyta2.jpg","datePublished":"2020-03-13T17:20:28+00:00","breadcrumb":{"@id":"https:\/\/alicjawegorzewska.com\/index.php\/najpiekniejsze-koledy-2\/#breadcrumb"},"inLanguage":"pl-PL","potentialAction":[{"@type":"ReadAction","target":["https:\/\/alicjawegorzewska.com\/index.php\/najpiekniejsze-koledy-2\/"]}]},{"@type":"ImageObject","inLanguage":"pl-PL","@id":"https:\/\/alicjawegorzewska.com\/index.php\/najpiekniejsze-koledy-2\/#primaryimage","url":"http:\/\/alicjawegorzewska.com\/wp-content\/uploads\/2020\/03\/Plyta2.jpg","contentUrl":"http:\/\/alicjawegorzewska.com\/wp-content\/uploads\/2020\/03\/Plyta2.jpg","width":518,"height":493},{"@type":"BreadcrumbList","@id":"https:\/\/alicjawegorzewska.com\/index.php\/najpiekniejsze-koledy-2\/#breadcrumb","itemListElement":[{"@type":"ListItem","position":1,"name":"Strona g\u0142\u00f3wna","item":"http:\/\/alicjawegorzewska.com\/"},{"@type":"ListItem","position":2,"name":"Najpi\u0119kniejsze kol\u0119dy"}]},{"@type":"WebSite","@id":"http:\/\/alicjawegorzewska.com\/#website","url":"http:\/\/alicjawegorzewska.com\/","name":"Alicja W\u0119gorzewska","description":"Strona oficjalna","publisher":{"@id":"http:\/\/alicjawegorzewska.com\/#\/schema\/person\/7468c1c1d69a9b6e8db3fe1964cd9dcb"},"potentialAction":[{"@type":"SearchAction","target":{"@type":"EntryPoint","urlTemplate":"http:\/\/alicjawegorzewska.com\/?s={search_term_string}"},"query-input":{"@type":"PropertyValueSpecification","valueRequired":true,"valueName":"search_term_string"}}],"inLanguage":"pl-PL"},{"@type":["Person","Organization"],"@id":"http:\/\/alicjawegorzewska.com\/#\/schema\/person\/7468c1c1d69a9b6e8db3fe1964cd9dcb","name":"Alicja W\u0119gorzewska-Whiskerd","image":{"@type":"ImageObject","inLanguage":"pl-PL","@id":"https:\/\/alicjawegorzewska.com\/wp-content\/uploads\/2019\/10\/AW-2.png","url":"https:\/\/alicjawegorzewska.com\/wp-content\/uploads\/2019\/10\/AW-2.png","contentUrl":"https:\/\/alicjawegorzewska.com\/wp-content\/uploads\/2019\/10\/AW-2.png","width":500,"height":500,"caption":"Alicja W\u0119gorzewska-Whiskerd"},"logo":{"@id":"https:\/\/alicjawegorzewska.com\/wp-content\/uploads\/2019\/10\/AW-2.png"}}]}},"jetpack_sharing_enabled":true,"_links":{"self":[{"href":"http:\/\/alicjawegorzewska.com\/index.php\/wp-json\/wp\/v2\/pages\/5565","targetHints":{"allow":["GET"]}}],"collection":[{"href":"http:\/\/alicjawegorzewska.com\/index.php\/wp-json\/wp\/v2\/pages"}],"about":[{"href":"http:\/\/alicjawegorzewska.com\/index.php\/wp-json\/wp\/v2\/types\/page"}],"author":[{"embeddable":true,"href":"http:\/\/alicjawegorzewska.com\/index.php\/wp-json\/wp\/v2\/users\/2"}],"replies":[{"embeddable":true,"href":"http:\/\/alicjawegorzewska.com\/index.php\/wp-json\/wp\/v2\/comments?post=5565"}],"version-history":[{"count":1,"href":"http:\/\/alicjawegorzewska.com\/index.php\/wp-json\/wp\/v2\/pages\/5565\/revisions"}],"predecessor-version":[{"id":5567,"href":"http:\/\/alicjawegorzewska.com\/index.php\/wp-json\/wp\/v2\/pages\/5565\/revisions\/5567"}],"wp:attachment":[{"href":"http:\/\/alicjawegorzewska.com\/index.php\/wp-json\/wp\/v2\/media?parent=5565"}],"curies":[{"name":"wp","href":"https:\/\/api.w.org\/{rel}","templated":true}]}}